{"id":3095,"date":"2025-11-24T07:44:49","date_gmt":"2025-11-24T07:44:49","guid":{"rendered":"https:\/\/henerrfm.com\/?post_type=product&#038;p=3095"},"modified":"2025-12-03T05:37:22","modified_gmt":"2025-12-03T05:37:22","slug":"hydraulic-shearing-machine","status":"publish","type":"product","link":"https:\/\/www.henerrfm.com\/es\/product\/hydraulic-shearing-machine\/","title":{"rendered":"Cizalla hidr\u00e1ulica"},"content":{"rendered":"<h5>Descripci\u00f3n general del producto<\/h5>\n<p>La cizalla hidr\u00e1ulica es una herramienta de precisi\u00f3n dise\u00f1ada para realizar cortes rectos <a href=\"https:\/\/en.wikipedia.org\/wiki\/Sheet_metal\" target=\"_blank\" rel=\"noopener\">chapa de metal<\/a> con alta precisi\u00f3n. Las tijeras de viga oscilante funcionan moviendo la hoja superior a lo largo de un arco circular, mientras que las tijeras de guillotina logran cortar moviendo el eje superior verticalmente hacia abajo.<\/p>\n<p>Dise\u00f1ada para brindar estabilidad y rendimiento constante, la m\u00e1quina cizalla hidr\u00e1ulica garantiza cortes limpios y precisos en varios espesores de metal. Se utiliza ampliamente en las industrias de fabricaci\u00f3n, construcci\u00f3n y fabricaci\u00f3n de metales, donde la eficiencia, la precisi\u00f3n y la durabilidad son esenciales para producir componentes de chapa met\u00e1lica de alta calidad.<\/p>\n<p>&nbsp;<\/p>\n<h5>Par\u00e1metros t\u00e9cnicos<\/h5>\n<table>\n<tbody>\n<tr>\n<td>Dimensiones del \u00e1rea de trabajo \u00f1anura de la mesa<\/td>\n<td>Generalmente coincide con la longitud m\u00e1xima de corte<\/td>\n<\/tr>\n<tr>\n<td>Dimensiones del \u00e1rea de trabajo \u00f1an profundidad de la garganta<\/td>\n<td>Rangos de 750 mm a 1500 mm (que afectan el ancho m\u00e1ximo de la hoja que se puede procesar)<\/td>\n<\/tr>\n<tr>\n<td>Consideraciones de peso - \u00f1an peso neto<\/td>\n<td>Puede variar desde 10.000 kg para m\u00e1quinas m\u00e1s peque\u00f1as hasta m\u00e1s de 50.000 kg para modelos grandes y resistentes<\/td>\n<\/tr>\n<tr>\n<td>Consideraciones de peso - Peso bruto<\/td>\n<td>Incluye componentes y embalajes adicionales, normalmente 10-15% m\u00e1s que el peso neto<\/td>\n<\/tr>\n<\/tbody>\n<\/table>\n<h5>Visualizaci\u00f3n de detalles del producto<\/h5>\n<p><img loading=\"lazy\" decoding=\"async\" class=\"alignnone wp-image-3100\" src=\"https:\/\/henerrfm.com\/wp-content\/uploads\/2025\/11\/hydraulic-shearing-machinexj-300x100.jpg\" alt=\"\" width=\"1281\" height=\"427\" srcset=\"https:\/\/www.henerrfm.com\/wp-content\/uploads\/2025\/11\/hydraulic-shearing-machinexj-300x100.jpg 300w, https:\/\/www.henerrfm.com\/wp-content\/uploads\/2025\/11\/hydraulic-shearing-machinexj-1024x342.jpg 1024w, https:\/\/www.henerrfm.com\/wp-content\/uploads\/2025\/11\/hydraulic-shearing-machinexj-768x257.jpg 768w, https:\/\/www.henerrfm.com\/wp-content\/uploads\/2025\/11\/hydraulic-shearing-machinexj-600x200.jpg 600w, https:\/\/www.henerrfm.com\/wp-content\/uploads\/2025\/11\/hydraulic-shearing-machinexj.jpg 1350w\" sizes=\"auto, (max-width: 1281px) 100vw, 1281px\" \/><img loading=\"lazy\" decoding=\"async\" class=\"alignnone wp-image-3101\" src=\"https:\/\/henerrfm.com\/wp-content\/uploads\/2025\/11\/hydraulic-shearing-machinexj1-300x100.jpg\" alt=\"\" width=\"1281\" height=\"427\" srcset=\"https:\/\/www.henerrfm.com\/wp-content\/uploads\/2025\/11\/hydraulic-shearing-machinexj1-300x100.jpg 300w, https:\/\/www.henerrfm.com\/wp-content\/uploads\/2025\/11\/hydraulic-shearing-machinexj1-1024x342.jpg 1024w, https:\/\/www.henerrfm.com\/wp-content\/uploads\/2025\/11\/hydraulic-shearing-machinexj1-768x257.jpg 768w, https:\/\/www.henerrfm.com\/wp-content\/uploads\/2025\/11\/hydraulic-shearing-machinexj1-600x200.jpg 600w, https:\/\/www.henerrfm.com\/wp-content\/uploads\/2025\/11\/hydraulic-shearing-machinexj1.jpg 1350w\" sizes=\"auto, (max-width: 1281px) 100vw, 1281px\" \/><\/p>\n<h5><\/h5>","protected":false},"excerpt":{"rendered":"<p>Product Overview The Hydraulic Shearing Machine is a precision tool designed for making straight cuts on sheet metal with high accuracy. Swing beam shears operate by moving the upper blade along a circular arc, while guillotine shears achieve cutting by moving the upper shaft vertically downward. Engineered for stability and consistent performance, the Hydraulic Shearing [&hellip;]<\/p>\n","protected":false},"featured_media":3096,"comment_status":"open","ping_status":"closed","template":"","meta":{"_gspb_post_css":""},"product_brand":[],"product_cat":[161,164],"product_tag":[],"class_list":{"0":"post-3095","1":"product","2":"type-product","3":"status-publish","4":"has-post-thumbnail","6":"product_cat-equipment-accessories","7":"product_cat-shearing-machine","9":"first","10":"instock","11":"shipping-taxable","12":"product-type-simple"},"_links":{"self":[{"href":"https:\/\/www.henerrfm.com\/es\/wp-json\/wp\/v2\/product\/3095","targetHints":{"allow":["GET"]}}],"collection":[{"href":"https:\/\/www.henerrfm.com\/es\/wp-json\/wp\/v2\/product"}],"about":[{"href":"https:\/\/www.henerrfm.com\/es\/wp-json\/wp\/v2\/types\/product"}],"replies":[{"embeddable":true,"href":"https:\/\/www.henerrfm.com\/es\/wp-json\/wp\/v2\/comments?post=3095"}],"wp:featuredmedia":[{"embeddable":true,"href":"https:\/\/www.henerrfm.com\/es\/wp-json\/wp\/v2\/media\/3096"}],"wp:attachment":[{"href":"https:\/\/www.henerrfm.com\/es\/wp-json\/wp\/v2\/media?parent=3095"}],"wp:term":[{"taxonomy":"product_brand","embeddable":true,"href":"https:\/\/www.henerrfm.com\/es\/wp-json\/wp\/v2\/product_brand?post=3095"},{"taxonomy":"product_cat","embeddable":true,"href":"https:\/\/www.henerrfm.com\/es\/wp-json\/wp\/v2\/product_cat?post=3095"},{"taxonomy":"product_tag","embeddable":true,"href":"https:\/\/www.henerrfm.com\/es\/wp-json\/wp\/v2\/product_tag?post=3095"}],"curies":[{"name":"wp","href":"https:\/\/api.w.org\/{rel}","templated":true}]}}