{"id":312,"date":"2025-11-03T00:39:32","date_gmt":"2025-11-03T00:39:32","guid":{"rendered":"https:\/\/henerrfm.com\/?post_type=product&#038;p=312"},"modified":"2025-12-04T08:28:55","modified_gmt":"2025-12-04T08:28:55","slug":"hydraulic-decoiler","status":"publish","type":"product","link":"https:\/\/www.henerrfm.com\/es\/product\/hydraulic-decoiler\/","title":{"rendered":"Desbobinador hidr\u00e1ulico"},"content":{"rendered":"<h5>Descripci\u00f3n general del producto<\/h5>\n<p>El <a href=\"https:\/\/www.henerrfm.com\/es\/producto\/hydraulic-decoiler\/\">Desbobinador hidr\u00e1ulico<\/a> es una soluci\u00f3n de manipulaci\u00f3n de bobinas de alto rendimiento dise\u00f1ada para una alimentaci\u00f3n de materiales suave y eficiente a trav\u00e9s de una variedad de tipos de bobinas met\u00e1licas, incluidos acero inoxidable, aluminio y aleaciones especiales. Construido con un control hidr\u00e1ulico robusto, garantiza una tensi\u00f3n estable, un desenrollado preciso y una alineaci\u00f3n constante de la bobina durante la producci\u00f3n continua.<\/p>\n<p>Este <a href=\"https:\/\/en.wikipedia.org\/wiki\/Hydraulics\" target=\"_blank\" rel=\"noopener\">Hidr\u00e1ulico<\/a> El desacoplador se puede integrar f\u00e1cilmente con sistemas de enderezamiento y perfilado, admitiendo opciones tanto motorizadas como no motorizadas para satisfacer diferentes requisitos de procesamiento. Dise\u00f1ado para brindar durabilidad y confiabilidad, mejora la eficiencia general de la producci\u00f3n y proporciona una base s\u00f3lida para l\u00edneas automatizadas de conformado de metales.<\/p>\n<h5>Par\u00e1metros t\u00e9cnicos<\/h5>\n<table>\n<thead>\n<tr>\n<th><span style=\"font-weight: 400;\">Art\u00edculo<\/span><\/th>\n<th><span style=\"font-weight: 400;\">Detalles de la especificaci\u00f3n<\/span><\/th>\n<\/tr>\n<\/thead>\n<tbody>\n<tr>\n<td>Capacidad est\u00e1ndar<\/td>\n<td>5T, 8T, 10T, 15T, 20T (m\u00faltiples opciones)<\/td>\n<\/tr>\n<tr>\n<td>Energ\u00eda hidr\u00e1ulica<\/td>\n<td>4-5,5 kW<\/td>\n<\/tr>\n<tr>\n<td>Est\u00e1ndar el\u00e9ctrico<\/td>\n<td>380V 50Hz trif\u00e1sico (personalizable)<\/td>\n<\/tr>\n<tr>\n<td>Ampliaci\u00f3n central<\/td>\n<td>\u00d8450-550 mm con forro de goma<\/td>\n<\/tr>\n<tr>\n<td>Sistema de control<\/td>\n<td>PLC con componentes Siemens<\/td>\n<\/tr>\n<tr>\n<td>Construcci\u00f3n de marcos<\/td>\n<td>Soldadura de placas de acero reforzado<\/td>\n<\/tr>\n<\/tbody>\n<\/table>\n<h5><\/h5>\n<div style=\"all: initial !important;\"><\/div>\n<div style=\"all: initial !important;\"><\/div>","protected":false},"excerpt":{"rendered":"<p>&nbsp;<\/p>\n<div style=\"all: initial !important;\"><\/div>\n<div style=\"all: initial !important;\"><\/div>","protected":false},"featured_media":2786,"comment_status":"open","ping_status":"closed","template":"","meta":{"_gspb_post_css":""},"product_brand":[],"product_cat":[162,161],"product_tag":[],"class_list":{"0":"post-312","1":"product","2":"type-product","3":"status-publish","4":"has-post-thumbnail","6":"product_cat-decoiler","7":"product_cat-equipment-accessories","9":"first","10":"instock","11":"shipping-taxable","12":"product-type-simple"},"_links":{"self":[{"href":"https:\/\/www.henerrfm.com\/es\/wp-json\/wp\/v2\/product\/312","targetHints":{"allow":["GET"]}}],"collection":[{"href":"https:\/\/www.henerrfm.com\/es\/wp-json\/wp\/v2\/product"}],"about":[{"href":"https:\/\/www.henerrfm.com\/es\/wp-json\/wp\/v2\/types\/product"}],"replies":[{"embeddable":true,"href":"https:\/\/www.henerrfm.com\/es\/wp-json\/wp\/v2\/comments?post=312"}],"wp:featuredmedia":[{"embeddable":true,"href":"https:\/\/www.henerrfm.com\/es\/wp-json\/wp\/v2\/media\/2786"}],"wp:attachment":[{"href":"https:\/\/www.henerrfm.com\/es\/wp-json\/wp\/v2\/media?parent=312"}],"wp:term":[{"taxonomy":"product_brand","embeddable":true,"href":"https:\/\/www.henerrfm.com\/es\/wp-json\/wp\/v2\/product_brand?post=312"},{"taxonomy":"product_cat","embeddable":true,"href":"https:\/\/www.henerrfm.com\/es\/wp-json\/wp\/v2\/product_cat?post=312"},{"taxonomy":"product_tag","embeddable":true,"href":"https:\/\/www.henerrfm.com\/es\/wp-json\/wp\/v2\/product_tag?post=312"}],"curies":[{"name":"wp","href":"https:\/\/api.w.org\/{rel}","templated":true}]}}