{"id":832,"date":"2025-11-07T01:52:28","date_gmt":"2025-11-07T01:52:28","guid":{"rendered":"https:\/\/henerrfm.com\/?page_id=832"},"modified":"2025-11-13T08:22:26","modified_gmt":"2025-11-13T08:22:26","slug":"refund-policy","status":"publish","type":"page","link":"https:\/\/www.henerrfm.com\/pt\/refund-policy\/","title":{"rendered":"Pol\u00edtica de reembolso"},"content":{"rendered":"<div class=\"wp-block-greenshift-blocks-row alignfull gspb_row gspb_row-id-gsbp-88a9270\" id=\"gspb_row-id-gsbp-88a9270\"><div class=\"gspb_backgroundOverlay\"><\/div><div class=\"gspb_row__content\"> \n<div class=\"wp-block-greenshift-blocks-row-column gspb_row__col--12 gspb_col-id-gsbp-61a8864\" id=\"gspb_col-id-gsbp-61a8864\">\n<h2 id=\"gspb_heading-id-gsbp-20ea8b7\" class=\"gspb_heading gspb_heading-id-gsbp-20ea8b7\">Pol\u00edtica de reembolso<\/h2>\n<\/div>\n <\/div><\/div>\n\n\n\n<p>Na Cangzhou Hener Machinery Co., Ltd., nos esfor\u00e7amos para fornecer produtos de alta qualidade e um excelente atendimento ao cliente. Entendemos que, \u00e0s vezes, um produto pode n\u00e3o atender \u00e0s suas expectativas. Nesse caso, oferecemos uma pol\u00edtica de reembolso que permite a devolu\u00e7\u00e3o do produto dentro de um determinado per\u00edodo a partir da data da compra.<\/p>\n\n\n\n<p>Informamos que n\u00e3o podemos fazer promessas ou garantias sobre o resultado de qualquer produto que oferecemos. Nos esfor\u00e7amos para fornecer produtos de alta qualidade, mas o sucesso de qualquer produto depende de v\u00e1rios fatores que est\u00e3o fora do nosso controle. Portanto, n\u00e3o podemos oferecer reembolsos com base no resultado de qualquer produto.<\/p>\n\n\n\n<p>Nossa pol\u00edtica de reembolso \u00e9 a seguinte:<\/p>\n\n\n\n<ul class=\"wp-block-list\">\n<li>Caso n\u00e3o esteja satisfeito com o produto, voc\u00ea poder\u00e1 ter direito a uma devolu\u00e7\u00e3o.<\/li>\n\n\n\n<li>Para iniciar uma devolu\u00e7\u00e3o, entre em contato conosco pelo endere\u00e7o:&nbsp;<a href=\"mailto:henerrfm@gmail.com\">henerrfm@gmail.com<\/a>.<\/li>\n\n\n\n<li>Para ser eleg\u00edvel para devolu\u00e7\u00e3o, o produto deve estar na embalagem original e em perfeitas condi\u00e7\u00f5es.<\/li>\n\n\n\n<li>As taxas de envio e manuseio n\u00e3o s\u00e3o reembols\u00e1veis.<\/li>\n\n\n\n<li>Assim que recebermos o produto, iremos avali\u00e1-lo e determinar se a devolu\u00e7\u00e3o \u00e9 apropriada.<\/li>\n\n\n\n<li>Informamos que nos reservamos o direito de recusar uma devolu\u00e7\u00e3o caso o produto n\u00e3o atenda aos crit\u00e9rios da nossa pol\u00edtica de devolu\u00e7\u00f5es.<\/li>\n<\/ul>\n\n\n\n<p style=\"margin-bottom:var(--wp--preset--spacing--70)\">Se voc\u00ea tiver alguma d\u00favida ou preocupa\u00e7\u00e3o sobre nossa pol\u00edtica de reembolso, n\u00e3o hesite em nos contatar pelo endere\u00e7o:&nbsp;<a href=\"mailto:henerrfm@gmail.com\">henerrfm@gmail.com<\/a>.<\/p>","protected":false},"excerpt":{"rendered":"<p>At Cangzhou Hener Machinery Co., Ltd., we strive to provide high-quality products and excellent customer service. We understand that sometimes a product may not meet your expectations. In such an event, we offer a refund policy that allows you to return the product within a certain period of time from the date of purchase. Please [&hellip;]<\/p>\n","protected":false},"author":1,"featured_media":0,"parent":0,"menu_order":0,"comment_status":"closed","ping_status":"closed","template":"","meta":{"_gspb_post_css":"#gspb_row-id-gsbp-88a9270{justify-content:space-between;margin-top:0;display:flex;flex-wrap:wrap;min-height:300px;align-content:center;margin-bottom:50px;background-color:var(--wp--preset--color--palette-color-5, var(--theme-palette-color-5, #e1e8ed));background-size:cover;background-repeat:no-repeat;background-position:56% 54%;background-image:url(https:\/\/henerrfm.com\/wp-content\/uploads\/2025\/11\/ys-bg-1.jpg);isolation:isolate}#gspb_row-id-gsbp-88a9270>.gspb_row__content{display:flex;justify-content:space-between;margin:0 auto;width:100%;flex-wrap:wrap;align-items:center}.gspb_row{position:relative}div[id^=gspb_col-id]{box-sizing:border-box;position:relative;padding:var(--gs-row-column-padding, 15px min(3vw, 20px))}body.gspb-bodyfront #gspb_row-id-gsbp-88a9270>.gspb_row__content{width:var(--theme-container-width, 1200px);max-width:var(--theme-normal-container-max-width, 1200px)}#gspb_row-id-gsbp-88a9270:hover{background-size:cover}#gspb_row-id-gsbp-88a9270>.gspb_backgroundOverlay{position:absolute;top:0;left:0;width:100%;height:100%;z-index:-1;opacity:1;background-image:linear-gradient(180deg,#fff 5%,rgba(255,255,255,0) 84%)}#gspb_col-id-gsbp-61a8864.gspb_row__col--12{width:100%}@media (max-width:575.98px){#gspb_col-id-gsbp-61a8864.gspb_row__col--12{width:100%}}.gspb_row #gspb_col-id-gsbp-61a8864.gspb_row__col--12{padding:0}#gspb_heading-id-gsbp-20ea8b7{font-weight:700!important;color:var(--wp--preset--color--palette-color-1, var(--theme-palette-color-1, #003392));margin-top:0;margin-bottom:0}","footnotes":""},"class_list":["post-832","page","type-page","status-publish","hentry"],"blocksy_meta":[],"_links":{"self":[{"href":"https:\/\/www.henerrfm.com\/pt\/wp-json\/wp\/v2\/pages\/832","targetHints":{"allow":["GET"]}}],"collection":[{"href":"https:\/\/www.henerrfm.com\/pt\/wp-json\/wp\/v2\/pages"}],"about":[{"href":"https:\/\/www.henerrfm.com\/pt\/wp-json\/wp\/v2\/types\/page"}],"author":[{"embeddable":true,"href":"https:\/\/www.henerrfm.com\/pt\/wp-json\/wp\/v2\/users\/1"}],"replies":[{"embeddable":true,"href":"https:\/\/www.henerrfm.com\/pt\/wp-json\/wp\/v2\/comments?post=832"}],"version-history":[{"count":2,"href":"https:\/\/www.henerrfm.com\/pt\/wp-json\/wp\/v2\/pages\/832\/revisions"}],"predecessor-version":[{"id":1906,"href":"https:\/\/www.henerrfm.com\/pt\/wp-json\/wp\/v2\/pages\/832\/revisions\/1906"}],"wp:attachment":[{"href":"https:\/\/www.henerrfm.com\/pt\/wp-json\/wp\/v2\/media?parent=832"}],"curies":[{"name":"wp","href":"https:\/\/api.w.org\/{rel}","templated":true}]}}