{"id":112,"date":"2025-10-31T03:58:14","date_gmt":"2025-10-31T03:58:14","guid":{"rendered":"https:\/\/henerrfm.com\/?post_type=product&#038;p=112"},"modified":"2025-12-06T08:44:06","modified_gmt":"2025-12-06T08:44:06","slug":"barrel-corrugated-roll-forming-machine","status":"publish","type":"product","link":"https:\/\/www.henerrfm.com\/pt\/product\/barrel-corrugated-roll-forming-machine\/","title":{"rendered":"M\u00e1quina autom\u00e1tica de perfilagem de rolos ondulados"},"content":{"rendered":"<h5><strong>Vis\u00e3o geral do produto<\/strong><\/h5>\n<p>A m\u00e1quina autom\u00e1tica de perfilagem de chapas onduladas em formato de barril \u00e9 um equipamento especializado para conforma\u00e7\u00e3o de chapas met\u00e1licas, projetado para produzir telhas onduladas em formato de barril. Ao contr\u00e1rio das m\u00e1quinas de perfilagem tradicionais, este modelo possui dois grandes rolos de precis\u00e3o que moldam a chapa em padr\u00f5es ondulados suaves e arredondados, com excepcional consist\u00eancia e resist\u00eancia.<\/p>\n<p>Antes da conforma\u00e7\u00e3o, o material passa por uma mesa de alimenta\u00e7\u00e3o m\u00f3vel, garantindo uma entrada est\u00e1vel e precisa da chapa. Durante o processamento, a chapa \u00e9 prensada e moldada com precis\u00e3o pelos rolos para atingir o perfil desejado. A m\u00e1quina \u00e9 adequada para chapas met\u00e1licas com espessuras de 0,15 a 0,45 mm.<\/p>\n<p>Uma configura\u00e7\u00e3o padr\u00e3o inclui a unidade principal de conforma\u00e7\u00e3o de rolos, o sistema de rolos de press\u00e3o e mesas duplas de coleta de produtos, oferecendo um fluxo de trabalho de produ\u00e7\u00e3o totalmente automatizado e eficiente.<\/p>\n<p>Gra\u00e7as \u00e0 sua alta durabilidade, baixo custo de produ\u00e7\u00e3o e excelente desempenho de impermeabiliza\u00e7\u00e3o, este tipo de telha \u00e9 amplamente utilizado na Dominica, Eti\u00f3pia, \u00c1frica do Sul, Vietn\u00e3 e muitas outras regi\u00f5es do mundo. A m\u00e1quina autom\u00e1tica de perfilagem de telhas onduladas \u00e9 a escolha ideal para fabricantes que buscam desempenho confi\u00e1vel, opera\u00e7\u00e3o f\u00e1cil e qualidade superior em telhas.<\/p>\n<h5><strong>Desenhos de perfil do produto<\/strong><\/h5>\n<p><img loading=\"lazy\" decoding=\"async\" class=\"alignnone wp-image-2375\" src=\"https:\/\/henerrfm.com\/wp-content\/uploads\/2025\/10\/profile-drawings.jpg--300x110.jpg\" alt=\"\" width=\"1350\" height=\"495\" srcset=\"https:\/\/www.henerrfm.com\/wp-content\/uploads\/2025\/10\/profile-drawings.jpg--300x110.jpg 300w, https:\/\/www.henerrfm.com\/wp-content\/uploads\/2025\/10\/profile-drawings.jpg--768x283.jpg 768w, https:\/\/www.henerrfm.com\/wp-content\/uploads\/2025\/10\/profile-drawings.jpg--600x221.jpg 600w\" sizes=\"auto, (max-width: 1350px) 100vw, 1350px\" \/><\/p>\n<h5><strong>Par\u00e2metros t\u00e9cnicos<\/strong><\/h5>\n<table>\n<tbody>\n<tr>\n<td>1.1<\/td>\n<td>largura de alimenta\u00e7\u00e3o<a href=\"https:\/\/www.henerrfm.com\/pt\/\">\u00a0<\/a><\/td>\n<td>\u22641250mm<\/td>\n<\/tr>\n<tr>\n<td>1.2<\/td>\n<td>Comprimento da folha<\/td>\n<td>5000 mm<\/td>\n<\/tr>\n<tr>\n<td>1.3<\/td>\n<td>Material em bobina<\/td>\n<td>Chapa galvanizada<\/td>\n<\/tr>\n<tr>\n<td>1.4<\/td>\n<td>Espessura do material<\/td>\n<td>0,13 mm \u2013 0,50 mm<\/td>\n<\/tr>\n<tr>\n<td>2.1<\/td>\n<td>Esta\u00e7\u00e3o de rolos<\/td>\n<td>2 conjuntos (4 pe\u00e7as)<\/td>\n<\/tr>\n<tr>\n<td>2.2<\/td>\n<td>Di\u00e2metro e material do rolo<\/td>\n<td>450 mm, a\u00e7o 45#<\/td>\n<\/tr>\n<tr>\n<td>2.3<\/td>\n<td>Velocidade<\/td>\n<td>2-3 segundos por pe\u00e7a<\/td>\n<\/tr>\n<tr>\n<td>2.4<\/td>\n<td>Tamanho<\/td>\n<td>4000 mm \u00d7 1800 mm \u00d7 1400 mm<\/td>\n<\/tr>\n<tr>\n<td>2.5<\/td>\n<td>Peso<\/td>\n<td>12 T<\/td>\n<\/tr>\n<tr>\n<td>2.6<\/td>\n<td>Tens\u00e3o<\/td>\n<td>380 V, 50 Hz, trif\u00e1sico<\/td>\n<\/tr>\n<tr>\n<td>2.7<\/td>\n<td>Motor<\/td>\n<td>7,5 kW<\/td>\n<\/tr>\n<tr>\n<td>2.8<\/td>\n<td>largura da plataforma de alimenta\u00e7\u00e3o<\/td>\n<td>1 metro<\/td>\n<\/tr>\n<tr>\n<td>2.9<\/td>\n<td>altura da crista<\/td>\n<td>Ajust\u00e1vel dentro de uma faixa limitada.<\/td>\n<\/tr>\n<tr>\n<td>3.0<\/td>\n<td>dist\u00e2ncia de deslocamento da plataforma de alimenta\u00e7\u00e3o<\/td>\n<td>750-1200 mm<\/td>\n<\/tr>\n<tr>\n<td>3.1<\/td>\n<td>Tipo de controle<\/td>\n<td>Controle el\u00e9trico com bot\u00f5es para avan\u00e7o\/retrocesso e ajuste de velocidade.<\/td>\n<\/tr>\n<tr>\n<td>3.2<\/td>\n<td>Ajuste da dist\u00e2ncia do rolete<\/td>\n<td>Acionamento manual por volante, sincronizado em ambos os lados.<a href=\"https:\/\/en.wikipedia.org\/wiki\/Roll_forming\" target=\"_blank\" rel=\"noopener\">\u00a0<\/a><\/td>\n<\/tr>\n<\/tbody>\n<\/table>\n<h5><strong>Exibi\u00e7\u00e3o de detalhes do produto<\/strong><\/h5>\n<p><img loading=\"lazy\" decoding=\"async\" class=\"alignnone wp-image-2376\" src=\"https:\/\/henerrfm.com\/wp-content\/uploads\/2025\/10\/MG_6862.jpg1_-300x193.jpg\" alt=\"\" width=\"396\" height=\"255\" srcset=\"https:\/\/www.henerrfm.com\/wp-content\/uploads\/2025\/10\/MG_6862.jpg1_-300x193.jpg 300w, https:\/\/www.henerrfm.com\/wp-content\/uploads\/2025\/10\/MG_6862.jpg1_-600x386.jpg 600w, https:\/\/www.henerrfm.com\/wp-content\/uploads\/2025\/10\/MG_6862.jpg1_.jpg 700w\" sizes=\"auto, (max-width: 396px) 100vw, 396px\" \/> <img loading=\"lazy\" decoding=\"async\" class=\"alignnone wp-image-2377\" src=\"https:\/\/henerrfm.com\/wp-content\/uploads\/2025\/10\/MG_6869.jpg--300x193.jpg\" alt=\"\" width=\"397\" height=\"255\" srcset=\"https:\/\/www.henerrfm.com\/wp-content\/uploads\/2025\/10\/MG_6869.jpg--300x193.jpg 300w, https:\/\/www.henerrfm.com\/wp-content\/uploads\/2025\/10\/MG_6869.jpg--600x386.jpg 600w, https:\/\/www.henerrfm.com\/wp-content\/uploads\/2025\/10\/MG_6869.jpg-.jpg 700w\" sizes=\"auto, (max-width: 397px) 100vw, 397px\" \/> <img loading=\"lazy\" decoding=\"async\" class=\"alignnone wp-image-2378\" src=\"https:\/\/henerrfm.com\/wp-content\/uploads\/2025\/10\/MG_6869.jpg1_-300x193.jpg\" alt=\"\" width=\"399\" height=\"257\" srcset=\"https:\/\/www.henerrfm.com\/wp-content\/uploads\/2025\/10\/MG_6869.jpg1_-300x193.jpg 300w, https:\/\/www.henerrfm.com\/wp-content\/uploads\/2025\/10\/MG_6869.jpg1_-600x386.jpg 600w, https:\/\/www.henerrfm.com\/wp-content\/uploads\/2025\/10\/MG_6869.jpg1_.jpg 700w\" sizes=\"auto, (max-width: 399px) 100vw, 399px\" \/><\/p>\n<h5><strong>V\u00eddeo do produto<\/strong><\/h5>\n<p><iframe loading=\"lazy\" title=\"M\u00e1quina de telhas onduladas em forma de barril\" width=\"1350\" height=\"759\" src=\"https:\/\/www.youtube.com\/embed\/cxSVUqOAi0U?feature=oembed\" frameborder=\"0\" allow=\"accelerometer; autoplay; clipboard-write; encrypted-media; gyroscope; picture-in-picture; web-share\" referrerpolicy=\"strict-origin-when-cross-origin\" allowfullscreen><\/iframe><\/p>\n<h5><strong>Aplicativo<\/strong><\/h5>\n<p><img loading=\"lazy\" decoding=\"async\" class=\"alignnone wp-image-2379\" src=\"https:\/\/henerrfm.com\/wp-content\/uploads\/2025\/10\/application.jpg--300x110.jpg\" alt=\"\" width=\"1353\" height=\"496\" srcset=\"https:\/\/www.henerrfm.com\/wp-content\/uploads\/2025\/10\/application.jpg--300x110.jpg 300w, https:\/\/www.henerrfm.com\/wp-content\/uploads\/2025\/10\/application.jpg--768x283.jpg 768w, https:\/\/www.henerrfm.com\/wp-content\/uploads\/2025\/10\/application.jpg--600x221.jpg 600w\" sizes=\"auto, (max-width: 1353px) 100vw, 1353px\" \/><\/p>","protected":false},"excerpt":{"rendered":"<p>Product Overview The Automatic Barrel Corrugated Roll Forming Machine is a specialized metal sheet forming equipment designed to produce barrel-type corrugated roofing sheets. Unlike traditional roll forming machines, this model features two large precision rollers that shape the sheet into smooth, round wave patterns with exceptional consistency and strength. Before forming, the material passes through [&hellip;]<\/p>\n","protected":false},"featured_media":113,"comment_status":"open","ping_status":"closed","template":"","meta":{"_gspb_post_css":""},"product_brand":[],"product_cat":[121,120],"product_tag":[],"class_list":{"0":"post-112","1":"product","2":"type-product","3":"status-publish","4":"has-post-thumbnail","6":"product_cat-barrel-corrugated-roof-sheet-machine","7":"product_cat-roof-wall-panel-roll-forming-machine","9":"first","10":"instock","11":"shipping-taxable","12":"product-type-simple"},"_links":{"self":[{"href":"https:\/\/www.henerrfm.com\/pt\/wp-json\/wp\/v2\/product\/112","targetHints":{"allow":["GET"]}}],"collection":[{"href":"https:\/\/www.henerrfm.com\/pt\/wp-json\/wp\/v2\/product"}],"about":[{"href":"https:\/\/www.henerrfm.com\/pt\/wp-json\/wp\/v2\/types\/product"}],"replies":[{"embeddable":true,"href":"https:\/\/www.henerrfm.com\/pt\/wp-json\/wp\/v2\/comments?post=112"}],"wp:featuredmedia":[{"embeddable":true,"href":"https:\/\/www.henerrfm.com\/pt\/wp-json\/wp\/v2\/media\/113"}],"wp:attachment":[{"href":"https:\/\/www.henerrfm.com\/pt\/wp-json\/wp\/v2\/media?parent=112"}],"wp:term":[{"taxonomy":"product_brand","embeddable":true,"href":"https:\/\/www.henerrfm.com\/pt\/wp-json\/wp\/v2\/product_brand?post=112"},{"taxonomy":"product_cat","embeddable":true,"href":"https:\/\/www.henerrfm.com\/pt\/wp-json\/wp\/v2\/product_cat?post=112"},{"taxonomy":"product_tag","embeddable":true,"href":"https:\/\/www.henerrfm.com\/pt\/wp-json\/wp\/v2\/product_tag?post=112"}],"curies":[{"name":"wp","href":"https:\/\/api.w.org\/{rel}","templated":true}]}}