{"id":117,"date":"2025-10-31T04:00:59","date_gmt":"2025-10-31T04:00:59","guid":{"rendered":"https:\/\/henerrfm.com\/?post_type=product&#038;p=117"},"modified":"2025-12-04T03:29:13","modified_gmt":"2025-12-04T03:29:13","slug":"high-speed-corrugated-metal-sheet-machine","status":"publish","type":"product","link":"https:\/\/www.henerrfm.com\/pt\/product\/high-speed-corrugated-metal-sheet-machine\/","title":{"rendered":"M\u00e1quina de chapa met\u00e1lica ondulada de alta velocidade"},"content":{"rendered":"<h5>Vis\u00e3o geral do produto<\/h5>\n<p>A m\u00e1quina de alta velocidade para telhas met\u00e1licas onduladas foi projetada para a produ\u00e7\u00e3o r\u00e1pida e precisa de telhas onduladas utilizadas em coberturas, revestimentos de paredes, cercas e divis\u00f3rias.<\/p>\n<p>Aplica\u00e7\u00f5es:<br \/>\nAdequado para edif\u00edcios residenciais, f\u00e1bricas, armaz\u00e9ns e instala\u00e7\u00f5es p\u00fablicas como escolas, hospitais e escrit\u00f3rios.<\/p>\n<p>Detalhes da produ\u00e7\u00e3o:<br \/>\nPartindo de uma bobina plana de 1200 mm de largura, a m\u00e1quina transforma a chapa em um perfil ondulado. Ap\u00f3s a lamina\u00e7\u00e3o, a largura \u00fatil com sobreposi\u00e7\u00e3o de onda \u00fanica \u00e9 de 1000 mm, facilitando a instala\u00e7\u00e3o e o c\u00e1lculo da quantidade.<\/p>\n<p>Vantagens:<br \/>\nO design ondulado reduz o contato com a \u00e1gua da chuva, diminui o ru\u00eddo e melhora o isolamento. Com alta velocidade, precis\u00e3o e desempenho est\u00e1vel, esta m\u00e1quina \u00e9 ideal para a produ\u00e7\u00e3o em larga escala de telhados met\u00e1licos.<\/p>\n<h5>Desenhos de perfil do produto para m\u00e1quina de chapa met\u00e1lica ondulada de alta velocidade<\/h5>\n<h5><img loading=\"lazy\" decoding=\"async\" class=\"alignnone wp-image-2758\" src=\"https:\/\/henerrfm.com\/wp-content\/uploads\/2025\/10\/\uff1fHigh-Speed-Corrugated-Metal-Sheet-Machine.jpgpm_-300x89.jpg\" alt=\"\" width=\"1311\" height=\"389\" srcset=\"https:\/\/www.henerrfm.com\/wp-content\/uploads\/2025\/10\/\uff1fHigh-Speed-Corrugated-Metal-Sheet-Machine.jpgpm_-300x89.jpg 300w, https:\/\/www.henerrfm.com\/wp-content\/uploads\/2025\/10\/\uff1fHigh-Speed-Corrugated-Metal-Sheet-Machine.jpgpm_-1024x305.jpg 1024w, https:\/\/www.henerrfm.com\/wp-content\/uploads\/2025\/10\/\uff1fHigh-Speed-Corrugated-Metal-Sheet-Machine.jpgpm_-768x229.jpg 768w, https:\/\/www.henerrfm.com\/wp-content\/uploads\/2025\/10\/\uff1fHigh-Speed-Corrugated-Metal-Sheet-Machine.jpgpm_-600x179.jpg 600w, https:\/\/www.henerrfm.com\/wp-content\/uploads\/2025\/10\/\uff1fHigh-Speed-Corrugated-Metal-Sheet-Machine.jpgpm_.jpg 1350w\" sizes=\"auto, (max-width: 1311px) 100vw, 1311px\" \/> <img loading=\"lazy\" decoding=\"async\" class=\"alignnone wp-image-2759\" src=\"https:\/\/henerrfm.com\/wp-content\/uploads\/2025\/10\/\uff1fHigh-Speed-Corrugated-Metal-Sheet-Machine.jpgpm1_-300x64.jpg\" alt=\"\" width=\"1280\" height=\"273\" srcset=\"https:\/\/www.henerrfm.com\/wp-content\/uploads\/2025\/10\/\uff1fHigh-Speed-Corrugated-Metal-Sheet-Machine.jpgpm1_-300x64.jpg 300w, https:\/\/www.henerrfm.com\/wp-content\/uploads\/2025\/10\/\uff1fHigh-Speed-Corrugated-Metal-Sheet-Machine.jpgpm1_-1024x218.jpg 1024w, https:\/\/www.henerrfm.com\/wp-content\/uploads\/2025\/10\/\uff1fHigh-Speed-Corrugated-Metal-Sheet-Machine.jpgpm1_-768x164.jpg 768w, https:\/\/www.henerrfm.com\/wp-content\/uploads\/2025\/10\/\uff1fHigh-Speed-Corrugated-Metal-Sheet-Machine.jpgpm1_-600x128.jpg 600w, https:\/\/www.henerrfm.com\/wp-content\/uploads\/2025\/10\/\uff1fHigh-Speed-Corrugated-Metal-Sheet-Machine.jpgpm1_.jpg 1350w\" sizes=\"auto, (max-width: 1280px) 100vw, 1280px\" \/><\/h5>\n<h5>Par\u00e2metros t\u00e9cnicos<\/h5>\n<table>\n<thead>\n<tr>\n<th><span style=\"font-weight: 400;\">Item<\/span><\/th>\n<th><span style=\"font-weight: 400;\">Detalhes da especifica\u00e7\u00e3o<\/span><\/th>\n<\/tr>\n<\/thead>\n<tbody>\n<tr>\n<td>Mat\u00e9ria-prima<\/td>\n<td><a href=\"https:\/\/en.wikipedia.org\/wiki\/PPGI\" target=\"_blank\" rel=\"noopener\">PPGI<\/a>, PPGL<\/td>\n<\/tr>\n<tr>\n<td>Espessura do material<\/td>\n<td>0,13-0,3 mm<\/td>\n<\/tr>\n<tr>\n<td>Estrutura da m\u00e1quina<\/td>\n<td>Estrutura em viga H de 400 mm, com estrutura de ferro fundido.<\/td>\n<\/tr>\n<tr>\n<td>Material dos rolos<\/td>\n<td>A\u00e7o forjado 45# de alta qualidade, com tratamento cromado.<\/td>\n<\/tr>\n<tr>\n<td>Esta\u00e7\u00f5es de Forma\u00e7\u00e3o<\/td>\n<td>Esta\u00e7\u00f5es de rolos: 21 fileiras<\/td>\n<\/tr>\n<tr>\n<td>Di\u00e2metro dos eixos<\/td>\n<td>S\u00f3lido \u03a680mm<\/td>\n<\/tr>\n<tr>\n<td>Material dos eixos<\/td>\n<td>A\u00e7o inoxid\u00e1vel 45# de alta qualidade, com tratamento t\u00e9rmico.<\/td>\n<\/tr>\n<tr>\n<td>Velocidade de forma\u00e7\u00e3o<\/td>\n<td>50 m\/min<\/td>\n<\/tr>\n<tr>\n<td>Tens\u00e3o<\/td>\n<td>380v\/50hz\/3p (Conforme solicitado)<\/td>\n<\/tr>\n<tr>\n<td>Via de transmiss\u00e3o<\/td>\n<td>Por caixa de c\u00e2mbio<\/td>\n<\/tr>\n<tr>\n<td>Motor principal<\/td>\n<td>15 kW<\/td>\n<\/tr>\n<tr>\n<td>Material da l\u00e2mina de corte<\/td>\n<td>tratamento de supress\u00e3o de Gcr12<\/td>\n<\/tr>\n<tr>\n<td>Tipo de corte<\/td>\n<td>Corte por rastreamento hidr\u00e1ulico<\/td>\n<\/tr>\n<tr>\n<td>M\u00e9todo de condu\u00e7\u00e3o<\/td>\n<td>Por cilindro tipo pilar<\/td>\n<\/tr>\n<\/tbody>\n<\/table>\n<h5>Fluxograma<\/h5>\n<p><a href=\"https:\/\/www.henerrfm.com\/pt\/produto\/high-speed-corrugated-metal-sheet-machine\/\">\u00a0<\/a><\/p>\n<p><img loading=\"lazy\" decoding=\"async\" class=\"alignnone wp-image-2757\" src=\"https:\/\/henerrfm.com\/wp-content\/uploads\/2025\/10\/\uff1fHigh-Speed-Corrugated-Metal-Sheet-Machine.jpglc_-300x66.jpg\" alt=\"\" width=\"1350\" height=\"297\" srcset=\"https:\/\/www.henerrfm.com\/wp-content\/uploads\/2025\/10\/\uff1fHigh-Speed-Corrugated-Metal-Sheet-Machine.jpglc_-300x66.jpg 300w, https:\/\/www.henerrfm.com\/wp-content\/uploads\/2025\/10\/\uff1fHigh-Speed-Corrugated-Metal-Sheet-Machine.jpglc_-1024x225.jpg 1024w, https:\/\/www.henerrfm.com\/wp-content\/uploads\/2025\/10\/\uff1fHigh-Speed-Corrugated-Metal-Sheet-Machine.jpglc_-768x168.jpg 768w, https:\/\/www.henerrfm.com\/wp-content\/uploads\/2025\/10\/\uff1fHigh-Speed-Corrugated-Metal-Sheet-Machine.jpglc_-600x132.jpg 600w, https:\/\/www.henerrfm.com\/wp-content\/uploads\/2025\/10\/\uff1fHigh-Speed-Corrugated-Metal-Sheet-Machine.jpglc_.jpg 1350w\" sizes=\"auto, (max-width: 1350px) 100vw, 1350px\" \/><\/p>\n<h5>Exibi\u00e7\u00e3o de detalhes do produto<\/h5>\n<p><img loading=\"lazy\" decoding=\"async\" class=\"alignnone wp-image-2760\" src=\"https:\/\/henerrfm.com\/wp-content\/uploads\/2025\/10\/\uff1fHigh-Speed-Corrugated-Metal-Sheet-Machine.jpgxj_-300x125.jpg\" alt=\"\" width=\"1351\" height=\"563\" srcset=\"https:\/\/www.henerrfm.com\/wp-content\/uploads\/2025\/10\/\uff1fHigh-Speed-Corrugated-Metal-Sheet-Machine.jpgxj_-300x125.jpg 300w, https:\/\/www.henerrfm.com\/wp-content\/uploads\/2025\/10\/\uff1fHigh-Speed-Corrugated-Metal-Sheet-Machine.jpgxj_-1024x426.jpg 1024w, https:\/\/www.henerrfm.com\/wp-content\/uploads\/2025\/10\/\uff1fHigh-Speed-Corrugated-Metal-Sheet-Machine.jpgxj_-768x320.jpg 768w, https:\/\/www.henerrfm.com\/wp-content\/uploads\/2025\/10\/\uff1fHigh-Speed-Corrugated-Metal-Sheet-Machine.jpgxj_-600x250.jpg 600w, https:\/\/www.henerrfm.com\/wp-content\/uploads\/2025\/10\/\uff1fHigh-Speed-Corrugated-Metal-Sheet-Machine.jpgxj_.jpg 1350w\" sizes=\"auto, (max-width: 1351px) 100vw, 1351px\" \/><\/p>\n<h5><strong>V\u00eddeo do produto<\/strong><\/h5>\n<p><iframe loading=\"lazy\" title=\"M\u00e1quina de alta velocidade para telhas onduladas\" width=\"1350\" height=\"759\" src=\"https:\/\/www.youtube.com\/embed\/6r93vmJGERQ?feature=oembed\" frameborder=\"0\" allow=\"accelerometer; autoplay; clipboard-write; encrypted-media; gyroscope; picture-in-picture; web-share\" referrerpolicy=\"strict-origin-when-cross-origin\" allowfullscreen><\/iframe><\/p>\n<h5>Aplicativo<\/h5>\n<p>As chapas onduladas produzidas por esta m\u00e1quina s\u00e3o utilizadas em uma ampla gama de projetos de constru\u00e7\u00e3o:<\/p>\n<p>\u2460 Telhados residenciais<\/p>\n<p>\u2461F\u00e1bricas e oficinas industriais<\/p>\n<p>\u2462 Armaz\u00e9ns e centros log\u00edsticos<\/p>\n<p>\u2463Escolas, hospitais, instala\u00e7\u00f5es p\u00fablicas<\/p>\n<p>\u2464Cercas perimetrais e telas de prote\u00e7\u00e3o<\/p>\n<p>\u2465 Edif\u00edcios agr\u00edcolas e unidades de armazenamento<\/p>\n<p>As telhas onduladas oferecem alta resist\u00eancia \u00e0s intemp\u00e9ries, boa drenagem e f\u00e1cil instala\u00e7\u00e3o, sendo ideais tanto para constru\u00e7\u00f5es urbanas quanto rurais.<\/p>\n<p><img loading=\"lazy\" decoding=\"async\" class=\"alignnone wp-image-2761\" src=\"https:\/\/henerrfm.com\/wp-content\/uploads\/2025\/10\/\uff1fHigh-Speed-Corrugated-Metal-Sheet-Machine.jpgyy_-300x125.jpg\" alt=\"\" width=\"1332\" height=\"555\" srcset=\"https:\/\/www.henerrfm.com\/wp-content\/uploads\/2025\/10\/\uff1fHigh-Speed-Corrugated-Metal-Sheet-Machine.jpgyy_-300x125.jpg 300w, https:\/\/www.henerrfm.com\/wp-content\/uploads\/2025\/10\/\uff1fHigh-Speed-Corrugated-Metal-Sheet-Machine.jpgyy_-1024x426.jpg 1024w, https:\/\/www.henerrfm.com\/wp-content\/uploads\/2025\/10\/\uff1fHigh-Speed-Corrugated-Metal-Sheet-Machine.jpgyy_-768x320.jpg 768w, https:\/\/www.henerrfm.com\/wp-content\/uploads\/2025\/10\/\uff1fHigh-Speed-Corrugated-Metal-Sheet-Machine.jpgyy_-600x250.jpg 600w, https:\/\/www.henerrfm.com\/wp-content\/uploads\/2025\/10\/\uff1fHigh-Speed-Corrugated-Metal-Sheet-Machine.jpgyy_.jpg 1350w\" sizes=\"auto, (max-width: 1332px) 100vw, 1332px\" \/><\/p>\n<p>&nbsp;<\/p>","protected":false},"excerpt":{"rendered":"<p>Product Overview The High Speed Corrugated Metal Roof Sheet Machine is designed for fast and precise production of corrugated roofing sheets used in roofing, wall cladding, fencing, and screening. Applications: Suitable for residential buildings, factories, warehouses, and public facilities such as schools, hospitals, and offices. Production Details: Starting from a 1200mm wide flat coil, the [&hellip;]<\/p>\n","protected":false},"featured_media":2753,"comment_status":"open","ping_status":"closed","template":"","meta":{"_gspb_post_css":""},"product_brand":[],"product_cat":[122,120],"product_tag":[],"class_list":{"0":"post-117","1":"product","2":"type-product","3":"status-publish","4":"has-post-thumbnail","6":"product_cat-corrugated-roof-sheet-roll-forming-machine","7":"product_cat-roof-wall-panel-roll-forming-machine","9":"first","10":"instock","11":"shipping-taxable","12":"product-type-simple"},"_links":{"self":[{"href":"https:\/\/www.henerrfm.com\/pt\/wp-json\/wp\/v2\/product\/117","targetHints":{"allow":["GET"]}}],"collection":[{"href":"https:\/\/www.henerrfm.com\/pt\/wp-json\/wp\/v2\/product"}],"about":[{"href":"https:\/\/www.henerrfm.com\/pt\/wp-json\/wp\/v2\/types\/product"}],"replies":[{"embeddable":true,"href":"https:\/\/www.henerrfm.com\/pt\/wp-json\/wp\/v2\/comments?post=117"}],"wp:featuredmedia":[{"embeddable":true,"href":"https:\/\/www.henerrfm.com\/pt\/wp-json\/wp\/v2\/media\/2753"}],"wp:attachment":[{"href":"https:\/\/www.henerrfm.com\/pt\/wp-json\/wp\/v2\/media?parent=117"}],"wp:term":[{"taxonomy":"product_brand","embeddable":true,"href":"https:\/\/www.henerrfm.com\/pt\/wp-json\/wp\/v2\/product_brand?post=117"},{"taxonomy":"product_cat","embeddable":true,"href":"https:\/\/www.henerrfm.com\/pt\/wp-json\/wp\/v2\/product_cat?post=117"},{"taxonomy":"product_tag","embeddable":true,"href":"https:\/\/www.henerrfm.com\/pt\/wp-json\/wp\/v2\/product_tag?post=117"}],"curies":[{"name":"wp","href":"https:\/\/api.w.org\/{rel}","templated":true}]}}