{"id":142,"date":"2025-10-31T06:01:51","date_gmt":"2025-10-31T06:01:51","guid":{"rendered":"https:\/\/henerrfm.com\/?post_type=product&#038;p=142"},"modified":"2025-12-04T03:30:42","modified_gmt":"2025-12-04T03:30:42","slug":"ibr-roof-sheet-roll-forming-machine","status":"publish","type":"product","link":"https:\/\/www.henerrfm.com\/pt\/product\/ibr-roof-sheet-roll-forming-machine\/","title":{"rendered":"Rolo folha telhado IBR d\u00e1 forma \u00e0 m\u00e1quina"},"content":{"rendered":"<h5>Vis\u00e3o geral do produto<\/h5>\n<p>A M\u00e1quina Formadora de Rolos de Folhas de Telhado IBR \u00e9 um sistema de engenharia de precis\u00e3o projetado para a produ\u00e7\u00e3o eficiente de chapas de cobertura trapezoidais com qualidade de superf\u00edcie superior e precis\u00e3o dimensional \u00c9 ideal para instala\u00e7\u00f5es industriais, armaz\u00e9ns, complexos comerciais e aplica\u00e7\u00f5es de cobertura residencial.<\/p>\n<p>Esta m\u00e1quina processa bobinas de PPGI, a\u00e7o galvanizado (GI), galvalume (GL) e alum\u00ednio com espessuras que variam de 0,3 mm a 0,8 mm Cada folha produzida oferece um acabamento suave, forma uniforme e resist\u00eancia duradoura adequada para desempenho em qualquer clima.<\/p>\n<p>Equipado com um sistema de controle avan\u00e7ado, tecnologia hidr\u00e1ulica de corte e at\u00e9 26 esta\u00e7\u00f5es de rolos de precis\u00e3o, a m\u00e1quina para fazer telhados IBR garante opera\u00e7\u00e3o est\u00e1vel, precis\u00e3o de forma\u00e7\u00e3o consistente e uma alta velocidade de sa\u00edda de 15 metros por minuto.<\/p>\n<p>Oferecendo um equil\u00edbrio perfeito entre efici\u00eancia, precis\u00e3o e durabilidade, esta m\u00e1quina \u00e9 uma excelente solu\u00e7\u00e3o para fabricantes que pretendem produzir pain\u00e9is met\u00e1licos de alta qualidade em grande escala.<\/p>\n<h5>Desenhos de perfil do produto<\/h5>\n<p><img loading=\"lazy\" decoding=\"async\" class=\"alignnone wp-image-2750\" src=\"https:\/\/henerrfm.com\/wp-content\/uploads\/2025\/10\/IBR-roof-sheet-roll-forming-machinepm-300x84.jpg\" alt=\"\" width=\"1332\" height=\"373\" srcset=\"https:\/\/www.henerrfm.com\/wp-content\/uploads\/2025\/10\/IBR-roof-sheet-roll-forming-machinepm-300x84.jpg 300w, https:\/\/www.henerrfm.com\/wp-content\/uploads\/2025\/10\/IBR-roof-sheet-roll-forming-machinepm-1024x287.jpg 1024w, https:\/\/www.henerrfm.com\/wp-content\/uploads\/2025\/10\/IBR-roof-sheet-roll-forming-machinepm-768x215.jpg 768w, https:\/\/www.henerrfm.com\/wp-content\/uploads\/2025\/10\/IBR-roof-sheet-roll-forming-machinepm-600x168.jpg 600w, https:\/\/www.henerrfm.com\/wp-content\/uploads\/2025\/10\/IBR-roof-sheet-roll-forming-machinepm.jpg 1350w\" sizes=\"auto, (max-width: 1332px) 100vw, 1332px\" \/><\/p>\n<h5>Rolo de folha de telhado IBR formando par\u00e2metros t\u00e9cnicos da m\u00e1quina<\/h5>\n<table>\n<thead>\n<tr>\n<th><span style=\"font-weight: 400;\">Item<\/span><\/th>\n<th><span style=\"font-weight: 400;\">Detalhes da especifica\u00e7\u00e3o<\/span><\/th>\n<\/tr>\n<\/thead>\n<tbody>\n<tr>\n<td>Materiais Aplic\u00e1veis<\/td>\n<td><a href=\"https:\/\/en.wikipedia.org\/wiki\/PPGI\" target=\"_blank\" rel=\"noopener\">PPGI<\/a>, GI, Alum\u00ednio, GL<\/td>\n<\/tr>\n<tr>\n<td>Grossura<\/td>\n<td>0.30,8 mm<\/td>\n<\/tr>\n<tr>\n<td>Largura da bobina<\/td>\n<td>1000\/1250 mm (personalizado por perfil)<\/td>\n<\/tr>\n<tr>\n<td>Desbobinador<\/td>\n<td>Decoiler autom\u00e1tico hidr\u00e1ulico (tipo manual fornecido como op\u00e7\u00e3o gratuita)<\/td>\n<\/tr>\n<tr>\n<td>Formando esta\u00e7\u00f5es de roller unit\u00e1rias<\/td>\n<td>26 linhas (ajust\u00e1veis por exig\u00eancia)<\/td>\n<\/tr>\n<tr>\n<td>Formando Unidade (Shaft)<\/td>\n<td>S\u00f3lido 80 mm, a\u00e7o 45#, tratado termicamente<\/td>\n<\/tr>\n<tr>\n<td>Formando Unidade (Rollers)<\/td>\n<td>A\u00e7o 451TP10 T, processado CNC, cromado duro (HRC 5560)<\/td>\n<\/tr>\n<tr>\n<td>Formando Unidade (Frame)<\/td>\n<td>A\u00e7o da viga H 350#<\/td>\n<\/tr>\n<tr>\n<td>Formando Unidade (Transmiss\u00e3o)<\/td>\n<td>Transmiss\u00e3o por corrente<\/td>\n<\/tr>\n<tr>\n<td>Formando Unidade Dimens\u00e3o<\/td>\n<td>10500\u00d71600\u00d71600 mm (personalizado)<\/td>\n<\/tr>\n<tr>\n<td>Formando Unidade Peso<\/td>\n<td>Aproximadamente. 11,5T<\/td>\n<\/tr>\n<tr>\n<td>Tipo de sistema de corte<\/td>\n<td>Corte hidr\u00e1ulico, tipo p\u00f3s-corte<\/td>\n<\/tr>\n<tr>\n<td>Sistema de corte (Cutting System) material Blade<\/td>\n<td>Cr12Mov, anti-riscos, anti-deforma\u00e7\u00e3o<\/td>\n<\/tr>\n<tr>\n<td>Pot\u00eancia e controle Pot\u00eancia do motor<\/td>\n<td>5,5 kW<\/td>\n<\/tr>\n<tr>\n<td>Sistema hidr\u00e1ulico Power &amp; Control<\/td>\n<td>5,5 kW<\/td>\n<\/tr>\n<tr>\n<td>Energia e controle Tens\u00e3o<\/td>\n<td>380 V, 50 Hz, 3 Phase (personaliza\u00e7\u00e3o opcional)<\/td>\n<\/tr>\n<tr>\n<td>Poder &amp; controle &amp; gabinete do PLC &amp; do controle do poder &amp;<\/td>\n<td>Marca famosa, interface multil\u00edngue<\/td>\n<\/tr>\n<tr>\n<td>Tela de toque Power &amp; Control<\/td>\n<td>User-friendly, suporta configura\u00e7\u00e3o de lote, comprimento e controle de quantidade<\/td>\n<\/tr>\n<tr>\n<td>Velocidade de produ\u00e7\u00e3o<\/td>\n<td>15 0 m\/min (dependendo da espessura da chapa e perfil)<\/td>\n<\/tr>\n<\/tbody>\n<\/table>\n<h5>Fluxograma<\/h5>\n<p><img loading=\"lazy\" decoding=\"async\" class=\"alignnone wp-image-2749\" src=\"https:\/\/henerrfm.com\/wp-content\/uploads\/2025\/10\/IBR-roof-sheet-roll-forming-machinelc-300x66.jpg\" alt=\"\" width=\"1323\" height=\"291\" srcset=\"https:\/\/www.henerrfm.com\/wp-content\/uploads\/2025\/10\/IBR-roof-sheet-roll-forming-machinelc-300x66.jpg 300w, https:\/\/www.henerrfm.com\/wp-content\/uploads\/2025\/10\/IBR-roof-sheet-roll-forming-machinelc-1024x225.jpg 1024w, https:\/\/www.henerrfm.com\/wp-content\/uploads\/2025\/10\/IBR-roof-sheet-roll-forming-machinelc-768x168.jpg 768w, https:\/\/www.henerrfm.com\/wp-content\/uploads\/2025\/10\/IBR-roof-sheet-roll-forming-machinelc-600x132.jpg 600w, https:\/\/www.henerrfm.com\/wp-content\/uploads\/2025\/10\/IBR-roof-sheet-roll-forming-machinelc.jpg 1350w\" sizes=\"auto, (max-width: 1323px) 100vw, 1323px\" \/><\/p>\n<h5>V\u00eddeo do produto<\/h5>\n<p><iframe loading=\"lazy\" title=\"M\u00e1quina para telhas IBR para o mercado africano\" width=\"1350\" height=\"759\" src=\"https:\/\/www.youtube.com\/embed\/IZXW-TV3kfQ?feature=oembed\" frameborder=\"0\" allow=\"accelerometer; autoplay; clipboard-write; encrypted-media; gyroscope; picture-in-picture; web-share\" referrerpolicy=\"strict-origin-when-cross-origin\" allowfullscreen><\/iframe><\/p>\n<h5>Aplicativo<\/h5>\n<p><img loading=\"lazy\" decoding=\"async\" class=\"alignnone wp-image-2745\" src=\"https:\/\/henerrfm.com\/wp-content\/uploads\/2025\/10\/IBR-roof-sheet-roll-forming-machine.jpgyy_-300x102.jpg\" alt=\"\" width=\"1318\" height=\"448\" srcset=\"https:\/\/www.henerrfm.com\/wp-content\/uploads\/2025\/10\/IBR-roof-sheet-roll-forming-machine.jpgyy_-300x102.jpg 300w, https:\/\/www.henerrfm.com\/wp-content\/uploads\/2025\/10\/IBR-roof-sheet-roll-forming-machine.jpgyy_-1024x347.jpg 1024w, https:\/\/www.henerrfm.com\/wp-content\/uploads\/2025\/10\/IBR-roof-sheet-roll-forming-machine.jpgyy_-768x261.jpg 768w, https:\/\/www.henerrfm.com\/wp-content\/uploads\/2025\/10\/IBR-roof-sheet-roll-forming-machine.jpgyy_-600x204.jpg 600w, https:\/\/www.henerrfm.com\/wp-content\/uploads\/2025\/10\/IBR-roof-sheet-roll-forming-machine.jpgyy_.jpg 1350w\" sizes=\"auto, (max-width: 1318px) 100vw, 1318px\" \/><\/p>\n<h5>Produto final<\/h5>\n<p><img loading=\"lazy\" decoding=\"async\" class=\"alignnone wp-image-2744\" src=\"https:\/\/henerrfm.com\/wp-content\/uploads\/2025\/10\/IBR-roof-sheet-roll-forming-machine.jpgcp_-300x115.jpg\" alt=\"\" width=\"1315\" height=\"504\" srcset=\"https:\/\/www.henerrfm.com\/wp-content\/uploads\/2025\/10\/IBR-roof-sheet-roll-forming-machine.jpgcp_-300x115.jpg 300w, https:\/\/www.henerrfm.com\/wp-content\/uploads\/2025\/10\/IBR-roof-sheet-roll-forming-machine.jpgcp_-1024x393.jpg 1024w, https:\/\/www.henerrfm.com\/wp-content\/uploads\/2025\/10\/IBR-roof-sheet-roll-forming-machine.jpgcp_-768x295.jpg 768w, https:\/\/www.henerrfm.com\/wp-content\/uploads\/2025\/10\/IBR-roof-sheet-roll-forming-machine.jpgcp_-600x230.jpg 600w, https:\/\/www.henerrfm.com\/wp-content\/uploads\/2025\/10\/IBR-roof-sheet-roll-forming-machine.jpgcp_.jpg 1350w\" sizes=\"auto, (max-width: 1315px) 100vw, 1315px\" \/><\/p>","protected":false},"excerpt":{"rendered":"<p>Product Overview The IBR Roof Sheet Roll Forming Machine is a precision-engineered system designed for the efficient production of trapezoidal roofing sheets with superior surface quality and dimensional accuracy. It is ideal for industrial facilities, warehouses, commercial complexes, and residential roofing applications. This machine processes PPGI, galvanized steel (GI), galvalume (GL), and aluminum coils with [&hellip;]<\/p>\n","protected":false},"featured_media":143,"comment_status":"open","ping_status":"closed","template":"","meta":{"_gspb_post_css":""},"product_brand":[],"product_cat":[120,123],"product_tag":[],"class_list":{"0":"post-142","1":"product","2":"type-product","3":"status-publish","4":"has-post-thumbnail","6":"product_cat-roof-wall-panel-roll-forming-machine","7":"product_cat-trapezoidal-roof-panel-roll-forming-machine","9":"first","10":"instock","11":"shipping-taxable","12":"product-type-simple"},"_links":{"self":[{"href":"https:\/\/www.henerrfm.com\/pt\/wp-json\/wp\/v2\/product\/142","targetHints":{"allow":["GET"]}}],"collection":[{"href":"https:\/\/www.henerrfm.com\/pt\/wp-json\/wp\/v2\/product"}],"about":[{"href":"https:\/\/www.henerrfm.com\/pt\/wp-json\/wp\/v2\/types\/product"}],"replies":[{"embeddable":true,"href":"https:\/\/www.henerrfm.com\/pt\/wp-json\/wp\/v2\/comments?post=142"}],"wp:featuredmedia":[{"embeddable":true,"href":"https:\/\/www.henerrfm.com\/pt\/wp-json\/wp\/v2\/media\/143"}],"wp:attachment":[{"href":"https:\/\/www.henerrfm.com\/pt\/wp-json\/wp\/v2\/media?parent=142"}],"wp:term":[{"taxonomy":"product_brand","embeddable":true,"href":"https:\/\/www.henerrfm.com\/pt\/wp-json\/wp\/v2\/product_brand?post=142"},{"taxonomy":"product_cat","embeddable":true,"href":"https:\/\/www.henerrfm.com\/pt\/wp-json\/wp\/v2\/product_cat?post=142"},{"taxonomy":"product_tag","embeddable":true,"href":"https:\/\/www.henerrfm.com\/pt\/wp-json\/wp\/v2\/product_tag?post=142"}],"curies":[{"name":"wp","href":"https:\/\/api.w.org\/{rel}","templated":true}]}}