{"id":186,"date":"2025-10-31T08:33:50","date_gmt":"2025-10-31T08:33:50","guid":{"rendered":"https:\/\/henerrfm.com\/?post_type=product&#038;p=186"},"modified":"2025-12-04T03:34:52","modified_gmt":"2025-12-04T03:34:52","slug":"r-panel-roll-forming-machine","status":"publish","type":"product","link":"https:\/\/www.henerrfm.com\/pt\/product\/r-panel-roll-forming-machine\/","title":{"rendered":"Rolo do painel R que forma a m\u00e1quina"},"content":{"rendered":"<h5>Vis\u00e3o geral do produto<\/h5>\n<p>R Panel Roll Forming Machine \u00e9 especialmente projetado para produzir pain\u00e9is R, uma escolha popular para revestimento de metal e cobertura em estruturas comerciais de estrutura de a\u00e7o.<\/p>\n<p>Com rigoroso controle de qualidade em todo o processo de produ\u00e7\u00e3o, a HENER fornece m\u00e1quinas formadoras de rolos de painel R de alto desempenho em v\u00e1rias especifica\u00e7\u00f5es para atender a diferentes requisitos de fabrica\u00e7\u00e3o.<\/p>\n<p>Nossas m\u00e1quinas garantem dimens\u00f5es consistentes do painel, superf\u00edcies lisas e durabilidade confi\u00e1vel.<\/p>\n<h5>Desenhos de perfil do produto<\/h5>\n<p>Oferecemos padr\u00e3o e personaliz\u00e1vel <strong>Perfis painel R<\/strong><\/p>\n<h5><img loading=\"lazy\" decoding=\"async\" class=\"alignnone wp-image-2741\" src=\"https:\/\/henerrfm.com\/wp-content\/uploads\/2025\/10\/R-panel-roll-forming-machinepm-300x50.jpg\" alt=\"\" width=\"1344\" height=\"224\" srcset=\"https:\/\/www.henerrfm.com\/wp-content\/uploads\/2025\/10\/R-panel-roll-forming-machinepm-300x50.jpg 300w, https:\/\/www.henerrfm.com\/wp-content\/uploads\/2025\/10\/R-panel-roll-forming-machinepm-1024x170.jpg 1024w, https:\/\/www.henerrfm.com\/wp-content\/uploads\/2025\/10\/R-panel-roll-forming-machinepm-768x127.jpg 768w, https:\/\/www.henerrfm.com\/wp-content\/uploads\/2025\/10\/R-panel-roll-forming-machinepm-600x100.jpg 600w, https:\/\/www.henerrfm.com\/wp-content\/uploads\/2025\/10\/R-panel-roll-forming-machinepm.jpg 1350w\" sizes=\"auto, (max-width: 1344px) 100vw, 1344px\" \/><\/h5>\n<h5>Par\u00e2metros t\u00e9cnicos<\/h5>\n<table>\n<thead>\n<tr>\n<th><span style=\"font-weight: 400;\">Item<\/span><\/th>\n<th><span style=\"font-weight: 400;\">Detalhes da especifica\u00e7\u00e3o<\/span><\/th>\n<\/tr>\n<\/thead>\n<tbody>\n<tr>\n<td>Tipo material<\/td>\n<td>Cor revestido A\u00e7o, A\u00e7o Galvanizado, Folha de alum\u00ednio, <a href=\"https:\/\/en.wikipedia.org\/wiki\/Stainless_steel\" target=\"_blank\" rel=\"noopener\">A\u00e7o inoxid\u00e1vel<\/a><\/td>\n<\/tr>\n<tr>\n<td>Grossura<\/td>\n<td>0,3-0,7mm<\/td>\n<\/tr>\n<tr>\n<td>For\u00e7a de rendimento (opcional)<\/td>\n<td>230-300 MPa, 350 MPa, 550-675 MPa<\/td>\n<\/tr>\n<tr>\n<td>Largura<\/td>\n<td>1038 mm, 1055 mm, 1092 mm<\/td>\n<\/tr>\n<\/tbody>\n<\/table>\n<h5>Exibi\u00e7\u00e3o de detalhes do produto<\/h5>\n<h5><img loading=\"lazy\" decoding=\"async\" class=\"alignnone wp-image-2740\" src=\"https:\/\/henerrfm.com\/wp-content\/uploads\/2025\/10\/R-panel-roll-forming-machinecp-300x105.jpg\" alt=\"\" width=\"1351\" height=\"473\" srcset=\"https:\/\/www.henerrfm.com\/wp-content\/uploads\/2025\/10\/R-panel-roll-forming-machinecp-300x105.jpg 300w, https:\/\/www.henerrfm.com\/wp-content\/uploads\/2025\/10\/R-panel-roll-forming-machinecp-1024x360.jpg 1024w, https:\/\/www.henerrfm.com\/wp-content\/uploads\/2025\/10\/R-panel-roll-forming-machinecp-768x270.jpg 768w, https:\/\/www.henerrfm.com\/wp-content\/uploads\/2025\/10\/R-panel-roll-forming-machinecp-600x211.jpg 600w, https:\/\/www.henerrfm.com\/wp-content\/uploads\/2025\/10\/R-panel-roll-forming-machinecp.jpg 1350w\" sizes=\"auto, (max-width: 1351px) 100vw, 1351px\" \/><\/h5>\n<h5>V\u00eddeo do produto<\/h5>\n<p><iframe loading=\"lazy\" title=\"Perfiladeira de rolos de painel R\" width=\"1350\" height=\"759\" src=\"https:\/\/www.youtube.com\/embed\/oM9FFu5Owws?feature=oembed\" frameborder=\"0\" allow=\"accelerometer; autoplay; clipboard-write; encrypted-media; gyroscope; picture-in-picture; web-share\" referrerpolicy=\"strict-origin-when-cross-origin\" allowfullscreen><\/iframe><\/p>\n<h5>Aplicativo<\/h5>\n<p>Os pain\u00e9is produzidos pela M\u00e1quina Formadora de Rolos de Painel R s\u00e3o amplamente utilizados em:<\/p>\n<ul>\n<li>Edif\u00edcios comerciais com estrutura de a\u00e7o<\/li>\n<li>Armaz\u00e9m e centros log\u00edsticos<\/li>\n<li>Celeiros agr\u00edcolas e instala\u00e7\u00f5es de armazenamento<\/li>\n<li>Oficinas e f\u00e1bricas industriais<\/li>\n<\/ul>","protected":false},"excerpt":{"rendered":"<p>Product Overview R Panel Roll Forming Machine is specially designed to produce R panels, a popular choice for metal siding and roofing in commercial steel-frame structures. With stringent quality control throughout the production process, HENER provides high-performance R panel roll forming machines in various specifications to meet different manufacturing requirements. Our machines ensure consistent panel [&hellip;]<\/p>\n","protected":false},"featured_media":187,"comment_status":"open","ping_status":"closed","template":"","meta":{"_gspb_post_css":""},"product_brand":[],"product_cat":[120,123],"product_tag":[],"class_list":{"0":"post-186","1":"product","2":"type-product","3":"status-publish","4":"has-post-thumbnail","6":"product_cat-roof-wall-panel-roll-forming-machine","7":"product_cat-trapezoidal-roof-panel-roll-forming-machine","9":"first","10":"instock","11":"shipping-taxable","12":"product-type-simple"},"_links":{"self":[{"href":"https:\/\/www.henerrfm.com\/pt\/wp-json\/wp\/v2\/product\/186","targetHints":{"allow":["GET"]}}],"collection":[{"href":"https:\/\/www.henerrfm.com\/pt\/wp-json\/wp\/v2\/product"}],"about":[{"href":"https:\/\/www.henerrfm.com\/pt\/wp-json\/wp\/v2\/types\/product"}],"replies":[{"embeddable":true,"href":"https:\/\/www.henerrfm.com\/pt\/wp-json\/wp\/v2\/comments?post=186"}],"wp:featuredmedia":[{"embeddable":true,"href":"https:\/\/www.henerrfm.com\/pt\/wp-json\/wp\/v2\/media\/187"}],"wp:attachment":[{"href":"https:\/\/www.henerrfm.com\/pt\/wp-json\/wp\/v2\/media?parent=186"}],"wp:term":[{"taxonomy":"product_brand","embeddable":true,"href":"https:\/\/www.henerrfm.com\/pt\/wp-json\/wp\/v2\/product_brand?post=186"},{"taxonomy":"product_cat","embeddable":true,"href":"https:\/\/www.henerrfm.com\/pt\/wp-json\/wp\/v2\/product_cat?post=186"},{"taxonomy":"product_tag","embeddable":true,"href":"https:\/\/www.henerrfm.com\/pt\/wp-json\/wp\/v2\/product_tag?post=186"}],"curies":[{"name":"wp","href":"https:\/\/api.w.org\/{rel}","templated":true}]}}