{"id":188,"date":"2025-10-31T08:35:00","date_gmt":"2025-10-31T08:35:00","guid":{"rendered":"https:\/\/henerrfm.com\/?post_type=product&#038;p=188"},"modified":"2025-12-04T03:37:30","modified_gmt":"2025-12-04T03:37:30","slug":"tr4-tr5-roof-sheet-machine","status":"publish","type":"product","link":"https:\/\/www.henerrfm.com\/pt\/product\/tr4-tr5-roof-sheet-machine\/","title":{"rendered":"M\u00e1quina de folhas de telhado Tr4\/Tr5"},"content":{"rendered":"<h5>Vis\u00e3o geral do produto<\/h5>\n<p>A M\u00e1quina de Folhas de Telhado Tr4\/Tr5 foi projetada para fabricar TR4 e TR5 de alta qualidade <a href=\"https:\/\/en.wikipedia.org\/wiki\/Metal_roof\" target=\"_blank\" rel=\"noopener\">pain\u00e9is telhados metal<\/a> com perfis precisos e superf\u00edcies lisas.<\/p>\n<p>Constru\u00edda com uma estrutura refor\u00e7ada, rolos formadores endurecidos e um sistema de controle avan\u00e7ado, esta m\u00e1quina oferece opera\u00e7\u00e3o consistente, produ\u00e7\u00e3o r\u00e1pida e confiabilidade de longo prazo.<\/p>\n<p>Perfeita para projetos de coberturas industriais, comerciais e residenciais, a m\u00e1quina para fazer chapas de telhado trapezoidal TR4\/TR5 permite que os fabricantes produzam chapas de cobertura dur\u00e1veis, precisas e visualmente atraentes de forma eficiente, tornando-a uma solu\u00e7\u00e3o ideal para aplica\u00e7\u00f5es de constru\u00e7\u00e3o modernas.<\/p>\n<h5>Desenhos de perfil do produto<\/h5>\n<p><img loading=\"lazy\" decoding=\"async\" class=\"alignnone wp-image-2736\" src=\"https:\/\/henerrfm.com\/wp-content\/uploads\/2025\/10\/\uff1ftr4-roll-forming-machinepm-300x148.jpg\" alt=\"\" width=\"1305\" height=\"644\" srcset=\"https:\/\/www.henerrfm.com\/wp-content\/uploads\/2025\/10\/\uff1ftr4-roll-forming-machinepm-300x148.jpg 300w, https:\/\/www.henerrfm.com\/wp-content\/uploads\/2025\/10\/\uff1ftr4-roll-forming-machinepm-1024x504.jpg 1024w, https:\/\/www.henerrfm.com\/wp-content\/uploads\/2025\/10\/\uff1ftr4-roll-forming-machinepm-768x378.jpg 768w, https:\/\/www.henerrfm.com\/wp-content\/uploads\/2025\/10\/\uff1ftr4-roll-forming-machinepm-600x295.jpg 600w\" sizes=\"auto, (max-width: 1305px) 100vw, 1305px\" \/><\/p>\n<h5>Par\u00e2metros t\u00e9cnicos<\/h5>\n<table>\n<thead>\n<tr>\n<th><span style=\"font-weight: 400;\">Item<\/span><\/th>\n<th><span style=\"font-weight: 400;\">Detalhes da especifica\u00e7\u00e3o<\/span><\/th>\n<\/tr>\n<\/thead>\n<tbody>\n<tr>\n<td>N\u00famero de linhas<\/td>\n<td>20 linhas<\/td>\n<\/tr>\n<tr>\n<td>Velocidade<\/td>\n<td>15m\/min<\/td>\n<\/tr>\n<tr>\n<td>material de faca de corte<\/td>\n<td>Cr12Movimento<\/td>\n<\/tr>\n<tr>\n<td>Di\u00e2metro do rolo<\/td>\n<td>70mm<\/td>\n<\/tr>\n<tr>\n<td>Dimens\u00f5es<\/td>\n<td>Cerca de 9,7 * 1,4 * 1,6 m<\/td>\n<\/tr>\n<tr>\n<td>Peso<\/td>\n<td>Cerca de 6 toneladas<\/td>\n<\/tr>\n<tr>\n<td>Estrutura principal da m\u00e1quina<\/td>\n<td>Vigas 350H\/Vigas 450H (de acordo com suas necessidades)<\/td>\n<\/tr>\n<tr>\n<td>Modo de transmiss\u00e3o<\/td>\n<td>Transmiss\u00e3o por corrente<\/td>\n<\/tr>\n<tr>\n<td>Tamanho da corrente<\/td>\n<td>1,2 polegadas<\/td>\n<\/tr>\n<tr>\n<td>Painel lateral<\/td>\n<td>16 mm<\/td>\n<\/tr>\n<tr>\n<td>Tens\u00e3o<\/td>\n<td>380 V 50 Hz trif\u00e1sico ou conforme suas necessidades.<\/td>\n<\/tr>\n<tr>\n<td>Sistema de controle<\/td>\n<td>Controle PLC<\/td>\n<\/tr>\n<tr>\n<td>Precis\u00e3o de processamento<\/td>\n<td>Dentro de 1,0 mm<\/td>\n<\/tr>\n<tr>\n<td>Modo de condu\u00e7\u00e3o<\/td>\n<td>Motorista<\/td>\n<\/tr>\n<tr>\n<td>Poder<\/td>\n<td>5,5 kW + 4 kW<\/td>\n<\/tr>\n<tr>\n<td>Linguagem PLC<\/td>\n<td>Chin\u00eas + Ingl\u00eas + De acordo com seu idioma local<\/td>\n<\/tr>\n<tr>\n<td>Material rodante<\/td>\n<td>A\u00e7o forjado #45 com revestimento cromado<\/td>\n<\/tr>\n<tr>\n<td>Toler\u00e2ncia de comprimento<\/td>\n<td>\u00b12 mm<\/td>\n<\/tr>\n<tr>\n<td>Grossura<\/td>\n<td>0,3-0,8 mm<\/td>\n<\/tr>\n<tr>\n<td>Largura da bobina<\/td>\n<td>1220mm<\/td>\n<\/tr>\n<\/tbody>\n<\/table>\n<h5>Fluxograma<\/h5>\n<h5><img loading=\"lazy\" decoding=\"async\" class=\"alignnone wp-image-2735\" src=\"https:\/\/henerrfm.com\/wp-content\/uploads\/2025\/10\/\uff1ftr4-roll-forming-machinelc-300x64.jpg\" alt=\"\" width=\"1331\" height=\"284\" srcset=\"https:\/\/www.henerrfm.com\/wp-content\/uploads\/2025\/10\/\uff1ftr4-roll-forming-machinelc-300x64.jpg 300w, https:\/\/www.henerrfm.com\/wp-content\/uploads\/2025\/10\/\uff1ftr4-roll-forming-machinelc-1024x218.jpg 1024w, https:\/\/www.henerrfm.com\/wp-content\/uploads\/2025\/10\/\uff1ftr4-roll-forming-machinelc-768x164.jpg 768w, https:\/\/www.henerrfm.com\/wp-content\/uploads\/2025\/10\/\uff1ftr4-roll-forming-machinelc-600x128.jpg 600w, https:\/\/www.henerrfm.com\/wp-content\/uploads\/2025\/10\/\uff1ftr4-roll-forming-machinelc.jpg 1350w\" sizes=\"auto, (max-width: 1331px) 100vw, 1331px\" \/><\/h5>\n<h5>Aplicativo<\/h5>\n<h5><img loading=\"lazy\" decoding=\"async\" class=\"alignnone wp-image-2737\" src=\"https:\/\/henerrfm.com\/wp-content\/uploads\/2025\/10\/\uff1ftr4-roll-forming-machineyy-300x173.jpg\" alt=\"\" width=\"773\" height=\"446\" srcset=\"https:\/\/www.henerrfm.com\/wp-content\/uploads\/2025\/10\/\uff1ftr4-roll-forming-machineyy-300x173.jpg 300w, https:\/\/www.henerrfm.com\/wp-content\/uploads\/2025\/10\/\uff1ftr4-roll-forming-machineyy-1024x590.jpg 1024w, https:\/\/www.henerrfm.com\/wp-content\/uploads\/2025\/10\/\uff1ftr4-roll-forming-machineyy-768x443.jpg 768w, https:\/\/www.henerrfm.com\/wp-content\/uploads\/2025\/10\/\uff1ftr4-roll-forming-machineyy-600x346.jpg 600w, https:\/\/www.henerrfm.com\/wp-content\/uploads\/2025\/10\/\uff1ftr4-roll-forming-machineyy.jpg 1350w\" sizes=\"auto, (max-width: 773px) 100vw, 773px\" \/><\/h5>","protected":false},"excerpt":{"rendered":"<p>Product Overview The Tr4\/ Tr5 Roof Sheet Machine is designed to manufacture high-quality TR4 and TR5 metal roofing panels with accurate profiles and smooth surfaces. Built with a reinforced frame, hardened forming rollers, and an advanced control system, this machine delivers consistent operation, rapid production, and long-term reliability. Perfect for industrial, commercial, and residential roofing [&hellip;]<\/p>\n","protected":false},"featured_media":2731,"comment_status":"open","ping_status":"closed","template":"","meta":{"_gspb_post_css":""},"product_brand":[],"product_cat":[120,123],"product_tag":[],"class_list":{"0":"post-188","1":"product","2":"type-product","3":"status-publish","4":"has-post-thumbnail","6":"product_cat-roof-wall-panel-roll-forming-machine","7":"product_cat-trapezoidal-roof-panel-roll-forming-machine","9":"first","10":"instock","11":"shipping-taxable","12":"product-type-simple"},"_links":{"self":[{"href":"https:\/\/www.henerrfm.com\/pt\/wp-json\/wp\/v2\/product\/188","targetHints":{"allow":["GET"]}}],"collection":[{"href":"https:\/\/www.henerrfm.com\/pt\/wp-json\/wp\/v2\/product"}],"about":[{"href":"https:\/\/www.henerrfm.com\/pt\/wp-json\/wp\/v2\/types\/product"}],"replies":[{"embeddable":true,"href":"https:\/\/www.henerrfm.com\/pt\/wp-json\/wp\/v2\/comments?post=188"}],"wp:featuredmedia":[{"embeddable":true,"href":"https:\/\/www.henerrfm.com\/pt\/wp-json\/wp\/v2\/media\/2731"}],"wp:attachment":[{"href":"https:\/\/www.henerrfm.com\/pt\/wp-json\/wp\/v2\/media?parent=188"}],"wp:term":[{"taxonomy":"product_brand","embeddable":true,"href":"https:\/\/www.henerrfm.com\/pt\/wp-json\/wp\/v2\/product_brand?post=188"},{"taxonomy":"product_cat","embeddable":true,"href":"https:\/\/www.henerrfm.com\/pt\/wp-json\/wp\/v2\/product_cat?post=188"},{"taxonomy":"product_tag","embeddable":true,"href":"https:\/\/www.henerrfm.com\/pt\/wp-json\/wp\/v2\/product_tag?post=188"}],"curies":[{"name":"wp","href":"https:\/\/api.w.org\/{rel}","templated":true}]}}