{"id":192,"date":"2025-10-31T08:40:10","date_gmt":"2025-10-31T08:40:10","guid":{"rendered":"https:\/\/henerrfm.com\/?post_type=product&#038;p=192"},"modified":"2025-12-04T03:40:17","modified_gmt":"2025-12-04T03:40:17","slug":"c8-and-c20-double-layer-roll-forming-machine","status":"publish","type":"product","link":"https:\/\/www.henerrfm.com\/pt\/product\/c8-and-c20-double-layer-roll-forming-machine\/","title":{"rendered":"M\u00e1quina de perfilagem de dupla camada C8 e C20"},"content":{"rendered":"<h5>Vis\u00e3o geral do produto<\/h5>\n<p>A m\u00e1quina de perfilagem de dupla camada C8 e C20 \u00e9 uma linha de produ\u00e7\u00e3o de telhas de alta efici\u00eancia, desenvolvida para atender ao crescente setor da constru\u00e7\u00e3o civil na R\u00fassia, Ge\u00f3rgia, Quirguist\u00e3o, Uzbequist\u00e3o e outros pa\u00edses da CEI. Constru\u00eddo com automa\u00e7\u00e3o avan\u00e7ada e tecnologia de conforma\u00e7\u00e3o de precis\u00e3o, este equipamento oferece desempenho excepcional na produ\u00e7\u00e3o de pain\u00e9is met\u00e1licos trapezoidais de alta qualidade para projetos de constru\u00e7\u00e3o modernos.<\/p>\n<p>Projetado para fabricar diversos perfis de telhas \u2014 incluindo C8, C10, C15, C18, C20, C21 e C44 \u2014 este sistema oferece flexibilidade para diferentes aplica\u00e7\u00f5es em coberturas e revestimentos de paredes. A m\u00e1quina de perfilagem de dupla camada C8 e C20 garante resist\u00eancia consistente dos pain\u00e9is, acabamento superficial liso e durabilidade a longo prazo, mesmo em condi\u00e7\u00f5es clim\u00e1ticas extremas, ajudando os usu\u00e1rios a reduzir custos com materiais e aumentar a efici\u00eancia da produ\u00e7\u00e3o.<\/p>\n<p>Projetado para confiabilidade e opera\u00e7\u00e3o cont\u00ednua, oferece um equil\u00edbrio ideal entre design leve e integridade estrutural, tornando-se a solu\u00e7\u00e3o preferida por empreiteiros de telhados e fabricantes de chapas met\u00e1licas em toda a regi\u00e3o da CEI.<\/p>\n<h5>Rolo de dupla camada C8 e C20 formando desenhos de perfil de m\u00e1quina<\/h5>\n<p><img loading=\"lazy\" decoding=\"async\" class=\"alignnone wp-image-2728\" src=\"https:\/\/henerrfm.com\/wp-content\/uploads\/2025\/10\/C8-C20-double-layer-roll-forming-machinepm-300x156.jpg\" alt=\"\" width=\"1302\" height=\"677\" srcset=\"https:\/\/www.henerrfm.com\/wp-content\/uploads\/2025\/10\/C8-C20-double-layer-roll-forming-machinepm-300x156.jpg 300w, https:\/\/www.henerrfm.com\/wp-content\/uploads\/2025\/10\/C8-C20-double-layer-roll-forming-machinepm-1024x532.jpg 1024w, https:\/\/www.henerrfm.com\/wp-content\/uploads\/2025\/10\/C8-C20-double-layer-roll-forming-machinepm-768x399.jpg 768w, https:\/\/www.henerrfm.com\/wp-content\/uploads\/2025\/10\/C8-C20-double-layer-roll-forming-machinepm-600x312.jpg 600w, https:\/\/www.henerrfm.com\/wp-content\/uploads\/2025\/10\/C8-C20-double-layer-roll-forming-machinepm.jpg 1350w\" sizes=\"auto, (max-width: 1302px) 100vw, 1302px\" \/><\/p>\n<h5>Par\u00e2metros t\u00e9cnicos<\/h5>\n<table>\n<thead>\n<tr>\n<th><span style=\"font-weight: 400;\">Item<\/span><\/th>\n<th><span style=\"font-weight: 400;\">Detalhes da especifica\u00e7\u00e3o<\/span><\/th>\n<\/tr>\n<\/thead>\n<tbody>\n<tr>\n<td>Material<\/td>\n<td><a href=\"https:\/\/en.wikipedia.org\/wiki\/PPGI\" target=\"_blank\" rel=\"noopener\">PPGI<\/a>, PPGL, GI, A\u00e7o, Alum\u00ednio<\/td>\n<\/tr>\n<tr>\n<td>Espessura da chapa da bobina<\/td>\n<td>0,3 a 0,8 mm<\/td>\n<\/tr>\n<tr>\n<td>Material expande largura<\/td>\n<td>1250 mm<\/td>\n<\/tr>\n<tr>\n<td>Largura de efici\u00eancia<\/td>\n<td>1000 mm<\/td>\n<\/tr>\n<tr>\n<td>Material do rolo<\/td>\n<td>A\u00e7o forjado de alta qualidade n\u00ba 45 com revestimento de cromo duro de 0,05 mm.<\/td>\n<\/tr>\n<tr>\n<td>Material do eixo<\/td>\n<td>A\u00e7o carbono forjado de alta qualidade n\u00ba 45<\/td>\n<\/tr>\n<tr>\n<td>L\u00e2mina de corte<\/td>\n<td>A\u00e7o para moldes Cr12 com tratamento de t\u00eampera<\/td>\n<\/tr>\n<tr>\n<td>Di\u00e2metro do eixo<\/td>\n<td>70 mm<\/td>\n<\/tr>\n<tr>\n<td>Quadro principal<\/td>\n<td>A\u00e7o de 300 mm de altura<\/td>\n<\/tr>\n<tr>\n<td>Formando etapas<\/td>\n<td>17 esta\u00e7\u00f5es<\/td>\n<\/tr>\n<tr>\n<td>Produtividade<\/td>\n<td>15-20 m\/min<\/td>\n<\/tr>\n<tr>\n<td>Energia da esta\u00e7\u00e3o hidr\u00e1ulica<\/td>\n<td>4 KW<\/td>\n<\/tr>\n<\/tbody>\n<\/table>\n<h5>Fluxograma<\/h5>\n<h5><img loading=\"lazy\" decoding=\"async\" class=\"alignnone wp-image-2726\" src=\"https:\/\/henerrfm.com\/wp-content\/uploads\/2025\/10\/C8-C20-double-layer-roll-forming-machinelc-300x67.jpg\" alt=\"\" width=\"1348\" height=\"301\" srcset=\"https:\/\/www.henerrfm.com\/wp-content\/uploads\/2025\/10\/C8-C20-double-layer-roll-forming-machinelc-300x67.jpg 300w, https:\/\/www.henerrfm.com\/wp-content\/uploads\/2025\/10\/C8-C20-double-layer-roll-forming-machinelc-1024x230.jpg 1024w, https:\/\/www.henerrfm.com\/wp-content\/uploads\/2025\/10\/C8-C20-double-layer-roll-forming-machinelc-768x172.jpg 768w, https:\/\/www.henerrfm.com\/wp-content\/uploads\/2025\/10\/C8-C20-double-layer-roll-forming-machinelc-600x135.jpg 600w\" sizes=\"auto, (max-width: 1348px) 100vw, 1348px\" \/><\/h5>\n<h5>Exibi\u00e7\u00e3o de detalhes do produto<\/h5>\n<h5><img loading=\"lazy\" decoding=\"async\" class=\"alignnone wp-image-2729\" src=\"https:\/\/henerrfm.com\/wp-content\/uploads\/2025\/10\/C8-C20-double-layer-roll-forming-machinexj-300x161.jpg\" alt=\"\" width=\"792\" height=\"425\" srcset=\"https:\/\/www.henerrfm.com\/wp-content\/uploads\/2025\/10\/C8-C20-double-layer-roll-forming-machinexj-300x161.jpg 300w, https:\/\/www.henerrfm.com\/wp-content\/uploads\/2025\/10\/C8-C20-double-layer-roll-forming-machinexj-1024x548.jpg 1024w, https:\/\/www.henerrfm.com\/wp-content\/uploads\/2025\/10\/C8-C20-double-layer-roll-forming-machinexj-768x411.jpg 768w, https:\/\/www.henerrfm.com\/wp-content\/uploads\/2025\/10\/C8-C20-double-layer-roll-forming-machinexj-600x321.jpg 600w, https:\/\/www.henerrfm.com\/wp-content\/uploads\/2025\/10\/C8-C20-double-layer-roll-forming-machinexj.jpg 1350w\" sizes=\"auto, (max-width: 792px) 100vw, 792px\" \/><\/h5>\n<h5>Aplicativo<\/h5>\n<h5><img loading=\"lazy\" decoding=\"async\" class=\"alignnone wp-image-2730\" src=\"https:\/\/henerrfm.com\/wp-content\/uploads\/2025\/10\/C8-C20-double-layer-roll-forming-machineyy-300x92.jpg\" alt=\"\" width=\"1327\" height=\"407\" srcset=\"https:\/\/www.henerrfm.com\/wp-content\/uploads\/2025\/10\/C8-C20-double-layer-roll-forming-machineyy-300x92.jpg 300w, https:\/\/www.henerrfm.com\/wp-content\/uploads\/2025\/10\/C8-C20-double-layer-roll-forming-machineyy-1024x315.jpg 1024w, https:\/\/www.henerrfm.com\/wp-content\/uploads\/2025\/10\/C8-C20-double-layer-roll-forming-machineyy-768x236.jpg 768w, https:\/\/www.henerrfm.com\/wp-content\/uploads\/2025\/10\/C8-C20-double-layer-roll-forming-machineyy-600x184.jpg 600w, https:\/\/www.henerrfm.com\/wp-content\/uploads\/2025\/10\/C8-C20-double-layer-roll-forming-machineyy.jpg 1350w\" sizes=\"auto, (max-width: 1327px) 100vw, 1327px\" \/><\/h5>\n<h5>Produto final<\/h5>\n<h5><img loading=\"lazy\" decoding=\"async\" class=\"alignnone wp-image-2725\" src=\"https:\/\/henerrfm.com\/wp-content\/uploads\/2025\/10\/C8-C20-double-layer-roll-forming-machinecp-300x161.jpg\" alt=\"\" width=\"807\" height=\"433\" srcset=\"https:\/\/www.henerrfm.com\/wp-content\/uploads\/2025\/10\/C8-C20-double-layer-roll-forming-machinecp-300x161.jpg 300w, https:\/\/www.henerrfm.com\/wp-content\/uploads\/2025\/10\/C8-C20-double-layer-roll-forming-machinecp-1024x548.jpg 1024w, https:\/\/www.henerrfm.com\/wp-content\/uploads\/2025\/10\/C8-C20-double-layer-roll-forming-machinecp-768x411.jpg 768w, https:\/\/www.henerrfm.com\/wp-content\/uploads\/2025\/10\/C8-C20-double-layer-roll-forming-machinecp-600x321.jpg 600w, https:\/\/www.henerrfm.com\/wp-content\/uploads\/2025\/10\/C8-C20-double-layer-roll-forming-machinecp.jpg 1350w\" sizes=\"auto, (max-width: 807px) 100vw, 807px\" \/><\/h5>","protected":false},"excerpt":{"rendered":"<p>Product Overview The C8 and C20 Double Layer Roll Forming Machine is a high-efficiency roofing production line developed to serve the growing construction industries across Russia, Georgia, Kyrgyzstan, Uzbekistan, and other CIS countries. Built with advanced automation and precision forming technology, this equipment delivers exceptional performance in producing high-quality trapezoidal metal panels for modern building [&hellip;]<\/p>\n","protected":false},"featured_media":193,"comment_status":"open","ping_status":"closed","template":"","meta":{"_gspb_post_css":""},"product_brand":[],"product_cat":[124,120],"product_tag":[],"class_list":{"0":"post-192","1":"product","2":"type-product","3":"status-publish","4":"has-post-thumbnail","6":"product_cat-double-layer-roof-sheet-roll-forming-machine","7":"product_cat-roof-wall-panel-roll-forming-machine","9":"first","10":"instock","11":"shipping-taxable","12":"product-type-simple"},"_links":{"self":[{"href":"https:\/\/www.henerrfm.com\/pt\/wp-json\/wp\/v2\/product\/192","targetHints":{"allow":["GET"]}}],"collection":[{"href":"https:\/\/www.henerrfm.com\/pt\/wp-json\/wp\/v2\/product"}],"about":[{"href":"https:\/\/www.henerrfm.com\/pt\/wp-json\/wp\/v2\/types\/product"}],"replies":[{"embeddable":true,"href":"https:\/\/www.henerrfm.com\/pt\/wp-json\/wp\/v2\/comments?post=192"}],"wp:featuredmedia":[{"embeddable":true,"href":"https:\/\/www.henerrfm.com\/pt\/wp-json\/wp\/v2\/media\/193"}],"wp:attachment":[{"href":"https:\/\/www.henerrfm.com\/pt\/wp-json\/wp\/v2\/media?parent=192"}],"wp:term":[{"taxonomy":"product_brand","embeddable":true,"href":"https:\/\/www.henerrfm.com\/pt\/wp-json\/wp\/v2\/product_brand?post=192"},{"taxonomy":"product_cat","embeddable":true,"href":"https:\/\/www.henerrfm.com\/pt\/wp-json\/wp\/v2\/product_cat?post=192"},{"taxonomy":"product_tag","embeddable":true,"href":"https:\/\/www.henerrfm.com\/pt\/wp-json\/wp\/v2\/product_tag?post=192"}],"curies":[{"name":"wp","href":"https:\/\/api.w.org\/{rel}","templated":true}]}}