{"id":208,"date":"2025-10-31T09:01:51","date_gmt":"2025-10-31T09:01:51","guid":{"rendered":"https:\/\/henerrfm.com\/?post_type=product&#038;p=208"},"modified":"2025-12-04T03:42:49","modified_gmt":"2025-12-04T03:42:49","slug":"1-5-composite-decking-machine","status":"publish","type":"product","link":"https:\/\/www.henerrfm.com\/pt\/product\/1-5-composite-decking-machine\/","title":{"rendered":"M\u00e1quina para decks de comp\u00f3sito de 1,5 polegadas"},"content":{"rendered":"<h5>Vis\u00e3o geral do produto<\/h5>\n<p>A m\u00e1quina de lajes compostas de 1,5 polegadas foi projetada para produzir lajes met\u00e1licas compostas de alta qualidade, comumente utilizadas na constru\u00e7\u00e3o de lajes de concreto. Este tipo de laje apresenta uma profundidade de nervura de 1,5 polegadas e um padr\u00e3o de ranhuras em relevo que melhora a ader\u00eancia entre o a\u00e7o e o concreto, criando uma laje composta forte e confi\u00e1vel.<\/p>\n<p>Fabricados em a\u00e7o galvanizado de calibre 22, 20, 18 ou 16, os pain\u00e9is produzidos por esta m\u00e1quina s\u00e3o ideais para edif\u00edcios de v\u00e1rios andares, mezaninos e estruturas de piso externas. O perfil raso de 1,5 polegadas reduz a necessidade de volume de concreto, mantendo excelente integridade estrutural para aplica\u00e7\u00f5es de v\u00e3os curtos a m\u00e9dios.<\/p>\n<p>Nosso sistema de perfilagem garante dimens\u00f5es precisas, relevo uniforme e alinhamento consistente dos pain\u00e9is para uma instala\u00e7\u00e3o eficiente. Diversos designs de perfil est\u00e3o dispon\u00edveis, permitindo que os usu\u00e1rios selecionem o tipo de laje mais adequado de acordo com a carga do projeto e os requisitos de espessura da laje, garantindo custo-benef\u00edcio e durabilidade a longo prazo.<\/p>\n<h5>Desenhos de perfil para m\u00e1quinas de decks compostos de 1,5 polegadas<\/h5>\n<p><img loading=\"lazy\" decoding=\"async\" class=\"alignnone wp-image-2803\" src=\"https:\/\/henerrfm.com\/wp-content\/uploads\/2025\/10\/1.5-Composite-Deck-Roll-Forming-Machinepm-300x108.jpg\" alt=\"\" width=\"1347\" height=\"485\" srcset=\"https:\/\/www.henerrfm.com\/wp-content\/uploads\/2025\/10\/1.5-Composite-Deck-Roll-Forming-Machinepm-300x108.jpg 300w, https:\/\/www.henerrfm.com\/wp-content\/uploads\/2025\/10\/1.5-Composite-Deck-Roll-Forming-Machinepm-1024x369.jpg 1024w, https:\/\/www.henerrfm.com\/wp-content\/uploads\/2025\/10\/1.5-Composite-Deck-Roll-Forming-Machinepm-768x277.jpg 768w, https:\/\/www.henerrfm.com\/wp-content\/uploads\/2025\/10\/1.5-Composite-Deck-Roll-Forming-Machinepm-600x216.jpg 600w, https:\/\/www.henerrfm.com\/wp-content\/uploads\/2025\/10\/1.5-Composite-Deck-Roll-Forming-Machinepm.jpg 1350w\" sizes=\"auto, (max-width: 1347px) 100vw, 1347px\" \/><\/p>\n<h5>Par\u00e2metros t\u00e9cnicos<\/h5>\n<table>\n<thead>\n<tr>\n<th><span style=\"font-weight: 400;\">Item<\/span><\/th>\n<th><span style=\"font-weight: 400;\">Detalhes da especifica\u00e7\u00e3o<\/span><\/th>\n<\/tr>\n<\/thead>\n<tbody>\n<tr>\n<td>Material do rolo<\/td>\n<td>Gcr12mov, <a href=\"https:\/\/en.wikipedia.org\/wiki\/Chrome\" target=\"_blank\" rel=\"noopener\">Cromado<\/a> Tratamento (espessura do Cr: 0,05 mm) \u2013 anticorrosivo, aumenta a dureza, garante precis\u00e3o e bom desempenho de abras\u00e3o.<\/td>\n<\/tr>\n<tr>\n<td>Esta\u00e7\u00e3o m\u00f3vel<\/td>\n<td>\u2013<\/td>\n<\/tr>\n<tr>\n<td>Velocidade de trabalho<\/td>\n<td>0-15 m\/min<\/td>\n<\/tr>\n<tr>\n<td>Estrutura da m\u00e1quina<\/td>\n<td>Estrutura soldada da placa intermedi\u00e1ria<\/td>\n<\/tr>\n<tr>\n<td>Espessura da chapa de a\u00e7o<\/td>\n<td>20 mm<\/td>\n<\/tr>\n<tr>\n<td>estrutura b\u00e1sica da m\u00e1quina<\/td>\n<td>Estrutura em a\u00e7o 400# H soldada com contraventamento diagonal interno \u2013 o contraventamento diagonal garante que toda a estrutura b\u00e1sica esteja no mesmo n\u00edvel horizontal para evitar o deslocamento da chapa para a esquerda\/direita e manter alta estabilidade da m\u00e1quina durante a opera\u00e7\u00e3o.<\/td>\n<\/tr>\n<tr>\n<td>Consequ\u00eancia<\/td>\n<td>Harbin, famosa marca chinesa.<\/td>\n<\/tr>\n<\/tbody>\n<\/table>\n<h5>Fluxograma de Produ\u00e7\u00e3o<\/h5>\n<p><img loading=\"lazy\" decoding=\"async\" class=\"alignnone wp-image-2806\" src=\"https:\/\/henerrfm.com\/wp-content\/uploads\/2025\/10\/flow-chart1.5-Composite-Deck-Roll-Forming-Machine-300x139.jpg\" alt=\"\" width=\"1295\" height=\"600\" srcset=\"https:\/\/www.henerrfm.com\/wp-content\/uploads\/2025\/10\/flow-chart1.5-Composite-Deck-Roll-Forming-Machine-300x139.jpg 300w, https:\/\/www.henerrfm.com\/wp-content\/uploads\/2025\/10\/flow-chart1.5-Composite-Deck-Roll-Forming-Machine-1024x473.jpg 1024w, https:\/\/www.henerrfm.com\/wp-content\/uploads\/2025\/10\/flow-chart1.5-Composite-Deck-Roll-Forming-Machine-768x355.jpg 768w, https:\/\/www.henerrfm.com\/wp-content\/uploads\/2025\/10\/flow-chart1.5-Composite-Deck-Roll-Forming-Machine-600x277.jpg 600w, https:\/\/www.henerrfm.com\/wp-content\/uploads\/2025\/10\/flow-chart1.5-Composite-Deck-Roll-Forming-Machine.jpg 1350w\" sizes=\"auto, (max-width: 1295px) 100vw, 1295px\" \/><\/p>\n<h5>Exibi\u00e7\u00e3o de detalhes do produto<\/h5>\n<p><img loading=\"lazy\" decoding=\"async\" class=\"alignnone wp-image-2804\" src=\"https:\/\/henerrfm.com\/wp-content\/uploads\/2025\/10\/1.5-Composite-Deck-Roll-Forming-Machinexj-300x72.jpg\" alt=\"\" width=\"1283\" height=\"308\" srcset=\"https:\/\/www.henerrfm.com\/wp-content\/uploads\/2025\/10\/1.5-Composite-Deck-Roll-Forming-Machinexj-300x72.jpg 300w, https:\/\/www.henerrfm.com\/wp-content\/uploads\/2025\/10\/1.5-Composite-Deck-Roll-Forming-Machinexj-1024x246.jpg 1024w, https:\/\/www.henerrfm.com\/wp-content\/uploads\/2025\/10\/1.5-Composite-Deck-Roll-Forming-Machinexj-768x184.jpg 768w, https:\/\/www.henerrfm.com\/wp-content\/uploads\/2025\/10\/1.5-Composite-Deck-Roll-Forming-Machinexj-600x144.jpg 600w, https:\/\/www.henerrfm.com\/wp-content\/uploads\/2025\/10\/1.5-Composite-Deck-Roll-Forming-Machinexj.jpg 1350w\" sizes=\"auto, (max-width: 1283px) 100vw, 1283px\" \/><\/p>\n<h5>Aplicativo<\/h5>\n<p><img loading=\"lazy\" decoding=\"async\" class=\"alignnone wp-image-2805\" src=\"https:\/\/henerrfm.com\/wp-content\/uploads\/2025\/10\/1.5-Composite-Deck-Roll-Forming-Machineyy-300x81.jpg\" alt=\"\" width=\"1278\" height=\"345\" srcset=\"https:\/\/www.henerrfm.com\/wp-content\/uploads\/2025\/10\/1.5-Composite-Deck-Roll-Forming-Machineyy-300x81.jpg 300w, https:\/\/www.henerrfm.com\/wp-content\/uploads\/2025\/10\/1.5-Composite-Deck-Roll-Forming-Machineyy-1024x276.jpg 1024w, https:\/\/www.henerrfm.com\/wp-content\/uploads\/2025\/10\/1.5-Composite-Deck-Roll-Forming-Machineyy-768x207.jpg 768w, https:\/\/www.henerrfm.com\/wp-content\/uploads\/2025\/10\/1.5-Composite-Deck-Roll-Forming-Machineyy-600x162.jpg 600w, https:\/\/www.henerrfm.com\/wp-content\/uploads\/2025\/10\/1.5-Composite-Deck-Roll-Forming-Machineyy.jpg 1350w\" sizes=\"auto, (max-width: 1278px) 100vw, 1278px\" \/><\/p>","protected":false},"excerpt":{"rendered":"<p>Product Overview The 1.5&#8221; Composite Decking Machine is engineered to produce high-quality composite metal floor decking commonly used in concrete slab construction. This type of decking features a 1.5-inch rib depth and an embossed flute pattern that enhances the bond between steel and concrete, creating a strong and reliable composite slab. Manufactured from 22, 20, [&hellip;]<\/p>\n","protected":false},"featured_media":209,"comment_status":"open","ping_status":"closed","template":"","meta":{"_gspb_post_css":""},"product_brand":[],"product_cat":[141,139],"product_tag":[],"class_list":{"0":"post-208","1":"product","2":"type-product","3":"status-publish","4":"has-post-thumbnail","6":"product_cat-composite-deck-machine","7":"product_cat-metal-deck-roll-forming-machine","9":"first","10":"instock","11":"shipping-taxable","12":"product-type-simple"},"_links":{"self":[{"href":"https:\/\/www.henerrfm.com\/pt\/wp-json\/wp\/v2\/product\/208","targetHints":{"allow":["GET"]}}],"collection":[{"href":"https:\/\/www.henerrfm.com\/pt\/wp-json\/wp\/v2\/product"}],"about":[{"href":"https:\/\/www.henerrfm.com\/pt\/wp-json\/wp\/v2\/types\/product"}],"replies":[{"embeddable":true,"href":"https:\/\/www.henerrfm.com\/pt\/wp-json\/wp\/v2\/comments?post=208"}],"wp:featuredmedia":[{"embeddable":true,"href":"https:\/\/www.henerrfm.com\/pt\/wp-json\/wp\/v2\/media\/209"}],"wp:attachment":[{"href":"https:\/\/www.henerrfm.com\/pt\/wp-json\/wp\/v2\/media?parent=208"}],"wp:term":[{"taxonomy":"product_brand","embeddable":true,"href":"https:\/\/www.henerrfm.com\/pt\/wp-json\/wp\/v2\/product_brand?post=208"},{"taxonomy":"product_cat","embeddable":true,"href":"https:\/\/www.henerrfm.com\/pt\/wp-json\/wp\/v2\/product_cat?post=208"},{"taxonomy":"product_tag","embeddable":true,"href":"https:\/\/www.henerrfm.com\/pt\/wp-json\/wp\/v2\/product_tag?post=208"}],"curies":[{"name":"wp","href":"https:\/\/api.w.org\/{rel}","templated":true}]}}