{"id":210,"date":"2025-10-31T09:04:55","date_gmt":"2025-10-31T09:04:55","guid":{"rendered":"https:\/\/henerrfm.com\/?post_type=product&#038;p=210"},"modified":"2025-12-04T03:44:39","modified_gmt":"2025-12-04T03:44:39","slug":"drywall-c-u-channel-roll-forming-machine","status":"publish","type":"product","link":"https:\/\/www.henerrfm.com\/pt\/product\/drywall-c-u-channel-roll-forming-machine\/","title":{"rendered":"M\u00e1quina de perfilagem de canaletas para drywall"},"content":{"rendered":"<h5>Vis\u00e3o geral do produto<\/h5>\n<p>The Drywall C\/U Channel Roll Forming Machine is a high-performance, dual-function production line designed for efficiently manufacturing C and U profiles used in drywall studs and tracks. Ideal for ceiling and partition framing, this machine combines precision engineering with rapid processing to meet the demands of large-scale plasterboard construction.<\/p>\n<p>Equipada com tecnologia de conforma\u00e7\u00e3o avan\u00e7ada, a m\u00e1quina de perfil U para drywall garante opera\u00e7\u00e3o est\u00e1vel, dimens\u00f5es precisas e qualidade consistente em todos os lotes. Seu sistema integrado de linha dupla maximiza a produtividade e reduz a necessidade de m\u00e3o de obra, tornando-a uma excelente op\u00e7\u00e3o para fabricantes e empreiteiros que buscam solu\u00e7\u00f5es confi\u00e1veis e de alta velocidade para a fabrica\u00e7\u00e3o de perfis de drywall.<\/p>\n<h5>Drywall C\/U Channel Roll Forming Machine Profile Drawings<\/h5>\n<p><img loading=\"lazy\" decoding=\"async\" class=\"alignnone wp-image-2835\" src=\"https:\/\/henerrfm.com\/wp-content\/uploads\/2025\/10\/Drywall-CU-Channel-Roll-Forming-MachinePM-300x151.jpg\" alt=\"\" width=\"1349\" height=\"679\" srcset=\"https:\/\/www.henerrfm.com\/wp-content\/uploads\/2025\/10\/Drywall-CU-Channel-Roll-Forming-MachinePM-300x151.jpg 300w, https:\/\/www.henerrfm.com\/wp-content\/uploads\/2025\/10\/Drywall-CU-Channel-Roll-Forming-MachinePM-1024x514.jpg 1024w, https:\/\/www.henerrfm.com\/wp-content\/uploads\/2025\/10\/Drywall-CU-Channel-Roll-Forming-MachinePM-768x386.jpg 768w, https:\/\/www.henerrfm.com\/wp-content\/uploads\/2025\/10\/Drywall-CU-Channel-Roll-Forming-MachinePM-600x301.jpg 600w\" sizes=\"auto, (max-width: 1349px) 100vw, 1349px\" \/><\/p>\n<h5>Par\u00e2metros t\u00e9cnicos<\/h5>\n<table>\n<thead>\n<tr>\n<th><span style=\"font-weight: 400;\">Item<\/span><\/th>\n<th><span style=\"font-weight: 400;\">Detalhes da especifica\u00e7\u00e3o<\/span><\/th>\n<\/tr>\n<\/thead>\n<tbody>\n<tr>\n<td>Mat\u00e9ria-prima<\/td>\n<td><a href=\"https:\/\/en.wikipedia.org\/wiki\/Hot-dip_galvanization\" target=\"_blank\" rel=\"noopener\">A\u00e7o galvanizado<\/a> (yield strength: 50 ksi)<\/td>\n<\/tr>\n<tr>\n<td>Larguras dispon\u00edveis<\/td>\n<td>43 mm, 53 mm, 65,5 mm, 94 mm, 154,5 mm (equivalente a 1-5\/8\u2033, 2,0\u2033, 2,5\u2033, 3,625\u2033, 6,0\u2033)<\/td>\n<\/tr>\n<tr>\n<td>Dimens\u00f5es do flange<\/td>\n<td>12,7 mm a 38 mm (0,5\u2033 a 1,5\u2033)<\/td>\n<\/tr>\n<tr>\n<td>Espessura do material<\/td>\n<td>0,45 mm \u2013 1,0 mm (a\u00e7o de calibre 20 a 25)<\/td>\n<\/tr>\n<tr>\n<td>Resist\u00eancia m\u00e1xima ao escoamento<\/td>\n<td>At\u00e9 80 ksi (550 MPa)<\/td>\n<\/tr>\n<tr>\n<td>Recursos adicionais<\/td>\n<td>\u2013 Dobra integrada de 15\u00b0 para refor\u00e7o estrutural<\/p>\n<div class=\"container-Uxvbjy md-box-line-break wrapper-GYqxgQ undefined\"><\/div>\n<p>\u2013 Orif\u00edcios pr\u00e9-perfurados opcionais para aplica\u00e7\u00f5es el\u00e9tricas ou hidr\u00e1ulicas<\/p>\n<div class=\"container-Uxvbjy md-box-line-break wrapper-GYqxgQ undefined\"><\/div>\n<p>\u2013 Ideal para divis\u00f3rias, tetos suspensos e sistemas de estrutura met\u00e1lica leve.<\/td>\n<\/tr>\n<\/tbody>\n<\/table>\n<h5 style=\"text-align: left;\">V\u00eddeo do produto<\/h5>\n<p><iframe loading=\"lazy\" title=\"M\u00e1quina de perfilagem de canaletas de cobre\" width=\"1350\" height=\"759\" src=\"https:\/\/www.youtube.com\/embed\/aoGE6r6_nE0?feature=oembed\" frameborder=\"0\" allow=\"accelerometer; autoplay; clipboard-write; encrypted-media; gyroscope; picture-in-picture; web-share\" referrerpolicy=\"strict-origin-when-cross-origin\" allowfullscreen><\/iframe><\/p>\n<h5>Exibi\u00e7\u00e3o de detalhes do produto<\/h5>\n<p><img loading=\"lazy\" decoding=\"async\" class=\"alignnone wp-image-2836\" src=\"https:\/\/henerrfm.com\/wp-content\/uploads\/2025\/10\/Drywall-CU-Channel-Roll-Forming-MachineXJ-300x101.jpg\" alt=\"\" width=\"1337\" height=\"450\" srcset=\"https:\/\/www.henerrfm.com\/wp-content\/uploads\/2025\/10\/Drywall-CU-Channel-Roll-Forming-MachineXJ-300x101.jpg 300w, https:\/\/www.henerrfm.com\/wp-content\/uploads\/2025\/10\/Drywall-CU-Channel-Roll-Forming-MachineXJ-1024x344.jpg 1024w, https:\/\/www.henerrfm.com\/wp-content\/uploads\/2025\/10\/Drywall-CU-Channel-Roll-Forming-MachineXJ-768x258.jpg 768w, https:\/\/www.henerrfm.com\/wp-content\/uploads\/2025\/10\/Drywall-CU-Channel-Roll-Forming-MachineXJ-600x202.jpg 600w, https:\/\/www.henerrfm.com\/wp-content\/uploads\/2025\/10\/Drywall-CU-Channel-Roll-Forming-MachineXJ.jpg 1350w\" sizes=\"auto, (max-width: 1337px) 100vw, 1337px\" \/><\/p>\n<p><img loading=\"lazy\" decoding=\"async\" class=\"alignnone wp-image-2837\" src=\"https:\/\/henerrfm.com\/wp-content\/uploads\/2025\/10\/Drywall-CU-Channel-Roll-Forming-MachineXJ1-300x101.jpg\" alt=\"\" width=\"1337\" height=\"450\" srcset=\"https:\/\/www.henerrfm.com\/wp-content\/uploads\/2025\/10\/Drywall-CU-Channel-Roll-Forming-MachineXJ1-300x101.jpg 300w, https:\/\/www.henerrfm.com\/wp-content\/uploads\/2025\/10\/Drywall-CU-Channel-Roll-Forming-MachineXJ1-1024x344.jpg 1024w, https:\/\/www.henerrfm.com\/wp-content\/uploads\/2025\/10\/Drywall-CU-Channel-Roll-Forming-MachineXJ1-768x258.jpg 768w, https:\/\/www.henerrfm.com\/wp-content\/uploads\/2025\/10\/Drywall-CU-Channel-Roll-Forming-MachineXJ1-600x202.jpg 600w, https:\/\/www.henerrfm.com\/wp-content\/uploads\/2025\/10\/Drywall-CU-Channel-Roll-Forming-MachineXJ1.jpg 1350w\" sizes=\"auto, (max-width: 1337px) 100vw, 1337px\" \/><\/p>\n<h5>Aplicativo<\/h5>\n<p><img loading=\"lazy\" decoding=\"async\" class=\"alignnone wp-image-2838\" src=\"https:\/\/henerrfm.com\/wp-content\/uploads\/2025\/10\/Drywall-CU-Channel-Roll-Forming-MachineYY-300x116.jpg\" alt=\"\" width=\"1337\" height=\"517\" srcset=\"https:\/\/www.henerrfm.com\/wp-content\/uploads\/2025\/10\/Drywall-CU-Channel-Roll-Forming-MachineYY-300x116.jpg 300w, https:\/\/www.henerrfm.com\/wp-content\/uploads\/2025\/10\/Drywall-CU-Channel-Roll-Forming-MachineYY-1024x396.jpg 1024w, https:\/\/www.henerrfm.com\/wp-content\/uploads\/2025\/10\/Drywall-CU-Channel-Roll-Forming-MachineYY-768x297.jpg 768w, https:\/\/www.henerrfm.com\/wp-content\/uploads\/2025\/10\/Drywall-CU-Channel-Roll-Forming-MachineYY-600x232.jpg 600w, https:\/\/www.henerrfm.com\/wp-content\/uploads\/2025\/10\/Drywall-CU-Channel-Roll-Forming-MachineYY.jpg 1350w\" sizes=\"auto, (max-width: 1337px) 100vw, 1337px\" \/><\/p>\n<h5>Produto final<\/h5>\n<p><img loading=\"lazy\" decoding=\"async\" class=\"alignnone wp-image-2834\" src=\"https:\/\/henerrfm.com\/wp-content\/uploads\/2025\/10\/Drywall-CU-Channel-Roll-Forming-MachineCP-300x101.jpg\" alt=\"\" width=\"1334\" height=\"449\" srcset=\"https:\/\/www.henerrfm.com\/wp-content\/uploads\/2025\/10\/Drywall-CU-Channel-Roll-Forming-MachineCP-300x101.jpg 300w, https:\/\/www.henerrfm.com\/wp-content\/uploads\/2025\/10\/Drywall-CU-Channel-Roll-Forming-MachineCP-1024x344.jpg 1024w, https:\/\/www.henerrfm.com\/wp-content\/uploads\/2025\/10\/Drywall-CU-Channel-Roll-Forming-MachineCP-768x258.jpg 768w, https:\/\/www.henerrfm.com\/wp-content\/uploads\/2025\/10\/Drywall-CU-Channel-Roll-Forming-MachineCP-600x202.jpg 600w, https:\/\/www.henerrfm.com\/wp-content\/uploads\/2025\/10\/Drywall-CU-Channel-Roll-Forming-MachineCP.jpg 1350w\" sizes=\"auto, (max-width: 1334px) 100vw, 1334px\" \/><\/p>","protected":false},"excerpt":{"rendered":"<p>Product Overview The Drywall C\/U Channel Roll Forming Machine is a high-performance, dual-function production line designed for efficiently manufacturing C and U profiles used in drywall studs and tracks. Ideal for ceiling and partition framing, this machine combines precision engineering with rapid processing to meet the demands of large-scale plasterboard construction. Equipped with advanced forming [&hellip;]<\/p>\n","protected":false},"featured_media":211,"comment_status":"open","ping_status":"closed","template":"","meta":{"_gspb_post_css":""},"product_brand":[],"product_cat":[138,135],"product_tag":[],"class_list":{"0":"post-210","1":"product","2":"type-product","3":"status-publish","4":"has-post-thumbnail","6":"product_cat-light-steel-keel-forming-machine","7":"product_cat-steel-structure-light-gauge-frame-roll-forming-machine","9":"first","10":"instock","11":"shipping-taxable","12":"product-type-simple"},"_links":{"self":[{"href":"https:\/\/www.henerrfm.com\/pt\/wp-json\/wp\/v2\/product\/210","targetHints":{"allow":["GET"]}}],"collection":[{"href":"https:\/\/www.henerrfm.com\/pt\/wp-json\/wp\/v2\/product"}],"about":[{"href":"https:\/\/www.henerrfm.com\/pt\/wp-json\/wp\/v2\/types\/product"}],"replies":[{"embeddable":true,"href":"https:\/\/www.henerrfm.com\/pt\/wp-json\/wp\/v2\/comments?post=210"}],"wp:featuredmedia":[{"embeddable":true,"href":"https:\/\/www.henerrfm.com\/pt\/wp-json\/wp\/v2\/media\/211"}],"wp:attachment":[{"href":"https:\/\/www.henerrfm.com\/pt\/wp-json\/wp\/v2\/media?parent=210"}],"wp:term":[{"taxonomy":"product_brand","embeddable":true,"href":"https:\/\/www.henerrfm.com\/pt\/wp-json\/wp\/v2\/product_brand?post=210"},{"taxonomy":"product_cat","embeddable":true,"href":"https:\/\/www.henerrfm.com\/pt\/wp-json\/wp\/v2\/product_cat?post=210"},{"taxonomy":"product_tag","embeddable":true,"href":"https:\/\/www.henerrfm.com\/pt\/wp-json\/wp\/v2\/product_tag?post=210"}],"curies":[{"name":"wp","href":"https:\/\/api.w.org\/{rel}","templated":true}]}}