{"id":217,"date":"2025-10-31T09:12:17","date_gmt":"2025-10-31T09:12:17","guid":{"rendered":"https:\/\/henerrfm.com\/?post_type=product&#038;p=217"},"modified":"2025-12-04T03:46:36","modified_gmt":"2025-12-04T03:46:36","slug":"cz-purlin-roll-forming-machine","status":"publish","type":"product","link":"https:\/\/www.henerrfm.com\/pt\/product\/cz-purlin-roll-forming-machine\/","title":{"rendered":"M\u00e1quina de perfilagem de ter\u00e7as CZ"},"content":{"rendered":"<h5>Vis\u00e3o geral do produto<\/h5>\n<p>A CZ Purlin Roll Forming Machine representa uma nova gera\u00e7\u00e3o de tecnologia inteligente de conforma\u00e7\u00e3o de metal, revolucionando a forma como as purlins C e Z s\u00e3o fabricadas Projetado para produ\u00e7\u00e3o automatizada e de alta velocidade, este sistema avan\u00e7ado integra a forma\u00e7\u00e3o de rolos de precis\u00e3o com um sistema de controle p\u00f3s-cisalhamento totalmente inteligente para garantir transi\u00e7\u00f5es de perfil cont\u00ednuas e precis\u00e3o superior.<\/p>\n<p>Com sua automa\u00e7\u00e3o inteligente e design adaptativo, a m\u00e1quina formadora de rolos CZ purlin permite que os fabricantes produzam v\u00e1rios tamanhos de purlin sem ajuste manual, melhorando significativamente a efici\u00eancia da produ\u00e7\u00e3o e reduzindo o tempo de inatividade Ideal para a constru\u00e7\u00e3o moderna de estruturas de a\u00e7o, este equipamento \u00e9 a escolha definitiva para empresas que buscam inova\u00e7\u00e3o, precis\u00e3o e confiabilidade a longo prazo na fabrica\u00e7\u00e3o de metais.<\/p>\n<h5>Desenhos de perfil do produto<\/h5>\n<p><img loading=\"lazy\" decoding=\"async\" class=\"alignnone wp-image-2830\" src=\"https:\/\/henerrfm.com\/wp-content\/uploads\/2025\/10\/CZ-purlin-roll-forming-machinepm-300x169.jpg\" alt=\"\" width=\"1260\" height=\"710\" srcset=\"https:\/\/www.henerrfm.com\/wp-content\/uploads\/2025\/10\/CZ-purlin-roll-forming-machinepm-300x169.jpg 300w, https:\/\/www.henerrfm.com\/wp-content\/uploads\/2025\/10\/CZ-purlin-roll-forming-machinepm-1024x577.jpg 1024w, https:\/\/www.henerrfm.com\/wp-content\/uploads\/2025\/10\/CZ-purlin-roll-forming-machinepm-768x433.jpg 768w, https:\/\/www.henerrfm.com\/wp-content\/uploads\/2025\/10\/CZ-purlin-roll-forming-machinepm-600x338.jpg 600w, https:\/\/www.henerrfm.com\/wp-content\/uploads\/2025\/10\/CZ-purlin-roll-forming-machinepm.jpg 1350w\" sizes=\"auto, (max-width: 1260px) 100vw, 1260px\" \/><\/p>\n<h5>Par\u00e2metros t\u00e9cnicos<\/h5>\n<table>\n<thead>\n<tr>\n<th><span style=\"font-weight: 400;\">Item<\/span><\/th>\n<th><span style=\"font-weight: 400;\">Detalhes da especifica\u00e7\u00e3o<\/span><\/th>\n<\/tr>\n<\/thead>\n<tbody>\n<tr>\n<td>Fun\u00e7\u00e3o<\/td>\n<td>C Purline Z Purlin que faz a m\u00e1quina<\/td>\n<\/tr>\n<tr>\n<td>Velocidade<\/td>\n<td>15-22 m\/min<\/td>\n<\/tr>\n<tr>\n<td>Tamanho<\/td>\n<td>Ajust\u00e1vel<\/td>\n<\/tr>\n<tr>\n<td>Tipo de material<\/td>\n<td><a href=\"https:\/\/en.wikipedia.org\/wiki\/Hot-dip_galvanization\" target=\"_blank\" rel=\"noopener\">A\u00e7o Galvanizado<\/a><\/td>\n<\/tr>\n<tr>\n<td>Altura<\/td>\n<td>40-100mm<\/td>\n<\/tr>\n<tr>\n<td>Material do eixo<\/td>\n<td>GCr15<\/td>\n<\/tr>\n<tr>\n<td>Vantagem<\/td>\n<td>Opera\u00e7\u00e3o Autom\u00e1tica, Controle de Computador<\/td>\n<\/tr>\n<tr>\n<td>Alimenta\u00e7\u00e3o principal<\/td>\n<td>Servo Motor<\/td>\n<\/tr>\n<\/tbody>\n<\/table>\n<h5 style=\"text-align: left;\">V\u00eddeo do produto<\/h5>\n<p><iframe loading=\"lazy\" title=\"M\u00e1quina de perfilagem de ter\u00e7as intercambi\u00e1veis CZ\" width=\"1350\" height=\"759\" src=\"https:\/\/www.youtube.com\/embed\/M0OhZLdG1gw?feature=oembed\" frameborder=\"0\" allow=\"accelerometer; autoplay; clipboard-write; encrypted-media; gyroscope; picture-in-picture; web-share\" referrerpolicy=\"strict-origin-when-cross-origin\" allowfullscreen><\/iframe><\/p>\n<h5>Exibi\u00e7\u00e3o de detalhes do produto<\/h5>\n<p><img loading=\"lazy\" decoding=\"async\" class=\"alignnone wp-image-2825\" src=\"https:\/\/henerrfm.com\/wp-content\/uploads\/2025\/10\/CZ-purlin-roll-forming-machine.jpgxj_-300x100.jpg\" alt=\"\" width=\"1305\" height=\"435\" srcset=\"https:\/\/www.henerrfm.com\/wp-content\/uploads\/2025\/10\/CZ-purlin-roll-forming-machine.jpgxj_-300x100.jpg 300w, https:\/\/www.henerrfm.com\/wp-content\/uploads\/2025\/10\/CZ-purlin-roll-forming-machine.jpgxj_-1024x340.jpg 1024w, https:\/\/www.henerrfm.com\/wp-content\/uploads\/2025\/10\/CZ-purlin-roll-forming-machine.jpgxj_-768x255.jpg 768w, https:\/\/www.henerrfm.com\/wp-content\/uploads\/2025\/10\/CZ-purlin-roll-forming-machine.jpgxj_-600x199.jpg 600w\" sizes=\"auto, (max-width: 1305px) 100vw, 1305px\" \/><\/p>\n<p><img loading=\"lazy\" decoding=\"async\" class=\"alignnone wp-image-2826\" src=\"https:\/\/henerrfm.com\/wp-content\/uploads\/2025\/10\/CZ-purlin-roll-forming-machine.jpgxj1_-300x100.jpg\" alt=\"\" width=\"1302\" height=\"434\" srcset=\"https:\/\/www.henerrfm.com\/wp-content\/uploads\/2025\/10\/CZ-purlin-roll-forming-machine.jpgxj1_-300x100.jpg 300w, https:\/\/www.henerrfm.com\/wp-content\/uploads\/2025\/10\/CZ-purlin-roll-forming-machine.jpgxj1_-1024x340.jpg 1024w, https:\/\/www.henerrfm.com\/wp-content\/uploads\/2025\/10\/CZ-purlin-roll-forming-machine.jpgxj1_-768x255.jpg 768w, https:\/\/www.henerrfm.com\/wp-content\/uploads\/2025\/10\/CZ-purlin-roll-forming-machine.jpgxj1_-600x199.jpg 600w\" sizes=\"auto, (max-width: 1302px) 100vw, 1302px\" \/><\/p>\n<p><img loading=\"lazy\" decoding=\"async\" class=\"alignnone wp-image-2827\" src=\"https:\/\/henerrfm.com\/wp-content\/uploads\/2025\/10\/CZ-purlin-roll-forming-machine.jpgxj2_-300x100.jpg\" alt=\"\" width=\"1302\" height=\"434\" srcset=\"https:\/\/www.henerrfm.com\/wp-content\/uploads\/2025\/10\/CZ-purlin-roll-forming-machine.jpgxj2_-300x100.jpg 300w, https:\/\/www.henerrfm.com\/wp-content\/uploads\/2025\/10\/CZ-purlin-roll-forming-machine.jpgxj2_-1024x340.jpg 1024w, https:\/\/www.henerrfm.com\/wp-content\/uploads\/2025\/10\/CZ-purlin-roll-forming-machine.jpgxj2_-768x255.jpg 768w, https:\/\/www.henerrfm.com\/wp-content\/uploads\/2025\/10\/CZ-purlin-roll-forming-machine.jpgxj2_-600x199.jpg 600w\" sizes=\"auto, (max-width: 1302px) 100vw, 1302px\" \/><\/p>\n<p><img loading=\"lazy\" decoding=\"async\" class=\"alignnone wp-image-2828\" src=\"https:\/\/henerrfm.com\/wp-content\/uploads\/2025\/10\/CZ-purlin-roll-forming-machine.jpgxj3_-300x100.jpg\" alt=\"\" width=\"1302\" height=\"434\" srcset=\"https:\/\/www.henerrfm.com\/wp-content\/uploads\/2025\/10\/CZ-purlin-roll-forming-machine.jpgxj3_-300x100.jpg 300w, https:\/\/www.henerrfm.com\/wp-content\/uploads\/2025\/10\/CZ-purlin-roll-forming-machine.jpgxj3_-1024x340.jpg 1024w, https:\/\/www.henerrfm.com\/wp-content\/uploads\/2025\/10\/CZ-purlin-roll-forming-machine.jpgxj3_-768x255.jpg 768w, https:\/\/www.henerrfm.com\/wp-content\/uploads\/2025\/10\/CZ-purlin-roll-forming-machine.jpgxj3_-600x199.jpg 600w\" sizes=\"auto, (max-width: 1302px) 100vw, 1302px\" \/><\/p>\n<h5>Aplicativo<\/h5>\n<p><img loading=\"lazy\" decoding=\"async\" class=\"alignnone wp-image-2829\" src=\"https:\/\/henerrfm.com\/wp-content\/uploads\/2025\/10\/CZ-purlin-roll-forming-machine.jpgyy_-300x108.jpg\" alt=\"\" width=\"1303\" height=\"469\" srcset=\"https:\/\/www.henerrfm.com\/wp-content\/uploads\/2025\/10\/CZ-purlin-roll-forming-machine.jpgyy_-300x108.jpg 300w, https:\/\/www.henerrfm.com\/wp-content\/uploads\/2025\/10\/CZ-purlin-roll-forming-machine.jpgyy_-1024x370.jpg 1024w, https:\/\/www.henerrfm.com\/wp-content\/uploads\/2025\/10\/CZ-purlin-roll-forming-machine.jpgyy_-600x217.jpg 600w\" sizes=\"auto, (max-width: 1303px) 100vw, 1303px\" \/><\/p>\n<h5>Produto final<\/h5>\n<p><img loading=\"lazy\" decoding=\"async\" class=\"alignnone wp-image-2824\" src=\"https:\/\/henerrfm.com\/wp-content\/uploads\/2025\/10\/CZ-purlin-roll-forming-machine.jpgcp_-300x111.jpg\" alt=\"\" width=\"1303\" height=\"482\" srcset=\"https:\/\/www.henerrfm.com\/wp-content\/uploads\/2025\/10\/CZ-purlin-roll-forming-machine.jpgcp_-300x111.jpg 300w, https:\/\/www.henerrfm.com\/wp-content\/uploads\/2025\/10\/CZ-purlin-roll-forming-machine.jpgcp_-1024x378.jpg 1024w, https:\/\/www.henerrfm.com\/wp-content\/uploads\/2025\/10\/CZ-purlin-roll-forming-machine.jpgcp_-768x283.jpg 768w, https:\/\/www.henerrfm.com\/wp-content\/uploads\/2025\/10\/CZ-purlin-roll-forming-machine.jpgcp_-600x221.jpg 600w, https:\/\/www.henerrfm.com\/wp-content\/uploads\/2025\/10\/CZ-purlin-roll-forming-machine.jpgcp_.jpg 1350w\" sizes=\"auto, (max-width: 1303px) 100vw, 1303px\" \/><\/p>","protected":false},"excerpt":{"rendered":"<p>Product Overview The CZ Purlin Roll Forming Machine represents a new generation of intelligent metal forming technology, revolutionizing the way C and Z purlins are manufactured. Designed for high-speed, automated production, this advanced system integrates precision roll forming with a fully intelligent post-shearing control system to ensure seamless profile transitions and superior accuracy. With its [&hellip;]<\/p>\n","protected":false},"featured_media":2823,"comment_status":"open","ping_status":"closed","template":"","meta":{"_gspb_post_css":""},"product_brand":[],"product_cat":[137,135],"product_tag":[],"class_list":{"0":"post-217","1":"product","2":"type-product","3":"status-publish","4":"has-post-thumbnail","6":"product_cat-purlin-roll-forming-machine","7":"product_cat-steel-structure-light-gauge-frame-roll-forming-machine","9":"first","10":"instock","11":"shipping-taxable","12":"product-type-simple"},"_links":{"self":[{"href":"https:\/\/www.henerrfm.com\/pt\/wp-json\/wp\/v2\/product\/217","targetHints":{"allow":["GET"]}}],"collection":[{"href":"https:\/\/www.henerrfm.com\/pt\/wp-json\/wp\/v2\/product"}],"about":[{"href":"https:\/\/www.henerrfm.com\/pt\/wp-json\/wp\/v2\/types\/product"}],"replies":[{"embeddable":true,"href":"https:\/\/www.henerrfm.com\/pt\/wp-json\/wp\/v2\/comments?post=217"}],"wp:featuredmedia":[{"embeddable":true,"href":"https:\/\/www.henerrfm.com\/pt\/wp-json\/wp\/v2\/media\/2823"}],"wp:attachment":[{"href":"https:\/\/www.henerrfm.com\/pt\/wp-json\/wp\/v2\/media?parent=217"}],"wp:term":[{"taxonomy":"product_brand","embeddable":true,"href":"https:\/\/www.henerrfm.com\/pt\/wp-json\/wp\/v2\/product_brand?post=217"},{"taxonomy":"product_cat","embeddable":true,"href":"https:\/\/www.henerrfm.com\/pt\/wp-json\/wp\/v2\/product_cat?post=217"},{"taxonomy":"product_tag","embeddable":true,"href":"https:\/\/www.henerrfm.com\/pt\/wp-json\/wp\/v2\/product_tag?post=217"}],"curies":[{"name":"wp","href":"https:\/\/api.w.org\/{rel}","templated":true}]}}