{"id":224,"date":"2025-10-31T09:15:20","date_gmt":"2025-10-31T09:15:20","guid":{"rendered":"https:\/\/henerrfm.com\/?post_type=product&#038;p=224"},"modified":"2025-12-04T03:49:04","modified_gmt":"2025-12-04T03:49:04","slug":"c89-lgs-framing-machine","status":"publish","type":"product","link":"https:\/\/www.henerrfm.com\/pt\/product\/c89-lgs-framing-machine\/","title":{"rendered":"M\u00e1quina de enquadramento C89 LGS"},"content":{"rendered":"<h5>Vis\u00e3o geral do produto<\/h5>\n<p>A m\u00e1quina de perfilagem C89 LGS \u00e9 um sistema totalmente autom\u00e1tico projetado para produzir componentes estruturais de a\u00e7o leve utilizados em constru\u00e7\u00f5es residenciais e modulares. Tamb\u00e9m conhecida como sistema de perfilagem a frio de a\u00e7o leve C89, ela \u00e9 equipada com 11 esta\u00e7\u00f5es de perfilagem de precis\u00e3o que dobram continuamente bobinas de a\u00e7o galvanizado em perfis de alta precis\u00e3o \u00e0 temperatura ambiente.<\/p>\n<p>Este equipamento avan\u00e7ado integra m\u00faltiplas fun\u00e7\u00f5es de puncionamento e corte, incluindo estampagem, corte de aba, entalhe de alma, furo de servi\u00e7o, treli\u00e7a de extremidade e puncionamento de rebaixos. Atrav\u00e9s de controle inteligente e codifica\u00e7\u00e3o autom\u00e1tica, os perfis acabados s\u00e3o formados com precis\u00e3o, cortados nos comprimentos necess\u00e1rios, impressos com n\u00fameros de s\u00e9rie e prontos para montagem no local de acordo com os desenhos do projeto.<\/p>\n<p>A m\u00e1quina de estrutura\u00e7\u00e3o C89 LGS permite a produ\u00e7\u00e3o em massa de estruturas leves de a\u00e7o para casas, garantindo instala\u00e7\u00e3o mais r\u00e1pida, qualidade consistente e necessidade m\u00ednima de m\u00e3o de obra. \u00c9 uma solu\u00e7\u00e3o ideal para a fabrica\u00e7\u00e3o de casas e edif\u00edcios residenciais de at\u00e9 3,5 andares, oferecendo efici\u00eancia e confiabilidade na constru\u00e7\u00e3o moderna com estruturas de a\u00e7o.<\/p>\n<h5>Desenhos de perfil da m\u00e1quina de enquadramento C89 LGS<\/h5>\n<p><img loading=\"lazy\" decoding=\"async\" class=\"alignnone wp-image-3109\" src=\"https:\/\/henerrfm.com\/wp-content\/uploads\/2025\/10\/C89-Light-Gauge-Steel-Framing-Machinepm1-300x179.jpg\" alt=\"\" width=\"1257\" height=\"750\" srcset=\"https:\/\/www.henerrfm.com\/wp-content\/uploads\/2025\/10\/C89-Light-Gauge-Steel-Framing-Machinepm1-300x179.jpg 300w, https:\/\/www.henerrfm.com\/wp-content\/uploads\/2025\/10\/C89-Light-Gauge-Steel-Framing-Machinepm1-1024x610.jpg 1024w, https:\/\/www.henerrfm.com\/wp-content\/uploads\/2025\/10\/C89-Light-Gauge-Steel-Framing-Machinepm1-768x457.jpg 768w, https:\/\/www.henerrfm.com\/wp-content\/uploads\/2025\/10\/C89-Light-Gauge-Steel-Framing-Machinepm1-600x357.jpg 600w, https:\/\/www.henerrfm.com\/wp-content\/uploads\/2025\/10\/C89-Light-Gauge-Steel-Framing-Machinepm1.jpg 1350w\" sizes=\"auto, (max-width: 1257px) 100vw, 1257px\" \/> <img loading=\"lazy\" decoding=\"async\" class=\"alignnone wp-image-3108\" src=\"https:\/\/henerrfm.com\/wp-content\/uploads\/2025\/10\/C89-Light-Gauge-Steel-Framing-Machinepm-300x183.jpg\" alt=\"\" width=\"1257\" height=\"767\" srcset=\"https:\/\/www.henerrfm.com\/wp-content\/uploads\/2025\/10\/C89-Light-Gauge-Steel-Framing-Machinepm-300x183.jpg 300w, https:\/\/www.henerrfm.com\/wp-content\/uploads\/2025\/10\/C89-Light-Gauge-Steel-Framing-Machinepm-1024x625.jpg 1024w, https:\/\/www.henerrfm.com\/wp-content\/uploads\/2025\/10\/C89-Light-Gauge-Steel-Framing-Machinepm-768x469.jpg 768w, https:\/\/www.henerrfm.com\/wp-content\/uploads\/2025\/10\/C89-Light-Gauge-Steel-Framing-Machinepm-600x366.jpg 600w, https:\/\/www.henerrfm.com\/wp-content\/uploads\/2025\/10\/C89-Light-Gauge-Steel-Framing-Machinepm.jpg 1350w\" sizes=\"auto, (max-width: 1257px) 100vw, 1257px\" \/><\/p>\n<h5>Par\u00e2metros t\u00e9cnicos<\/h5>\n<table>\n<thead>\n<tr>\n<th><span style=\"font-weight: 400;\">Item<\/span><\/th>\n<th><span style=\"font-weight: 400;\">Detalhes da especifica\u00e7\u00e3o<\/span><\/th>\n<\/tr>\n<\/thead>\n<tbody>\n<tr>\n<td>Nome da m\u00e1quina<\/td>\n<td>M\u00e1quina de estrutura de a\u00e7o leve<\/td>\n<\/tr>\n<tr>\n<td>Tamanho da se\u00e7\u00e3o<\/td>\n<td>89*41 mm<\/td>\n<\/tr>\n<tr>\n<td>Espessura do material<\/td>\n<td>0,8-1,2 mm (galvanizado G300-G550, <a href=\"https:\/\/en.wikipedia.org\/wiki\/Galvanization\" target=\"_blank\" rel=\"noopener\">chapa galvanizada<\/a>)<\/td>\n<\/tr>\n<tr>\n<td>Largura do material<\/td>\n<td>180 mm-182 mm<\/td>\n<\/tr>\n<tr>\n<td>Velocidade de produ\u00e7\u00e3o padr\u00e3o<\/td>\n<td>30 m\/min<\/td>\n<\/tr>\n<tr>\n<td>Velocidade m\u00e1xima de produ\u00e7\u00e3o<\/td>\n<td>50 m\/min<\/td>\n<\/tr>\n<tr>\n<td>Pot\u00eancia do motor<\/td>\n<td>7,5 kW<\/td>\n<\/tr>\n<tr>\n<td>Requisitos de energia<\/td>\n<td>Trif\u00e1sico 380V 50Hz (pode ser configurado conforme necess\u00e1rio)<\/td>\n<\/tr>\n<tr>\n<td>Energia hidr\u00e1ulica<\/td>\n<td>5,5 kW<\/td>\n<\/tr>\n<tr>\n<td>Capacidade do tanque hidr\u00e1ulico<\/td>\n<td>100 L<\/td>\n<\/tr>\n<tr>\n<td>M\u00e9todo de resfriamento hidr\u00e1ulico<\/td>\n<td>Refrigera\u00e7\u00e3o a ar<\/td>\n<\/tr>\n<tr>\n<td>Ajuste da press\u00e3o hidr\u00e1ulica<\/td>\n<td>Configura\u00e7\u00f5es do computador<\/td>\n<\/tr>\n<tr>\n<td>Modo de controle do host<\/td>\n<td>Controle remoto sem fio (configura\u00e7\u00e3o padr\u00e3o)<\/td>\n<\/tr>\n<tr>\n<td>Matrizes de estampagem para estruturas e treli\u00e7as<\/td>\n<td>Furos para parafusos de rebaixo, chanfros, furos passantes na alma, pequenos cortes de borda, furos para tubula\u00e7\u00f5es, retra\u00e7\u00e3o da alma, cisalhamento, furos de funda\u00e7\u00e3o na alma, furos para inje\u00e7\u00e3o de calda de cimento<\/td>\n<\/tr>\n<tr>\n<td>Precis\u00e3o do produto<\/td>\n<td>\u00b10,5 mm<\/td>\n<\/tr>\n<tr>\n<td>Impressora jato de tinta<\/td>\n<td>Bicos duplos, pulveriza\u00e7\u00e3o na altura da cintura em ambos os lados (configura\u00e7\u00f5es de impress\u00e3o dispon\u00edveis)<\/td>\n<\/tr>\n<tr>\n<td>Tamanho da m\u00e1quina<\/td>\n<td>40008001200 mm<\/td>\n<\/tr>\n<tr>\n<td>Peso da m\u00e1quina<\/td>\n<td>3000 kg<\/td>\n<\/tr>\n<tr>\n<td>Cor da m\u00e1quina<\/td>\n<td>De acordo com os padr\u00f5es da empresa<\/td>\n<\/tr>\n<tr>\n<td>Carga e fun\u00e7\u00e3o do desenrolador<\/td>\n<td>3000 kg, desenrolamento autom\u00e1tico<\/td>\n<\/tr>\n<\/tbody>\n<\/table>\n<h5>Fluxograma de Produ\u00e7\u00e3o<\/h5>\n<p><img loading=\"lazy\" decoding=\"async\" class=\"alignnone wp-image-3107\" src=\"https:\/\/henerrfm.com\/wp-content\/uploads\/2025\/10\/C89-Light-Gauge-Steel-Framing-Machinelc-1-300x183.jpg\" alt=\"\" width=\"1302\" height=\"794\" srcset=\"https:\/\/www.henerrfm.com\/wp-content\/uploads\/2025\/10\/C89-Light-Gauge-Steel-Framing-Machinelc-1-300x183.jpg 300w, https:\/\/www.henerrfm.com\/wp-content\/uploads\/2025\/10\/C89-Light-Gauge-Steel-Framing-Machinelc-1-1024x625.jpg 1024w, https:\/\/www.henerrfm.com\/wp-content\/uploads\/2025\/10\/C89-Light-Gauge-Steel-Framing-Machinelc-1-768x469.jpg 768w, https:\/\/www.henerrfm.com\/wp-content\/uploads\/2025\/10\/C89-Light-Gauge-Steel-Framing-Machinelc-1-600x366.jpg 600w, https:\/\/www.henerrfm.com\/wp-content\/uploads\/2025\/10\/C89-Light-Gauge-Steel-Framing-Machinelc-1.jpg 1350w\" sizes=\"auto, (max-width: 1302px) 100vw, 1302px\" \/><\/p>\n<h5 style=\"text-align: left;\">V\u00eddeo do produto<\/h5>\n<p><iframe loading=\"lazy\" title=\"M\u00e1quina de enquadramento de a\u00e7o leve C89\" width=\"1350\" height=\"759\" src=\"https:\/\/www.youtube.com\/embed\/xRIqXoqxP9c?feature=oembed\" frameborder=\"0\" allow=\"accelerometer; autoplay; clipboard-write; encrypted-media; gyroscope; picture-in-picture; web-share\" referrerpolicy=\"strict-origin-when-cross-origin\" allowfullscreen><\/iframe><\/p>\n<h5>Exibi\u00e7\u00e3o de detalhes do produto<\/h5>\n<p><img loading=\"lazy\" decoding=\"async\" class=\"alignnone wp-image-3110\" src=\"https:\/\/henerrfm.com\/wp-content\/uploads\/2025\/10\/C89-Light-Gauge-Steel-Framing-Machinexj-300x67.jpg\" alt=\"\" width=\"1303\" height=\"291\" srcset=\"https:\/\/www.henerrfm.com\/wp-content\/uploads\/2025\/10\/C89-Light-Gauge-Steel-Framing-Machinexj-300x67.jpg 300w, https:\/\/www.henerrfm.com\/wp-content\/uploads\/2025\/10\/C89-Light-Gauge-Steel-Framing-Machinexj-1024x230.jpg 1024w, https:\/\/www.henerrfm.com\/wp-content\/uploads\/2025\/10\/C89-Light-Gauge-Steel-Framing-Machinexj-768x172.jpg 768w, https:\/\/www.henerrfm.com\/wp-content\/uploads\/2025\/10\/C89-Light-Gauge-Steel-Framing-Machinexj-600x135.jpg 600w, https:\/\/www.henerrfm.com\/wp-content\/uploads\/2025\/10\/C89-Light-Gauge-Steel-Framing-Machinexj.jpg 1350w\" sizes=\"auto, (max-width: 1303px) 100vw, 1303px\" \/><\/p>\n<h5>Aplicativo<\/h5>\n<p><img loading=\"lazy\" decoding=\"async\" class=\"alignnone wp-image-2814\" src=\"https:\/\/henerrfm.com\/wp-content\/uploads\/2025\/10\/C89-Light-Gauge-Steel-Framing-Machine.jpgYY_-300x197.jpg\" alt=\"\" width=\"1305\" height=\"857\" srcset=\"https:\/\/www.henerrfm.com\/wp-content\/uploads\/2025\/10\/C89-Light-Gauge-Steel-Framing-Machine.jpgYY_-300x197.jpg 300w, https:\/\/www.henerrfm.com\/wp-content\/uploads\/2025\/10\/C89-Light-Gauge-Steel-Framing-Machine.jpgYY_-768x503.jpg 768w, https:\/\/www.henerrfm.com\/wp-content\/uploads\/2025\/10\/C89-Light-Gauge-Steel-Framing-Machine.jpgYY_-600x393.jpg 600w, https:\/\/www.henerrfm.com\/wp-content\/uploads\/2025\/10\/C89-Light-Gauge-Steel-Framing-Machine.jpgYY_.jpg 800w\" sizes=\"auto, (max-width: 1305px) 100vw, 1305px\" \/><\/p>\n<h5>Produto final<\/h5>\n<p><img loading=\"lazy\" decoding=\"async\" class=\"alignnone wp-image-2819\" src=\"https:\/\/henerrfm.com\/wp-content\/uploads\/2025\/10\/C89-Light-Gauge-Steel-Framing-MachineCP-300x90.jpg\" alt=\"\" width=\"1317\" height=\"395\" srcset=\"https:\/\/www.henerrfm.com\/wp-content\/uploads\/2025\/10\/C89-Light-Gauge-Steel-Framing-MachineCP-300x90.jpg 300w, https:\/\/www.henerrfm.com\/wp-content\/uploads\/2025\/10\/C89-Light-Gauge-Steel-Framing-MachineCP-1024x306.jpg 1024w, https:\/\/www.henerrfm.com\/wp-content\/uploads\/2025\/10\/C89-Light-Gauge-Steel-Framing-MachineCP-768x229.jpg 768w, https:\/\/www.henerrfm.com\/wp-content\/uploads\/2025\/10\/C89-Light-Gauge-Steel-Framing-MachineCP-600x179.jpg 600w\" sizes=\"auto, (max-width: 1317px) 100vw, 1317px\" \/><\/p>","protected":false},"excerpt":{"rendered":"<p>Product Overview The C89 LGS Framing Machine is a fully automatic system designed for producing light gauge steel structural components used in residential and modular construction. Also known as the C89 light steel cold-formed framing system, it is equipped with 11 precision roll forming stations that continuously bend galvanized steel coils into high-accuracy profiles at [&hellip;]<\/p>\n","protected":false},"featured_media":3102,"comment_status":"open","ping_status":"closed","template":"","meta":{"_gspb_post_css":""},"product_brand":[],"product_cat":[136,135],"product_tag":[],"class_list":{"0":"post-224","1":"product","2":"type-product","3":"status-publish","4":"has-post-thumbnail","6":"product_cat-light-gauge-steel-framing-machine","7":"product_cat-steel-structure-light-gauge-frame-roll-forming-machine","9":"first","10":"instock","11":"shipping-taxable","12":"product-type-simple"},"_links":{"self":[{"href":"https:\/\/www.henerrfm.com\/pt\/wp-json\/wp\/v2\/product\/224","targetHints":{"allow":["GET"]}}],"collection":[{"href":"https:\/\/www.henerrfm.com\/pt\/wp-json\/wp\/v2\/product"}],"about":[{"href":"https:\/\/www.henerrfm.com\/pt\/wp-json\/wp\/v2\/types\/product"}],"replies":[{"embeddable":true,"href":"https:\/\/www.henerrfm.com\/pt\/wp-json\/wp\/v2\/comments?post=224"}],"wp:featuredmedia":[{"embeddable":true,"href":"https:\/\/www.henerrfm.com\/pt\/wp-json\/wp\/v2\/media\/3102"}],"wp:attachment":[{"href":"https:\/\/www.henerrfm.com\/pt\/wp-json\/wp\/v2\/media?parent=224"}],"wp:term":[{"taxonomy":"product_brand","embeddable":true,"href":"https:\/\/www.henerrfm.com\/pt\/wp-json\/wp\/v2\/product_brand?post=224"},{"taxonomy":"product_cat","embeddable":true,"href":"https:\/\/www.henerrfm.com\/pt\/wp-json\/wp\/v2\/product_cat?post=224"},{"taxonomy":"product_tag","embeddable":true,"href":"https:\/\/www.henerrfm.com\/pt\/wp-json\/wp\/v2\/product_tag?post=224"}],"curies":[{"name":"wp","href":"https:\/\/api.w.org\/{rel}","templated":true}]}}