{"id":228,"date":"2025-10-31T09:17:45","date_gmt":"2025-10-31T09:17:45","guid":{"rendered":"https:\/\/henerrfm.com\/?post_type=product&#038;p=228"},"modified":"2025-12-04T03:52:42","modified_gmt":"2025-12-04T03:52:42","slug":"door-frame-roll-forming-machine","status":"publish","type":"product","link":"https:\/\/www.henerrfm.com\/pt\/product\/door-frame-roll-forming-machine\/","title":{"rendered":"M\u00e1quina de perfilagem de alta velocidade para caixilhos de portas"},"content":{"rendered":"<h5>Vis\u00e3o geral do produto<\/h5>\n<p>A M\u00e1quina Formadora de Rolos de Moldura de Porta de Alta Velocidade \u00e9 uma solu\u00e7\u00e3o de produ\u00e7\u00e3o avan\u00e7ada para formar molduras de portas e janelas de metal de alta precis\u00e3o a partir de bobinas de a\u00e7o galvanizado Projetado para espessuras de materiais que variam de 0,65 mm a 1,0 mm, este equipamento fornece excelente precis\u00e3o de forma\u00e7\u00e3o e qualidade de produto consistente para fabrica\u00e7\u00e3o em larga escala.<\/p>\n<p>Equipado com um decoiler, sistema de nivelamento, rolo que forma a unidade, se\u00e7\u00e3o de corte hidr\u00e1ulico, mesa run-out, e <a href=\"https:\/\/en.wikipedia.org\/wiki\/Programmable_logic_controller\" target=\"_blank\" rel=\"noopener\">CLP<\/a> controle inteligente, a M\u00e1quina de Fabrica\u00e7\u00e3o de Molduras de Porta garante uma produ\u00e7\u00e3o suave e automatizada com interven\u00e7\u00e3o manual m\u00ednima Seu sistema PLC integrado monitora com precis\u00e3o cada est\u00e1gio de opera\u00e7\u00e3o, melhorando a estabilidade e reduzindo erros de produ\u00e7\u00e3o.<\/p>\n<p>Esta fabrica\u00e7\u00e3o de porta de metal e moldura de janela de alto desempenho amplamente aplicada na fabrica\u00e7\u00e3o de moldura de janela, oferecendo opera\u00e7\u00e3o confi\u00e1vel, baixa manuten\u00e7\u00e3o e longa vida \u00fatil. Tornando-a uma escolha ideal para fabricantes profissionais de molduras de a\u00e7o.<\/p>\n<h5>Rolo de moldura de porta de alta velocidade formando desenhos de perfil de m\u00e1quina<\/h5>\n<p><img loading=\"lazy\" decoding=\"async\" class=\"alignnone wp-image-2782\" src=\"https:\/\/henerrfm.com\/wp-content\/uploads\/2025\/10\/High-Speed-Door-Frame-Roll-Forming-Machinepm-300x148.jpg\" alt=\"\" width=\"928\" height=\"458\" srcset=\"https:\/\/www.henerrfm.com\/wp-content\/uploads\/2025\/10\/High-Speed-Door-Frame-Roll-Forming-Machinepm-300x148.jpg 300w, https:\/\/www.henerrfm.com\/wp-content\/uploads\/2025\/10\/High-Speed-Door-Frame-Roll-Forming-Machinepm-1024x505.jpg 1024w, https:\/\/www.henerrfm.com\/wp-content\/uploads\/2025\/10\/High-Speed-Door-Frame-Roll-Forming-Machinepm-768x379.jpg 768w, https:\/\/www.henerrfm.com\/wp-content\/uploads\/2025\/10\/High-Speed-Door-Frame-Roll-Forming-Machinepm-600x296.jpg 600w, https:\/\/www.henerrfm.com\/wp-content\/uploads\/2025\/10\/High-Speed-Door-Frame-Roll-Forming-Machinepm.jpg 1350w\" sizes=\"auto, (max-width: 928px) 100vw, 928px\" \/><\/p>\n<h5>Par\u00e2metros t\u00e9cnicos<\/h5>\n<table>\n<tbody>\n<tr>\n<td>Material<\/td>\n<td>Bobina galvanizada, a\u00e7o galvanizado CS<\/td>\n<\/tr>\n<tr>\n<td>Espessura do material<\/td>\n<td>1,0-1,5mm<\/td>\n<\/tr>\n<tr>\n<td>Velocidade de forma\u00e7\u00e3o<\/td>\n<td>10-12m\/min<\/td>\n<\/tr>\n<tr>\n<td>Poder principal<\/td>\n<td>11KW<\/td>\n<\/tr>\n<tr>\n<td>Comprimento m\u00e1quina<\/td>\n<td>Cerca de 10 m<\/td>\n<\/tr>\n<tr>\n<td>Peso da linha de produ\u00e7\u00e3o<\/td>\n<td>6,5T<\/td>\n<\/tr>\n<tr>\n<td>N\u00famero de esta\u00e7\u00f5es<\/td>\n<td>18<\/td>\n<\/tr>\n<\/tbody>\n<\/table>\n<h5>Fluxograma de Produ\u00e7\u00e3o<\/h5>\n<p><img loading=\"lazy\" decoding=\"async\" class=\"alignnone wp-image-2781\" src=\"https:\/\/henerrfm.com\/wp-content\/uploads\/2025\/10\/High-Speed-Door-Frame-Roll-Forming-Machinelc-300x84.jpg\" alt=\"\" width=\"1275\" height=\"357\" srcset=\"https:\/\/www.henerrfm.com\/wp-content\/uploads\/2025\/10\/High-Speed-Door-Frame-Roll-Forming-Machinelc-300x84.jpg 300w, https:\/\/www.henerrfm.com\/wp-content\/uploads\/2025\/10\/High-Speed-Door-Frame-Roll-Forming-Machinelc-1024x286.jpg 1024w, https:\/\/www.henerrfm.com\/wp-content\/uploads\/2025\/10\/High-Speed-Door-Frame-Roll-Forming-Machinelc-768x214.jpg 768w, https:\/\/www.henerrfm.com\/wp-content\/uploads\/2025\/10\/High-Speed-Door-Frame-Roll-Forming-Machinelc-600x168.jpg 600w, https:\/\/www.henerrfm.com\/wp-content\/uploads\/2025\/10\/High-Speed-Door-Frame-Roll-Forming-Machinelc.jpg 1350w\" sizes=\"auto, (max-width: 1275px) 100vw, 1275px\" \/><\/p>\n<h5 style=\"text-align: left;\">V\u00eddeo do produto<\/h5>\n<p><iframe loading=\"lazy\" title=\"M\u00e1quina de perfilagem de alta velocidade para caixilhos de portas\" width=\"1350\" height=\"759\" src=\"https:\/\/www.youtube.com\/embed\/cPdu3voBGOk?feature=oembed\" frameborder=\"0\" allow=\"accelerometer; autoplay; clipboard-write; encrypted-media; gyroscope; picture-in-picture; web-share\" referrerpolicy=\"strict-origin-when-cross-origin\" allowfullscreen><\/iframe><\/p>\n<h5>Exibi\u00e7\u00e3o de detalhes do produto<\/h5>\n<p><img loading=\"lazy\" decoding=\"async\" class=\"alignnone wp-image-2783\" src=\"https:\/\/henerrfm.com\/wp-content\/uploads\/2025\/10\/High-Speed-Door-Frame-Roll-Forming-Machinexj-300x72.jpg\" alt=\"\" width=\"1300\" height=\"312\" srcset=\"https:\/\/www.henerrfm.com\/wp-content\/uploads\/2025\/10\/High-Speed-Door-Frame-Roll-Forming-Machinexj-300x72.jpg 300w, https:\/\/www.henerrfm.com\/wp-content\/uploads\/2025\/10\/High-Speed-Door-Frame-Roll-Forming-Machinexj-1024x245.jpg 1024w, https:\/\/www.henerrfm.com\/wp-content\/uploads\/2025\/10\/High-Speed-Door-Frame-Roll-Forming-Machinexj-768x184.jpg 768w, https:\/\/www.henerrfm.com\/wp-content\/uploads\/2025\/10\/High-Speed-Door-Frame-Roll-Forming-Machinexj-600x144.jpg 600w, https:\/\/www.henerrfm.com\/wp-content\/uploads\/2025\/10\/High-Speed-Door-Frame-Roll-Forming-Machinexj.jpg 1350w\" sizes=\"auto, (max-width: 1300px) 100vw, 1300px\" \/><\/p>\n<h5>Aplicativo<\/h5>\n<p><img loading=\"lazy\" decoding=\"async\" class=\"alignnone wp-image-2784\" src=\"https:\/\/henerrfm.com\/wp-content\/uploads\/2025\/10\/High-Speed-Door-Frame-Roll-Forming-Machineyy-300x141.jpg\" alt=\"\" width=\"1277\" height=\"600\" srcset=\"https:\/\/www.henerrfm.com\/wp-content\/uploads\/2025\/10\/High-Speed-Door-Frame-Roll-Forming-Machineyy-300x141.jpg 300w, https:\/\/www.henerrfm.com\/wp-content\/uploads\/2025\/10\/High-Speed-Door-Frame-Roll-Forming-Machineyy-1024x481.jpg 1024w, https:\/\/www.henerrfm.com\/wp-content\/uploads\/2025\/10\/High-Speed-Door-Frame-Roll-Forming-Machineyy-768x361.jpg 768w, https:\/\/www.henerrfm.com\/wp-content\/uploads\/2025\/10\/High-Speed-Door-Frame-Roll-Forming-Machineyy-600x282.jpg 600w, https:\/\/www.henerrfm.com\/wp-content\/uploads\/2025\/10\/High-Speed-Door-Frame-Roll-Forming-Machineyy.jpg 1350w\" sizes=\"auto, (max-width: 1277px) 100vw, 1277px\" \/><\/p>","protected":false},"excerpt":{"rendered":"<p>Product Overview The High-Speed Door Frame Roll Forming Machine is an advanced production solution for forming high-precision metal door and window frames from galvanized steel coils. Designed for material thicknesses ranging from 0.65 mm to 1.0 mm, this equipment provides excellent forming accuracy and consistent product quality for large-scale manufacturing. Equipped with a decoiler, leveling [&hellip;]<\/p>\n","protected":false},"featured_media":229,"comment_status":"open","ping_status":"closed","template":"","meta":{"_gspb_post_css":""},"product_brand":[],"product_cat":[143,144],"product_tag":[],"class_list":{"0":"post-228","1":"product","2":"type-product","3":"status-publish","4":"has-post-thumbnail","6":"product_cat-door-shutter-roll-forming-machine","7":"product_cat-door-frame-roll-forming-machine","9":"first","10":"instock","11":"shipping-taxable","12":"product-type-simple"},"_links":{"self":[{"href":"https:\/\/www.henerrfm.com\/pt\/wp-json\/wp\/v2\/product\/228","targetHints":{"allow":["GET"]}}],"collection":[{"href":"https:\/\/www.henerrfm.com\/pt\/wp-json\/wp\/v2\/product"}],"about":[{"href":"https:\/\/www.henerrfm.com\/pt\/wp-json\/wp\/v2\/types\/product"}],"replies":[{"embeddable":true,"href":"https:\/\/www.henerrfm.com\/pt\/wp-json\/wp\/v2\/comments?post=228"}],"wp:featuredmedia":[{"embeddable":true,"href":"https:\/\/www.henerrfm.com\/pt\/wp-json\/wp\/v2\/media\/229"}],"wp:attachment":[{"href":"https:\/\/www.henerrfm.com\/pt\/wp-json\/wp\/v2\/media?parent=228"}],"wp:term":[{"taxonomy":"product_brand","embeddable":true,"href":"https:\/\/www.henerrfm.com\/pt\/wp-json\/wp\/v2\/product_brand?post=228"},{"taxonomy":"product_cat","embeddable":true,"href":"https:\/\/www.henerrfm.com\/pt\/wp-json\/wp\/v2\/product_cat?post=228"},{"taxonomy":"product_tag","embeddable":true,"href":"https:\/\/www.henerrfm.com\/pt\/wp-json\/wp\/v2\/product_tag?post=228"}],"curies":[{"name":"wp","href":"https:\/\/api.w.org\/{rel}","templated":true}]}}