{"id":231,"date":"2025-10-31T09:19:25","date_gmt":"2025-10-31T09:19:25","guid":{"rendered":"https:\/\/henerrfm.com\/?post_type=product&#038;p=231"},"modified":"2025-12-04T03:56:35","modified_gmt":"2025-12-04T03:56:35","slug":"shutter-door-guide-rail-roll-forming-machine","status":"publish","type":"product","link":"https:\/\/www.henerrfm.com\/pt\/product\/shutter-door-guide-rail-roll-forming-machine\/","title":{"rendered":"M\u00e1quina de perfilagem de trilhos guia para portas de enrolar"},"content":{"rendered":"<h5>Vis\u00e3o geral do produto<\/h5>\n<p>Porta do obturador Guia rolo do trilho que forma a m\u00e1quina, igualmente conhecida como a m\u00e1quina de forma\u00e7\u00e3o do trilho de guia da porta do obturador de rolamento, \u00e9 projetada por uma s\u00e9rie de rolos, dobra a frio atrav\u00e9s dos rolos da multi-linha para formar o trilho de guia da porta do obturador de rolamento, usado em ambos os lados da porta do obturador de rolamento como uma trilha deslizante.<br \/>\nEle \u00e9 projetado para produtos de trilho de guia de porta, usado com produtos de porta de obturador de rolamento, e \u00e9 um produto de suporte essencial para portas de obturador de rolamento.A gama geral de espessura de mat\u00e9ria-prima \u00e9: 0,8-1,2 mm, que moderam, forte e dur\u00e1vel espessura<br \/>\nO tipo da placa \u00e9 geralmente C ou forma de U, que \u00e9 usado para o projeto de ambos os lados do trilho de guia<br \/>\nExistem diferentes vers\u00f5es populares em diferentes pa\u00edses.<\/p>\n<h5>Rolo do trilho do guia da porta do obturador que forma desenhos do perfil da m\u00e1quina<\/h5>\n<p><img loading=\"lazy\" decoding=\"async\" class=\"alignnone wp-image-2771\" src=\"https:\/\/henerrfm.com\/wp-content\/uploads\/2025\/10\/profile-drawingshutter-door-guide-rail-machine--300x79.jpg\" alt=\"\" width=\"1337\" height=\"352\" srcset=\"https:\/\/www.henerrfm.com\/wp-content\/uploads\/2025\/10\/profile-drawingshutter-door-guide-rail-machine--300x79.jpg 300w, https:\/\/www.henerrfm.com\/wp-content\/uploads\/2025\/10\/profile-drawingshutter-door-guide-rail-machine--1024x269.jpg 1024w, https:\/\/www.henerrfm.com\/wp-content\/uploads\/2025\/10\/profile-drawingshutter-door-guide-rail-machine--768x201.jpg 768w, https:\/\/www.henerrfm.com\/wp-content\/uploads\/2025\/10\/profile-drawingshutter-door-guide-rail-machine--600x157.jpg 600w, https:\/\/www.henerrfm.com\/wp-content\/uploads\/2025\/10\/profile-drawingshutter-door-guide-rail-machine-.jpg 1350w\" sizes=\"auto, (max-width: 1337px) 100vw, 1337px\" \/><\/p>\n<h5>Par\u00e2metros t\u00e9cnicos<\/h5>\n<table>\n<thead>\n<tr>\n<th><span style=\"font-weight: 400;\">Item<\/span><\/th>\n<th><span style=\"font-weight: 400;\">Detalhes da especifica\u00e7\u00e3o<\/span><\/th>\n<\/tr>\n<\/thead>\n<tbody>\n<tr>\n<td>Tens\u00e3o<\/td>\n<td>380 V, 50 Hz (customiz\u00e1vel conforme o pedido do cliente)<\/td>\n<\/tr>\n<tr>\n<td>Espessura do material<\/td>\n<td>1,0 2,0 mm<\/td>\n<\/tr>\n<tr>\n<td>For\u00e7a de rendimento<\/td>\n<td>\u2264G345 Mpa<\/td>\n<\/tr>\n<tr>\n<td>Processando Material<\/td>\n<td>Folha galvanizada Q195Q235<\/td>\n<\/tr>\n<tr>\n<td>Velocidade de trabalho<\/td>\n<td>05 m\/min<\/td>\n<\/tr>\n<tr>\n<td>Pot\u00eancia do Motor Principal<\/td>\n<td>7,5 kW<\/td>\n<\/tr>\n<tr>\n<td>Quadro Tabela<\/td>\n<td>Feixe 300 H<\/td>\n<\/tr>\n<tr>\n<td>Esta\u00e7\u00f5es de rolos<\/td>\n<td>10 esta\u00e7\u00f5es<\/td>\n<\/tr>\n<tr>\n<td>Material do rolo<\/td>\n<td>A\u00e7o 45#, <a href=\"https:\/\/en.wikipedia.org\/wiki\/Quenching\" target=\"_blank\" rel=\"noopener\">extinto<\/a>, usinado com precis\u00e3o, cromado duro (HRC5560)<\/td>\n<\/tr>\n<tr>\n<td>Di\u00e2metro do eixo<\/td>\n<td>80mm<\/td>\n<\/tr>\n<tr>\n<td>Material do eixo<\/td>\n<td>A\u00e7o 45#, tratado termicamente (HRC5560)<\/td>\n<\/tr>\n<tr>\n<td>M\u00e9todo de transmiss\u00e3o<\/td>\n<td>Por cadeia<\/td>\n<\/tr>\n<tr>\n<td>Estrutura do suporte de rolo<\/td>\n<td>Placa de parede m\u00e9dia, 18 mm de espessura<\/td>\n<\/tr>\n<tr>\n<td>Tipo de corte<\/td>\n<td>Corte hidr\u00e1ulico<\/td>\n<\/tr>\n<tr>\n<td>Poder de corte<\/td>\n<td>5,5 kW<\/td>\n<\/tr>\n<tr>\n<td>M\u00e9todo de Medi\u00e7\u00e3o de Comprimento<\/td>\n<td>Medi\u00e7\u00e3o autom\u00e1tica do codificador<a href=\"https:\/\/www.henerrfm.com\/pt\/categoria-produto\/door-shutter-roll-forming-machine\/\">\u00a0<\/a><\/td>\n<\/tr>\n<tr>\n<td>Toler\u00e2ncia de corte<\/td>\n<td>3.000 mm \u00b1 1,0 mm<\/td>\n<\/tr>\n<\/tbody>\n<\/table>\n<h5>Fluxograma de Produ\u00e7\u00e3o<\/h5>\n<p><img loading=\"lazy\" decoding=\"async\" class=\"alignnone wp-image-2776\" src=\"https:\/\/henerrfm.com\/wp-content\/uploads\/2025\/10\/shutter-door-guide-rail-machine-lc-300x61.jpg\" alt=\"\" width=\"1313\" height=\"267\" srcset=\"https:\/\/www.henerrfm.com\/wp-content\/uploads\/2025\/10\/shutter-door-guide-rail-machine-lc-300x61.jpg 300w, https:\/\/www.henerrfm.com\/wp-content\/uploads\/2025\/10\/shutter-door-guide-rail-machine-lc-1024x207.jpg 1024w, https:\/\/www.henerrfm.com\/wp-content\/uploads\/2025\/10\/shutter-door-guide-rail-machine-lc-768x155.jpg 768w, https:\/\/www.henerrfm.com\/wp-content\/uploads\/2025\/10\/shutter-door-guide-rail-machine-lc-600x121.jpg 600w, https:\/\/www.henerrfm.com\/wp-content\/uploads\/2025\/10\/shutter-door-guide-rail-machine-lc.jpg 1350w\" sizes=\"auto, (max-width: 1313px) 100vw, 1313px\" \/><\/p>\n<h5 style=\"text-align: left;\">V\u00eddeo do produto<\/h5>\n<p><iframe loading=\"lazy\" title=\"M\u00e1quina de perfilagem de trilhos guia para portas de enrolar\" width=\"1350\" height=\"759\" src=\"https:\/\/www.youtube.com\/embed\/SvVl6ev7puQ?feature=oembed\" frameborder=\"0\" allow=\"accelerometer; autoplay; clipboard-write; encrypted-media; gyroscope; picture-in-picture; web-share\" referrerpolicy=\"strict-origin-when-cross-origin\" allowfullscreen><\/iframe><\/p>\n<p>&nbsp;<\/p>\n<h5>Exibi\u00e7\u00e3o de detalhes do produto<img loading=\"lazy\" decoding=\"async\" class=\"alignnone wp-image-2777\" src=\"https:\/\/henerrfm.com\/wp-content\/uploads\/2025\/10\/shutter-door-guide-rail-machine-xj-300x103.jpg\" alt=\"\" width=\"1325\" height=\"455\" srcset=\"https:\/\/www.henerrfm.com\/wp-content\/uploads\/2025\/10\/shutter-door-guide-rail-machine-xj-300x103.jpg 300w, https:\/\/www.henerrfm.com\/wp-content\/uploads\/2025\/10\/shutter-door-guide-rail-machine-xj-1024x351.jpg 1024w, https:\/\/www.henerrfm.com\/wp-content\/uploads\/2025\/10\/shutter-door-guide-rail-machine-xj-768x263.jpg 768w, https:\/\/www.henerrfm.com\/wp-content\/uploads\/2025\/10\/shutter-door-guide-rail-machine-xj-600x206.jpg 600w, https:\/\/www.henerrfm.com\/wp-content\/uploads\/2025\/10\/shutter-door-guide-rail-machine-xj.jpg 1350w\" sizes=\"auto, (max-width: 1325px) 100vw, 1325px\" \/><img loading=\"lazy\" decoding=\"async\" class=\"alignnone wp-image-2778\" src=\"https:\/\/henerrfm.com\/wp-content\/uploads\/2025\/10\/shutter-door-guide-rail-machine-xj1-300x103.jpg\" alt=\"\" width=\"1300\" height=\"446\" srcset=\"https:\/\/www.henerrfm.com\/wp-content\/uploads\/2025\/10\/shutter-door-guide-rail-machine-xj1-300x103.jpg 300w, https:\/\/www.henerrfm.com\/wp-content\/uploads\/2025\/10\/shutter-door-guide-rail-machine-xj1-1024x351.jpg 1024w, https:\/\/www.henerrfm.com\/wp-content\/uploads\/2025\/10\/shutter-door-guide-rail-machine-xj1-768x263.jpg 768w, https:\/\/www.henerrfm.com\/wp-content\/uploads\/2025\/10\/shutter-door-guide-rail-machine-xj1-600x206.jpg 600w, https:\/\/www.henerrfm.com\/wp-content\/uploads\/2025\/10\/shutter-door-guide-rail-machine-xj1.jpg 1350w\" sizes=\"auto, (max-width: 1300px) 100vw, 1300px\" \/><\/h5>\n<h5>Aplicativo<\/h5>\n<p><img loading=\"lazy\" decoding=\"async\" class=\"alignnone wp-image-2779\" src=\"https:\/\/henerrfm.com\/wp-content\/uploads\/2025\/10\/shutter-door-guide-rail-machine-yy-300x167.jpg\" alt=\"\" width=\"821\" height=\"457\" srcset=\"https:\/\/www.henerrfm.com\/wp-content\/uploads\/2025\/10\/shutter-door-guide-rail-machine-yy-300x167.jpg 300w, https:\/\/www.henerrfm.com\/wp-content\/uploads\/2025\/10\/shutter-door-guide-rail-machine-yy-1024x571.jpg 1024w, https:\/\/www.henerrfm.com\/wp-content\/uploads\/2025\/10\/shutter-door-guide-rail-machine-yy-768x428.jpg 768w, https:\/\/www.henerrfm.com\/wp-content\/uploads\/2025\/10\/shutter-door-guide-rail-machine-yy-600x335.jpg 600w, https:\/\/www.henerrfm.com\/wp-content\/uploads\/2025\/10\/shutter-door-guide-rail-machine-yy.jpg 1350w\" sizes=\"auto, (max-width: 821px) 100vw, 821px\" \/><\/p>\n<h5>Produto final<\/h5>\n<p><img loading=\"lazy\" decoding=\"async\" class=\"alignnone wp-image-2775\" src=\"https:\/\/henerrfm.com\/wp-content\/uploads\/2025\/10\/shutter-door-guide-rail-machine-cp-300x103.jpg\" alt=\"\" width=\"1302\" height=\"447\" srcset=\"https:\/\/www.henerrfm.com\/wp-content\/uploads\/2025\/10\/shutter-door-guide-rail-machine-cp-300x103.jpg 300w, https:\/\/www.henerrfm.com\/wp-content\/uploads\/2025\/10\/shutter-door-guide-rail-machine-cp-1024x351.jpg 1024w, https:\/\/www.henerrfm.com\/wp-content\/uploads\/2025\/10\/shutter-door-guide-rail-machine-cp-768x263.jpg 768w, https:\/\/www.henerrfm.com\/wp-content\/uploads\/2025\/10\/shutter-door-guide-rail-machine-cp-600x206.jpg 600w, https:\/\/www.henerrfm.com\/wp-content\/uploads\/2025\/10\/shutter-door-guide-rail-machine-cp.jpg 1350w\" sizes=\"auto, (max-width: 1302px) 100vw, 1302px\" \/><\/p>","protected":false},"excerpt":{"rendered":"<p>Product Overview Shutter Door Guide rail roll forming machine, also known as rolling shutter door guide rail forming machine, is designed by a series of rollers, cold bending through the multi-row rollers to form the rolling shutter door guide rail, used on both sides of the rolling shutter door as a sliding track. It is [&hellip;]<\/p>\n","protected":false},"featured_media":232,"comment_status":"open","ping_status":"closed","template":"","meta":{"_gspb_post_css":""},"product_brand":[],"product_cat":[143,146],"product_tag":[],"class_list":{"0":"post-231","1":"product","2":"type-product","3":"status-publish","4":"has-post-thumbnail","6":"product_cat-door-shutter-roll-forming-machine","7":"product_cat-shutter-door-guide-rail-roll-forming-machine","9":"first","10":"instock","11":"shipping-taxable","12":"product-type-simple"},"_links":{"self":[{"href":"https:\/\/www.henerrfm.com\/pt\/wp-json\/wp\/v2\/product\/231","targetHints":{"allow":["GET"]}}],"collection":[{"href":"https:\/\/www.henerrfm.com\/pt\/wp-json\/wp\/v2\/product"}],"about":[{"href":"https:\/\/www.henerrfm.com\/pt\/wp-json\/wp\/v2\/types\/product"}],"replies":[{"embeddable":true,"href":"https:\/\/www.henerrfm.com\/pt\/wp-json\/wp\/v2\/comments?post=231"}],"wp:featuredmedia":[{"embeddable":true,"href":"https:\/\/www.henerrfm.com\/pt\/wp-json\/wp\/v2\/media\/232"}],"wp:attachment":[{"href":"https:\/\/www.henerrfm.com\/pt\/wp-json\/wp\/v2\/media?parent=231"}],"wp:term":[{"taxonomy":"product_brand","embeddable":true,"href":"https:\/\/www.henerrfm.com\/pt\/wp-json\/wp\/v2\/product_brand?post=231"},{"taxonomy":"product_cat","embeddable":true,"href":"https:\/\/www.henerrfm.com\/pt\/wp-json\/wp\/v2\/product_cat?post=231"},{"taxonomy":"product_tag","embeddable":true,"href":"https:\/\/www.henerrfm.com\/pt\/wp-json\/wp\/v2\/product_tag?post=231"}],"curies":[{"name":"wp","href":"https:\/\/api.w.org\/{rel}","templated":true}]}}