{"id":236,"date":"2025-10-31T09:22:43","date_gmt":"2025-10-31T09:22:43","guid":{"rendered":"https:\/\/henerrfm.com\/?post_type=product&#038;p=236"},"modified":"2025-12-04T03:58:20","modified_gmt":"2025-12-04T03:58:20","slug":"high-speed-metal-cut-to-length-line","status":"publish","type":"product","link":"https:\/\/www.henerrfm.com\/pt\/product\/high-speed-metal-cut-to-length-line\/","title":{"rendered":"Linha de corte de metal de alta velocidade"},"content":{"rendered":"<h5>Vis\u00e3o geral do produto<\/h5>\n<p>A linha de corte de metal de alta velocidade at\u00e9 o comprimento foi projetada para cortar com efici\u00eancia uma variedade de bobinas de metal, incluindo GI, GL, <a href=\"https:\/\/en.wikipedia.org\/wiki\/PPGI\" target=\"_blank\" rel=\"noopener\">PPGI<\/a>, e PPGL, em comprimentos precisos Capaz de manusear materiais de at\u00e9 1 mm de espessura, \u00e9 uma solu\u00e7\u00e3o ideal para opera\u00e7\u00f5es de processamento de metais de pequeno a m\u00e9dio porte.<\/p>\n<p>Esta linha oferece flexibilidade com descascadores manuais ou autom\u00e1ticos, suportando capacidades de carregamento de 5 a 10 toneladas com base nos requisitos de produ\u00e7\u00e3o. Ao combinar o corte de alta velocidade com controle preciso de comprimento, a linha de corte de metal at\u00e9 o comprimento de alta velocidade ajuda os fabricantes a reduzir os custos de investimento ao entregar produtos que atendam \u00e0s especifica\u00e7\u00f5es exatas do cliente.<\/p>\n<h5>Par\u00e2metros t\u00e9cnicos<\/h5>\n<table>\n<thead>\n<tr>\n<th><span style=\"font-weight: 400;\">Item<\/span><\/th>\n<th><span style=\"font-weight: 400;\">Detalhes da especifica\u00e7\u00e3o<\/span><\/th>\n<\/tr>\n<\/thead>\n<tbody>\n<tr>\n<td>Espessura da folha<\/td>\n<td>0,10 mm 0,70 mm<\/td>\n<\/tr>\n<tr>\n<td>Largura da folha<\/td>\n<td>\u22641250mm<\/td>\n<\/tr>\n<tr>\n<td>Di\u00e2metro interno do rolo da mat\u00e9ria prima<\/td>\n<td>508mm<\/td>\n<\/tr>\n<tr>\n<td>Di\u00e2metro exterior do rolo da mat\u00e9ria prima<\/td>\n<td>\u22641500mm<\/td>\n<\/tr>\n<tr>\n<td>Velocidade m\u00e1xima<\/td>\n<td>100 mpm<\/td>\n<\/tr>\n<tr>\n<td>Precis\u00e3o cisalhamento<\/td>\n<td>\u00b11mm\/1000mm<\/td>\n<\/tr>\n<tr>\n<td>Toler\u00e2ncia diagonal<\/td>\n<td>\u00b12mm\/1000mm<\/td>\n<\/tr>\n<tr>\n<td>Pot\u00eancia utilizada<\/td>\n<td>380 V 50 HZ (Pode ser personalizado)<\/td>\n<\/tr>\n<tr>\n<td>Peso bobina<\/td>\n<td>10 toneladas<\/td>\n<\/tr>\n<tr>\n<td>Movimenta\u00e7\u00e3o el\u00e9trica<\/td>\n<td>DELTA<\/td>\n<\/tr>\n<tr>\n<td>Fun\u00e7\u00e3o Adicional<\/td>\n<td>Incluindo empilhamento autom\u00e1tico<\/td>\n<\/tr>\n<\/tbody>\n<\/table>\n<h5>Fluxograma de Produ\u00e7\u00e3o<\/h5>\n<p><img loading=\"lazy\" decoding=\"async\" class=\"alignnone wp-image-2810\" src=\"https:\/\/henerrfm.com\/wp-content\/uploads\/2025\/10\/flow-chart\uff1fHigh-Speed-Metal-Cut-To-Length-Line-300x109.jpg\" alt=\"\" width=\"1313\" height=\"477\" srcset=\"https:\/\/www.henerrfm.com\/wp-content\/uploads\/2025\/10\/flow-chart\uff1fHigh-Speed-Metal-Cut-To-Length-Line-300x109.jpg 300w, https:\/\/www.henerrfm.com\/wp-content\/uploads\/2025\/10\/flow-chart\uff1fHigh-Speed-Metal-Cut-To-Length-Line-1024x372.jpg 1024w, https:\/\/www.henerrfm.com\/wp-content\/uploads\/2025\/10\/flow-chart\uff1fHigh-Speed-Metal-Cut-To-Length-Line-768x279.jpg 768w, https:\/\/www.henerrfm.com\/wp-content\/uploads\/2025\/10\/flow-chart\uff1fHigh-Speed-Metal-Cut-To-Length-Line-600x218.jpg 600w, https:\/\/www.henerrfm.com\/wp-content\/uploads\/2025\/10\/flow-chart\uff1fHigh-Speed-Metal-Cut-To-Length-Line.jpg 1350w\" sizes=\"auto, (max-width: 1313px) 100vw, 1313px\" \/><\/p>\n<h5 style=\"text-align: left;\">V\u00eddeo do produto<\/h5>\n<p><iframe loading=\"lazy\" title=\"Linha de corte de metal de alta velocidade\" width=\"1350\" height=\"759\" src=\"https:\/\/www.youtube.com\/embed\/yn5TcRNNdF8?feature=oembed\" frameborder=\"0\" allow=\"accelerometer; autoplay; clipboard-write; encrypted-media; gyroscope; picture-in-picture; web-share\" referrerpolicy=\"strict-origin-when-cross-origin\" allowfullscreen><\/iframe><\/p>","protected":false},"excerpt":{"rendered":"<p>Product Overview The High-Speed Metal Cut To Length Line is engineered to efficiently cut a variety of metal coils, including GI, GL, PPGI, and PPGL, into precise lengths. Capable of handling materials up to 1 mm in thickness, it is an ideal solution for small to medium-sized metal processing operations. This line offers flexibility with [&hellip;]<\/p>\n","protected":false},"featured_media":2807,"comment_status":"open","ping_status":"closed","template":"","meta":{"_gspb_post_css":""},"product_brand":[],"product_cat":[160,158],"product_tag":[],"class_list":{"0":"post-236","1":"product","2":"type-product","3":"status-publish","4":"has-post-thumbnail","6":"product_cat-metal-cut-to-length-line","7":"product_cat-slitting-line-cut-to-length-line","9":"first","10":"instock","11":"shipping-taxable","12":"product-type-simple"},"_links":{"self":[{"href":"https:\/\/www.henerrfm.com\/pt\/wp-json\/wp\/v2\/product\/236","targetHints":{"allow":["GET"]}}],"collection":[{"href":"https:\/\/www.henerrfm.com\/pt\/wp-json\/wp\/v2\/product"}],"about":[{"href":"https:\/\/www.henerrfm.com\/pt\/wp-json\/wp\/v2\/types\/product"}],"replies":[{"embeddable":true,"href":"https:\/\/www.henerrfm.com\/pt\/wp-json\/wp\/v2\/comments?post=236"}],"wp:featuredmedia":[{"embeddable":true,"href":"https:\/\/www.henerrfm.com\/pt\/wp-json\/wp\/v2\/media\/2807"}],"wp:attachment":[{"href":"https:\/\/www.henerrfm.com\/pt\/wp-json\/wp\/v2\/media?parent=236"}],"wp:term":[{"taxonomy":"product_brand","embeddable":true,"href":"https:\/\/www.henerrfm.com\/pt\/wp-json\/wp\/v2\/product_brand?post=236"},{"taxonomy":"product_cat","embeddable":true,"href":"https:\/\/www.henerrfm.com\/pt\/wp-json\/wp\/v2\/product_cat?post=236"},{"taxonomy":"product_tag","embeddable":true,"href":"https:\/\/www.henerrfm.com\/pt\/wp-json\/wp\/v2\/product_tag?post=236"}],"curies":[{"name":"wp","href":"https:\/\/api.w.org\/{rel}","templated":true}]}}