{"id":247,"date":"2025-10-31T09:28:11","date_gmt":"2025-10-31T09:28:11","guid":{"rendered":"https:\/\/henerrfm.com\/?post_type=product&#038;p=247"},"modified":"2025-12-04T05:36:06","modified_gmt":"2025-12-04T05:36:06","slug":"perforated-cable-tray-roll-forming-machine","status":"publish","type":"product","link":"https:\/\/www.henerrfm.com\/pt\/product\/perforated-cable-tray-roll-forming-machine\/","title":{"rendered":"M\u00e1quina de perfilagem de bandejas de cabos perfuradas"},"content":{"rendered":"<h5>Vis\u00e3o geral do produto<\/h5>\n<p>A m\u00e1quina de perfilagem de canaletas perfuradas para cabos foi projetada para a fabrica\u00e7\u00e3o de canaletas com fundo plano e ranhuras de ventila\u00e7\u00e3o que permitem a dissipa\u00e7\u00e3o de calor e a drenagem da umidade. Essas canaletas s\u00e3o amplamente utilizadas em sistemas de fia\u00e7\u00e3o el\u00e9trica, instala\u00e7\u00f5es de telecomunica\u00e7\u00f5es e aplica\u00e7\u00f5es industriais leves. A linha de produ\u00e7\u00e3o inclui desenrolamento, nivelamento, perfura\u00e7\u00e3o servo, perfilagem e corte. O sistema de perfura\u00e7\u00e3o permite padr\u00f5es de furos personaliz\u00e1veis para melhorar o fluxo de ar dos cabos e reduzir o ac\u00famulo de calor na fia\u00e7\u00e3o. A m\u00e1quina suporta uma variedade de espessuras e larguras para atender aos padr\u00f5es internacionais. Compacto, automatizado e f\u00e1cil de usar, este sistema aumenta a produtividade, garantindo a consist\u00eancia da qualidade do produto.<\/p>\n<h5>Desenhos de perfil para m\u00e1quina de perfilagem de bandejas de cabos perfuradas<\/h5>\n<h5><img loading=\"lazy\" decoding=\"async\" class=\"alignnone wp-image-2770\" src=\"https:\/\/henerrfm.com\/wp-content\/uploads\/2025\/10\/Perforated-Cable-Tray-Roll-Forming-Machine-15-300x111.jpg\" alt=\"\" width=\"1324\" height=\"490\" srcset=\"https:\/\/www.henerrfm.com\/wp-content\/uploads\/2025\/10\/Perforated-Cable-Tray-Roll-Forming-Machine-15-300x111.jpg 300w, https:\/\/www.henerrfm.com\/wp-content\/uploads\/2025\/10\/Perforated-Cable-Tray-Roll-Forming-Machine-15-1024x379.jpg 1024w, https:\/\/www.henerrfm.com\/wp-content\/uploads\/2025\/10\/Perforated-Cable-Tray-Roll-Forming-Machine-15-768x284.jpg 768w, https:\/\/www.henerrfm.com\/wp-content\/uploads\/2025\/10\/Perforated-Cable-Tray-Roll-Forming-Machine-15-600x222.jpg 600w, https:\/\/www.henerrfm.com\/wp-content\/uploads\/2025\/10\/Perforated-Cable-Tray-Roll-Forming-Machine-15.jpg 1350w\" sizes=\"auto, (max-width: 1324px) 100vw, 1324px\" \/><\/h5>\n<h5>Par\u00e2metros t\u00e9cnicos<\/h5>\n<table>\n<tbody>\n<tr>\n<td>Espessura da mat\u00e9ria-prima<\/td>\n<td>0,7-2,0 mm<\/td>\n<\/tr>\n<tr>\n<td>Material<\/td>\n<td>A\u00e7o galvanizado, <a href=\"https:\/\/en.wikipedia.org\/wiki\/Carbon_steel\" target=\"_blank\" rel=\"noopener\">A\u00e7o carbono<\/a>, bobinas HR<\/td>\n<\/tr>\n<tr>\n<td>largura do material de entrada<\/td>\n<td>Depende do tamanho da bandeja de cabos.<\/td>\n<\/tr>\n<tr>\n<td>limite de rendimento de mat\u00e9ria-prima<\/td>\n<td>245MPA<\/td>\n<\/tr>\n<tr>\n<td>velocidade de trabalho da linha de produ\u00e7\u00e3o<\/td>\n<td>6-8 m\/min<\/td>\n<\/tr>\n<tr>\n<td>\u00c1rea de trabalho<\/td>\n<td>Aproximadamente 40.000 mm de comprimento por 4.000 mm de largura.<\/td>\n<\/tr>\n<\/tbody>\n<\/table>\n<h5>Fluxograma de Produ\u00e7\u00e3o<\/h5>\n<h5><img loading=\"lazy\" decoding=\"async\" class=\"alignnone wp-image-2763\" src=\"https:\/\/henerrfm.com\/wp-content\/uploads\/2025\/10\/flow-chartPerforated-Cable-Tray-Roll-Forming-Machine-1-300x136.jpg\" alt=\"\" width=\"1328\" height=\"602\" srcset=\"https:\/\/www.henerrfm.com\/wp-content\/uploads\/2025\/10\/flow-chartPerforated-Cable-Tray-Roll-Forming-Machine-1-300x136.jpg 300w, https:\/\/www.henerrfm.com\/wp-content\/uploads\/2025\/10\/flow-chartPerforated-Cable-Tray-Roll-Forming-Machine-1-768x349.jpg 768w, https:\/\/www.henerrfm.com\/wp-content\/uploads\/2025\/10\/flow-chartPerforated-Cable-Tray-Roll-Forming-Machine-1-600x273.jpg 600w\" sizes=\"auto, (max-width: 1328px) 100vw, 1328px\" \/><\/h5>\n<h5>Aplicativo<\/h5>\n<h5><img loading=\"lazy\" decoding=\"async\" class=\"alignnone wp-image-2765\" src=\"https:\/\/henerrfm.com\/wp-content\/uploads\/2025\/10\/Perforated-Cable-Tray-Roll-Forming-Machine-1yy-300x176.jpg\" alt=\"\" width=\"1326\" height=\"778\" srcset=\"https:\/\/www.henerrfm.com\/wp-content\/uploads\/2025\/10\/Perforated-Cable-Tray-Roll-Forming-Machine-1yy-300x176.jpg 300w, https:\/\/www.henerrfm.com\/wp-content\/uploads\/2025\/10\/Perforated-Cable-Tray-Roll-Forming-Machine-1yy-1024x601.jpg 1024w, https:\/\/www.henerrfm.com\/wp-content\/uploads\/2025\/10\/Perforated-Cable-Tray-Roll-Forming-Machine-1yy-768x451.jpg 768w, https:\/\/www.henerrfm.com\/wp-content\/uploads\/2025\/10\/Perforated-Cable-Tray-Roll-Forming-Machine-1yy-600x352.jpg 600w, https:\/\/www.henerrfm.com\/wp-content\/uploads\/2025\/10\/Perforated-Cable-Tray-Roll-Forming-Machine-1yy.jpg 1350w\" sizes=\"auto, (max-width: 1326px) 100vw, 1326px\" \/><\/h5>","protected":false},"excerpt":{"rendered":"<p>Product Overview The Perforated Cable Tray Roll Forming Machine is designed for manufacturing flat-bottomed trays with ventilation slots that allow for heat dissipation and moisture drainage. These trays are widely used in electrical wiring systems, telecom installations, and light-duty industrial applications. The production line includes decoiling, leveling, servo punching, roll forming, and cutting. The punching [&hellip;]<\/p>\n","protected":false},"featured_media":248,"comment_status":"open","ping_status":"closed","template":"","meta":{"_gspb_post_css":""},"product_brand":[],"product_cat":[150,151],"product_tag":[],"class_list":{"0":"post-247","1":"product","2":"type-product","3":"status-publish","4":"has-post-thumbnail","6":"product_cat-cable-tray-roll-forming-machine","7":"product_cat-perforated-cable-tray-roll-forming-machine","9":"first","10":"instock","11":"shipping-taxable","12":"product-type-simple"},"_links":{"self":[{"href":"https:\/\/www.henerrfm.com\/pt\/wp-json\/wp\/v2\/product\/247","targetHints":{"allow":["GET"]}}],"collection":[{"href":"https:\/\/www.henerrfm.com\/pt\/wp-json\/wp\/v2\/product"}],"about":[{"href":"https:\/\/www.henerrfm.com\/pt\/wp-json\/wp\/v2\/types\/product"}],"replies":[{"embeddable":true,"href":"https:\/\/www.henerrfm.com\/pt\/wp-json\/wp\/v2\/comments?post=247"}],"wp:featuredmedia":[{"embeddable":true,"href":"https:\/\/www.henerrfm.com\/pt\/wp-json\/wp\/v2\/media\/248"}],"wp:attachment":[{"href":"https:\/\/www.henerrfm.com\/pt\/wp-json\/wp\/v2\/media?parent=247"}],"wp:term":[{"taxonomy":"product_brand","embeddable":true,"href":"https:\/\/www.henerrfm.com\/pt\/wp-json\/wp\/v2\/product_brand?post=247"},{"taxonomy":"product_cat","embeddable":true,"href":"https:\/\/www.henerrfm.com\/pt\/wp-json\/wp\/v2\/product_cat?post=247"},{"taxonomy":"product_tag","embeddable":true,"href":"https:\/\/www.henerrfm.com\/pt\/wp-json\/wp\/v2\/product_tag?post=247"}],"curies":[{"name":"wp","href":"https:\/\/api.w.org\/{rel}","templated":true}]}}