{"id":256,"date":"2025-10-31T09:33:02","date_gmt":"2025-10-31T09:33:02","guid":{"rendered":"https:\/\/henerrfm.com\/?post_type=product&#038;p=256"},"modified":"2025-12-04T08:16:12","modified_gmt":"2025-12-04T08:16:12","slug":"solar-pv-mounting-channel-roll-forming-machine","status":"publish","type":"product","link":"https:\/\/www.henerrfm.com\/pt\/product\/solar-pv-mounting-channel-roll-forming-machine\/","title":{"rendered":"M\u00e1quina de perfilagem de canaletas para montagem de pain\u00e9is solares fotovoltaicos"},"content":{"rendered":"<h5>Vis\u00e3o geral do produto<\/h5>\n<p><a href=\"https:\/\/www.henerrfm.com\/pt\/produto\/solar-pv-mounting-channel-roll-forming-machine\/\">M\u00e1quina de perfilagem de canaletas para montagem de pain\u00e9is solares fotovoltaicos<\/a> \u00e9 um sistema projetado com precis\u00e3o para a fabrica\u00e7\u00e3o de canais C, perfis Unistrut, suportes de montagem solar e estruturas de suporte s\u00edsmico. Constru\u00eddo para flexibilidade e efici\u00eancia, permite a produ\u00e7\u00e3o de v\u00e1rios tamanhos de canais com ajuste manual ou autom\u00e1tico de flange, garantindo total adaptabilidade \u00e0s diversas necessidades do cliente.<\/p>\n<p>Esta M\u00e1quina Formadora de Rolos de Canal Solar Strut suporta v\u00e1rias configura\u00e7\u00f5es de corte, incluindo corte de serra e <a href=\"https:\/\/en.wikipedia.org\/wiki\/Hydraulics\" target=\"_blank\" rel=\"noopener\">hidr\u00e1ulico<\/a> corte, dependendo dos requisitos do projeto Tamb\u00e9m integra um sistema de puncionamento opcional, dispon\u00edvel em projetos de prensas hidr\u00e1ulicas ou mec\u00e2nicas, possibilitando a pun\u00e7\u00e3o de furos pr\u00e9 ou p\u00f3s-forma\u00e7\u00e3o para maior velocidade e precis\u00e3o de produ\u00e7\u00e3o.<\/p>\n<p>Projetada para confiabilidade e precis\u00e3o, a m\u00e1quina \u00e9 amplamente utilizada em sistemas de montagem de energia solar, suportes industriais e estruturas de constru\u00e7\u00e3o, fornecendo uma solu\u00e7\u00e3o econ\u00f4mica e de alto desempenho para aplica\u00e7\u00f5es modernas de forma\u00e7\u00e3o de rolos.<\/p>\n<h5>Par\u00e2metros t\u00e9cnicos<\/h5>\n<table>\n<tbody>\n<tr>\n<td>Espessura da mat\u00e9ria prima 1.<\/td>\n<td>1,0-4,0mm<\/td>\n<\/tr>\n<tr>\n<td>2. mat\u00e9ria prima<\/td>\n<td>ST37, ST52<\/td>\n<\/tr>\n<tr>\n<td>Especifica\u00e7\u00e3o do perfil 3. profile (perfil) C purlin<\/td>\n<td>Teia: 50-250mm; Flange: 40-100mm;L\u00e1bio: 10-20mm<\/td>\n<\/tr>\n<tr>\n<td>Especifica\u00e7\u00e3o do perfil 3. profile U purlin<\/td>\n<td>Teia: 50-250mm; Flange: 40-100mm<\/td>\n<\/tr>\n<tr>\n<td>Velocidade de trabalho da linha 4<\/td>\n<td>30m\/min (com soco)<\/td>\n<\/tr>\n<\/tbody>\n<\/table>\n<h5>Fluxograma de Produ\u00e7\u00e3o<\/h5>\n<p><img loading=\"lazy\" decoding=\"async\" class=\"alignnone wp-image-2853\" src=\"https:\/\/henerrfm.com\/wp-content\/uploads\/2025\/10\/sloar-strut-channel-roll-forming-machinelc-300x84.jpg\" alt=\"\" width=\"1286\" height=\"360\" srcset=\"https:\/\/www.henerrfm.com\/wp-content\/uploads\/2025\/10\/sloar-strut-channel-roll-forming-machinelc-300x84.jpg 300w, https:\/\/www.henerrfm.com\/wp-content\/uploads\/2025\/10\/sloar-strut-channel-roll-forming-machinelc-1024x287.jpg 1024w, https:\/\/www.henerrfm.com\/wp-content\/uploads\/2025\/10\/sloar-strut-channel-roll-forming-machinelc-768x215.jpg 768w, https:\/\/www.henerrfm.com\/wp-content\/uploads\/2025\/10\/sloar-strut-channel-roll-forming-machinelc-600x168.jpg 600w, https:\/\/www.henerrfm.com\/wp-content\/uploads\/2025\/10\/sloar-strut-channel-roll-forming-machinelc.jpg 1350w\" sizes=\"auto, (max-width: 1286px) 100vw, 1286px\" \/><\/p>\n<h5 style=\"text-align: left;\">V\u00eddeo do produto<\/h5>\n<p><iframe loading=\"lazy\" title=\"Rolo canal de montagem solar PV formando m\u00e1quina\" width=\"1350\" height=\"759\" src=\"https:\/\/www.youtube.com\/embed\/kPH1cvg1evU?feature=oembed\" frameborder=\"0\" allow=\"accelerometer; autoplay; clipboard-write; encrypted-media; gyroscope; picture-in-picture; web-share\" referrerpolicy=\"strict-origin-when-cross-origin\" allowfullscreen><\/iframe><\/p>\n<h5>Exibi\u00e7\u00e3o de detalhes do produto<\/h5>\n<p><img loading=\"lazy\" decoding=\"async\" class=\"alignnone wp-image-2854\" src=\"https:\/\/henerrfm.com\/wp-content\/uploads\/2025\/10\/sloar-strut-channel-roll-forming-machinexj-300x77.jpg\" alt=\"\" width=\"1297\" height=\"333\" srcset=\"https:\/\/www.henerrfm.com\/wp-content\/uploads\/2025\/10\/sloar-strut-channel-roll-forming-machinexj-300x77.jpg 300w, https:\/\/www.henerrfm.com\/wp-content\/uploads\/2025\/10\/sloar-strut-channel-roll-forming-machinexj-1024x262.jpg 1024w, https:\/\/www.henerrfm.com\/wp-content\/uploads\/2025\/10\/sloar-strut-channel-roll-forming-machinexj-768x197.jpg 768w, https:\/\/www.henerrfm.com\/wp-content\/uploads\/2025\/10\/sloar-strut-channel-roll-forming-machinexj-600x154.jpg 600w, https:\/\/www.henerrfm.com\/wp-content\/uploads\/2025\/10\/sloar-strut-channel-roll-forming-machinexj.jpg 1350w\" sizes=\"auto, (max-width: 1297px) 100vw, 1297px\" \/><\/p>\n<h5>Aplicativo<\/h5>\n<p><img loading=\"lazy\" decoding=\"async\" class=\"alignnone wp-image-2855\" src=\"https:\/\/henerrfm.com\/wp-content\/uploads\/2025\/10\/sloar-strut-channel-roll-forming-machineyy-300x167.jpg\" alt=\"\" width=\"613\" height=\"341\" srcset=\"https:\/\/www.henerrfm.com\/wp-content\/uploads\/2025\/10\/sloar-strut-channel-roll-forming-machineyy-300x167.jpg 300w, https:\/\/www.henerrfm.com\/wp-content\/uploads\/2025\/10\/sloar-strut-channel-roll-forming-machineyy-768x427.jpg 768w, https:\/\/www.henerrfm.com\/wp-content\/uploads\/2025\/10\/sloar-strut-channel-roll-forming-machineyy-600x333.jpg 600w, https:\/\/www.henerrfm.com\/wp-content\/uploads\/2025\/10\/sloar-strut-channel-roll-forming-machineyy.jpg 950w\" sizes=\"auto, (max-width: 613px) 100vw, 613px\" \/><\/p>\n<h5>Produto final<\/h5>\n<p><img loading=\"lazy\" decoding=\"async\" class=\"alignnone wp-image-2852\" src=\"https:\/\/henerrfm.com\/wp-content\/uploads\/2025\/10\/sloar-strut-channel-roll-forming-machinecp-300x226.jpg\" alt=\"\" width=\"613\" height=\"462\" srcset=\"https:\/\/www.henerrfm.com\/wp-content\/uploads\/2025\/10\/sloar-strut-channel-roll-forming-machinecp-300x226.jpg 300w, https:\/\/www.henerrfm.com\/wp-content\/uploads\/2025\/10\/sloar-strut-channel-roll-forming-machinecp.jpg 600w\" sizes=\"auto, (max-width: 613px) 100vw, 613px\" \/><\/p>\n<div style=\"all: initial !important;\"><\/div>","protected":false},"excerpt":{"rendered":"<p>&nbsp;<\/p>\n<div style=\"all: initial !important;\"><\/div>","protected":false},"featured_media":2848,"comment_status":"open","ping_status":"closed","template":"","meta":{"_gspb_post_css":""},"product_brand":[],"product_cat":[149,148],"product_tag":[],"class_list":{"0":"post-256","1":"product","2":"type-product","3":"status-publish","4":"has-post-thumbnail","6":"product_cat-solar-strut-channel-roll-forming-machine","7":"product_cat-strut-channel-roll-forming-machine","9":"first","10":"instock","11":"shipping-taxable","12":"product-type-simple"},"_links":{"self":[{"href":"https:\/\/www.henerrfm.com\/pt\/wp-json\/wp\/v2\/product\/256","targetHints":{"allow":["GET"]}}],"collection":[{"href":"https:\/\/www.henerrfm.com\/pt\/wp-json\/wp\/v2\/product"}],"about":[{"href":"https:\/\/www.henerrfm.com\/pt\/wp-json\/wp\/v2\/types\/product"}],"replies":[{"embeddable":true,"href":"https:\/\/www.henerrfm.com\/pt\/wp-json\/wp\/v2\/comments?post=256"}],"wp:featuredmedia":[{"embeddable":true,"href":"https:\/\/www.henerrfm.com\/pt\/wp-json\/wp\/v2\/media\/2848"}],"wp:attachment":[{"href":"https:\/\/www.henerrfm.com\/pt\/wp-json\/wp\/v2\/media?parent=256"}],"wp:term":[{"taxonomy":"product_brand","embeddable":true,"href":"https:\/\/www.henerrfm.com\/pt\/wp-json\/wp\/v2\/product_brand?post=256"},{"taxonomy":"product_cat","embeddable":true,"href":"https:\/\/www.henerrfm.com\/pt\/wp-json\/wp\/v2\/product_cat?post=256"},{"taxonomy":"product_tag","embeddable":true,"href":"https:\/\/www.henerrfm.com\/pt\/wp-json\/wp\/v2\/product_tag?post=256"}],"curies":[{"name":"wp","href":"https:\/\/api.w.org\/{rel}","templated":true}]}}