{"id":263,"date":"2025-11-03T00:16:16","date_gmt":"2025-11-03T00:16:16","guid":{"rendered":"https:\/\/henerrfm.com\/?post_type=product&#038;p=263"},"modified":"2025-12-04T08:18:22","modified_gmt":"2025-12-04T08:18:22","slug":"high-speed-glazed-tile-roof-sheet-roll-forming-machine","status":"publish","type":"product","link":"https:\/\/www.henerrfm.com\/pt\/product\/high-speed-glazed-tile-roof-sheet-roll-forming-machine\/","title":{"rendered":"M\u00e1quina de perfilagem de alta velocidade para telhas esmaltadas"},"content":{"rendered":"<h5>Vis\u00e3o geral do produto<\/h5>\n<p>O <a href=\"https:\/\/www.henerrfm.com\/pt\/produto\/high-speed-glazed-tile-roof-sheet-roll-forming-machine\/\">M\u00e1quina de perfilagem de alta velocidade para telhas esmaltadas<\/a> \u00e9 um sistema de produ\u00e7\u00e3o avan\u00e7ado projetado para fabricar chapas de cobertura de metal envidra\u00e7adas decorativas e dur\u00e1veis Projetado para efici\u00eancia e precis\u00e3o, este equipamento alimenta e molda continuamente bobinas de metal atrav\u00e9s de uma s\u00e9rie de rolos endurecidos para produzir perfis de azulejos elegantes com um acabamento envidra\u00e7ado suave.<\/p>\n<p>Ao combinar a tecnologia de forma\u00e7\u00e3o de alta velocidade com automa\u00e7\u00e3o inteligente, a M\u00e1quina Formadora de Rolos de Folha de Telha Vidra\u00e7ada de Alta Velocidade garante perfura\u00e7\u00e3o est\u00e1vel, dimens\u00f5es precisas e qualidade de superf\u00edcie superior <a href=\"https:\/\/en.wikipedia.org\/wiki\/Glazing_(window)\" target=\"_blank\" rel=\"noopener\">vidros<\/a> o design n\u00e3o apenas aumenta o apelo visual das telhas, mas tamb\u00e9m fornece prote\u00e7\u00e3o adicional contra corros\u00e3o e intemperismo.<\/p>\n<p>Constru\u00edda para confiabilidade de longo prazo e produ\u00e7\u00e3o consistente, a m\u00e1quina formadora de rolos de telhas de telha envidra\u00e7ada de alta velocidade \u00e9 a solu\u00e7\u00e3o perfeita para fabricantes de telhados que buscam alta produtividade, versatilidade est\u00e9tica e custos de produ\u00e7\u00e3o reduzidos em aplica\u00e7\u00f5es modernas de telhados met\u00e1licos.<\/p>\n<h5>Par\u00e2metros t\u00e9cnicos<\/h5>\n<table>\n<thead>\n<tr>\n<th><span style=\"font-weight: 400;\">Categoria<\/span><\/th>\n<th><span style=\"font-weight: 400;\">Par\u00e2metros<\/span><\/th>\n<\/tr>\n<\/thead>\n<tbody>\n<tr>\n<td>Material<\/td>\n<td>A\u00e7o pr\u00e9-pintado, a\u00e7o galvanizado, a\u00e7o revestido de alum\u00ednio<\/td>\n<\/tr>\n<tr>\n<td>Faixa de espessura<\/td>\n<td>0,2 0,8 mm<\/td>\n<\/tr>\n<tr>\n<td>Sistema Rolo<\/td>\n<td>13-est\u00e1gio formando (personaliz\u00e1vel), rolos de a\u00e7o 451TP10 T com cromagem<\/td>\n<\/tr>\n<tr>\n<td>Velocidade Sa\u00edda<\/td>\n<td>15 20 m\/min (excluindo processo de grava\u00e7\u00e3o em relevo)<\/td>\n<\/tr>\n<tr>\n<td>Sistema de acionamento<\/td>\n<td>eixos \u00d875 mm feitos de liga de a\u00e7o 40 Cr, acionados por corrente e opera\u00e7\u00e3o de esta\u00e7\u00e3o \u00fanica<\/td>\n<\/tr>\n<tr>\n<td>Controlar<\/td>\n<td>Mitsubishi PLC e conversor de frequ\u00eancia<\/td>\n<\/tr>\n<tr>\n<td>Corte<\/td>\n<td>Cisalhamento hidr\u00e1ulico equipado com l\u00e2minas Cr12Mov (extinguido a HRC 58-62\u00b0 dureza)<\/td>\n<\/tr>\n<tr>\n<td>Fonte de energia<\/td>\n<td>415 V \/3 Fase \/50 Hz (personaliz\u00e1vel)<\/td>\n<\/tr>\n<tr>\n<td>Pot\u00eancia do Motor Principal<\/td>\n<td>7,5 kW<\/td>\n<\/tr>\n<tr>\n<td>Unidade hidr\u00e1ulica<\/td>\n<td>3 kW<\/td>\n<\/tr>\n<\/tbody>\n<\/table>\n<h5>Fluxograma<\/h5>\n<h5><img loading=\"lazy\" decoding=\"async\" class=\"alignnone wp-image-2709\" src=\"https:\/\/henerrfm.com\/wp-content\/uploads\/2025\/11\/\uff1fHigh-Speed-Glazed-Roof-Sheet-Roll-Forming-Machine.jpglc_-300x117.jpg\" alt=\"\" width=\"1323\" height=\"516\" srcset=\"https:\/\/www.henerrfm.com\/wp-content\/uploads\/2025\/11\/\uff1fHigh-Speed-Glazed-Roof-Sheet-Roll-Forming-Machine.jpglc_-300x117.jpg 300w, https:\/\/www.henerrfm.com\/wp-content\/uploads\/2025\/11\/\uff1fHigh-Speed-Glazed-Roof-Sheet-Roll-Forming-Machine.jpglc_-1024x398.jpg 1024w, https:\/\/www.henerrfm.com\/wp-content\/uploads\/2025\/11\/\uff1fHigh-Speed-Glazed-Roof-Sheet-Roll-Forming-Machine.jpglc_-768x299.jpg 768w, https:\/\/www.henerrfm.com\/wp-content\/uploads\/2025\/11\/\uff1fHigh-Speed-Glazed-Roof-Sheet-Roll-Forming-Machine.jpglc_-600x233.jpg 600w, https:\/\/www.henerrfm.com\/wp-content\/uploads\/2025\/11\/\uff1fHigh-Speed-Glazed-Roof-Sheet-Roll-Forming-Machine.jpglc_.jpg 1350w\" sizes=\"auto, (max-width: 1323px) 100vw, 1323px\" \/> <img loading=\"lazy\" decoding=\"async\" class=\"alignnone wp-image-2714\" src=\"https:\/\/henerrfm.com\/wp-content\/uploads\/2025\/11\/\uff1fHigh-Speed-Glazed-Roof-Sheet-Roll-Forming-Machinelc-300x60.jpg\" alt=\"\" width=\"1305\" height=\"261\" srcset=\"https:\/\/www.henerrfm.com\/wp-content\/uploads\/2025\/11\/\uff1fHigh-Speed-Glazed-Roof-Sheet-Roll-Forming-Machinelc-300x60.jpg 300w, https:\/\/www.henerrfm.com\/wp-content\/uploads\/2025\/11\/\uff1fHigh-Speed-Glazed-Roof-Sheet-Roll-Forming-Machinelc-1024x205.jpg 1024w, https:\/\/www.henerrfm.com\/wp-content\/uploads\/2025\/11\/\uff1fHigh-Speed-Glazed-Roof-Sheet-Roll-Forming-Machinelc-768x154.jpg 768w, https:\/\/www.henerrfm.com\/wp-content\/uploads\/2025\/11\/\uff1fHigh-Speed-Glazed-Roof-Sheet-Roll-Forming-Machinelc-600x120.jpg 600w, https:\/\/www.henerrfm.com\/wp-content\/uploads\/2025\/11\/\uff1fHigh-Speed-Glazed-Roof-Sheet-Roll-Forming-Machinelc.jpg 1350w\" sizes=\"auto, (max-width: 1305px) 100vw, 1305px\" \/><\/h5>\n<h5 style=\"text-align: left;\">V\u00eddeo do produto<\/h5>\n<p><iframe loading=\"lazy\" title=\"A M\u00e1quina Formadora Rolos Folhas Telhado Vidra\u00e7ado Alta Velocidade\" width=\"1350\" height=\"759\" src=\"https:\/\/www.youtube.com\/embed\/MgvrFpJeYz8?feature=oembed\" frameborder=\"0\" allow=\"accelerometer; autoplay; clipboard-write; encrypted-media; gyroscope; picture-in-picture; web-share\" referrerpolicy=\"strict-origin-when-cross-origin\" allowfullscreen><\/iframe><\/p>\n<h5>Exibi\u00e7\u00e3o de detalhes do produto<\/h5>\n<h5><img loading=\"lazy\" decoding=\"async\" class=\"alignnone wp-image-2715\" src=\"https:\/\/henerrfm.com\/wp-content\/uploads\/2025\/11\/xj-300x125.jpg\" alt=\"\" width=\"1296\" height=\"540\" srcset=\"https:\/\/www.henerrfm.com\/wp-content\/uploads\/2025\/11\/xj-300x125.jpg 300w, https:\/\/www.henerrfm.com\/wp-content\/uploads\/2025\/11\/xj-1024x426.jpg 1024w, https:\/\/www.henerrfm.com\/wp-content\/uploads\/2025\/11\/xj-768x320.jpg 768w, https:\/\/www.henerrfm.com\/wp-content\/uploads\/2025\/11\/xj-600x250.jpg 600w, https:\/\/www.henerrfm.com\/wp-content\/uploads\/2025\/11\/xj.jpg 1350w\" sizes=\"auto, (max-width: 1296px) 100vw, 1296px\" \/><\/h5>\n<h5>Aplicativo<\/h5>\n<h5><img loading=\"lazy\" decoding=\"async\" class=\"alignnone wp-image-2713\" src=\"https:\/\/henerrfm.com\/wp-content\/uploads\/2025\/11\/\uff1fHigh-Speed-Glazed-Roof-Sheet-Roll-Forming-Machine2yy.jpg1_-300x125.jpg\" alt=\"\" width=\"1296\" height=\"540\" srcset=\"https:\/\/www.henerrfm.com\/wp-content\/uploads\/2025\/11\/\uff1fHigh-Speed-Glazed-Roof-Sheet-Roll-Forming-Machine2yy.jpg1_-300x125.jpg 300w, https:\/\/www.henerrfm.com\/wp-content\/uploads\/2025\/11\/\uff1fHigh-Speed-Glazed-Roof-Sheet-Roll-Forming-Machine2yy.jpg1_-1024x426.jpg 1024w, https:\/\/www.henerrfm.com\/wp-content\/uploads\/2025\/11\/\uff1fHigh-Speed-Glazed-Roof-Sheet-Roll-Forming-Machine2yy.jpg1_-768x320.jpg 768w, https:\/\/www.henerrfm.com\/wp-content\/uploads\/2025\/11\/\uff1fHigh-Speed-Glazed-Roof-Sheet-Roll-Forming-Machine2yy.jpg1_-600x250.jpg 600w, https:\/\/www.henerrfm.com\/wp-content\/uploads\/2025\/11\/\uff1fHigh-Speed-Glazed-Roof-Sheet-Roll-Forming-Machine2yy.jpg1_.jpg 1350w\" sizes=\"auto, (max-width: 1296px) 100vw, 1296px\" \/><\/h5>\n<h5><img loading=\"lazy\" decoding=\"async\" class=\"alignnone wp-image-2712\" src=\"https:\/\/henerrfm.com\/wp-content\/uploads\/2025\/11\/\uff1fHigh-Speed-Glazed-Roof-Sheet-Roll-Forming-Machine2yy-300x125.jpg\" alt=\"\" width=\"1291\" height=\"538\" srcset=\"https:\/\/www.henerrfm.com\/wp-content\/uploads\/2025\/11\/\uff1fHigh-Speed-Glazed-Roof-Sheet-Roll-Forming-Machine2yy-300x125.jpg 300w, https:\/\/www.henerrfm.com\/wp-content\/uploads\/2025\/11\/\uff1fHigh-Speed-Glazed-Roof-Sheet-Roll-Forming-Machine2yy-1024x426.jpg 1024w, https:\/\/www.henerrfm.com\/wp-content\/uploads\/2025\/11\/\uff1fHigh-Speed-Glazed-Roof-Sheet-Roll-Forming-Machine2yy-768x320.jpg 768w, https:\/\/www.henerrfm.com\/wp-content\/uploads\/2025\/11\/\uff1fHigh-Speed-Glazed-Roof-Sheet-Roll-Forming-Machine2yy-600x250.jpg 600w, https:\/\/www.henerrfm.com\/wp-content\/uploads\/2025\/11\/\uff1fHigh-Speed-Glazed-Roof-Sheet-Roll-Forming-Machine2yy.jpg 1350w\" sizes=\"auto, (max-width: 1291px) 100vw, 1291px\" \/><\/h5>\n<div style=\"all: initial !important;\"><\/div>","protected":false},"excerpt":{"rendered":"<p>&nbsp;<\/p>\n<div style=\"all: initial !important;\"><\/div>","protected":false},"featured_media":2708,"comment_status":"open","ping_status":"closed","template":"","meta":{"_gspb_post_css":""},"product_brand":[],"product_cat":[125,120],"product_tag":[],"class_list":{"0":"post-263","1":"product","2":"type-product","3":"status-publish","4":"has-post-thumbnail","6":"product_cat-glazed-roof-sheet-roll-forming-machine","7":"product_cat-roof-wall-panel-roll-forming-machine","9":"first","10":"instock","11":"shipping-taxable","12":"product-type-simple"},"_links":{"self":[{"href":"https:\/\/www.henerrfm.com\/pt\/wp-json\/wp\/v2\/product\/263","targetHints":{"allow":["GET"]}}],"collection":[{"href":"https:\/\/www.henerrfm.com\/pt\/wp-json\/wp\/v2\/product"}],"about":[{"href":"https:\/\/www.henerrfm.com\/pt\/wp-json\/wp\/v2\/types\/product"}],"replies":[{"embeddable":true,"href":"https:\/\/www.henerrfm.com\/pt\/wp-json\/wp\/v2\/comments?post=263"}],"wp:featuredmedia":[{"embeddable":true,"href":"https:\/\/www.henerrfm.com\/pt\/wp-json\/wp\/v2\/media\/2708"}],"wp:attachment":[{"href":"https:\/\/www.henerrfm.com\/pt\/wp-json\/wp\/v2\/media?parent=263"}],"wp:term":[{"taxonomy":"product_brand","embeddable":true,"href":"https:\/\/www.henerrfm.com\/pt\/wp-json\/wp\/v2\/product_brand?post=263"},{"taxonomy":"product_cat","embeddable":true,"href":"https:\/\/www.henerrfm.com\/pt\/wp-json\/wp\/v2\/product_cat?post=263"},{"taxonomy":"product_tag","embeddable":true,"href":"https:\/\/www.henerrfm.com\/pt\/wp-json\/wp\/v2\/product_tag?post=263"}],"curies":[{"name":"wp","href":"https:\/\/api.w.org\/{rel}","templated":true}]}}