{"id":268,"date":"2025-11-03T00:19:15","date_gmt":"2025-11-03T00:19:15","guid":{"rendered":"https:\/\/henerrfm.com\/?post_type=product&#038;p=268"},"modified":"2025-12-04T08:19:25","modified_gmt":"2025-12-04T08:19:25","slug":"k-style-gutter-roll-forming-machine","status":"publish","type":"product","link":"https:\/\/www.henerrfm.com\/pt\/product\/k-style-gutter-roll-forming-machine\/","title":{"rendered":"M\u00e1quina de perfilagem de calhas tipo K"},"content":{"rendered":"<h5>Vis\u00e3o geral do produto<\/h5>\n<p>O <a href=\"https:\/\/www.henerrfm.com\/pt\/produto\/k-style-gutter-roll-forming-machine\/\">M\u00e1quina de perfilagem de calhas tipo K<\/a> \u00c9 uma solu\u00e7\u00e3o de ponta para a produ\u00e7\u00e3o de calhas cont\u00ednuas de alta qualidade com excepcional versatilidade. Projetada para lidar com todos os materiais e espessuras de calhas padr\u00e3o, at\u00e9 calibre 24, esta m\u00e1quina oferece desempenho consistente para calhas de 6 polegadas no estilo K com ajustes m\u00ednimos.<\/p>\n<p>Equipada com rolos de conforma\u00e7\u00e3o cromados flutuantes, a m\u00e1quina de conforma\u00e7\u00e3o de calhas tipo K reduz a press\u00e3o excessiva comumente associada aos rolos acionados tradicionais, garantindo um corte suave e preciso e prolongando a vida \u00fatil da m\u00e1quina. Seu design avan\u00e7ado permite f\u00e1cil opera\u00e7\u00e3o, mantendo alta precis\u00e3o e confiabilidade em cada lote de produ\u00e7\u00e3o.<\/p>\n<p>Ideal para aplica\u00e7\u00f5es residenciais e comerciais, a m\u00e1quina de perfilagem de calhas estilo K combina durabilidade, efici\u00eancia e precis\u00e3o, tornando-se a escolha definitiva para fabricantes que buscam calhas sem emendas consistentes e de qualidade profissional.<\/p>\n<h5>Desenhos de perfil do produto<\/h5>\n<p><img loading=\"lazy\" decoding=\"async\" class=\"alignnone wp-image-2705\" src=\"https:\/\/henerrfm.com\/wp-content\/uploads\/2025\/11\/K-style-seamless-gutter-machinepm-300x300.jpg\" alt=\"M\u00e1quina de calhas sem emendas estilo K\" width=\"672\" height=\"672\" srcset=\"https:\/\/www.henerrfm.com\/wp-content\/uploads\/2025\/11\/K-style-seamless-gutter-machinepm-300x300.jpg 300w, https:\/\/www.henerrfm.com\/wp-content\/uploads\/2025\/11\/K-style-seamless-gutter-machinepm-150x150.jpg 150w, https:\/\/www.henerrfm.com\/wp-content\/uploads\/2025\/11\/K-style-seamless-gutter-machinepm-100x100.jpg 100w, https:\/\/www.henerrfm.com\/wp-content\/uploads\/2025\/11\/K-style-seamless-gutter-machinepm.jpg 500w\" sizes=\"auto, (max-width: 672px) 100vw, 672px\" \/><\/p>\n<h5>Par\u00e2metros t\u00e9cnicos<\/h5>\n<p>&nbsp;<\/p>\n<table>\n<thead>\n<tr>\n<th><span style=\"font-weight: 400;\">Item<\/span><\/th>\n<th><span style=\"font-weight: 400;\">Detalhes da especifica\u00e7\u00e3o<\/span><\/th>\n<\/tr>\n<\/thead>\n<tbody>\n<tr>\n<td>Estrutura da base<\/td>\n<td>350 viga H soldada<\/td>\n<\/tr>\n<tr>\n<td>Espessura da parede lateral<\/td>\n<td>A\u00e7o carbono A3 de 16 mm, soldado sem costura com estrutura de base.<\/td>\n<\/tr>\n<tr>\n<td>Esta\u00e7\u00f5es de rolos<\/td>\n<td>18 unidades formadoras<\/td>\n<\/tr>\n<tr>\n<td>Di\u00e2metro da barra de conex\u00e3o<\/td>\n<td>Haste de a\u00e7o galvanizado de 25 mm<\/td>\n<\/tr>\n<tr>\n<td>Eixo do rolo (s\u00f3lido)<\/td>\n<td>70 mm (toler\u00e2ncia: -0,01 a -0,03 mm) com chaveta<\/td>\n<\/tr>\n<tr>\n<td>Material do eixo (duro)<\/td>\n<td>A\u00e7o 45# de alta qualidade, torneado e polido para um acabamento liso.<\/td>\n<\/tr>\n<tr>\n<td>Material do rolo (duro)<\/td>\n<td>A\u00e7o 45# de alta qualidade, torneado em torno CNC e cromado com 0,05 mm de espessura.<\/td>\n<\/tr>\n<tr>\n<td>Tipo de rolamento<\/td>\n<td>Standard 6210 (Wanxiang, Wuxi), unidades individuais dentro de caixa de parede<\/td>\n<\/tr>\n<tr>\n<td>Parafusos e Porcas<\/td>\n<td>Padr\u00e3o comum 8.8<\/td>\n<\/tr>\n<tr>\n<td>M\u00e9todo de transmiss\u00e3o<\/td>\n<td>0,6 polegadas<\/td>\n<\/tr>\n<tr>\n<td>Motor de acionamento<\/td>\n<td>4,0 kW<\/td>\n<\/tr>\n<tr>\n<td>Redutor de motor<\/td>\n<td>4,0 kW<\/td>\n<\/tr>\n<tr>\n<td>Velocidade de forma\u00e7\u00e3o<\/td>\n<td>10-12 m\/min<\/td>\n<\/tr>\n<\/tbody>\n<\/table>\n<h5>Fluxograma<\/h5>\n<h5><img loading=\"lazy\" decoding=\"async\" class=\"alignnone wp-image-2704\" src=\"https:\/\/henerrfm.com\/wp-content\/uploads\/2025\/11\/K-style-seamless-gutter-machinelc-300x74.jpg\" alt=\"\" width=\"1314\" height=\"324\" srcset=\"https:\/\/www.henerrfm.com\/wp-content\/uploads\/2025\/11\/K-style-seamless-gutter-machinelc-300x74.jpg 300w, https:\/\/www.henerrfm.com\/wp-content\/uploads\/2025\/11\/K-style-seamless-gutter-machinelc-1024x251.jpg 1024w, https:\/\/www.henerrfm.com\/wp-content\/uploads\/2025\/11\/K-style-seamless-gutter-machinelc-768x188.jpg 768w, https:\/\/www.henerrfm.com\/wp-content\/uploads\/2025\/11\/K-style-seamless-gutter-machinelc-600x147.jpg 600w\" sizes=\"auto, (max-width: 1314px) 100vw, 1314px\" \/><\/h5>\n<h5 style=\"text-align: left;\">V\u00eddeo do produto<\/h5>\n<p><iframe loading=\"lazy\" title=\"M\u00e1quina de calhas sem emendas estilo K\" width=\"1350\" height=\"759\" src=\"https:\/\/www.youtube.com\/embed\/mBmKXFQ3VZQ?feature=oembed\" frameborder=\"0\" allow=\"accelerometer; autoplay; clipboard-write; encrypted-media; gyroscope; picture-in-picture; web-share\" referrerpolicy=\"strict-origin-when-cross-origin\" allowfullscreen><\/iframe><\/p>\n<h5>Aplicativo<\/h5>\n<h5><img loading=\"lazy\" decoding=\"async\" class=\"alignnone wp-image-2706\" src=\"https:\/\/henerrfm.com\/wp-content\/uploads\/2025\/11\/K-style-seamless-gutter-machineyy-300x125.jpg\" alt=\"\" width=\"1342\" height=\"559\" srcset=\"https:\/\/www.henerrfm.com\/wp-content\/uploads\/2025\/11\/K-style-seamless-gutter-machineyy-300x125.jpg 300w, https:\/\/www.henerrfm.com\/wp-content\/uploads\/2025\/11\/K-style-seamless-gutter-machineyy-1024x426.jpg 1024w, https:\/\/www.henerrfm.com\/wp-content\/uploads\/2025\/11\/K-style-seamless-gutter-machineyy-768x320.jpg 768w, https:\/\/www.henerrfm.com\/wp-content\/uploads\/2025\/11\/K-style-seamless-gutter-machineyy-600x250.jpg 600w, https:\/\/www.henerrfm.com\/wp-content\/uploads\/2025\/11\/K-style-seamless-gutter-machineyy.jpg 1350w\" sizes=\"auto, (max-width: 1342px) 100vw, 1342px\" \/><\/h5>\n<h5>Produto final<\/h5>\n<h5><img loading=\"lazy\" decoding=\"async\" class=\"alignnone wp-image-2703\" src=\"https:\/\/henerrfm.com\/wp-content\/uploads\/2025\/11\/K-style-seamless-gutter-machinecp-300x173.jpg\" alt=\"\" width=\"865\" height=\"499\" srcset=\"https:\/\/www.henerrfm.com\/wp-content\/uploads\/2025\/11\/K-style-seamless-gutter-machinecp-300x173.jpg 300w, https:\/\/www.henerrfm.com\/wp-content\/uploads\/2025\/11\/K-style-seamless-gutter-machinecp-1024x590.jpg 1024w, https:\/\/www.henerrfm.com\/wp-content\/uploads\/2025\/11\/K-style-seamless-gutter-machinecp-768x443.jpg 768w, https:\/\/www.henerrfm.com\/wp-content\/uploads\/2025\/11\/K-style-seamless-gutter-machinecp-600x346.jpg 600w, https:\/\/www.henerrfm.com\/wp-content\/uploads\/2025\/11\/K-style-seamless-gutter-machinecp.jpg 1350w\" sizes=\"auto, (max-width: 865px) 100vw, 865px\" \/><\/h5>\n<div style=\"all: initial !important;\"><\/div>\n<div style=\"all: initial !important;\"><\/div>","protected":false},"excerpt":{"rendered":"<p>&nbsp;<\/p>\n<div style=\"all: initial !important;\"><\/div>\n<div style=\"all: initial !important;\"><\/div>","protected":false},"featured_media":2702,"comment_status":"open","ping_status":"closed","template":"","meta":{"_gspb_post_css":""},"product_brand":[],"product_cat":[126,120],"product_tag":[],"class_list":{"0":"post-268","1":"product","2":"type-product","3":"status-publish","4":"has-post-thumbnail","6":"product_cat-gutter-downspout-roll-forming-machine","7":"product_cat-roof-wall-panel-roll-forming-machine","9":"first","10":"instock","11":"shipping-taxable","12":"product-type-simple"},"_links":{"self":[{"href":"https:\/\/www.henerrfm.com\/pt\/wp-json\/wp\/v2\/product\/268","targetHints":{"allow":["GET"]}}],"collection":[{"href":"https:\/\/www.henerrfm.com\/pt\/wp-json\/wp\/v2\/product"}],"about":[{"href":"https:\/\/www.henerrfm.com\/pt\/wp-json\/wp\/v2\/types\/product"}],"replies":[{"embeddable":true,"href":"https:\/\/www.henerrfm.com\/pt\/wp-json\/wp\/v2\/comments?post=268"}],"wp:featuredmedia":[{"embeddable":true,"href":"https:\/\/www.henerrfm.com\/pt\/wp-json\/wp\/v2\/media\/2702"}],"wp:attachment":[{"href":"https:\/\/www.henerrfm.com\/pt\/wp-json\/wp\/v2\/media?parent=268"}],"wp:term":[{"taxonomy":"product_brand","embeddable":true,"href":"https:\/\/www.henerrfm.com\/pt\/wp-json\/wp\/v2\/product_brand?post=268"},{"taxonomy":"product_cat","embeddable":true,"href":"https:\/\/www.henerrfm.com\/pt\/wp-json\/wp\/v2\/product_cat?post=268"},{"taxonomy":"product_tag","embeddable":true,"href":"https:\/\/www.henerrfm.com\/pt\/wp-json\/wp\/v2\/product_tag?post=268"}],"curies":[{"name":"wp","href":"https:\/\/api.w.org\/{rel}","templated":true}]}}