{"id":274,"date":"2025-11-03T00:21:34","date_gmt":"2025-11-03T00:21:34","guid":{"rendered":"https:\/\/henerrfm.com\/?post_type=product&#038;p=274"},"modified":"2025-12-04T08:19:48","modified_gmt":"2025-12-04T08:19:48","slug":"portable-kr18-standing-seam-machine","status":"publish","type":"product","link":"https:\/\/www.henerrfm.com\/pt\/product\/portable-kr18-standing-seam-machine\/","title":{"rendered":"M\u00e1quina port\u00e1til da costura KR18 Standing"},"content":{"rendered":"<h5>Vis\u00e3o geral do produto<\/h5>\n<p>O <a href=\"https:\/\/www.henerrfm.com\/pt\/produto\/portable-kr18-standing-seam-machine\/\">M\u00e1quina port\u00e1til da costura KR18 Standing<\/a> \u00e9 um sistema de forma\u00e7\u00e3o de rolo vers\u00e1til projetado para a produ\u00e7\u00e3o no local de pain\u00e9is de cobertura de metal de costura em p\u00e9, tornando-o altamente popular no M\u00e9xico Seu design port\u00e1til permite que os pain\u00e9is sejam enrolados diretamente no telhado, simplificando o transporte, manuseio e instala\u00e7\u00e3o.<\/p>\n<p>Apresentando um sistema de fixa\u00e7\u00e3o de clipe oculto, esta m\u00e1quina elimina a necessidade de perfura\u00e7\u00e3o de superf\u00edcie, reduzindo os custos de manuten\u00e7\u00e3o e melhorando o desempenho \u00e0 prova d'\u00e1gua Os pain\u00e9is KR24 do tipo SSR s\u00e3o nervurados e instalados diretamente no local, garantindo uma veda\u00e7\u00e3o herm\u00e9tica e minimizando os riscos de vazamento.<\/p>\n<p>Fabricada em comprimentos cont\u00ednuos de calha a cumeeira, a M\u00e1quina Port\u00e1til de Costura Permanente KR18 suporta telhados de baixa inclina\u00e7\u00e3o at\u00e9 21TP8 T e permite que materiais de isolamento sejam adicionados durante a instala\u00e7\u00e3o Seu eficiente sistema de conforma\u00e7\u00e3o no local oferece solu\u00e7\u00f5es de cobertura met\u00e1lica dur\u00e1veis, precisas e resistentes \u00e0s intemp\u00e9ries para aplica\u00e7\u00f5es residenciais, comerciais e industriais.<\/p>\n<h5>Desenhos de perfil do produto<\/h5>\n<p><img loading=\"lazy\" decoding=\"async\" class=\"alignnone wp-image-2696\" src=\"https:\/\/henerrfm.com\/wp-content\/uploads\/2025\/11\/KR18-standing-seam-machinepm-300x148.jpg\" alt=\"\" width=\"1332\" height=\"657\" srcset=\"https:\/\/www.henerrfm.com\/wp-content\/uploads\/2025\/11\/KR18-standing-seam-machinepm-300x148.jpg 300w, https:\/\/www.henerrfm.com\/wp-content\/uploads\/2025\/11\/KR18-standing-seam-machinepm-1024x506.jpg 1024w, https:\/\/www.henerrfm.com\/wp-content\/uploads\/2025\/11\/KR18-standing-seam-machinepm-768x379.jpg 768w, https:\/\/www.henerrfm.com\/wp-content\/uploads\/2025\/11\/KR18-standing-seam-machinepm-600x296.jpg 600w, https:\/\/www.henerrfm.com\/wp-content\/uploads\/2025\/11\/KR18-standing-seam-machinepm.jpg 1350w\" sizes=\"auto, (max-width: 1332px) 100vw, 1332px\" \/><\/p>\n<h5>Par\u00e2metros t\u00e9cnicos<\/h5>\n<table>\n<thead>\n<tr>\n<th><span style=\"font-weight: 400;\">Item<\/span><\/th>\n<th><span style=\"font-weight: 400;\">Detalhes da especifica\u00e7\u00e3o<\/span><\/th>\n<\/tr>\n<\/thead>\n<tbody>\n<tr>\n<td>Material Moldado<\/td>\n<td>PPGI, GI, AI; Espessura: 0,3-0,6 mm<\/td>\n<\/tr>\n<tr>\n<td>Desbobinador<\/td>\n<td>Decoiler autom\u00e1tico hidr\u00e1ulico; Decoiler manual (op\u00e7\u00e3o livre)<\/td>\n<\/tr>\n<tr>\n<td>Esta\u00e7\u00e3o principal do rolo do corpo<\/td>\n<td>7 linhas (personaliz\u00e1vel conforme a exig\u00eancia)<\/td>\n<\/tr>\n<tr>\n<td>Corpo principal Di\u00e2metro Shaft<\/td>\n<td>eixo s\u00f3lido de 60 mm<\/td>\n<\/tr>\n<tr>\n<td>Material do corpo principal<\/td>\n<td>A\u00e7o 45#, cromado duro na superf\u00edcie.<\/td>\n<\/tr>\n<tr>\n<td>Corpo principal Quadro do corpo da m\u00e1quina<\/td>\n<td>Tubo quadrado soldado com painel de a\u00e7o<\/td>\n<\/tr>\n<tr>\n<td>Corpo principal (principal) Drive<\/td>\n<td>Transmiss\u00e3o engrenagem<\/td>\n<\/tr>\n<\/tbody>\n<\/table>\n<h5>Fluxograma<\/h5>\n<h5><img loading=\"lazy\" decoding=\"async\" class=\"alignnone wp-image-2695\" src=\"https:\/\/henerrfm.com\/wp-content\/uploads\/2025\/11\/KR18-standing-seam-machinelc-300x96.jpg\" alt=\"\" width=\"1334\" height=\"427\" srcset=\"https:\/\/www.henerrfm.com\/wp-content\/uploads\/2025\/11\/KR18-standing-seam-machinelc-300x96.jpg 300w, https:\/\/www.henerrfm.com\/wp-content\/uploads\/2025\/11\/KR18-standing-seam-machinelc-1024x328.jpg 1024w, https:\/\/www.henerrfm.com\/wp-content\/uploads\/2025\/11\/KR18-standing-seam-machinelc-768x246.jpg 768w, https:\/\/www.henerrfm.com\/wp-content\/uploads\/2025\/11\/KR18-standing-seam-machinelc-600x192.jpg 600w, https:\/\/www.henerrfm.com\/wp-content\/uploads\/2025\/11\/KR18-standing-seam-machinelc.jpg 1350w\" sizes=\"auto, (max-width: 1334px) 100vw, 1334px\" \/><\/h5>\n<h5 style=\"text-align: left;\">V\u00eddeo do produto<\/h5>\n<p><iframe loading=\"lazy\" title=\"M\u00e1quina de costura vertical port\u00e1til Kr18\" width=\"1350\" height=\"759\" src=\"https:\/\/www.youtube.com\/embed\/QaR9D-WzBr0?feature=oembed\" frameborder=\"0\" allow=\"accelerometer; autoplay; clipboard-write; encrypted-media; gyroscope; picture-in-picture; web-share\" referrerpolicy=\"strict-origin-when-cross-origin\" allowfullscreen><\/iframe><\/p>\n<h5>Exibi\u00e7\u00e3o de detalhes do produto<\/h5>\n<h5><img loading=\"lazy\" decoding=\"async\" class=\"alignnone wp-image-2697\" src=\"https:\/\/henerrfm.com\/wp-content\/uploads\/2025\/11\/KR18-standing-seam-machinexj-300x105.jpg\" alt=\"\" width=\"1317\" height=\"461\" srcset=\"https:\/\/www.henerrfm.com\/wp-content\/uploads\/2025\/11\/KR18-standing-seam-machinexj-300x105.jpg 300w, https:\/\/www.henerrfm.com\/wp-content\/uploads\/2025\/11\/KR18-standing-seam-machinexj-768x270.jpg 768w, https:\/\/www.henerrfm.com\/wp-content\/uploads\/2025\/11\/KR18-standing-seam-machinexj-600x211.jpg 600w, https:\/\/www.henerrfm.com\/wp-content\/uploads\/2025\/11\/KR18-standing-seam-machinexj.jpg 1350w\" sizes=\"auto, (max-width: 1317px) 100vw, 1317px\" \/><\/h5>\n<h5>Aplicativo<\/h5>\n<h5><img loading=\"lazy\" decoding=\"async\" class=\"alignnone wp-image-2698\" src=\"https:\/\/henerrfm.com\/wp-content\/uploads\/2025\/11\/KR18-standing-seam-machineyy-300x105.jpg\" alt=\"\" width=\"1323\" height=\"463\" srcset=\"https:\/\/www.henerrfm.com\/wp-content\/uploads\/2025\/11\/KR18-standing-seam-machineyy-300x105.jpg 300w, https:\/\/www.henerrfm.com\/wp-content\/uploads\/2025\/11\/KR18-standing-seam-machineyy-768x270.jpg 768w, https:\/\/www.henerrfm.com\/wp-content\/uploads\/2025\/11\/KR18-standing-seam-machineyy-600x211.jpg 600w\" sizes=\"auto, (max-width: 1323px) 100vw, 1323px\" \/><\/h5>\n<div style=\"all: initial !important;\"><\/div>\n<div style=\"all: initial !important;\"><\/div>","protected":false},"excerpt":{"rendered":"<p>&nbsp;<\/p>\n<div style=\"all: initial !important;\"><\/div>\n<div style=\"all: initial !important;\"><\/div>","protected":false},"featured_media":2693,"comment_status":"open","ping_status":"closed","template":"","meta":{"_gspb_post_css":""},"product_brand":[],"product_cat":[120,127],"product_tag":[],"class_list":{"0":"post-274","1":"product","2":"type-product","3":"status-publish","4":"has-post-thumbnail","6":"product_cat-roof-wall-panel-roll-forming-machine","7":"product_cat-standing-seam-roof-panel-roll-forming-machine","9":"first","10":"instock","11":"shipping-taxable","12":"product-type-simple"},"_links":{"self":[{"href":"https:\/\/www.henerrfm.com\/pt\/wp-json\/wp\/v2\/product\/274","targetHints":{"allow":["GET"]}}],"collection":[{"href":"https:\/\/www.henerrfm.com\/pt\/wp-json\/wp\/v2\/product"}],"about":[{"href":"https:\/\/www.henerrfm.com\/pt\/wp-json\/wp\/v2\/types\/product"}],"replies":[{"embeddable":true,"href":"https:\/\/www.henerrfm.com\/pt\/wp-json\/wp\/v2\/comments?post=274"}],"wp:featuredmedia":[{"embeddable":true,"href":"https:\/\/www.henerrfm.com\/pt\/wp-json\/wp\/v2\/media\/2693"}],"wp:attachment":[{"href":"https:\/\/www.henerrfm.com\/pt\/wp-json\/wp\/v2\/media?parent=274"}],"wp:term":[{"taxonomy":"product_brand","embeddable":true,"href":"https:\/\/www.henerrfm.com\/pt\/wp-json\/wp\/v2\/product_brand?post=274"},{"taxonomy":"product_cat","embeddable":true,"href":"https:\/\/www.henerrfm.com\/pt\/wp-json\/wp\/v2\/product_cat?post=274"},{"taxonomy":"product_tag","embeddable":true,"href":"https:\/\/www.henerrfm.com\/pt\/wp-json\/wp\/v2\/product_tag?post=274"}],"curies":[{"name":"wp","href":"https:\/\/api.w.org\/{rel}","templated":true}]}}