{"id":286,"date":"2025-11-03T00:28:23","date_gmt":"2025-11-03T00:28:23","guid":{"rendered":"https:\/\/henerrfm.com\/?post_type=product&#038;p=286"},"modified":"2025-12-04T08:23:59","modified_gmt":"2025-12-04T08:23:59","slug":"metal-ridge-cap-roof-tile-roll-forming-machine","status":"publish","type":"product","link":"https:\/\/www.henerrfm.com\/pt\/product\/metal-ridge-cap-roof-tile-roll-forming-machine\/","title":{"rendered":"M\u00e1quina de perfilagem de telhas met\u00e1licas para cumeeira"},"content":{"rendered":"<h5>Vis\u00e3o geral do produto<\/h5>\n<p>O <a href=\"https:\/\/www.henerrfm.com\/pt\/produto\/metal-ridge-cap-roof-tile-roll-forming-machine\/\">M\u00e1quina de perfilagem de telhas met\u00e1licas para cumeeira<\/a> \u00e9 uma pe\u00e7a avan\u00e7ada de equipamento projetado para fabricar tampas de cumeeira de precis\u00e3o para sistemas de cobertura de metal Estas tampas de cume s\u00e3o instaladas ao longo do pico do telhado para fornecer prote\u00e7\u00e3o superior contra vazamento de \u00e1gua, eleva\u00e7\u00e3o do vento e intrus\u00e3o de neve, melhorando a apar\u00eancia geral e durabilidade do telhado.<\/p>\n<p>Ideal para fabricantes de material de cobertura, a M\u00e1quina Formadora de Rolos de Telha de Telhado de Tampa de Metal Ridge oferece opera\u00e7\u00e3o silenciosa, f\u00e1cil configura\u00e7\u00e3o e sa\u00edda consistente Cada modelo \u00e9 personalizado para produzir um perfil de tampa de cume espec\u00edfico que se encaixa perfeitamente com <a href=\"https:\/\/en.wikipedia.org\/wiki\/Roof_tiles\" target=\"_blank\" rel=\"noopener\">telhas<\/a>, tornando-se uma excelente solu\u00e7\u00e3o para empresas focadas em efici\u00eancia, precis\u00e3o e desempenho duradouro.<\/p>\n<h5>Desenhos de perfil do produto<\/h5>\n<p><img loading=\"lazy\" decoding=\"async\" class=\"alignnone wp-image-2679\" src=\"https:\/\/henerrfm.com\/wp-content\/uploads\/2025\/11\/ridge-cap-roll-forming-machinepm-300x156.jpg\" alt=\"\" width=\"1335\" height=\"694\" srcset=\"https:\/\/www.henerrfm.com\/wp-content\/uploads\/2025\/11\/ridge-cap-roll-forming-machinepm-300x156.jpg 300w, https:\/\/www.henerrfm.com\/wp-content\/uploads\/2025\/11\/ridge-cap-roll-forming-machinepm-1024x532.jpg 1024w, https:\/\/www.henerrfm.com\/wp-content\/uploads\/2025\/11\/ridge-cap-roll-forming-machinepm-768x399.jpg 768w, https:\/\/www.henerrfm.com\/wp-content\/uploads\/2025\/11\/ridge-cap-roll-forming-machinepm-600x312.jpg 600w, https:\/\/www.henerrfm.com\/wp-content\/uploads\/2025\/11\/ridge-cap-roll-forming-machinepm.jpg 1350w\" sizes=\"auto, (max-width: 1335px) 100vw, 1335px\" \/><\/p>\n<h5>Par\u00e2metros t\u00e9cnicos<\/h5>\n<table>\n<thead>\n<tr>\n<th><span style=\"font-weight: 400;\">Item<\/span><\/th>\n<th><span style=\"font-weight: 400;\">Detalhes da especifica\u00e7\u00e3o<\/span><\/th>\n<\/tr>\n<\/thead>\n<tbody>\n<tr>\n<td>Formando etapas<\/td>\n<td>15 esta\u00e7\u00f5es<\/td>\n<\/tr>\n<tr>\n<td>Di\u00e2metro do eixo<\/td>\n<td>80mm<\/td>\n<\/tr>\n<tr>\n<td>Tipo de projeto<\/td>\n<td>Estrutura soldada da placa intermedi\u00e1ria<\/td>\n<\/tr>\n<tr>\n<td>Estrutura da m\u00e1quina<\/td>\n<td>3501TP10 T H-feixe soldada quadro<\/td>\n<\/tr>\n<tr>\n<td>Material do rolo<\/td>\n<td>A\u00e7o 451TP10 T com cromagem dura<\/td>\n<\/tr>\n<tr>\n<td>Material do eixo<\/td>\n<td>A\u00e7o 45#<\/td>\n<\/tr>\n<tr>\n<td>Velocidade de trabalho<\/td>\n<td>7 metros 5 por minuto<\/td>\n<\/tr>\n<tr>\n<td>M\u00e9todo de transmiss\u00e3o<\/td>\n<td>Motivado por corrente<\/td>\n<\/tr>\n<tr>\n<td>Pot\u00eancia do Motor Principal<\/td>\n<td>5,5 kW<\/td>\n<\/tr>\n<tr>\n<td>Tipo de corte<\/td>\n<td>Corte hidr\u00e1ulico<\/td>\n<\/tr>\n<tr>\n<td>Dimens\u00f5es M\u00e1quina<\/td>\n<td>5600 mm \u00d7 600 mm \u00d7 800 mm<\/td>\n<\/tr>\n<\/tbody>\n<\/table>\n<h5>Fluxograma<\/h5>\n<p><img loading=\"lazy\" decoding=\"async\" class=\"alignnone wp-image-2678\" src=\"https:\/\/henerrfm.com\/wp-content\/uploads\/2025\/11\/ridge-cap-roll-forming-machinelc-300x71.jpg\" alt=\"\" width=\"1310\" height=\"310\" srcset=\"https:\/\/www.henerrfm.com\/wp-content\/uploads\/2025\/11\/ridge-cap-roll-forming-machinelc-300x71.jpg 300w, https:\/\/www.henerrfm.com\/wp-content\/uploads\/2025\/11\/ridge-cap-roll-forming-machinelc-1024x241.jpg 1024w, https:\/\/www.henerrfm.com\/wp-content\/uploads\/2025\/11\/ridge-cap-roll-forming-machinelc-768x181.jpg 768w, https:\/\/www.henerrfm.com\/wp-content\/uploads\/2025\/11\/ridge-cap-roll-forming-machinelc-600x141.jpg 600w, https:\/\/www.henerrfm.com\/wp-content\/uploads\/2025\/11\/ridge-cap-roll-forming-machinelc.jpg 1350w\" sizes=\"auto, (max-width: 1310px) 100vw, 1310px\" \/><\/p>\n<h5 style=\"text-align: left;\">V\u00eddeo do produto<\/h5>\n<p><iframe loading=\"lazy\" title=\"M\u00e1quina formadora rolo cumeeira metal\" width=\"1350\" height=\"759\" src=\"https:\/\/www.youtube.com\/embed\/2U9pOprZAHk?feature=oembed\" frameborder=\"0\" allow=\"accelerometer; autoplay; clipboard-write; encrypted-media; gyroscope; picture-in-picture; web-share\" referrerpolicy=\"strict-origin-when-cross-origin\" allowfullscreen><\/iframe><\/p>\n<h5>Exibi\u00e7\u00e3o de detalhes do produto<\/h5>\n<p><img loading=\"lazy\" decoding=\"async\" class=\"alignnone wp-image-2676\" src=\"https:\/\/henerrfm.com\/wp-content\/uploads\/2025\/11\/ridge-cap-roll-forming-machine5-300x300.jpg\" alt=\"\" width=\"655\" height=\"655\" srcset=\"https:\/\/www.henerrfm.com\/wp-content\/uploads\/2025\/11\/ridge-cap-roll-forming-machine5-300x300.jpg 300w, https:\/\/www.henerrfm.com\/wp-content\/uploads\/2025\/11\/ridge-cap-roll-forming-machine5-150x150.jpg 150w, https:\/\/www.henerrfm.com\/wp-content\/uploads\/2025\/11\/ridge-cap-roll-forming-machine5-100x100.jpg 100w, https:\/\/www.henerrfm.com\/wp-content\/uploads\/2025\/11\/ridge-cap-roll-forming-machine5.jpg 500w\" sizes=\"auto, (max-width: 655px) 100vw, 655px\" \/> <img loading=\"lazy\" decoding=\"async\" class=\"alignnone wp-image-2677\" src=\"https:\/\/henerrfm.com\/wp-content\/uploads\/2025\/11\/ridge-cap-roll-forming-machine6-300x300.jpg\" alt=\"\" width=\"654\" height=\"654\" srcset=\"https:\/\/www.henerrfm.com\/wp-content\/uploads\/2025\/11\/ridge-cap-roll-forming-machine6-300x300.jpg 300w, https:\/\/www.henerrfm.com\/wp-content\/uploads\/2025\/11\/ridge-cap-roll-forming-machine6-150x150.jpg 150w, https:\/\/www.henerrfm.com\/wp-content\/uploads\/2025\/11\/ridge-cap-roll-forming-machine6-100x100.jpg 100w, https:\/\/www.henerrfm.com\/wp-content\/uploads\/2025\/11\/ridge-cap-roll-forming-machine6.jpg 500w\" sizes=\"auto, (max-width: 654px) 100vw, 654px\" \/><\/p>\n<h5>Aplicativo<\/h5>\n<p><img loading=\"lazy\" decoding=\"async\" class=\"alignnone wp-image-2680\" src=\"https:\/\/henerrfm.com\/wp-content\/uploads\/2025\/11\/ridge-cap-roll-forming-machineyy-300x105.jpg\" alt=\"\" width=\"1337\" height=\"468\" srcset=\"https:\/\/www.henerrfm.com\/wp-content\/uploads\/2025\/11\/ridge-cap-roll-forming-machineyy-300x105.jpg 300w, https:\/\/www.henerrfm.com\/wp-content\/uploads\/2025\/11\/ridge-cap-roll-forming-machineyy-768x270.jpg 768w, https:\/\/www.henerrfm.com\/wp-content\/uploads\/2025\/11\/ridge-cap-roll-forming-machineyy-600x211.jpg 600w, https:\/\/www.henerrfm.com\/wp-content\/uploads\/2025\/11\/ridge-cap-roll-forming-machineyy.jpg 1350w\" sizes=\"auto, (max-width: 1337px) 100vw, 1337px\" \/><\/p>\n<div style=\"all: initial !important;\"><\/div>\n<div style=\"all: initial !important;\"><\/div>","protected":false},"excerpt":{"rendered":"<p>&nbsp;<\/p>\n<div style=\"all: initial !important;\"><\/div>\n<div style=\"all: initial !important;\"><\/div>","protected":false},"featured_media":287,"comment_status":"open","ping_status":"closed","template":"","meta":{"_gspb_post_css":""},"product_brand":[],"product_cat":[128,120],"product_tag":[],"class_list":{"0":"post-286","1":"product","2":"type-product","3":"status-publish","4":"has-post-thumbnail","6":"product_cat-ridge-cap-roll-forming-machine","7":"product_cat-roof-wall-panel-roll-forming-machine","9":"first","10":"instock","11":"shipping-taxable","12":"product-type-simple"},"_links":{"self":[{"href":"https:\/\/www.henerrfm.com\/pt\/wp-json\/wp\/v2\/product\/286","targetHints":{"allow":["GET"]}}],"collection":[{"href":"https:\/\/www.henerrfm.com\/pt\/wp-json\/wp\/v2\/product"}],"about":[{"href":"https:\/\/www.henerrfm.com\/pt\/wp-json\/wp\/v2\/types\/product"}],"replies":[{"embeddable":true,"href":"https:\/\/www.henerrfm.com\/pt\/wp-json\/wp\/v2\/comments?post=286"}],"wp:featuredmedia":[{"embeddable":true,"href":"https:\/\/www.henerrfm.com\/pt\/wp-json\/wp\/v2\/media\/287"}],"wp:attachment":[{"href":"https:\/\/www.henerrfm.com\/pt\/wp-json\/wp\/v2\/media?parent=286"}],"wp:term":[{"taxonomy":"product_brand","embeddable":true,"href":"https:\/\/www.henerrfm.com\/pt\/wp-json\/wp\/v2\/product_brand?post=286"},{"taxonomy":"product_cat","embeddable":true,"href":"https:\/\/www.henerrfm.com\/pt\/wp-json\/wp\/v2\/product_cat?post=286"},{"taxonomy":"product_tag","embeddable":true,"href":"https:\/\/www.henerrfm.com\/pt\/wp-json\/wp\/v2\/product_tag?post=286"}],"curies":[{"name":"wp","href":"https:\/\/api.w.org\/{rel}","templated":true}]}}