{"id":2868,"date":"2025-11-24T03:47:43","date_gmt":"2025-11-24T03:47:43","guid":{"rendered":"https:\/\/henerrfm.com\/?post_type=product&#038;p=2868"},"modified":"2025-12-04T08:28:23","modified_gmt":"2025-12-04T08:28:23","slug":"corrugated-garden-bed-roof-roll-forming-machine","status":"publish","type":"product","link":"https:\/\/www.henerrfm.com\/pt\/product\/corrugated-garden-bed-roof-roll-forming-machine\/","title":{"rendered":"M\u00e1quina de perfilagem de rolos para telhados de canteiros de jardim ondulados"},"content":{"rendered":"<h5>Vis\u00e3o geral do produto<\/h5>\n<p>O <a href=\"https:\/\/www.henerrfm.com\/pt\/produto\/corrugated-garden-bed-roof-roll-forming-machine\/\">M\u00e1quina de perfilagem de rolos para telhados de canteiros de jardim ondulados<\/a> \u00e9 especialmente projetado para produzir pain\u00e9is ondulados de alta qualidade usados em sistemas de canteiros de jardim elevados de metal Essas folhas formadas s\u00e3o amplamente aplicadas em hortas dom\u00e9sticas, varandas, telhados e \u00e1reas de paisagismo ao ar livre, proporcionando suporte est\u00e1vel e uma apar\u00eancia limpa e atraente.<\/p>\n<p>Usando galvanizado <a href=\"https:\/\/en.wikipedia.org\/wiki\/Steel\" target=\"_blank\" rel=\"noopener\">a\u00e7o<\/a> como material de base, a m\u00e1quina produz pain\u00e9is com excelente resist\u00eancia \u00e0 ferrugem, umidade e exposi\u00e7\u00e3o a longo prazo \u00e0s intemp\u00e9ries A estrutura ondulada aumenta a rigidez do painel, melhora o desempenho da drenagem e ajuda a manter as condi\u00e7\u00f5es ideais do solo para o desenvolvimento saud\u00e1vel das ra\u00edzes.<\/p>\n<p>Para atender \u00e0s diferentes necessidades de produ\u00e7\u00e3o, a m\u00e1quina de perfilagem de telhas onduladas para canteiros de jardim pode ser constru\u00edda em dois estilos de configura\u00e7\u00e3o:<\/p>\n<p>Tipo de largura fixa, compat\u00edvel com bobinas estreitas e largas.<\/p>\n<p>Modelo com largura ajust\u00e1vel, oferecendo maior flexibilidade para diversos designs de cama.<\/p>\n<p>Para aplica\u00e7\u00f5es curvas de cama de jardim, a m\u00e1quina formadora de rolo de telhado de jardim ondulado pode ser emparelhada com uma m\u00e1quina de dobra dedicada A velocidade de produ\u00e7\u00e3o normalmente varia de 15 m\/min, garantindo uma sa\u00edda eficiente para opera\u00e7\u00f5es de fabrica\u00e7\u00e3o pequenas ou grandes Recursos opcionais, como perfura\u00e7\u00e3o on-line e decoilers manuais ou hidr\u00e1ulicos, expandem ainda mais a adaptabilidade na produ\u00e7\u00e3o moderna de canteiros de jardim de metal.<\/p>\n<h5>Desenhos de perfil do produto<\/h5>\n<p><img loading=\"lazy\" decoding=\"async\" class=\"alignnone wp-image-2874\" src=\"https:\/\/henerrfm.com\/wp-content\/uploads\/2025\/11\/details-of-garden-beds-roll-forming-machinepm-300x169.jpg\" alt=\"\" width=\"1212\" height=\"683\" srcset=\"https:\/\/www.henerrfm.com\/wp-content\/uploads\/2025\/11\/details-of-garden-beds-roll-forming-machinepm-300x169.jpg 300w, https:\/\/www.henerrfm.com\/wp-content\/uploads\/2025\/11\/details-of-garden-beds-roll-forming-machinepm-1024x578.jpg 1024w, https:\/\/www.henerrfm.com\/wp-content\/uploads\/2025\/11\/details-of-garden-beds-roll-forming-machinepm-768x433.jpg 768w, https:\/\/www.henerrfm.com\/wp-content\/uploads\/2025\/11\/details-of-garden-beds-roll-forming-machinepm-600x339.jpg 600w, https:\/\/www.henerrfm.com\/wp-content\/uploads\/2025\/11\/details-of-garden-beds-roll-forming-machinepm.jpg 1350w\" sizes=\"auto, (max-width: 1212px) 100vw, 1212px\" \/> <img loading=\"lazy\" decoding=\"async\" class=\"alignnone wp-image-2876\" src=\"https:\/\/henerrfm.com\/wp-content\/uploads\/2025\/11\/pmdetails-of-garden-beds-roll-forming-machine-300x108.jpg\" alt=\"\" width=\"1214\" height=\"437\" srcset=\"https:\/\/www.henerrfm.com\/wp-content\/uploads\/2025\/11\/pmdetails-of-garden-beds-roll-forming-machine-300x108.jpg 300w, https:\/\/www.henerrfm.com\/wp-content\/uploads\/2025\/11\/pmdetails-of-garden-beds-roll-forming-machine-1024x369.jpg 1024w, https:\/\/www.henerrfm.com\/wp-content\/uploads\/2025\/11\/pmdetails-of-garden-beds-roll-forming-machine-768x276.jpg 768w, https:\/\/www.henerrfm.com\/wp-content\/uploads\/2025\/11\/pmdetails-of-garden-beds-roll-forming-machine-600x216.jpg 600w, https:\/\/www.henerrfm.com\/wp-content\/uploads\/2025\/11\/pmdetails-of-garden-beds-roll-forming-machine.jpg 1350w\" sizes=\"auto, (max-width: 1214px) 100vw, 1214px\" \/><\/p>\n<h5>Par\u00e2metros t\u00e9cnicos<\/h5>\n<table>\n<tbody>\n<tr>\n<td>Espessura de prensagem<\/td>\n<td>Chapa galvanizada de 0,35 mm, 235-350 MPa<\/td>\n<\/tr>\n<tr>\n<td>Largura efetiva<\/td>\n<td>287<\/td>\n<\/tr>\n<tr>\n<td>motor da esta\u00e7\u00e3o hidr\u00e1ulica<\/td>\n<td>5,5 kW<\/td>\n<\/tr>\n<tr>\n<td>Motor de transmiss\u00e3o<\/td>\n<td>7,5 kW<\/td>\n<\/tr>\n<tr>\n<td>di\u00e2metro do eixo do rolo<\/td>\n<td>70 mm<\/td>\n<\/tr>\n<tr>\n<td>Material do fuso<\/td>\n<td>45 a\u00e7o<\/td>\n<\/tr>\n<tr>\n<td>Espessura do painel lateral<\/td>\n<td>Painel lateral integrado de 22 mm<\/td>\n<\/tr>\n<tr>\n<td>Especifica\u00e7\u00f5es b\u00e1sicas da m\u00e1quina<\/td>\n<td>Placa de veda\u00e7\u00e3o em a\u00e7o 400H +14MM, fresagem traseira do p\u00f3rtico, superf\u00edcie plana<\/td>\n<\/tr>\n<tr>\n<td>Forma\u00e7\u00e3o de passes<\/td>\n<td>20 conjuntos<\/td>\n<\/tr>\n<tr>\n<td>Material e processamento de rolos<\/td>\n<td>O material do rolo \u00e9 45 # e, ap\u00f3s usinagem de precis\u00e3o, a superf\u00edcie \u00e9 escovada e polida.<\/td>\n<\/tr>\n<\/tbody>\n<\/table>\n<h5>Fluxograma de Produ\u00e7\u00e3o<br \/>\n<img loading=\"lazy\" decoding=\"async\" class=\"alignnone wp-image-2873\" src=\"https:\/\/henerrfm.com\/wp-content\/uploads\/2025\/11\/details-of-garden-beds-roll-forming-machinelc-300x120.jpg\" alt=\"\" width=\"1250\" height=\"500\" srcset=\"https:\/\/www.henerrfm.com\/wp-content\/uploads\/2025\/11\/details-of-garden-beds-roll-forming-machinelc-300x120.jpg 300w, https:\/\/www.henerrfm.com\/wp-content\/uploads\/2025\/11\/details-of-garden-beds-roll-forming-machinelc-1024x410.jpg 1024w, https:\/\/www.henerrfm.com\/wp-content\/uploads\/2025\/11\/details-of-garden-beds-roll-forming-machinelc-768x307.jpg 768w, https:\/\/www.henerrfm.com\/wp-content\/uploads\/2025\/11\/details-of-garden-beds-roll-forming-machinelc-600x240.jpg 600w, https:\/\/www.henerrfm.com\/wp-content\/uploads\/2025\/11\/details-of-garden-beds-roll-forming-machinelc.jpg 1350w\" sizes=\"auto, (max-width: 1250px) 100vw, 1250px\" \/><\/h5>\n<h5>Exibi\u00e7\u00e3o de detalhes do produto<\/h5>\n<h5><img loading=\"lazy\" decoding=\"async\" class=\"alignnone wp-image-2875\" src=\"https:\/\/henerrfm.com\/wp-content\/uploads\/2025\/11\/details-of-garden-beds-roll-forming-machinexj-300x164.jpg\" alt=\"\" width=\"1249\" height=\"683\" srcset=\"https:\/\/www.henerrfm.com\/wp-content\/uploads\/2025\/11\/details-of-garden-beds-roll-forming-machinexj-300x164.jpg 300w, https:\/\/www.henerrfm.com\/wp-content\/uploads\/2025\/11\/details-of-garden-beds-roll-forming-machinexj-768x419.jpg 768w, https:\/\/www.henerrfm.com\/wp-content\/uploads\/2025\/11\/details-of-garden-beds-roll-forming-machinexj-600x327.jpg 600w, https:\/\/www.henerrfm.com\/wp-content\/uploads\/2025\/11\/details-of-garden-beds-roll-forming-machinexj.jpg 800w\" sizes=\"auto, (max-width: 1249px) 100vw, 1249px\" \/><\/h5>\n<h5>Aplicativo<\/h5>\n<h5><img loading=\"lazy\" decoding=\"async\" class=\"alignnone wp-image-2872\" src=\"https:\/\/henerrfm.com\/wp-content\/uploads\/2025\/11\/Corrugated-Garden-Bed-Roof-Roll-Forming-Machineyy-300x222.jpg\" alt=\"\" width=\"1253\" height=\"927\" srcset=\"https:\/\/www.henerrfm.com\/wp-content\/uploads\/2025\/11\/Corrugated-Garden-Bed-Roof-Roll-Forming-Machineyy-300x222.jpg 300w, https:\/\/www.henerrfm.com\/wp-content\/uploads\/2025\/11\/Corrugated-Garden-Bed-Roof-Roll-Forming-Machineyy-768x569.jpg 768w, https:\/\/www.henerrfm.com\/wp-content\/uploads\/2025\/11\/Corrugated-Garden-Bed-Roof-Roll-Forming-Machineyy-600x445.jpg 600w, https:\/\/www.henerrfm.com\/wp-content\/uploads\/2025\/11\/Corrugated-Garden-Bed-Roof-Roll-Forming-Machineyy.jpg 800w\" sizes=\"auto, (max-width: 1253px) 100vw, 1253px\" \/><\/h5>\n<div style=\"all: initial !important;\"><\/div>\n<div style=\"all: initial !important;\"><\/div>","protected":false},"excerpt":{"rendered":"<p>&nbsp;<\/p>\n<div style=\"all: initial !important;\"><\/div>\n<div style=\"all: initial !important;\"><\/div>","protected":false},"featured_media":2869,"comment_status":"open","ping_status":"closed","template":"","meta":{"_gspb_post_css":""},"product_brand":[],"product_cat":[122,120],"product_tag":[],"class_list":{"0":"post-2868","1":"product","2":"type-product","3":"status-publish","4":"has-post-thumbnail","6":"product_cat-corrugated-roof-sheet-roll-forming-machine","7":"product_cat-roof-wall-panel-roll-forming-machine","9":"first","10":"instock","11":"shipping-taxable","12":"product-type-simple"},"_links":{"self":[{"href":"https:\/\/www.henerrfm.com\/pt\/wp-json\/wp\/v2\/product\/2868","targetHints":{"allow":["GET"]}}],"collection":[{"href":"https:\/\/www.henerrfm.com\/pt\/wp-json\/wp\/v2\/product"}],"about":[{"href":"https:\/\/www.henerrfm.com\/pt\/wp-json\/wp\/v2\/types\/product"}],"replies":[{"embeddable":true,"href":"https:\/\/www.henerrfm.com\/pt\/wp-json\/wp\/v2\/comments?post=2868"}],"wp:featuredmedia":[{"embeddable":true,"href":"https:\/\/www.henerrfm.com\/pt\/wp-json\/wp\/v2\/media\/2869"}],"wp:attachment":[{"href":"https:\/\/www.henerrfm.com\/pt\/wp-json\/wp\/v2\/media?parent=2868"}],"wp:term":[{"taxonomy":"product_brand","embeddable":true,"href":"https:\/\/www.henerrfm.com\/pt\/wp-json\/wp\/v2\/product_brand?post=2868"},{"taxonomy":"product_cat","embeddable":true,"href":"https:\/\/www.henerrfm.com\/pt\/wp-json\/wp\/v2\/product_cat?post=2868"},{"taxonomy":"product_tag","embeddable":true,"href":"https:\/\/www.henerrfm.com\/pt\/wp-json\/wp\/v2\/product_tag?post=2868"}],"curies":[{"name":"wp","href":"https:\/\/api.w.org\/{rel}","templated":true}]}}