{"id":2877,"date":"2025-11-24T03:51:47","date_gmt":"2025-11-24T03:51:47","guid":{"rendered":"https:\/\/henerrfm.com\/?post_type=product&#038;p=2877"},"modified":"2025-12-04T08:27:25","modified_gmt":"2025-12-04T08:27:25","slug":"pv4-trapezoidal-roof-panel-machine","status":"publish","type":"product","link":"https:\/\/www.henerrfm.com\/pt\/product\/pv4-trapezoidal-roof-panel-machine\/","title":{"rendered":"M\u00e1quina de pain\u00e9is de telhado trapezoidal PV4"},"content":{"rendered":"<h5>Vis\u00e3o geral do produto<\/h5>\n<p>O <a href=\"https:\/\/www.henerrfm.com\/pt\/produto\/pv4-trapezoidal-roof-panel-machine\/\">M\u00e1quina de pain\u00e9is de telhado trapezoidal PV4<\/a> Projetada para a produ\u00e7\u00e3o de telhas met\u00e1licas trapezoidais PV4 e PV5 com alta precis\u00e3o dimensional e perfis de superf\u00edcie limpos e uniformes, a m\u00e1quina para pain\u00e9is de telhado trapezoidais PV4 foi concebida para uma conforma\u00e7\u00e3o cont\u00ednua eficiente, oferecendo aos fabricantes uma solu\u00e7\u00e3o confi\u00e1vel para a produ\u00e7\u00e3o de pain\u00e9is de telhado em grande volume.<\/p>\n<p>Constru\u00edda sobre uma estrutura de a\u00e7o refor\u00e7ada e equipada com rolos usinados com precis\u00e3o, a m\u00e1quina oferece desempenho de conforma\u00e7\u00e3o est\u00e1vel mesmo em longos ciclos de opera\u00e7\u00e3o. O sistema de controle PLC integrado garante sincroniza\u00e7\u00e3o precisa em toda a linha, ajudando a manter a qualidade consistente dos pain\u00e9is e reduzindo o tempo de ajuste durante a produ\u00e7\u00e3o.<\/p>\n<p>Adequada para projetos de constru\u00e7\u00e3o residenciais, comerciais e industriais, a m\u00e1quina de pain\u00e9is de telhado trapezoidais PV4 permite que os fabricantes criem pain\u00e9is de telhado resistentes, dur\u00e1veis e visualmente atraentes, que atendem aos padr\u00f5es modernos de constru\u00e7\u00e3o. Sua produ\u00e7\u00e3o confi\u00e1vel, acabamento liso e longa vida \u00fatil a tornam um recurso valioso para fabricantes de materiais de cobertura que buscam maior efici\u00eancia e precis\u00e3o.<\/p>\n<h5>Desenhos de perfil do produto<\/h5>\n<h5><img loading=\"lazy\" decoding=\"async\" class=\"alignnone wp-image-2883\" src=\"https:\/\/henerrfm.com\/wp-content\/uploads\/2025\/11\/PV4-Roof-Sheet-roll-forming-Machinepm-300x144.jpg\" alt=\"\" width=\"1225\" height=\"588\" srcset=\"https:\/\/www.henerrfm.com\/wp-content\/uploads\/2025\/11\/PV4-Roof-Sheet-roll-forming-Machinepm-300x144.jpg 300w, https:\/\/www.henerrfm.com\/wp-content\/uploads\/2025\/11\/PV4-Roof-Sheet-roll-forming-Machinepm-1024x492.jpg 1024w, https:\/\/www.henerrfm.com\/wp-content\/uploads\/2025\/11\/PV4-Roof-Sheet-roll-forming-Machinepm-768x369.jpg 768w, https:\/\/www.henerrfm.com\/wp-content\/uploads\/2025\/11\/PV4-Roof-Sheet-roll-forming-Machinepm-600x288.jpg 600w, https:\/\/www.henerrfm.com\/wp-content\/uploads\/2025\/11\/PV4-Roof-Sheet-roll-forming-Machinepm.jpg 1350w\" sizes=\"auto, (max-width: 1225px) 100vw, 1225px\" \/><\/h5>\n<h5>Par\u00e2metros t\u00e9cnicos<\/h5>\n<table>\n<tbody>\n<tr>\n<td>N\u00famero de linhas<\/td>\n<td>18 linhas<\/td>\n<\/tr>\n<tr>\n<td>Velocidade<\/td>\n<td>15 m\/min<\/td>\n<\/tr>\n<tr>\n<td>material de faca de corte<\/td>\n<td>Cr12Movimento<\/td>\n<\/tr>\n<tr>\n<td>Di\u00e2metro do rolo<\/td>\n<td>\u03a670mm<\/td>\n<\/tr>\n<tr>\n<td>Dimens\u00f5es<\/td>\n<td>Aproximadamente 8,5 * 1,4 * 1,6 m<\/td>\n<\/tr>\n<tr>\n<td>Peso<\/td>\n<td>Aproximadamente 6,8 toneladas<\/td>\n<\/tr>\n<tr>\n<td>Estrutura principal da m\u00e1quina<\/td>\n<td>Vigas 350H\/Vigas 450H (de acordo com suas necessidades)<\/td>\n<\/tr>\n<tr>\n<td>Modo de transmiss\u00e3o<\/td>\n<td>Transmiss\u00e3o por corrente<\/td>\n<\/tr>\n<tr>\n<td>Tamanho da corrente<\/td>\n<td>1,2 polegadas<\/td>\n<\/tr>\n<tr>\n<td>Painel lateral<\/td>\n<td>16 mm<\/td>\n<\/tr>\n<tr>\n<td>Tens\u00e3o<\/td>\n<td>380 V 50 Hz trif\u00e1sico ou conforme suas necessidades.<\/td>\n<\/tr>\n<tr>\n<td>Sistema de controle<\/td>\n<td>Controle PLC<\/td>\n<\/tr>\n<tr>\n<td>Precis\u00e3o de processamento<\/td>\n<td>Dentro de 1,0 mm<\/td>\n<\/tr>\n<tr>\n<td>Modo de condu\u00e7\u00e3o<\/td>\n<td>Motorista<\/td>\n<\/tr>\n<tr>\n<td>Poder<\/td>\n<td>5,5 kW +4 kW<\/td>\n<\/tr>\n<tr>\n<td>Linguagem PLC<\/td>\n<td>Chin\u00eas + Ingl\u00eas + De acordo com seu idioma local<\/td>\n<\/tr>\n<tr>\n<td>Material rodante<\/td>\n<td>A\u00e7o forjado #45 com revestimento cromado<\/td>\n<\/tr>\n<tr>\n<td>Toler\u00e2ncia de comprimento<\/td>\n<td>\u00b12 mm<\/td>\n<\/tr>\n<tr>\n<td>Grossura<\/td>\n<td>0,3-0,8 mm<\/td>\n<\/tr>\n<tr>\n<td>Largura da bobina<\/td>\n<td>1200\/1220mm<\/td>\n<\/tr>\n<\/tbody>\n<\/table>\n<h5>Fluxograma de Produ\u00e7\u00e3o<\/h5>\n<p><img loading=\"lazy\" decoding=\"async\" class=\"alignnone wp-image-2882\" src=\"https:\/\/henerrfm.com\/wp-content\/uploads\/2025\/11\/PV4-Roof-Sheet-roll-forming-Machinelc-300x60.jpg\" alt=\"\" width=\"1255\" height=\"251\" srcset=\"https:\/\/www.henerrfm.com\/wp-content\/uploads\/2025\/11\/PV4-Roof-Sheet-roll-forming-Machinelc-300x60.jpg 300w, https:\/\/www.henerrfm.com\/wp-content\/uploads\/2025\/11\/PV4-Roof-Sheet-roll-forming-Machinelc-600x119.jpg 600w\" sizes=\"auto, (max-width: 1255px) 100vw, 1255px\" \/><\/p>\n<h5>Produto final<\/h5>\n<p><img loading=\"lazy\" decoding=\"async\" class=\"alignnone wp-image-2881\" src=\"https:\/\/henerrfm.com\/wp-content\/uploads\/2025\/11\/PV4-Roof-Sheet-roll-forming-Machinecp-300x159.jpg\" alt=\"\" width=\"775\" height=\"411\" srcset=\"https:\/\/www.henerrfm.com\/wp-content\/uploads\/2025\/11\/PV4-Roof-Sheet-roll-forming-Machinecp-300x159.jpg 300w, https:\/\/www.henerrfm.com\/wp-content\/uploads\/2025\/11\/PV4-Roof-Sheet-roll-forming-Machinecp-1024x543.jpg 1024w, https:\/\/www.henerrfm.com\/wp-content\/uploads\/2025\/11\/PV4-Roof-Sheet-roll-forming-Machinecp-768x407.jpg 768w, https:\/\/www.henerrfm.com\/wp-content\/uploads\/2025\/11\/PV4-Roof-Sheet-roll-forming-Machinecp-600x318.jpg 600w, https:\/\/www.henerrfm.com\/wp-content\/uploads\/2025\/11\/PV4-Roof-Sheet-roll-forming-Machinecp.jpg 1350w\" sizes=\"auto, (max-width: 775px) 100vw, 775px\" \/><\/p>\n<div style=\"all: initial !important;\"><\/div>\n<div style=\"all: initial !important;\"><\/div>","protected":false},"excerpt":{"rendered":"<p>&nbsp;<\/p>\n<div style=\"all: initial !important;\"><\/div>\n<div style=\"all: initial !important;\"><\/div>","protected":false},"featured_media":2878,"comment_status":"open","ping_status":"closed","template":"","meta":{"_gspb_post_css":""},"product_brand":[],"product_cat":[120,123],"product_tag":[],"class_list":{"0":"post-2877","1":"product","2":"type-product","3":"status-publish","4":"has-post-thumbnail","6":"product_cat-roof-wall-panel-roll-forming-machine","7":"product_cat-trapezoidal-roof-panel-roll-forming-machine","9":"first","10":"instock","11":"shipping-taxable","12":"product-type-simple"},"_links":{"self":[{"href":"https:\/\/www.henerrfm.com\/pt\/wp-json\/wp\/v2\/product\/2877","targetHints":{"allow":["GET"]}}],"collection":[{"href":"https:\/\/www.henerrfm.com\/pt\/wp-json\/wp\/v2\/product"}],"about":[{"href":"https:\/\/www.henerrfm.com\/pt\/wp-json\/wp\/v2\/types\/product"}],"replies":[{"embeddable":true,"href":"https:\/\/www.henerrfm.com\/pt\/wp-json\/wp\/v2\/comments?post=2877"}],"wp:featuredmedia":[{"embeddable":true,"href":"https:\/\/www.henerrfm.com\/pt\/wp-json\/wp\/v2\/media\/2878"}],"wp:attachment":[{"href":"https:\/\/www.henerrfm.com\/pt\/wp-json\/wp\/v2\/media?parent=2877"}],"wp:term":[{"taxonomy":"product_brand","embeddable":true,"href":"https:\/\/www.henerrfm.com\/pt\/wp-json\/wp\/v2\/product_brand?post=2877"},{"taxonomy":"product_cat","embeddable":true,"href":"https:\/\/www.henerrfm.com\/pt\/wp-json\/wp\/v2\/product_cat?post=2877"},{"taxonomy":"product_tag","embeddable":true,"href":"https:\/\/www.henerrfm.com\/pt\/wp-json\/wp\/v2\/product_tag?post=2877"}],"curies":[{"name":"wp","href":"https:\/\/api.w.org\/{rel}","templated":true}]}}