{"id":288,"date":"2025-11-03T00:29:59","date_gmt":"2025-11-03T00:29:59","guid":{"rendered":"https:\/\/henerrfm.com\/?post_type=product&#038;p=288"},"modified":"2025-12-03T06:52:56","modified_gmt":"2025-12-03T06:52:56","slug":"drip-edge-roll-forming-machine","status":"publish","type":"product","link":"https:\/\/www.henerrfm.com\/pt\/product\/drip-edge-roll-forming-machine\/","title":{"rendered":"M\u00e1quina de perfilagem de borda com gotejamento"},"content":{"rendered":"<h5>Vis\u00e3o geral do produto<\/h5>\n<p>O <a href=\"https:\/\/www.henerrfm.com\/pt\/produto\/drip-edge-roll-forming-machine\/\">M\u00e1quina de perfilagem de borda com gotejamento<\/a> \u00e9 um sistema industrial de alto desempenho projetado para atender \u00e0s demandas das empresas de fabrica\u00e7\u00e3o de metal nos Estados Unidos. Projetada tanto para velocidade quanto para precis\u00e3o, esta m\u00e1quina produz com efici\u00eancia perfis de borda de gotejamento em pain\u00e9is a taxas de at\u00e9 50 metros por minuto, tornando-a perfeita para coberturas e projetos de constru\u00e7\u00e3o em grande escala.<\/p>\n<p>Fabricada pela HENER, a m\u00e1quina de perfilagem de bordas de gotejamento oferece qualidade consistente, confiabilidade a longo prazo e f\u00e1cil instala\u00e7\u00e3o. Seu design robusto garante opera\u00e7\u00e3o cont\u00ednua com manuten\u00e7\u00e3o m\u00ednima, proporcionando \u00e0s empresas de telhados met\u00e1licos e constru\u00e7\u00e3o uma solu\u00e7\u00e3o confi\u00e1vel para necessidades de produ\u00e7\u00e3o em grande volume.<\/p>\n<h5>Desenhos de perfil do produto<\/h5>\n<p><img loading=\"lazy\" decoding=\"async\" class=\"alignnone wp-image-2667\" src=\"https:\/\/henerrfm.com\/wp-content\/uploads\/2025\/11\/drip-edge-roll-forming-machine.jpgpm_-300x185.jpg\" alt=\"\" width=\"1339\" height=\"826\" srcset=\"https:\/\/www.henerrfm.com\/wp-content\/uploads\/2025\/11\/drip-edge-roll-forming-machine.jpgpm_-300x185.jpg 300w, https:\/\/www.henerrfm.com\/wp-content\/uploads\/2025\/11\/drip-edge-roll-forming-machine.jpgpm_-1024x631.jpg 1024w, https:\/\/www.henerrfm.com\/wp-content\/uploads\/2025\/11\/drip-edge-roll-forming-machine.jpgpm_-768x473.jpg 768w, https:\/\/www.henerrfm.com\/wp-content\/uploads\/2025\/11\/drip-edge-roll-forming-machine.jpgpm_-600x370.jpg 600w, https:\/\/www.henerrfm.com\/wp-content\/uploads\/2025\/11\/drip-edge-roll-forming-machine.jpgpm_.jpg 1350w\" sizes=\"auto, (max-width: 1339px) 100vw, 1339px\" \/><\/p>\n<h5>Par\u00e2metros t\u00e9cnicos<\/h5>\n<table>\n<tbody>\n<tr>\n<td>Velocidade de trabalho<\/td>\n<td>10 \u2013 20 m\/min<\/td>\n<\/tr>\n<tr>\n<td>Pot\u00eancia total<\/td>\n<td>5,5 \u2013 7,5 kW<\/td>\n<\/tr>\n<tr>\n<td>Dimens\u00e3o m\u00e1xima (C\u00d7L\u00d7A)<\/td>\n<td>10\u00d71,3\u00d71,8m<\/td>\n<\/tr>\n<tr>\n<td>Peso da m\u00e1quina<\/td>\n<td>3 a 5 toneladas<\/td>\n<\/tr>\n<tr>\n<td>Espessura do material<\/td>\n<td>0,3 \u2013 1,2 mm (G550\u2503G400\u2502G350\u2503G345\u2503G300)<\/td>\n<\/tr>\n<tr>\n<td>Largura do material<\/td>\n<td>240-750mm<\/td>\n<\/tr>\n<tr>\n<td>Material adequado<\/td>\n<td>A\u00e7o colorido, a\u00e7o inoxid\u00e1vel, a\u00e7o galvanizado, chapa de alum\u00ednio, cobre<\/td>\n<\/tr>\n<tr>\n<td>Esta\u00e7\u00e3o de rolos<\/td>\n<td>10 \u2013 16<\/td>\n<\/tr>\n<\/tbody>\n<\/table>\n<h5>Exibi\u00e7\u00e3o de detalhes do produto<\/h5>\n<h5><img loading=\"lazy\" decoding=\"async\" class=\"alignnone wp-image-2668\" src=\"https:\/\/henerrfm.com\/wp-content\/uploads\/2025\/11\/drip-edge-roll-forming-machine.jpgxj_-300x68.jpg\" alt=\"\" width=\"1346\" height=\"305\" srcset=\"https:\/\/www.henerrfm.com\/wp-content\/uploads\/2025\/11\/drip-edge-roll-forming-machine.jpgxj_-300x68.jpg 300w, https:\/\/www.henerrfm.com\/wp-content\/uploads\/2025\/11\/drip-edge-roll-forming-machine.jpgxj_-1024x231.jpg 1024w, https:\/\/www.henerrfm.com\/wp-content\/uploads\/2025\/11\/drip-edge-roll-forming-machine.jpgxj_-768x173.jpg 768w, https:\/\/www.henerrfm.com\/wp-content\/uploads\/2025\/11\/drip-edge-roll-forming-machine.jpgxj_-600x135.jpg 600w\" sizes=\"auto, (max-width: 1346px) 100vw, 1346px\" \/><\/h5>\n<h5>Aplicativo<\/h5>\n<h5><img loading=\"lazy\" decoding=\"async\" class=\"alignnone wp-image-2669\" src=\"https:\/\/henerrfm.com\/wp-content\/uploads\/2025\/11\/drip-edge-roll-forming-machine.jpgyy_-300x68.jpg\" alt=\"\" width=\"1337\" height=\"303\" srcset=\"https:\/\/www.henerrfm.com\/wp-content\/uploads\/2025\/11\/drip-edge-roll-forming-machine.jpgyy_-300x68.jpg 300w, https:\/\/www.henerrfm.com\/wp-content\/uploads\/2025\/11\/drip-edge-roll-forming-machine.jpgyy_-1024x231.jpg 1024w, https:\/\/www.henerrfm.com\/wp-content\/uploads\/2025\/11\/drip-edge-roll-forming-machine.jpgyy_-768x173.jpg 768w, https:\/\/www.henerrfm.com\/wp-content\/uploads\/2025\/11\/drip-edge-roll-forming-machine.jpgyy_-600x135.jpg 600w\" sizes=\"auto, (max-width: 1337px) 100vw, 1337px\" \/><\/h5>\n<div style=\"all: initial !important;\"><\/div>","protected":false},"excerpt":{"rendered":"<p>&nbsp;<\/p>\n<div style=\"all: initial !important;\"><\/div>","protected":false},"featured_media":289,"comment_status":"open","ping_status":"closed","template":"","meta":{"_gspb_post_css":""},"product_brand":[],"product_cat":[129,120],"product_tag":[],"class_list":{"0":"post-288","1":"product","2":"type-product","3":"status-publish","4":"has-post-thumbnail","6":"product_cat-drip-edge-roll-foming-machine","7":"product_cat-roof-wall-panel-roll-forming-machine","9":"first","10":"instock","11":"shipping-taxable","12":"product-type-simple"},"_links":{"self":[{"href":"https:\/\/www.henerrfm.com\/pt\/wp-json\/wp\/v2\/product\/288","targetHints":{"allow":["GET"]}}],"collection":[{"href":"https:\/\/www.henerrfm.com\/pt\/wp-json\/wp\/v2\/product"}],"about":[{"href":"https:\/\/www.henerrfm.com\/pt\/wp-json\/wp\/v2\/types\/product"}],"replies":[{"embeddable":true,"href":"https:\/\/www.henerrfm.com\/pt\/wp-json\/wp\/v2\/comments?post=288"}],"wp:featuredmedia":[{"embeddable":true,"href":"https:\/\/www.henerrfm.com\/pt\/wp-json\/wp\/v2\/media\/289"}],"wp:attachment":[{"href":"https:\/\/www.henerrfm.com\/pt\/wp-json\/wp\/v2\/media?parent=288"}],"wp:term":[{"taxonomy":"product_brand","embeddable":true,"href":"https:\/\/www.henerrfm.com\/pt\/wp-json\/wp\/v2\/product_brand?post=288"},{"taxonomy":"product_cat","embeddable":true,"href":"https:\/\/www.henerrfm.com\/pt\/wp-json\/wp\/v2\/product_cat?post=288"},{"taxonomy":"product_tag","embeddable":true,"href":"https:\/\/www.henerrfm.com\/pt\/wp-json\/wp\/v2\/product_tag?post=288"}],"curies":[{"name":"wp","href":"https:\/\/api.w.org\/{rel}","templated":true}]}}