{"id":2890,"date":"2025-11-24T04:00:13","date_gmt":"2025-11-24T04:00:13","guid":{"rendered":"https:\/\/henerrfm.com\/?post_type=product&#038;p=2890"},"modified":"2025-12-04T08:22:26","modified_gmt":"2025-12-04T08:22:26","slug":"high-speed-t35-roof-sheet-roll-forming-machine","status":"publish","type":"product","link":"https:\/\/www.henerrfm.com\/pt\/product\/high-speed-t35-roof-sheet-roll-forming-machine\/","title":{"rendered":"M\u00e1quina de perfilagem de alta velocidade para telhas met\u00e1licas T35"},"content":{"rendered":"<h5>Vis\u00e3o geral do produto<\/h5>\n<p>O <a href=\"https:\/\/www.henerrfm.com\/pt\/produto\/high-speed-t35-roof-sheet-roll-forming-machine\/\">M\u00e1quina de perfilagem de alta velocidade para telhas met\u00e1licas T35<\/a> \u00e9 projetado para fabricar pain\u00e9is trapezoidais T35 comumente usados em toda a ind\u00fastria argelina Projetado para produ\u00e7\u00e3o cont\u00ednua, a linha de produ\u00e7\u00e3o r\u00e1pida, desempenho est\u00e1vel, perfilamento preciso e qualidade de painel consistente, tornando-o adequado para telhados de alto volume e fabrica\u00e7\u00e3o de pain\u00e9is de parede.<\/p>\n<p>As chapas T35 tornaram-se uma das principais escolhas na Arg\u00e9lia devido \u00e0 sua excelente resist\u00eancia \u00e0 carga e ao seu aspeto arquitet\u00f3nico elegante. S\u00e3o amplamente utilizadas em postos de abastecimento de combust\u00edvel, coberturas de f\u00e1bricas, armaz\u00e9ns agr\u00edcolas, salas de caldeiras e oficinas com estruturas met\u00e1licas, oferecendo durabilidade e versatilidade para projetos modernos.<\/p>\n<p>Constru\u00edda com componentes mec\u00e2nicos refor\u00e7ados e guiada por um sistema de controle inteligente, esta m\u00e1quina formadora de rolos de chapa de telhado T35 de alta velocidade oferece confiabilidade duradoura e requisitos de manuten\u00e7\u00e3o minimizados. Seu processo de conforma\u00e7\u00e3o eficiente e forte produtividade tornam a m\u00e1quina formadora de rolos de chapa de telhado T35 de alta velocidade uma solu\u00e7\u00e3o econ\u00f4mica e confi\u00e1vel para empreiteiros, construtores e fabricantes de pain\u00e9is em toda a regi\u00e3o norte da \u00c1frica.<\/p>\n<h5>Desenhos de perfil do produto<\/h5>\n<p><img loading=\"lazy\" decoding=\"async\" class=\"alignnone wp-image-2896\" src=\"https:\/\/henerrfm.com\/wp-content\/uploads\/2025\/11\/High-Speed-T35-Roof-Sheet-Roll-Forming-Machinepm-300x85.jpg\" alt=\"\" width=\"1302\" height=\"369\" srcset=\"https:\/\/www.henerrfm.com\/wp-content\/uploads\/2025\/11\/High-Speed-T35-Roof-Sheet-Roll-Forming-Machinepm-300x85.jpg 300w, https:\/\/www.henerrfm.com\/wp-content\/uploads\/2025\/11\/High-Speed-T35-Roof-Sheet-Roll-Forming-Machinepm-1024x291.jpg 1024w, https:\/\/www.henerrfm.com\/wp-content\/uploads\/2025\/11\/High-Speed-T35-Roof-Sheet-Roll-Forming-Machinepm-768x218.jpg 768w, https:\/\/www.henerrfm.com\/wp-content\/uploads\/2025\/11\/High-Speed-T35-Roof-Sheet-Roll-Forming-Machinepm-600x170.jpg 600w, https:\/\/www.henerrfm.com\/wp-content\/uploads\/2025\/11\/High-Speed-T35-Roof-Sheet-Roll-Forming-Machinepm.jpg 1350w\" sizes=\"auto, (max-width: 1302px) 100vw, 1302px\" \/><\/p>\n<h5>Par\u00e2metros t\u00e9cnicos<\/h5>\n<table>\n<thead>\n<tr>\n<th>Par\u00e2metro<\/th>\n<th>Especifica\u00e7\u00e3o<\/th>\n<\/tr>\n<\/thead>\n<tbody>\n<tr>\n<td>Tipo de produto<\/td>\n<td>Telha trapezoidal T35 \/ painel de cobertura<\/td>\n<\/tr>\n<tr>\n<td>Material<\/td>\n<td>PPGI \/ GI (a\u00e7o galvanizado pr\u00e9-pintado)<\/td>\n<\/tr>\n<tr>\n<td>Espessura do material<\/td>\n<td>0,4 \u2013 1,2 mm<\/td>\n<\/tr>\n<tr>\n<td>largura de alimenta\u00e7\u00e3o<\/td>\n<td>1000 mm \/ 1250 mm<\/td>\n<\/tr>\n<tr>\n<td>Esta\u00e7\u00f5es de perfilagem<\/td>\n<td>27 esta\u00e7\u00f5es (incluindo eixos de alimenta\u00e7\u00e3o de borracha)<\/td>\n<\/tr>\n<tr>\n<td>Material do eixo de lamina\u00e7\u00e3o \/ di\u00e2metro<\/td>\n<td>A\u00e7o 45#, \u00d890 mm, temperado\/cromado<\/td>\n<\/tr>\n<tr>\n<td>Rolos<\/td>\n<td>A\u00e7o 45#, cromado (espessura do Cr 0,05 mm)<\/td>\n<\/tr>\n<tr>\n<td>Transmiss\u00e3o<\/td>\n<td>Transmiss\u00e3o por caixa de engrenagens com engrenagens c\u00f4nicas e correntes interligadas.<\/td>\n<\/tr>\n<tr>\n<td>Velocidade de trabalho<\/td>\n<td>0 \u2013 35 m\/min (ajust\u00e1vel)<\/td>\n<\/tr>\n<tr>\n<td>Capacidade do desenrolador<\/td>\n<td>15 T (hidr\u00e1ulico), largura m\u00e1xima da bobina 1250 mm<\/td>\n<\/tr>\n<tr>\n<td>Pot\u00eancia de acionamento principal<\/td>\n<td>15 kW + 15 kW<\/td>\n<\/tr>\n<tr>\n<td>Sistema de corte<\/td>\n<td>Tosquia cont\u00ednua para rastreamento de moscas, l\u00e2minas GB-Cr12<\/td>\n<\/tr>\n<tr>\n<td>Precis\u00e3o de corte<\/td>\n<td>\u00b12 mm<\/td>\n<\/tr>\n<tr>\n<td>Empilhador<\/td>\n<td>Empilhadeira autom\u00e1tica de 12 m, altura da pilha \u2264300 mm<\/td>\n<\/tr>\n<tr>\n<td>Sistema de controle<\/td>\n<td>PLC e IHM da Siemens, componentes el\u00e9tricos da Schneider, contador Omron<\/td>\n<\/tr>\n<tr>\n<td>Garantia<\/td>\n<td>1 ano; suporte t\u00e9cnico vital\u00edcio<\/td>\n<\/tr>\n<\/tbody>\n<\/table>\n<h5>Fluxograma de Produ\u00e7\u00e3o<\/h5>\n<p><img loading=\"lazy\" decoding=\"async\" class=\"alignnone wp-image-2895\" src=\"https:\/\/henerrfm.com\/wp-content\/uploads\/2025\/11\/High-Speed-T35-Roof-Sheet-Roll-Forming-Machinelc-300x60.jpg\" alt=\"\" width=\"1295\" height=\"259\" srcset=\"https:\/\/www.henerrfm.com\/wp-content\/uploads\/2025\/11\/High-Speed-T35-Roof-Sheet-Roll-Forming-Machinelc-300x60.jpg 300w, https:\/\/www.henerrfm.com\/wp-content\/uploads\/2025\/11\/High-Speed-T35-Roof-Sheet-Roll-Forming-Machinelc-600x119.jpg 600w\" sizes=\"auto, (max-width: 1295px) 100vw, 1295px\" \/><\/p>\n<h5>Exibi\u00e7\u00e3o de detalhes do produto<\/h5>\n<p><img loading=\"lazy\" decoding=\"async\" class=\"alignnone wp-image-2897\" src=\"https:\/\/henerrfm.com\/wp-content\/uploads\/2025\/11\/High-Speed-T35-Roof-Sheet-Roll-Forming-Machinexj-300x100.jpg\" alt=\"\" width=\"1332\" height=\"444\" srcset=\"https:\/\/www.henerrfm.com\/wp-content\/uploads\/2025\/11\/High-Speed-T35-Roof-Sheet-Roll-Forming-Machinexj-300x100.jpg 300w, https:\/\/www.henerrfm.com\/wp-content\/uploads\/2025\/11\/High-Speed-T35-Roof-Sheet-Roll-Forming-Machinexj-1024x342.jpg 1024w, https:\/\/www.henerrfm.com\/wp-content\/uploads\/2025\/11\/High-Speed-T35-Roof-Sheet-Roll-Forming-Machinexj-768x257.jpg 768w, https:\/\/www.henerrfm.com\/wp-content\/uploads\/2025\/11\/High-Speed-T35-Roof-Sheet-Roll-Forming-Machinexj-600x200.jpg 600w, https:\/\/www.henerrfm.com\/wp-content\/uploads\/2025\/11\/High-Speed-T35-Roof-Sheet-Roll-Forming-Machinexj.jpg 1350w\" sizes=\"auto, (max-width: 1332px) 100vw, 1332px\" \/><\/p>\n<h5>Aplicativo<\/h5>\n<p><img loading=\"lazy\" decoding=\"async\" class=\"alignnone wp-image-2898\" src=\"https:\/\/henerrfm.com\/wp-content\/uploads\/2025\/11\/High-Speed-T35-Roof-Sheet-Roll-Forming-Machineyy-300x100.jpg\" alt=\"\" width=\"1335\" height=\"445\" srcset=\"https:\/\/www.henerrfm.com\/wp-content\/uploads\/2025\/11\/High-Speed-T35-Roof-Sheet-Roll-Forming-Machineyy-300x100.jpg 300w, https:\/\/www.henerrfm.com\/wp-content\/uploads\/2025\/11\/High-Speed-T35-Roof-Sheet-Roll-Forming-Machineyy-1024x342.jpg 1024w, https:\/\/www.henerrfm.com\/wp-content\/uploads\/2025\/11\/High-Speed-T35-Roof-Sheet-Roll-Forming-Machineyy-768x257.jpg 768w, https:\/\/www.henerrfm.com\/wp-content\/uploads\/2025\/11\/High-Speed-T35-Roof-Sheet-Roll-Forming-Machineyy-600x200.jpg 600w, https:\/\/www.henerrfm.com\/wp-content\/uploads\/2025\/11\/High-Speed-T35-Roof-Sheet-Roll-Forming-Machineyy.jpg 1350w\" sizes=\"auto, (max-width: 1335px) 100vw, 1335px\" \/><\/p>\n<div style=\"all: initial !important;\"><\/div>\n<div style=\"all: initial !important;\"><\/div>","protected":false},"excerpt":{"rendered":"<p>&nbsp;<\/p>\n<div style=\"all: initial !important;\"><\/div>\n<div style=\"all: initial !important;\"><\/div>","protected":false},"featured_media":2891,"comment_status":"open","ping_status":"closed","template":"","meta":{"_gspb_post_css":""},"product_brand":[],"product_cat":[120,123],"product_tag":[],"class_list":{"0":"post-2890","1":"product","2":"type-product","3":"status-publish","4":"has-post-thumbnail","6":"product_cat-roof-wall-panel-roll-forming-machine","7":"product_cat-trapezoidal-roof-panel-roll-forming-machine","9":"first","10":"instock","11":"shipping-taxable","12":"product-type-simple"},"_links":{"self":[{"href":"https:\/\/www.henerrfm.com\/pt\/wp-json\/wp\/v2\/product\/2890","targetHints":{"allow":["GET"]}}],"collection":[{"href":"https:\/\/www.henerrfm.com\/pt\/wp-json\/wp\/v2\/product"}],"about":[{"href":"https:\/\/www.henerrfm.com\/pt\/wp-json\/wp\/v2\/types\/product"}],"replies":[{"embeddable":true,"href":"https:\/\/www.henerrfm.com\/pt\/wp-json\/wp\/v2\/comments?post=2890"}],"wp:featuredmedia":[{"embeddable":true,"href":"https:\/\/www.henerrfm.com\/pt\/wp-json\/wp\/v2\/media\/2891"}],"wp:attachment":[{"href":"https:\/\/www.henerrfm.com\/pt\/wp-json\/wp\/v2\/media?parent=2890"}],"wp:term":[{"taxonomy":"product_brand","embeddable":true,"href":"https:\/\/www.henerrfm.com\/pt\/wp-json\/wp\/v2\/product_brand?post=2890"},{"taxonomy":"product_cat","embeddable":true,"href":"https:\/\/www.henerrfm.com\/pt\/wp-json\/wp\/v2\/product_cat?post=2890"},{"taxonomy":"product_tag","embeddable":true,"href":"https:\/\/www.henerrfm.com\/pt\/wp-json\/wp\/v2\/product_tag?post=2890"}],"curies":[{"name":"wp","href":"https:\/\/api.w.org\/{rel}","templated":true}]}}