{"id":2899,"date":"2025-11-24T05:42:10","date_gmt":"2025-11-24T05:42:10","guid":{"rendered":"https:\/\/henerrfm.com\/?post_type=product&#038;p=2899"},"modified":"2025-12-04T08:22:10","modified_gmt":"2025-12-04T08:22:10","slug":"tr4-and-tr5-double-layer-roll-forming-machine","status":"publish","type":"product","link":"https:\/\/www.henerrfm.com\/pt\/product\/tr4-and-tr5-double-layer-roll-forming-machine\/","title":{"rendered":"M\u00e1quina de perfilagem de dupla camada TR4 e TR5"},"content":{"rendered":"<h5>Vis\u00e3o geral do produto<\/h5>\n<p>O <a href=\"https:\/\/www.henerrfm.com\/pt\/produto\/tr4-and-tr5-double-layer-roll-forming-machine\/\">M\u00e1quina de perfilagem de dupla camada TR4 e TR5<\/a>\u00a0\u00e9 uma linha de produ\u00e7\u00e3o de perfil duplo projetada para atender \u00e0 crescente demanda por pain\u00e9is de cobertura em todo o mundo<a href=\"https:\/\/en.wikipedia.org\/wiki\/South_America\" target=\"_blank\" rel=\"noopener\"> Sul-americana<\/a> mercado. Este equipamento integra perfis amplamente utilizados o painel trapezoidal dur\u00e1vel TR4 e a folha de intertravamento TR5 visualmente refinada, permitindo que os fabricantes produzam ambas as op\u00e7\u00f5es em uma \u00fanica plataforma de forma\u00e7\u00e3o de rolo.<\/p>\n<p>Sua estrutura compacta e tecnologia de conforma\u00e7\u00e3o precisa permitem transi\u00e7\u00f5es de perfil suaves sem comprometer a velocidade ou a consist\u00eancia da chapa. O sistema opera com desempenho est\u00e1vel, garantindo bordas limpas, formatos uniformes e resist\u00eancia confi\u00e1vel dos pain\u00e9is em todos os lotes.<\/p>\n<p>Ao combinar dois perfis de cobertura em uma linha automatizada, a M\u00e1quina Formadora de Rolos de Dupla Camada TR4 E TR5 reduz efetivamente a intensidade de m\u00e3o-de-obra e otimiza o layout da f\u00e1brica, ao mesmo tempo em que melhora significativamente a efici\u00eancia da produ\u00e7\u00e3o Para os fabricantes que se concentram em solu\u00e7\u00f5es modernas de cobertura e revestimento de paredes na Am\u00e9rica do Sul, a M\u00e1quina Formadora de Rolos de Dupla Camada TR4 E TR5 oferece uma op\u00e7\u00e3o de fabrica\u00e7\u00e3o pr\u00e1tica, econ\u00f4mica e altamente produtiva.<\/p>\n<h5>Desenhos de perfil do produto<\/h5>\n<p><img loading=\"lazy\" decoding=\"async\" class=\"alignnone wp-image-2914\" src=\"https:\/\/henerrfm.com\/wp-content\/uploads\/2025\/11\/TR4-And-TR5-Double-Layer-Roll-Forming-Machinepm-300x148.jpg\" alt=\"\" width=\"1316\" height=\"649\" srcset=\"https:\/\/www.henerrfm.com\/wp-content\/uploads\/2025\/11\/TR4-And-TR5-Double-Layer-Roll-Forming-Machinepm-300x148.jpg 300w, https:\/\/www.henerrfm.com\/wp-content\/uploads\/2025\/11\/TR4-And-TR5-Double-Layer-Roll-Forming-Machinepm-768x380.jpg 768w, https:\/\/www.henerrfm.com\/wp-content\/uploads\/2025\/11\/TR4-And-TR5-Double-Layer-Roll-Forming-Machinepm-600x297.jpg 600w\" sizes=\"auto, (max-width: 1316px) 100vw, 1316px\" \/><\/p>\n<h5>Par\u00e2metros t\u00e9cnicos<\/h5>\n<table>\n<tbody>\n<tr>\n<td>Material Moldado<\/td>\n<td>PPGI, GI, IA, GL<\/p>\n<div class=\"container-Uxvbjy md-box-line-break wrapper-GYqxgQ undefined\"><\/div>\n<p>Espessura: 0,3-0,8 mm<\/p>\n<div class=\"container-Uxvbjy md-box-line-break wrapper-GYqxgQ undefined\"><\/div>\n<p>Largura: 1000mm\/1250mm (Conforme desenho do perfil)<\/td>\n<\/tr>\n<tr>\n<td>Desbobinador<\/td>\n<td>Desbobinador autom\u00e1tico hidr\u00e1ulico<\/p>\n<div class=\"container-Uxvbjy md-box-line-break wrapper-GYqxgQ undefined\"><\/div>\n<p>Desbobinador manual (ser\u00e1 fornecido gratuitamente)<\/td>\n<\/tr>\n<tr>\n<td>Corpo principal \u2013 Esta\u00e7\u00e3o de rolos<\/td>\n<td>16+18 linhas (Conforme sua necessidade)<\/td>\n<\/tr>\n<tr>\n<td>Corpo principal \u2013 Di\u00e2metro do eixo<\/td>\n<td>eixo s\u00f3lido de 80 mm<\/td>\n<\/tr>\n<tr>\n<td>Corpo principal \u2013 Material dos rolos<\/td>\n<td>A\u00e7o 45#, cromado duro na superf\u00edcie.<\/td>\n<\/tr>\n<tr>\n<td>Corpo principal \u2013 Estrutura do corpo da m\u00e1quina<\/td>\n<td>A\u00e7o 350 H<\/td>\n<\/tr>\n<tr>\n<td>Corpo principal \u2013 Motor<\/td>\n<td>Transmiss\u00e3o por corrente<\/td>\n<\/tr>\n<\/tbody>\n<\/table>\n<h5>Fluxograma de Produ\u00e7\u00e3o<\/h5>\n<p><img loading=\"lazy\" decoding=\"async\" class=\"alignnone wp-image-2913\" src=\"https:\/\/henerrfm.com\/wp-content\/uploads\/2025\/11\/TR4-And-TR5-Double-Layer-Roll-Forming-Machinelc-300x163.jpg\" alt=\"\" width=\"1250\" height=\"679\" srcset=\"https:\/\/www.henerrfm.com\/wp-content\/uploads\/2025\/11\/TR4-And-TR5-Double-Layer-Roll-Forming-Machinelc-300x163.jpg 300w, https:\/\/www.henerrfm.com\/wp-content\/uploads\/2025\/11\/TR4-And-TR5-Double-Layer-Roll-Forming-Machinelc-768x418.jpg 768w, https:\/\/www.henerrfm.com\/wp-content\/uploads\/2025\/11\/TR4-And-TR5-Double-Layer-Roll-Forming-Machinelc-600x327.jpg 600w\" sizes=\"auto, (max-width: 1250px) 100vw, 1250px\" \/><\/p>\n<h5>Aplicativo<\/h5>\n<p><img loading=\"lazy\" decoding=\"async\" class=\"alignnone wp-image-2915\" src=\"https:\/\/henerrfm.com\/wp-content\/uploads\/2025\/11\/TR4-And-TR5-Double-Layer-Roll-Forming-Machineyy-300x207.jpg\" alt=\"\" width=\"718\" height=\"495\" srcset=\"https:\/\/www.henerrfm.com\/wp-content\/uploads\/2025\/11\/TR4-And-TR5-Double-Layer-Roll-Forming-Machineyy-300x207.jpg 300w, https:\/\/www.henerrfm.com\/wp-content\/uploads\/2025\/11\/TR4-And-TR5-Double-Layer-Roll-Forming-Machineyy-768x530.jpg 768w, https:\/\/www.henerrfm.com\/wp-content\/uploads\/2025\/11\/TR4-And-TR5-Double-Layer-Roll-Forming-Machineyy-600x414.jpg 600w, https:\/\/www.henerrfm.com\/wp-content\/uploads\/2025\/11\/TR4-And-TR5-Double-Layer-Roll-Forming-Machineyy.jpg 800w\" sizes=\"auto, (max-width: 718px) 100vw, 718px\" \/><\/p>\n<div style=\"all: initial !important;\"><\/div>\n<div style=\"all: initial !important;\"><\/div>","protected":false},"excerpt":{"rendered":"<p>&nbsp;<\/p>\n<div style=\"all: initial !important;\"><\/div>\n<div style=\"all: initial !important;\"><\/div>","protected":false},"featured_media":2908,"comment_status":"open","ping_status":"closed","template":"","meta":{"_gspb_post_css":""},"product_brand":[],"product_cat":[124,120],"product_tag":[],"class_list":{"0":"post-2899","1":"product","2":"type-product","3":"status-publish","4":"has-post-thumbnail","6":"product_cat-double-layer-roof-sheet-roll-forming-machine","7":"product_cat-roof-wall-panel-roll-forming-machine","9":"first","10":"instock","11":"shipping-taxable","12":"product-type-simple"},"_links":{"self":[{"href":"https:\/\/www.henerrfm.com\/pt\/wp-json\/wp\/v2\/product\/2899","targetHints":{"allow":["GET"]}}],"collection":[{"href":"https:\/\/www.henerrfm.com\/pt\/wp-json\/wp\/v2\/product"}],"about":[{"href":"https:\/\/www.henerrfm.com\/pt\/wp-json\/wp\/v2\/types\/product"}],"replies":[{"embeddable":true,"href":"https:\/\/www.henerrfm.com\/pt\/wp-json\/wp\/v2\/comments?post=2899"}],"wp:featuredmedia":[{"embeddable":true,"href":"https:\/\/www.henerrfm.com\/pt\/wp-json\/wp\/v2\/media\/2908"}],"wp:attachment":[{"href":"https:\/\/www.henerrfm.com\/pt\/wp-json\/wp\/v2\/media?parent=2899"}],"wp:term":[{"taxonomy":"product_brand","embeddable":true,"href":"https:\/\/www.henerrfm.com\/pt\/wp-json\/wp\/v2\/product_brand?post=2899"},{"taxonomy":"product_cat","embeddable":true,"href":"https:\/\/www.henerrfm.com\/pt\/wp-json\/wp\/v2\/product_cat?post=2899"},{"taxonomy":"product_tag","embeddable":true,"href":"https:\/\/www.henerrfm.com\/pt\/wp-json\/wp\/v2\/product_tag?post=2899"}],"curies":[{"name":"wp","href":"https:\/\/api.w.org\/{rel}","templated":true}]}}