{"id":2916,"date":"2025-11-24T05:52:21","date_gmt":"2025-11-24T05:52:21","guid":{"rendered":"https:\/\/henerrfm.com\/?post_type=product&#038;p=2916"},"modified":"2025-12-04T08:20:45","modified_gmt":"2025-12-04T08:20:45","slug":"half-round-gutter-roll-forming-machine","status":"publish","type":"product","link":"https:\/\/www.henerrfm.com\/pt\/product\/half-round-gutter-roll-forming-machine\/","title":{"rendered":"M\u00e1quina de perfilagem de calhas semicirculares"},"content":{"rendered":"<h5>Vis\u00e3o geral do produto<\/h5>\n<p>O <a href=\"https:\/\/www.henerrfm.com\/pt\/produto\/half-round-gutter-roll-forming-machine\/\">m\u00e1quina formadora de rolo de calha meia redonda<\/a> \u00e9 projetado para produzir calhas semicirculares lisas e precisas com qualidade consistente em uma ampla gama de materiais met\u00e1licos Apresentando um sistema de press\u00e3o acionado por poliuretano e rolos formadores cromados resistentes \u00e0 corros\u00e3o, a linha mant\u00e9m uma opera\u00e7\u00e3o est\u00e1vel com ajuste manual m\u00ednimo, garantindo uma modelagem uniforme durante todo o ciclo de produ\u00e7\u00e3o.<\/p>\n<p>Constru\u00eddo com <a href=\"https:\/\/en.wikipedia.org\/wiki\/Durability\" target=\"_blank\" rel=\"noopener\">durabilidade<\/a> e a simplicidade do operador em mente, esta solu\u00e7\u00e3o de forma\u00e7\u00e3o de rolo tem um bom desempenho tanto em oficinas leves quanto em ambientes de fabrica\u00e7\u00e3o de alta capacidade Seu quadro robusto e processo de forma\u00e7\u00e3o refinado ajudam a manter a precis\u00e3o a longo prazo, mesmo sob produ\u00e7\u00e3o cont\u00ednua.<\/p>\n<p>Para maior confiabilidade, a M\u00e1quina Formadora de Rolos de Calha Meio Redonda vem com um pacote de garantia estendida, incluindo tr\u00eas anos de pe\u00e7as mec\u00e2nicas e cobertura de m\u00e3o de obra e um ano para todos os componentes el\u00e9tricos Este suporte abrangente garante desempenho confi\u00e1vel e reduz o tempo de inatividade, tornando-o um investimento pr\u00e1tico para empresas que buscam produ\u00e7\u00e3o consistente e efici\u00eancia de fabrica\u00e7\u00e3o a longo prazo.<\/p>\n<h5>Desenhos de perfil do produto<\/h5>\n<p><img loading=\"lazy\" decoding=\"async\" class=\"alignnone wp-image-2924\" src=\"https:\/\/henerrfm.com\/wp-content\/uploads\/2025\/11\/half-round-gutter-machinepm-300x200.jpg\" alt=\"\" width=\"1277\" height=\"851\" srcset=\"https:\/\/www.henerrfm.com\/wp-content\/uploads\/2025\/11\/half-round-gutter-machinepm-300x200.jpg 300w, https:\/\/www.henerrfm.com\/wp-content\/uploads\/2025\/11\/half-round-gutter-machinepm-1024x681.jpg 1024w, https:\/\/www.henerrfm.com\/wp-content\/uploads\/2025\/11\/half-round-gutter-machinepm-768x511.jpg 768w, https:\/\/www.henerrfm.com\/wp-content\/uploads\/2025\/11\/half-round-gutter-machinepm-600x399.jpg 600w\" sizes=\"auto, (max-width: 1277px) 100vw, 1277px\" \/><\/p>\n<h5>Par\u00e2metros t\u00e9cnicos<\/h5>\n<table>\n<tbody>\n<tr>\n<td>Especifica\u00e7\u00e3o e material da placa<\/td>\n<td>Bobina de a\u00e7o da cor; For\u00e7a: 235 Mpa; Espessura: 0.3-0.7 mm; Largura: mm<\/td>\n<\/tr>\n<tr>\n<td>Formando velocidade<\/td>\n<td>0-25m\/min Ajust\u00e1vel<\/td>\n<\/tr>\n<tr>\n<td>Requisito de energia Pot\u00eancia do motor principal<\/td>\n<td>7,5 KW (redutor de engrenagem)<\/td>\n<\/tr>\n<tr>\n<td>Requisito de energia Pot\u00eancia do motor hidr\u00e1ulico<\/td>\n<td>4 KW (com refrigera\u00e7\u00e3o a ar)<\/td>\n<\/tr>\n<tr>\n<td>Estrutura hospedeira<\/td>\n<td>Painel de parede (tratamento de superf\u00edcie enegrecida, conex\u00e3o de estrutura aparafusada); Estrutura de corrente (corrente de 1 polegada de fileira \u00fanica); Estrutura de base de a\u00e7o H350, com altura de p\u00e9 de 200 mm<\/td>\n<\/tr>\n<tr>\n<td>Forma\u00e7\u00e3o de passes<\/td>\n<td>18 a 20<\/td>\n<\/tr>\n<tr>\n<td>Sistema de controle<\/td>\n<td>Conversor de frequ\u00eancia Yaskawa, Siemens PLC, tela sens\u00edvel ao toque Siemens (cantilever) (o gabinete de controle \u00e9 um tipo separado de m\u00e1quina-ferramenta que exibe apenas ingl\u00eas e chin\u00eas)<\/td>\n<\/tr>\n<tr>\n<td>M\u00e9todo de corte<\/td>\n<td>Pare de cortar; Corte de comprimento fixo ap\u00f3s a forma\u00e7\u00e3o<\/td>\n<\/tr>\n<tr>\n<td>Requisito de fonte de alimenta\u00e7\u00e3o<\/td>\n<td>380V\/50Hz\/3Fase<\/td>\n<\/tr>\n<\/tbody>\n<\/table>\n<h5>Fluxograma de Produ\u00e7\u00e3o<\/h5>\n<p><img loading=\"lazy\" decoding=\"async\" class=\"alignnone wp-image-2923\" src=\"https:\/\/henerrfm.com\/wp-content\/uploads\/2025\/11\/half-round-gutter-machinelc-300x73.jpg\" alt=\"\" width=\"1352\" height=\"329\" srcset=\"https:\/\/www.henerrfm.com\/wp-content\/uploads\/2025\/11\/half-round-gutter-machinelc-300x73.jpg 300w, https:\/\/www.henerrfm.com\/wp-content\/uploads\/2025\/11\/half-round-gutter-machinelc-1024x250.jpg 1024w, https:\/\/www.henerrfm.com\/wp-content\/uploads\/2025\/11\/half-round-gutter-machinelc-768x188.jpg 768w, https:\/\/www.henerrfm.com\/wp-content\/uploads\/2025\/11\/half-round-gutter-machinelc-600x147.jpg 600w, https:\/\/www.henerrfm.com\/wp-content\/uploads\/2025\/11\/half-round-gutter-machinelc.jpg 1350w\" sizes=\"auto, (max-width: 1352px) 100vw, 1352px\" \/><\/p>\n<h5>Exibi\u00e7\u00e3o de detalhes do produto<\/h5>\n<p><img loading=\"lazy\" decoding=\"async\" class=\"alignnone wp-image-2925\" src=\"https:\/\/henerrfm.com\/wp-content\/uploads\/2025\/11\/half-round-gutter-machinexj-300x67.jpg\" alt=\"\" width=\"1352\" height=\"302\" srcset=\"https:\/\/www.henerrfm.com\/wp-content\/uploads\/2025\/11\/half-round-gutter-machinexj-300x67.jpg 300w, https:\/\/www.henerrfm.com\/wp-content\/uploads\/2025\/11\/half-round-gutter-machinexj-1024x228.jpg 1024w, https:\/\/www.henerrfm.com\/wp-content\/uploads\/2025\/11\/half-round-gutter-machinexj-768x171.jpg 768w, https:\/\/www.henerrfm.com\/wp-content\/uploads\/2025\/11\/half-round-gutter-machinexj-600x134.jpg 600w, https:\/\/www.henerrfm.com\/wp-content\/uploads\/2025\/11\/half-round-gutter-machinexj.jpg 1350w\" sizes=\"auto, (max-width: 1352px) 100vw, 1352px\" \/><\/p>\n<h5>Aplicativo<\/h5>\n<p><img loading=\"lazy\" decoding=\"async\" class=\"alignnone wp-image-2926\" src=\"https:\/\/henerrfm.com\/wp-content\/uploads\/2025\/11\/half-round-gutter-machineyy-300x122.jpg\" alt=\"\" width=\"1348\" height=\"548\" srcset=\"https:\/\/www.henerrfm.com\/wp-content\/uploads\/2025\/11\/half-round-gutter-machineyy-300x122.jpg 300w, https:\/\/www.henerrfm.com\/wp-content\/uploads\/2025\/11\/half-round-gutter-machineyy-1024x417.jpg 1024w, https:\/\/www.henerrfm.com\/wp-content\/uploads\/2025\/11\/half-round-gutter-machineyy-768x313.jpg 768w, https:\/\/www.henerrfm.com\/wp-content\/uploads\/2025\/11\/half-round-gutter-machineyy-600x244.jpg 600w, https:\/\/www.henerrfm.com\/wp-content\/uploads\/2025\/11\/half-round-gutter-machineyy.jpg 1350w\" sizes=\"auto, (max-width: 1348px) 100vw, 1348px\" \/><\/p>\n<div style=\"all: initial !important;\"><\/div>\n<div style=\"all: initial !important;\"><\/div>","protected":false},"excerpt":{"rendered":"<p>&nbsp;<\/p>\n<div style=\"all: initial !important;\"><\/div>\n<div style=\"all: initial !important;\"><\/div>","protected":false},"featured_media":2917,"comment_status":"open","ping_status":"closed","template":"","meta":{"_gspb_post_css":""},"product_brand":[],"product_cat":[126,120],"product_tag":[],"class_list":{"0":"post-2916","1":"product","2":"type-product","3":"status-publish","4":"has-post-thumbnail","6":"product_cat-gutter-downspout-roll-forming-machine","7":"product_cat-roof-wall-panel-roll-forming-machine","9":"first","10":"instock","11":"shipping-taxable","12":"product-type-simple"},"_links":{"self":[{"href":"https:\/\/www.henerrfm.com\/pt\/wp-json\/wp\/v2\/product\/2916","targetHints":{"allow":["GET"]}}],"collection":[{"href":"https:\/\/www.henerrfm.com\/pt\/wp-json\/wp\/v2\/product"}],"about":[{"href":"https:\/\/www.henerrfm.com\/pt\/wp-json\/wp\/v2\/types\/product"}],"replies":[{"embeddable":true,"href":"https:\/\/www.henerrfm.com\/pt\/wp-json\/wp\/v2\/comments?post=2916"}],"wp:featuredmedia":[{"embeddable":true,"href":"https:\/\/www.henerrfm.com\/pt\/wp-json\/wp\/v2\/media\/2917"}],"wp:attachment":[{"href":"https:\/\/www.henerrfm.com\/pt\/wp-json\/wp\/v2\/media?parent=2916"}],"wp:term":[{"taxonomy":"product_brand","embeddable":true,"href":"https:\/\/www.henerrfm.com\/pt\/wp-json\/wp\/v2\/product_brand?post=2916"},{"taxonomy":"product_cat","embeddable":true,"href":"https:\/\/www.henerrfm.com\/pt\/wp-json\/wp\/v2\/product_cat?post=2916"},{"taxonomy":"product_tag","embeddable":true,"href":"https:\/\/www.henerrfm.com\/pt\/wp-json\/wp\/v2\/product_tag?post=2916"}],"curies":[{"name":"wp","href":"https:\/\/api.w.org\/{rel}","templated":true}]}}