{"id":292,"date":"2025-11-03T00:31:44","date_gmt":"2025-11-03T00:31:44","guid":{"rendered":"https:\/\/henerrfm.com\/?post_type=product&#038;p=292"},"modified":"2025-12-03T06:49:48","modified_gmt":"2025-12-03T06:49:48","slug":"hydraulic-roof-sheet-curving-machine","status":"publish","type":"product","link":"https:\/\/www.henerrfm.com\/pt\/product\/hydraulic-roof-sheet-curving-machine\/","title":{"rendered":"M\u00e1quina hidr\u00e1ulica de curvatura de telhas"},"content":{"rendered":"<h5>Vis\u00e3o geral do produto<\/h5>\n<p>O <a href=\"https:\/\/www.henerrfm.com\/pt\/produto\/hydraulic-roof-sheet-curving-machine\/\">M\u00e1quina hidr\u00e1ulica de curvatura de telhas<\/a> \u00e9 um sistema hidr\u00e1ulico especializado projetado para dobrar pain\u00e9is de cobertura com precis\u00e3o, criando curvas suaves e sutis adaptadas para aplica\u00e7\u00f5es arquitet\u00f4nicas modernas. Ao formar chapas met\u00e1licas curvas no local, esta m\u00e1quina reduz a necessidade de ter\u00e7as de telhado e suportes de a\u00e7o adicionais, otimizando tanto o uso de materiais quanto a efici\u00eancia estrutural.<\/p>\n<p>Os pain\u00e9is produzidos com a M\u00e1quina Curvatura Hidr\u00e1ulica de Folhas de Telhado n\u00e3o s\u00e3o apenas dur\u00e1veis e fortes, mas tamb\u00e9m visualmente impressionantes, permitindo que arquitetos e construtores obtenham projetos contempor\u00e2neos de telhados arqueados sem comprometer a funcionalidade Seu avan\u00e7ado sistema hidr\u00e1ulico garante precis\u00e3o de curvatura consistente, alta produtividade e confiabilidade a longo prazo para projetos de telhados residenciais, comerciais e industriais.<\/p>\n<h5>Par\u00e2metros t\u00e9cnicos<\/h5>\n<table>\n<tbody>\n<tr>\n<td>Grossura<\/td>\n<td>0,18-0,8 mm (material duro HRB65 de 0,18-0,3 mm; material macio de 0,3-0,7 mm)<\/td>\n<\/tr>\n<tr>\n<td>Pot\u00eancia do motor<\/td>\n<td>3KW<\/td>\n<\/tr>\n<tr>\n<td>Raio Curvo (M\u00edn)<\/td>\n<td>2.000 mm<\/td>\n<\/tr>\n<tr>\n<td>Velocidade<\/td>\n<td>8-10m\/min<\/td>\n<\/tr>\n<tr>\n<td>Tens\u00e3o<\/td>\n<td>70 mm<\/td>\n<\/tr>\n<tr>\n<td>Material do eixo<\/td>\n<td>A\u00e7o 45# com temperado<\/td>\n<\/tr>\n<tr>\n<td>Mat\u00e9ria prima<\/td>\n<td>PPGI, GI<\/td>\n<\/tr>\n<tr>\n<td>Material do rolo<\/td>\n<td>A\u00e7o 45# Cromado<\/td>\n<\/tr>\n<tr>\n<td>estrutura b\u00e1sica da m\u00e1quina<\/td>\n<td>A\u00e7o 3501TP10 T H soldado com contraventamento diagonal no interior<\/td>\n<\/tr>\n<\/tbody>\n<\/table>\n<h5 style=\"text-align: left;\">V\u00eddeo do produto<\/h5>\n<p><iframe loading=\"lazy\" title=\"M\u00e1quina hidr\u00e1ulica de curvatura de telhas\" width=\"1350\" height=\"759\" src=\"https:\/\/www.youtube.com\/embed\/W8dfkQ2SUr4?feature=oembed\" frameborder=\"0\" allow=\"accelerometer; autoplay; clipboard-write; encrypted-media; gyroscope; picture-in-picture; web-share\" referrerpolicy=\"strict-origin-when-cross-origin\" allowfullscreen><\/iframe><\/p>\n<h5>Exibi\u00e7\u00e3o de detalhes do produto<\/h5>\n<p><img loading=\"lazy\" decoding=\"async\" class=\"alignnone wp-image-2661\" src=\"https:\/\/henerrfm.com\/wp-content\/uploads\/2025\/11\/Hydraulic-Roof-Sheet-Curving-Machinexj-300x125.jpg\" alt=\"\" width=\"1344\" height=\"560\" srcset=\"https:\/\/www.henerrfm.com\/wp-content\/uploads\/2025\/11\/Hydraulic-Roof-Sheet-Curving-Machinexj-300x125.jpg 300w, https:\/\/www.henerrfm.com\/wp-content\/uploads\/2025\/11\/Hydraulic-Roof-Sheet-Curving-Machinexj-1024x428.jpg 1024w, https:\/\/www.henerrfm.com\/wp-content\/uploads\/2025\/11\/Hydraulic-Roof-Sheet-Curving-Machinexj-768x321.jpg 768w, https:\/\/www.henerrfm.com\/wp-content\/uploads\/2025\/11\/Hydraulic-Roof-Sheet-Curving-Machinexj-600x251.jpg 600w, https:\/\/www.henerrfm.com\/wp-content\/uploads\/2025\/11\/Hydraulic-Roof-Sheet-Curving-Machinexj.jpg 1350w\" sizes=\"auto, (max-width: 1344px) 100vw, 1344px\" \/><\/p>\n<h5>Aplicativo<\/h5>\n<h5><img loading=\"lazy\" decoding=\"async\" class=\"alignnone wp-image-2662\" src=\"https:\/\/henerrfm.com\/wp-content\/uploads\/2025\/11\/Hydraulic-Roof-Sheet-Curving-Machineyy-300x125.jpg\" alt=\"\" width=\"1342\" height=\"559\" srcset=\"https:\/\/www.henerrfm.com\/wp-content\/uploads\/2025\/11\/Hydraulic-Roof-Sheet-Curving-Machineyy-300x125.jpg 300w, https:\/\/www.henerrfm.com\/wp-content\/uploads\/2025\/11\/Hydraulic-Roof-Sheet-Curving-Machineyy-1024x428.jpg 1024w, https:\/\/www.henerrfm.com\/wp-content\/uploads\/2025\/11\/Hydraulic-Roof-Sheet-Curving-Machineyy-768x321.jpg 768w, https:\/\/www.henerrfm.com\/wp-content\/uploads\/2025\/11\/Hydraulic-Roof-Sheet-Curving-Machineyy-600x251.jpg 600w\" sizes=\"auto, (max-width: 1342px) 100vw, 1342px\" \/><\/h5>\n<h5>Produto final<\/h5>\n<p><img loading=\"lazy\" decoding=\"async\" class=\"alignnone wp-image-2660\" src=\"https:\/\/henerrfm.com\/wp-content\/uploads\/2025\/11\/Hydraulic-Roof-Sheet-Curving-Machinecp-300x125.jpg\" alt=\"\" width=\"1339\" height=\"558\" srcset=\"https:\/\/www.henerrfm.com\/wp-content\/uploads\/2025\/11\/Hydraulic-Roof-Sheet-Curving-Machinecp-300x125.jpg 300w, https:\/\/www.henerrfm.com\/wp-content\/uploads\/2025\/11\/Hydraulic-Roof-Sheet-Curving-Machinecp-1024x428.jpg 1024w, https:\/\/www.henerrfm.com\/wp-content\/uploads\/2025\/11\/Hydraulic-Roof-Sheet-Curving-Machinecp-768x321.jpg 768w, https:\/\/www.henerrfm.com\/wp-content\/uploads\/2025\/11\/Hydraulic-Roof-Sheet-Curving-Machinecp-600x251.jpg 600w, https:\/\/www.henerrfm.com\/wp-content\/uploads\/2025\/11\/Hydraulic-Roof-Sheet-Curving-Machinecp.jpg 1350w\" sizes=\"auto, (max-width: 1339px) 100vw, 1339px\" \/><\/p>\n<div style=\"all: initial !important;\"><\/div>","protected":false},"excerpt":{"rendered":"<p>&nbsp;<\/p>\n<div style=\"all: initial !important;\"><\/div>","protected":false},"featured_media":293,"comment_status":"open","ping_status":"closed","template":"","meta":{"_gspb_post_css":""},"product_brand":[],"product_cat":[120,130],"product_tag":[],"class_list":{"0":"post-292","1":"product","2":"type-product","3":"status-publish","4":"has-post-thumbnail","6":"product_cat-roof-wall-panel-roll-forming-machine","7":"product_cat-roof-curving-machine","9":"first","10":"instock","11":"shipping-taxable","12":"product-type-simple"},"_links":{"self":[{"href":"https:\/\/www.henerrfm.com\/pt\/wp-json\/wp\/v2\/product\/292","targetHints":{"allow":["GET"]}}],"collection":[{"href":"https:\/\/www.henerrfm.com\/pt\/wp-json\/wp\/v2\/product"}],"about":[{"href":"https:\/\/www.henerrfm.com\/pt\/wp-json\/wp\/v2\/types\/product"}],"replies":[{"embeddable":true,"href":"https:\/\/www.henerrfm.com\/pt\/wp-json\/wp\/v2\/comments?post=292"}],"wp:featuredmedia":[{"embeddable":true,"href":"https:\/\/www.henerrfm.com\/pt\/wp-json\/wp\/v2\/media\/293"}],"wp:attachment":[{"href":"https:\/\/www.henerrfm.com\/pt\/wp-json\/wp\/v2\/media?parent=292"}],"wp:term":[{"taxonomy":"product_brand","embeddable":true,"href":"https:\/\/www.henerrfm.com\/pt\/wp-json\/wp\/v2\/product_brand?post=292"},{"taxonomy":"product_cat","embeddable":true,"href":"https:\/\/www.henerrfm.com\/pt\/wp-json\/wp\/v2\/product_cat?post=292"},{"taxonomy":"product_tag","embeddable":true,"href":"https:\/\/www.henerrfm.com\/pt\/wp-json\/wp\/v2\/product_tag?post=292"}],"curies":[{"name":"wp","href":"https:\/\/api.w.org\/{rel}","templated":true}]}}