{"id":2927,"date":"2025-11-24T05:54:51","date_gmt":"2025-11-24T05:54:51","guid":{"rendered":"https:\/\/henerrfm.com\/?post_type=product&#038;p=2927"},"modified":"2025-12-03T06:02:59","modified_gmt":"2025-12-03T06:02:59","slug":"gutter-guard-roll-forming-machine","status":"publish","type":"product","link":"https:\/\/www.henerrfm.com\/pt\/product\/gutter-guard-roll-forming-machine\/","title":{"rendered":"M\u00e1quina de perfilagem de calha"},"content":{"rendered":"<h5>Vis\u00e3o geral do produto<\/h5>\n<p>O <a href=\"https:\/\/www.henerrfm.com\/pt\/produto\/gutter-guard-roll-forming-machine\/\">M\u00e1quina de perfilagem de calha<\/a> \u00e9 uma linha de produ\u00e7\u00e3o especializada projetada para a fabrica\u00e7\u00e3o de protetores de calha de alum\u00ednio perfurados premium Esses pain\u00e9is de prote\u00e7\u00e3o ajudam a manter as calhas livres de folhas e detritos, mantendo a drenagem suave da \u00e1gua da chuva, tornando-as componentes essenciais para o desempenho do sistema de telhado e calha a longo prazo.<\/p>\n<p>Usando um processo refinado de forma\u00e7\u00e3o de rolos, a m\u00e1quina molda tiras planas de alum\u00ednio em protetores de calha fortes e leves, dispon\u00edveis em acabamentos lisos ou em estilo ondulado. M\u00f3dulos de perfura\u00e7\u00e3o de precis\u00e3o criam furos, ranhuras ou padr\u00f5es de venezianas que maximizam o fluxo de \u00e1gua, evitando entupimentos, garantindo desempenho confi\u00e1vel em diversas condi\u00e7\u00f5es clim\u00e1ticas.<\/p>\n<p>Projetado para estabilidade e efici\u00eancia, a M\u00e1quina Formadora de Rolos de Guarda de Calhas oferece precis\u00e3o de forma\u00e7\u00e3o consistente e alta sa\u00edda com requisitos m\u00ednimos de manuten\u00e7\u00e3o Sua qualidade de constru\u00e7\u00e3o robusta e opera\u00e7\u00e3o simplificada o tornam uma excelente escolha para fabricantes que produzem produtos de prote\u00e7\u00e3o de calha de alum\u00ednio de alta qualidade para aplica\u00e7\u00f5es residenciais e comerciais.<\/p>\n<h5>Desenhos de perfil do produto<\/h5>\n<p><img loading=\"lazy\" decoding=\"async\" class=\"alignnone wp-image-2934\" src=\"https:\/\/henerrfm.com\/wp-content\/uploads\/2025\/11\/Gutter-Guard-Roll-Forming-Machinepm-278x300.jpg\" alt=\"\" width=\"672\" height=\"725\" srcset=\"https:\/\/www.henerrfm.com\/wp-content\/uploads\/2025\/11\/Gutter-Guard-Roll-Forming-Machinepm-278x300.jpg 278w, https:\/\/www.henerrfm.com\/wp-content\/uploads\/2025\/11\/Gutter-Guard-Roll-Forming-Machinepm-949x1024.jpg 949w, https:\/\/www.henerrfm.com\/wp-content\/uploads\/2025\/11\/Gutter-Guard-Roll-Forming-Machinepm-768x828.jpg 768w, https:\/\/www.henerrfm.com\/wp-content\/uploads\/2025\/11\/Gutter-Guard-Roll-Forming-Machinepm-600x647.jpg 600w, https:\/\/www.henerrfm.com\/wp-content\/uploads\/2025\/11\/Gutter-Guard-Roll-Forming-Machinepm.jpg 1350w\" sizes=\"auto, (max-width: 672px) 100vw, 672px\" \/><\/p>\n<h5>Par\u00e2metros t\u00e9cnicos<\/h5>\n<table>\n<tbody>\n<tr>\n<td>Ferramentas Rolo<\/td>\n<td>Personaliz\u00e1vel para diferentes designs de tela de calha<\/td>\n<\/tr>\n<tr>\n<td>Velocidade de produ\u00e7\u00e3o<\/td>\n<td>20 0 m\/min (para sa\u00edda de alto volume)<\/td>\n<\/tr>\n<tr>\n<td>Layout de perfura\u00e7\u00e3o de furo de drenagem<\/td>\n<td>45\u00b0 (para f\u00e1cil corte de canto)<\/td>\n<\/tr>\n<tr>\n<td>Sistema de controle<\/td>\n<td>Sistema de controle PLC com tela sens\u00edvel ao toque (para mudan\u00e7as r\u00e1pidas de tamanho)<\/td>\n<\/tr>\n<tr>\n<td>Rolos<\/td>\n<td>A\u00e7o GCr15 resistente com revestimento cromado (para longa vida \u00fatil)<\/td>\n<\/tr>\n<\/tbody>\n<\/table>\n<h5>Aplicativo<\/h5>\n<p><img loading=\"lazy\" decoding=\"async\" class=\"alignnone wp-image-2935\" src=\"https:\/\/henerrfm.com\/wp-content\/uploads\/2025\/11\/Gutter-Guard-Roll-Forming-Machineyy-300x88.jpg\" alt=\"\" width=\"1319\" height=\"387\" srcset=\"https:\/\/www.henerrfm.com\/wp-content\/uploads\/2025\/11\/Gutter-Guard-Roll-Forming-Machineyy-300x88.jpg 300w, https:\/\/www.henerrfm.com\/wp-content\/uploads\/2025\/11\/Gutter-Guard-Roll-Forming-Machineyy-1024x300.jpg 1024w, https:\/\/www.henerrfm.com\/wp-content\/uploads\/2025\/11\/Gutter-Guard-Roll-Forming-Machineyy-768x225.jpg 768w, https:\/\/www.henerrfm.com\/wp-content\/uploads\/2025\/11\/Gutter-Guard-Roll-Forming-Machineyy-600x176.jpg 600w, https:\/\/www.henerrfm.com\/wp-content\/uploads\/2025\/11\/Gutter-Guard-Roll-Forming-Machineyy.jpg 1350w\" sizes=\"auto, (max-width: 1319px) 100vw, 1319px\" \/><\/p>\n<p>&nbsp;<\/p>\n<div style=\"all: initial !important;\"><\/div>\n<p>&nbsp;<\/p>","protected":false},"excerpt":{"rendered":"<p>&nbsp;<\/p>\n<div style=\"all: initial !important;\"><\/div>","protected":false},"featured_media":2928,"comment_status":"open","ping_status":"closed","template":"","meta":{"_gspb_post_css":""},"product_brand":[],"product_cat":[126,120],"product_tag":[],"class_list":{"0":"post-2927","1":"product","2":"type-product","3":"status-publish","4":"has-post-thumbnail","6":"product_cat-gutter-downspout-roll-forming-machine","7":"product_cat-roof-wall-panel-roll-forming-machine","9":"first","10":"instock","11":"shipping-taxable","12":"product-type-simple"},"_links":{"self":[{"href":"https:\/\/www.henerrfm.com\/pt\/wp-json\/wp\/v2\/product\/2927","targetHints":{"allow":["GET"]}}],"collection":[{"href":"https:\/\/www.henerrfm.com\/pt\/wp-json\/wp\/v2\/product"}],"about":[{"href":"https:\/\/www.henerrfm.com\/pt\/wp-json\/wp\/v2\/types\/product"}],"replies":[{"embeddable":true,"href":"https:\/\/www.henerrfm.com\/pt\/wp-json\/wp\/v2\/comments?post=2927"}],"wp:featuredmedia":[{"embeddable":true,"href":"https:\/\/www.henerrfm.com\/pt\/wp-json\/wp\/v2\/media\/2928"}],"wp:attachment":[{"href":"https:\/\/www.henerrfm.com\/pt\/wp-json\/wp\/v2\/media?parent=2927"}],"wp:term":[{"taxonomy":"product_brand","embeddable":true,"href":"https:\/\/www.henerrfm.com\/pt\/wp-json\/wp\/v2\/product_brand?post=2927"},{"taxonomy":"product_cat","embeddable":true,"href":"https:\/\/www.henerrfm.com\/pt\/wp-json\/wp\/v2\/product_cat?post=2927"},{"taxonomy":"product_tag","embeddable":true,"href":"https:\/\/www.henerrfm.com\/pt\/wp-json\/wp\/v2\/product_tag?post=2927"}],"curies":[{"name":"wp","href":"https:\/\/api.w.org\/{rel}","templated":true}]}}