{"id":2936,"date":"2025-11-24T05:57:39","date_gmt":"2025-11-24T05:57:39","guid":{"rendered":"https:\/\/henerrfm.com\/?post_type=product&#038;p=2936"},"modified":"2025-12-03T07:05:31","modified_gmt":"2025-12-03T07:05:31","slug":"square-downspout-roll-forming-machine","status":"publish","type":"product","link":"https:\/\/www.henerrfm.com\/pt\/product\/square-downspout-roll-forming-machine\/","title":{"rendered":"M\u00e1quina de perfilagem de calhas quadradas"},"content":{"rendered":"<h5>Vis\u00e3o geral do produto<\/h5>\n<p>A m\u00e1quina formadora de rolos Square Downspout foi projetada para produzir <a href=\"https:\/\/en.wikipedia.org\/wiki\/Square\" target=\"_blank\" rel=\"noopener\">quadrado<\/a> e calhas retangulares com alta efici\u00eancia e precis\u00e3o Comumente conhecidas como l\u00edderes de \u00e1guas pluviais ou drenos, esses componentes desempenham um papel vital no direcionamento do escoamento do telhado com seguran\u00e7a para os sistemas de drenagem ao n\u00edvel do solo.<\/p>\n<p>Usando um processo de forma\u00e7\u00e3o de rolo controlado, a m\u00e1quina transforma alum\u00ednio, a\u00e7o galvanizado, cobre e outras bobinas de metal plano em perfis de calha bem definidos Suas esta\u00e7\u00f5es de forma\u00e7\u00e3o de precis\u00e3o garantem bordas limpas, dimens\u00f5es uniformes e excelente resist\u00eancia estrutural, resultando em componentes dur\u00e1veis adequados para uso externo a longo prazo.<\/p>\n<p>Projetado para desempenho est\u00e1vel e produ\u00e7\u00e3o cont\u00ednua, o Square Downspout Roll Forming Machine oferece aos fabricantes uma solu\u00e7\u00e3o confi\u00e1vel para fornecer pe\u00e7as de drenagem de \u00e1gua da chuva de alta qualidade para projetos de edif\u00edcios residenciais e comerciais. Sua combina\u00e7\u00e3o de precis\u00e3o, velocidade e versatilidade o torna uma adi\u00e7\u00e3o valiosa \u00e0s modernas linhas de fabrica\u00e7\u00e3o de sistemas de calhas.<\/p>\n<h5>Desenhos de perfil do produto<\/h5>\n<p><img loading=\"lazy\" decoding=\"async\" class=\"alignnone wp-image-2944\" src=\"https:\/\/henerrfm.com\/wp-content\/uploads\/2025\/11\/square-downspout-roll-forming-machinepm-300x113.jpg\" alt=\"\" width=\"1338\" height=\"504\" srcset=\"https:\/\/www.henerrfm.com\/wp-content\/uploads\/2025\/11\/square-downspout-roll-forming-machinepm-300x113.jpg 300w, https:\/\/www.henerrfm.com\/wp-content\/uploads\/2025\/11\/square-downspout-roll-forming-machinepm-1024x386.jpg 1024w, https:\/\/www.henerrfm.com\/wp-content\/uploads\/2025\/11\/square-downspout-roll-forming-machinepm-768x290.jpg 768w, https:\/\/www.henerrfm.com\/wp-content\/uploads\/2025\/11\/square-downspout-roll-forming-machinepm-600x226.jpg 600w, https:\/\/www.henerrfm.com\/wp-content\/uploads\/2025\/11\/square-downspout-roll-forming-machinepm.jpg 1350w\" sizes=\"auto, (max-width: 1338px) 100vw, 1338px\" \/><\/p>\n<h5>Par\u00e2metros t\u00e9cnicos<\/h5>\n<table>\n<tbody>\n<tr>\n<td>Tipo material<\/td>\n<td>GI, PPGI, PPGL<\/td>\n<\/tr>\n<tr>\n<td>Grossura<\/td>\n<td>0,3 0,7 MM<\/td>\n<\/tr>\n<tr>\n<td>For\u00e7a de rendimento<\/td>\n<td>300mpa<\/td>\n<\/tr>\n<tr>\n<td>Largura<\/td>\n<td>Como o cliente exigiu<\/td>\n<\/tr>\n<\/tbody>\n<\/table>\n<h5>Fluxograma de Produ\u00e7\u00e3o<\/h5>\n<p><img loading=\"lazy\" decoding=\"async\" class=\"alignnone wp-image-2943\" src=\"https:\/\/henerrfm.com\/wp-content\/uploads\/2025\/11\/square-downspout-roll-forming-machinelc-300x71.jpg\" alt=\"\" width=\"1306\" height=\"309\" srcset=\"https:\/\/www.henerrfm.com\/wp-content\/uploads\/2025\/11\/square-downspout-roll-forming-machinelc-300x71.jpg 300w, https:\/\/www.henerrfm.com\/wp-content\/uploads\/2025\/11\/square-downspout-roll-forming-machinelc-1024x241.jpg 1024w, https:\/\/www.henerrfm.com\/wp-content\/uploads\/2025\/11\/square-downspout-roll-forming-machinelc-768x181.jpg 768w, https:\/\/www.henerrfm.com\/wp-content\/uploads\/2025\/11\/square-downspout-roll-forming-machinelc-600x141.jpg 600w, https:\/\/www.henerrfm.com\/wp-content\/uploads\/2025\/11\/square-downspout-roll-forming-machinelc.jpg 1350w\" sizes=\"auto, (max-width: 1306px) 100vw, 1306px\" \/><\/p>\n<h5>Exibi\u00e7\u00e3o de detalhes do produto<\/h5>\n<p><img loading=\"lazy\" decoding=\"async\" class=\"alignnone wp-image-2945\" src=\"https:\/\/henerrfm.com\/wp-content\/uploads\/2025\/11\/square-downspout-roll-forming-machinexj-300x100.jpg\" alt=\"\" width=\"1311\" height=\"437\" srcset=\"https:\/\/www.henerrfm.com\/wp-content\/uploads\/2025\/11\/square-downspout-roll-forming-machinexj-300x100.jpg 300w, https:\/\/www.henerrfm.com\/wp-content\/uploads\/2025\/11\/square-downspout-roll-forming-machinexj-1024x342.jpg 1024w, https:\/\/www.henerrfm.com\/wp-content\/uploads\/2025\/11\/square-downspout-roll-forming-machinexj-768x257.jpg 768w, https:\/\/www.henerrfm.com\/wp-content\/uploads\/2025\/11\/square-downspout-roll-forming-machinexj-600x200.jpg 600w, https:\/\/www.henerrfm.com\/wp-content\/uploads\/2025\/11\/square-downspout-roll-forming-machinexj.jpg 1350w\" sizes=\"auto, (max-width: 1311px) 100vw, 1311px\" \/><\/p>\n<h5>Aplicativo<\/h5>\n<p><img loading=\"lazy\" decoding=\"async\" class=\"alignnone wp-image-2946\" src=\"https:\/\/henerrfm.com\/wp-content\/uploads\/2025\/11\/square-downspout-roll-forming-machineyy-300x100.jpg\" alt=\"\" width=\"1311\" height=\"437\" srcset=\"https:\/\/www.henerrfm.com\/wp-content\/uploads\/2025\/11\/square-downspout-roll-forming-machineyy-300x100.jpg 300w, https:\/\/www.henerrfm.com\/wp-content\/uploads\/2025\/11\/square-downspout-roll-forming-machineyy-1024x342.jpg 1024w, https:\/\/www.henerrfm.com\/wp-content\/uploads\/2025\/11\/square-downspout-roll-forming-machineyy-768x257.jpg 768w, https:\/\/www.henerrfm.com\/wp-content\/uploads\/2025\/11\/square-downspout-roll-forming-machineyy-600x200.jpg 600w, https:\/\/www.henerrfm.com\/wp-content\/uploads\/2025\/11\/square-downspout-roll-forming-machineyy.jpg 1350w\" sizes=\"auto, (max-width: 1311px) 100vw, 1311px\" \/><\/p>","protected":false},"excerpt":{"rendered":"<p>Product Overview The Square Downspout Roll Forming Machine is engineered to produce square and rectangular downspouts with high efficiency and accuracy. Commonly known as rainwater leaders or drainpipes, these components play a vital role in directing roof runoff safely into ground-level drainage systems. Using a controlled roll forming process, the machine transforms aluminum, galvanized steel, [&hellip;]<\/p>\n","protected":false},"featured_media":2938,"comment_status":"open","ping_status":"closed","template":"","meta":{"_gspb_post_css":""},"product_brand":[],"product_cat":[126,120],"product_tag":[],"class_list":{"0":"post-2936","1":"product","2":"type-product","3":"status-publish","4":"has-post-thumbnail","6":"product_cat-gutter-downspout-roll-forming-machine","7":"product_cat-roof-wall-panel-roll-forming-machine","9":"first","10":"instock","11":"shipping-taxable","12":"product-type-simple"},"_links":{"self":[{"href":"https:\/\/www.henerrfm.com\/pt\/wp-json\/wp\/v2\/product\/2936","targetHints":{"allow":["GET"]}}],"collection":[{"href":"https:\/\/www.henerrfm.com\/pt\/wp-json\/wp\/v2\/product"}],"about":[{"href":"https:\/\/www.henerrfm.com\/pt\/wp-json\/wp\/v2\/types\/product"}],"replies":[{"embeddable":true,"href":"https:\/\/www.henerrfm.com\/pt\/wp-json\/wp\/v2\/comments?post=2936"}],"wp:featuredmedia":[{"embeddable":true,"href":"https:\/\/www.henerrfm.com\/pt\/wp-json\/wp\/v2\/media\/2938"}],"wp:attachment":[{"href":"https:\/\/www.henerrfm.com\/pt\/wp-json\/wp\/v2\/media?parent=2936"}],"wp:term":[{"taxonomy":"product_brand","embeddable":true,"href":"https:\/\/www.henerrfm.com\/pt\/wp-json\/wp\/v2\/product_brand?post=2936"},{"taxonomy":"product_cat","embeddable":true,"href":"https:\/\/www.henerrfm.com\/pt\/wp-json\/wp\/v2\/product_cat?post=2936"},{"taxonomy":"product_tag","embeddable":true,"href":"https:\/\/www.henerrfm.com\/pt\/wp-json\/wp\/v2\/product_tag?post=2936"}],"curies":[{"name":"wp","href":"https:\/\/api.w.org\/{rel}","templated":true}]}}