{"id":2967,"date":"2025-11-24T06:48:34","date_gmt":"2025-11-24T06:48:34","guid":{"rendered":"https:\/\/henerrfm.com\/?post_type=product&#038;p=2967"},"modified":"2025-12-03T06:55:05","modified_gmt":"2025-12-03T06:55:05","slug":"3-in-1-light-gauge-steel-framing-machine","status":"publish","type":"product","link":"https:\/\/www.henerrfm.com\/pt\/product\/3-in-1-light-gauge-steel-framing-machine\/","title":{"rendered":"M\u00e1quina de enquadramento de a\u00e7o leve 3 em 1"},"content":{"rendered":"<h5>Vis\u00e3o geral do produto<\/h5>\n<p>A m\u00e1quina de estrutura de a\u00e7o leve 3 em 1 \u00e9 um sistema de produ\u00e7\u00e3o multifuncional altamente vers\u00e1til, projetado para fabricar tr\u00eas tipos diferentes de estruturas. <a href=\"https:\/\/en.wikipedia.org\/wiki\/Steel\" target=\"_blank\" rel=\"noopener\">a\u00e7o<\/a> A m\u00e1quina produz diversos tipos de perfis utilizando uma \u00fanica m\u00e1quina. Essa capacidade multifuncional a torna a escolha ideal para construtoras e incorporadoras que necessitam de flexibilidade, efici\u00eancia e qualidade consistente em constru\u00e7\u00f5es leves de a\u00e7o. Seja para resid\u00eancias, escrit\u00f3rios comerciais ou grandes instala\u00e7\u00f5es p\u00fablicas, como esta\u00e7\u00f5es ferrovi\u00e1rias, a m\u00e1quina fornece componentes de estrutura est\u00e1veis, precisos e confi\u00e1veis para uma ampla gama de aplica\u00e7\u00f5es arquitet\u00f4nicas.<\/p>\n<p>Projetado com tecnologia de controle inteligente, o sistema pode ler e processar diretamente arquivos de projeto CSV, garantindo integra\u00e7\u00e3o perfeita com softwares modernos de projeto de constru\u00e7\u00e3o. Seu sistema de impress\u00e3o com bico duplo aprimora a precis\u00e3o da marca\u00e7\u00e3o e acelera a produ\u00e7\u00e3o, permitindo que os trabalhadores identifiquem rapidamente os componentes durante a montagem no local. Com processos totalmente automatizados de conforma\u00e7\u00e3o, corte e impress\u00e3o, a m\u00e1quina reduz significativamente o trabalho manual, minimiza erros e melhora a efici\u00eancia geral do projeto.<\/p>\n<p>Ao combinar tr\u00eas linhas de perfil em uma solu\u00e7\u00e3o compacta, a M\u00e1quina de Estruturas de A\u00e7o Leve 3 em 1 ajuda os empreiteiros a reduzir o investimento em equipamentos, economizar espa\u00e7o e otimizar o fluxo de trabalho, ao mesmo tempo que oferece estruturas de a\u00e7o de alta precis\u00e3o que atendem aos padr\u00f5es da constru\u00e7\u00e3o modular e de a\u00e7o leve contempor\u00e2nea. Esta m\u00e1quina potente e eficiente foi projetada para elevar a produtividade e a qualidade da constru\u00e7\u00e3o em diversos projetos de edifica\u00e7\u00e3o.<\/p>\n<h5>Desenhos de perfil do produto<\/h5>\n<p><img loading=\"lazy\" decoding=\"async\" class=\"alignnone wp-image-2977\" src=\"https:\/\/henerrfm.com\/wp-content\/uploads\/2025\/11\/3-in-1-Light-Gauge-Steel-Framing-Machinepm-300x67.jpg\" alt=\"\" width=\"1290\" height=\"288\" srcset=\"https:\/\/www.henerrfm.com\/wp-content\/uploads\/2025\/11\/3-in-1-Light-Gauge-Steel-Framing-Machinepm-300x67.jpg 300w, https:\/\/www.henerrfm.com\/wp-content\/uploads\/2025\/11\/3-in-1-Light-Gauge-Steel-Framing-Machinepm-1024x230.jpg 1024w, https:\/\/www.henerrfm.com\/wp-content\/uploads\/2025\/11\/3-in-1-Light-Gauge-Steel-Framing-Machinepm-768x172.jpg 768w, https:\/\/www.henerrfm.com\/wp-content\/uploads\/2025\/11\/3-in-1-Light-Gauge-Steel-Framing-Machinepm-600x135.jpg 600w\" sizes=\"auto, (max-width: 1290px) 100vw, 1290px\" \/><\/p>\n<h5>Par\u00e2metros t\u00e9cnicos<\/h5>\n<table>\n<tbody>\n<tr>\n<td>Formato do perfil<\/td>\n<td>Forma de C<\/td>\n<\/tr>\n<tr>\n<td>Tamanho do perfil<\/td>\n<td>63mm\/ 75mm\/ 89mm\/ 92mm\/ 100mm\/ 140mm e etc.<\/td>\n<\/tr>\n<tr>\n<td>Espessura do material<\/td>\n<td>Bobina de a\u00e7o zinco-alum\u00ednio de 0,75 a 1,2 mm, G300 a G550<\/td>\n<\/tr>\n<tr>\n<td>Sistema Operacional<\/td>\n<td>Tela sens\u00edvel ao toque de 21 polegadas<\/td>\n<\/tr>\n<tr>\n<td>Sistema de Controle de Produ\u00e7\u00e3o<\/td>\n<td>Software de controle desenvolvido internamente<\/td>\n<\/tr>\n<tr>\n<td>Software de design<\/td>\n<td>Vertex BD\/ Framebuilder MRD \/ Strucsoft e outros.<\/td>\n<\/tr>\n<tr>\n<td>Velocidade abrangente da m\u00e1quina<\/td>\n<td>Vigas do piso: 300 m\/h, Paredes: 700 m\/h, totalizando cerca de 4 toneladas por turno.<\/td>\n<\/tr>\n<tr>\n<td>Moldes de perfura\u00e7\u00e3o e corte<\/td>\n<td>Furo de reentr\u00e2ncia, corte chanfrado, entalhe na alma, corte de aba, furo de servi\u00e7o, furo para parafuso e cisalhamento<\/td>\n<\/tr>\n<tr>\n<td>Precis\u00e3o<\/td>\n<td>\u00b1 0,5 mm<\/td>\n<\/tr>\n<\/tbody>\n<\/table>\n<h5>Fluxograma de Produ\u00e7\u00e3o<\/h5>\n<p><img loading=\"lazy\" decoding=\"async\" class=\"alignnone wp-image-2976\" src=\"https:\/\/henerrfm.com\/wp-content\/uploads\/2025\/11\/3-in-1-Light-Gauge-Steel-Framing-Machinelc-300x99.jpg\" alt=\"\" width=\"1288\" height=\"425\" srcset=\"https:\/\/www.henerrfm.com\/wp-content\/uploads\/2025\/11\/3-in-1-Light-Gauge-Steel-Framing-Machinelc-300x99.jpg 300w, https:\/\/www.henerrfm.com\/wp-content\/uploads\/2025\/11\/3-in-1-Light-Gauge-Steel-Framing-Machinelc-1024x339.jpg 1024w, https:\/\/www.henerrfm.com\/wp-content\/uploads\/2025\/11\/3-in-1-Light-Gauge-Steel-Framing-Machinelc-768x254.jpg 768w, https:\/\/www.henerrfm.com\/wp-content\/uploads\/2025\/11\/3-in-1-Light-Gauge-Steel-Framing-Machinelc-600x199.jpg 600w, https:\/\/www.henerrfm.com\/wp-content\/uploads\/2025\/11\/3-in-1-Light-Gauge-Steel-Framing-Machinelc.jpg 1350w\" sizes=\"auto, (max-width: 1288px) 100vw, 1288px\" \/><\/p>\n<h5>Aplicativo<\/h5>\n<p><img loading=\"lazy\" decoding=\"async\" class=\"alignnone wp-image-2978\" src=\"https:\/\/henerrfm.com\/wp-content\/uploads\/2025\/11\/3-in-1-Light-Gauge-Steel-Framing-Machineyy-300x102.jpg\" alt=\"\" width=\"838\" height=\"285\" srcset=\"https:\/\/www.henerrfm.com\/wp-content\/uploads\/2025\/11\/3-in-1-Light-Gauge-Steel-Framing-Machineyy-300x102.jpg 300w, https:\/\/www.henerrfm.com\/wp-content\/uploads\/2025\/11\/3-in-1-Light-Gauge-Steel-Framing-Machineyy-1024x347.jpg 1024w, https:\/\/www.henerrfm.com\/wp-content\/uploads\/2025\/11\/3-in-1-Light-Gauge-Steel-Framing-Machineyy-768x261.jpg 768w, https:\/\/www.henerrfm.com\/wp-content\/uploads\/2025\/11\/3-in-1-Light-Gauge-Steel-Framing-Machineyy-600x204.jpg 600w, https:\/\/www.henerrfm.com\/wp-content\/uploads\/2025\/11\/3-in-1-Light-Gauge-Steel-Framing-Machineyy.jpg 1350w\" sizes=\"auto, (max-width: 838px) 100vw, 838px\" \/><\/p>\n<h5>Produto final<\/h5>\n<p><img loading=\"lazy\" decoding=\"async\" class=\"alignnone wp-image-2975\" src=\"https:\/\/henerrfm.com\/wp-content\/uploads\/2025\/11\/3-in-1-Light-Gauge-Steel-Framing-Machinecp-300x88.jpg\" alt=\"\" width=\"1336\" height=\"392\" srcset=\"https:\/\/www.henerrfm.com\/wp-content\/uploads\/2025\/11\/3-in-1-Light-Gauge-Steel-Framing-Machinecp-300x88.jpg 300w, https:\/\/www.henerrfm.com\/wp-content\/uploads\/2025\/11\/3-in-1-Light-Gauge-Steel-Framing-Machinecp-1024x300.jpg 1024w, https:\/\/www.henerrfm.com\/wp-content\/uploads\/2025\/11\/3-in-1-Light-Gauge-Steel-Framing-Machinecp-768x225.jpg 768w, https:\/\/www.henerrfm.com\/wp-content\/uploads\/2025\/11\/3-in-1-Light-Gauge-Steel-Framing-Machinecp-600x176.jpg 600w, https:\/\/www.henerrfm.com\/wp-content\/uploads\/2025\/11\/3-in-1-Light-Gauge-Steel-Framing-Machinecp.jpg 1350w\" sizes=\"auto, (max-width: 1336px) 100vw, 1336px\" \/><\/p>","protected":false},"excerpt":{"rendered":"<p>Product Overview The 3 in 1 Light Gauge Steel Framing Machine is a highly versatile, all-in-one production system designed to manufacture three different steel profile types using a single machine. This multi-function capability makes it an ideal choice for developers and builders who need flexibility, efficiency, and consistent quality in light steel construction. Whether used [&hellip;]<\/p>\n","protected":false},"featured_media":2968,"comment_status":"open","ping_status":"closed","template":"","meta":{"_gspb_post_css":""},"product_brand":[],"product_cat":[136,135],"product_tag":[],"class_list":{"0":"post-2967","1":"product","2":"type-product","3":"status-publish","4":"has-post-thumbnail","6":"product_cat-light-gauge-steel-framing-machine","7":"product_cat-steel-structure-light-gauge-frame-roll-forming-machine","9":"first","10":"instock","11":"shipping-taxable","12":"product-type-simple"},"_links":{"self":[{"href":"https:\/\/www.henerrfm.com\/pt\/wp-json\/wp\/v2\/product\/2967","targetHints":{"allow":["GET"]}}],"collection":[{"href":"https:\/\/www.henerrfm.com\/pt\/wp-json\/wp\/v2\/product"}],"about":[{"href":"https:\/\/www.henerrfm.com\/pt\/wp-json\/wp\/v2\/types\/product"}],"replies":[{"embeddable":true,"href":"https:\/\/www.henerrfm.com\/pt\/wp-json\/wp\/v2\/comments?post=2967"}],"wp:featuredmedia":[{"embeddable":true,"href":"https:\/\/www.henerrfm.com\/pt\/wp-json\/wp\/v2\/media\/2968"}],"wp:attachment":[{"href":"https:\/\/www.henerrfm.com\/pt\/wp-json\/wp\/v2\/media?parent=2967"}],"wp:term":[{"taxonomy":"product_brand","embeddable":true,"href":"https:\/\/www.henerrfm.com\/pt\/wp-json\/wp\/v2\/product_brand?post=2967"},{"taxonomy":"product_cat","embeddable":true,"href":"https:\/\/www.henerrfm.com\/pt\/wp-json\/wp\/v2\/product_cat?post=2967"},{"taxonomy":"product_tag","embeddable":true,"href":"https:\/\/www.henerrfm.com\/pt\/wp-json\/wp\/v2\/product_tag?post=2967"}],"curies":[{"name":"wp","href":"https:\/\/api.w.org\/{rel}","templated":true}]}}