{"id":297,"date":"2025-11-03T00:33:34","date_gmt":"2025-11-03T00:33:34","guid":{"rendered":"https:\/\/henerrfm.com\/?post_type=product&#038;p=297"},"modified":"2025-12-04T08:27:00","modified_gmt":"2025-12-04T08:27:00","slug":"automatic-eps-sandwich-panel-production-line","status":"publish","type":"product","link":"https:\/\/www.henerrfm.com\/pt\/product\/automatic-eps-sandwich-panel-production-line\/","title":{"rendered":"Linha de produ\u00e7\u00e3o autom\u00e1tica de pain\u00e9is sandu\u00edche de EPS"},"content":{"rendered":"<h5>Vis\u00e3o geral do produto<\/h5>\n<p>O <a href=\"https:\/\/www.henerrfm.com\/pt\/produto\/automatic-eps-sandwich-panel-production-line\/\"><strong>Linha de produ\u00e7\u00e3o autom\u00e1tica de pain\u00e9is sandu\u00edche de EPS<\/strong><\/a>\u00a0\u00e9 um sistema avan\u00e7ado e totalmente integrado para fabrica\u00e7\u00e3o cont\u00ednua e de alta qualidade de pain\u00e9is.<br \/>\nProduz pain\u00e9is sandu\u00edche dur\u00e1veis feitos de duas folhas met\u00e1licas coladas a um leve <a href=\"https:\/\/en.wikipedia.org\/wiki\/Eco_pickled_surface\" target=\"_blank\" rel=\"noopener\">EPS<\/a> n\u00facleo isolante, oferecendo resist\u00eancia, rigidez e excelente desempenho t\u00e9rmico.<\/p>\n<p>A linha de produ\u00e7\u00e3o autom\u00e1tica de painel sandu\u00edche EPS integra todos os principais processos em um fluxo de trabalho simplificado:<br \/>\ndesenrolamento e cobertura de filme, forma\u00e7\u00e3o de rolo de precis\u00e3o, corte automatizado, pr\u00e9-aquecimento, aplica\u00e7\u00e3o de espuma de alta press\u00e3o, transporte de correia dupla, aquecimento controlado e corte final do painel.<\/p>\n<p>Projetado para opera\u00e7\u00e3o est\u00e1vel e alta produtividade, o <strong>Linha de produ\u00e7\u00e3o autom\u00e1tica de pain\u00e9is sandu\u00edche de EPS<\/strong>\u00a0garante uma qualidade uniforme do painel com o m\u00ednimo de manuseio manual.<br \/>\n\u00c9 ideal para constru\u00e7\u00e3o industrial em grande escala, instala\u00e7\u00f5es para c\u00e2maras frigor\u00edficas, edif\u00edcios modulares e projetos arquitet\u00f4nicos energeticamente eficientes.<\/p>\n<h5>Desenhos de perfil do produto<\/h5>\n<p><img loading=\"lazy\" decoding=\"async\" class=\"alignnone wp-image-2650\" src=\"https:\/\/henerrfm.com\/wp-content\/uploads\/2025\/11\/EPS-pm-300x189.jpg\" alt=\"\" width=\"1346\" height=\"848\" srcset=\"https:\/\/www.henerrfm.com\/wp-content\/uploads\/2025\/11\/EPS-pm-300x189.jpg 300w, https:\/\/www.henerrfm.com\/wp-content\/uploads\/2025\/11\/EPS-pm-1024x645.jpg 1024w, https:\/\/www.henerrfm.com\/wp-content\/uploads\/2025\/11\/EPS-pm-768x484.jpg 768w, https:\/\/www.henerrfm.com\/wp-content\/uploads\/2025\/11\/EPS-pm-600x378.jpg 600w, https:\/\/www.henerrfm.com\/wp-content\/uploads\/2025\/11\/EPS-pm.jpg 1350w\" sizes=\"auto, (max-width: 1346px) 100vw, 1346px\" \/><\/p>\n<h5>Par\u00e2metros t\u00e9cnicos<\/h5>\n<table>\n<thead>\n<tr>\n<th><span style=\"font-weight: 400;\">S\u00e9rie<\/span><\/th>\n<th><span style=\"font-weight: 400;\">Detalhes<\/span><\/th>\n<th><span style=\"font-weight: 400;\">Par\u00e2metro<\/span><\/th>\n<\/tr>\n<\/thead>\n<tbody>\n<tr>\n<td>Folha Produto<\/td>\n<td>Mat\u00e9ria prima<\/td>\n<td>GI\/PPGI<\/td>\n<\/tr>\n<tr>\n<td><\/td>\n<td>Espessura do material<\/td>\n<td>0,18-0,8 mm (0,18-0,3 mm: material duro HRB65; 0,3-0,7 mm: material macio)<\/td>\n<\/tr>\n<tr>\n<td>M\u00e1quina Perfiladeira<\/td>\n<td>Dispositivo alimenta\u00e7\u00e3o<\/td>\n<td>Largura da plataforma ajust\u00e1vel pela roda de m\u00e3o; rolamento incorporado para proteger bordas da chapa de a\u00e7o<\/td>\n<\/tr>\n<tr>\n<td><\/td>\n<td>Eixo de rolamento material<\/td>\n<td>A\u00c7O 45#<\/td>\n<\/tr>\n<tr>\n<td><\/td>\n<td>Eixo de rolamento de di\u00e2metro<\/td>\n<td>70 mm<\/td>\n<\/tr>\n<tr>\n<td><\/td>\n<td>Tratamento do eixo rolante<\/td>\n<td>Tratamento de t\u00eampera (evita a deforma\u00e7\u00e3o e melhora a dureza)<\/td>\n<\/tr>\n<tr>\n<td><\/td>\n<td>Rolo (Rolo)<\/td>\n<td>A\u00e7o 45#<\/td>\n<\/tr>\n<tr>\n<td><\/td>\n<td>Tratamento de rolo<\/td>\n<td>Tratamento cromado (espessura do Cr: 0.05 mm; anticorros\u00e3o, realce da dureza, garantia da precis\u00e3o, bom desempenho da abras\u00e3o)<\/td>\n<\/tr>\n<tr>\n<td><\/td>\n<td>Esta\u00e7\u00e3o Rolling<\/td>\n<td>3 esta\u00e7\u00f5es (alimenta chapa de a\u00e7o para sistema de prensagem)<\/td>\n<\/tr>\n<tr>\n<td><\/td>\n<td>Estrutura M\u00e1quina<\/td>\n<td>Estrutura soldada da placa intermedi\u00e1ria<\/td>\n<\/tr>\n<tr>\n<td><\/td>\n<td>M\u00e1quina Quadro B\u00e1sico<\/td>\n<td>A\u00e7o 3501TP10 T H soldado com contraventamento diagonal interno<\/td>\n<\/tr>\n<tr>\n<td><\/td>\n<td>Consequ\u00eancia<\/td>\n<td>Harbin, famosa marca chinesa.<\/td>\n<\/tr>\n<tr>\n<td><\/td>\n<td>Poder Trabalho<\/td>\n<td>3 kW<\/td>\n<\/tr>\n<tr>\n<td><\/td>\n<td>Espa\u00e7ador de rolos e haste de tra\u00e7\u00e3o<\/td>\n<td>Tratamento anti-ferrugem<\/td>\n<\/tr>\n<\/tbody>\n<\/table>\n<h5>Fluxograma<\/h5>\n<p><img loading=\"lazy\" decoding=\"async\" class=\"alignnone wp-image-2648\" src=\"https:\/\/henerrfm.com\/wp-content\/uploads\/2025\/11\/EPS-lc-300x98.jpg\" alt=\"\" width=\"1319\" height=\"431\" srcset=\"https:\/\/www.henerrfm.com\/wp-content\/uploads\/2025\/11\/EPS-lc-300x98.jpg 300w, https:\/\/www.henerrfm.com\/wp-content\/uploads\/2025\/11\/EPS-lc-1024x334.jpg 1024w, https:\/\/www.henerrfm.com\/wp-content\/uploads\/2025\/11\/EPS-lc-768x250.jpg 768w, https:\/\/www.henerrfm.com\/wp-content\/uploads\/2025\/11\/EPS-lc-600x196.jpg 600w, https:\/\/www.henerrfm.com\/wp-content\/uploads\/2025\/11\/EPS-lc.jpg 1350w\" sizes=\"auto, (max-width: 1319px) 100vw, 1319px\" \/> <img loading=\"lazy\" decoding=\"async\" class=\"alignnone wp-image-2649\" src=\"https:\/\/henerrfm.com\/wp-content\/uploads\/2025\/11\/EPS-lc1-300x189.jpg\" alt=\"\" width=\"1316\" height=\"829\" srcset=\"https:\/\/www.henerrfm.com\/wp-content\/uploads\/2025\/11\/EPS-lc1-300x189.jpg 300w, https:\/\/www.henerrfm.com\/wp-content\/uploads\/2025\/11\/EPS-lc1-1024x645.jpg 1024w, https:\/\/www.henerrfm.com\/wp-content\/uploads\/2025\/11\/EPS-lc1-768x484.jpg 768w, https:\/\/www.henerrfm.com\/wp-content\/uploads\/2025\/11\/EPS-lc1-600x378.jpg 600w, https:\/\/www.henerrfm.com\/wp-content\/uploads\/2025\/11\/EPS-lc1.jpg 1350w\" sizes=\"auto, (max-width: 1316px) 100vw, 1316px\" \/><\/p>\n<h5>Exibi\u00e7\u00e3o de detalhes do produto<\/h5>\n<p><img loading=\"lazy\" decoding=\"async\" class=\"alignnone wp-image-2645\" src=\"https:\/\/henerrfm.com\/wp-content\/uploads\/2025\/11\/EPS-300x136.jpg\" alt=\"\" width=\"1330\" height=\"603\" srcset=\"https:\/\/www.henerrfm.com\/wp-content\/uploads\/2025\/11\/EPS-300x136.jpg 300w, https:\/\/www.henerrfm.com\/wp-content\/uploads\/2025\/11\/EPS-1024x463.jpg 1024w, https:\/\/www.henerrfm.com\/wp-content\/uploads\/2025\/11\/EPS-768x347.jpg 768w, https:\/\/www.henerrfm.com\/wp-content\/uploads\/2025\/11\/EPS-600x271.jpg 600w\" sizes=\"auto, (max-width: 1330px) 100vw, 1330px\" \/> <img loading=\"lazy\" decoding=\"async\" class=\"alignnone wp-image-2651\" src=\"https:\/\/henerrfm.com\/wp-content\/uploads\/2025\/11\/EPS-xj-300x136.jpg\" alt=\"\" width=\"1341\" height=\"608\" srcset=\"https:\/\/www.henerrfm.com\/wp-content\/uploads\/2025\/11\/EPS-xj-300x136.jpg 300w, https:\/\/www.henerrfm.com\/wp-content\/uploads\/2025\/11\/EPS-xj-1024x463.jpg 1024w, https:\/\/www.henerrfm.com\/wp-content\/uploads\/2025\/11\/EPS-xj-768x347.jpg 768w, https:\/\/www.henerrfm.com\/wp-content\/uploads\/2025\/11\/EPS-xj-600x271.jpg 600w\" sizes=\"auto, (max-width: 1341px) 100vw, 1341px\" \/><\/p>\n<h5>Aplicativo<\/h5>\n<p><img loading=\"lazy\" decoding=\"async\" class=\"alignnone wp-image-2653\" src=\"https:\/\/henerrfm.com\/wp-content\/uploads\/2025\/11\/11-2-300x300.jpg\" alt=\"\" width=\"624\" height=\"624\" srcset=\"https:\/\/www.henerrfm.com\/wp-content\/uploads\/2025\/11\/11-2-300x300.jpg 300w, https:\/\/www.henerrfm.com\/wp-content\/uploads\/2025\/11\/11-2-150x150.jpg 150w, https:\/\/www.henerrfm.com\/wp-content\/uploads\/2025\/11\/11-2-100x100.jpg 100w, https:\/\/www.henerrfm.com\/wp-content\/uploads\/2025\/11\/11-2.jpg 500w\" sizes=\"auto, (max-width: 624px) 100vw, 624px\" \/><\/p>\n<h5>Produto final<\/h5>\n<p><img loading=\"lazy\" decoding=\"async\" class=\"alignnone wp-image-2647\" src=\"https:\/\/henerrfm.com\/wp-content\/uploads\/2025\/11\/EPS-cp-300x136.jpg\" alt=\"\" width=\"1337\" height=\"606\" srcset=\"https:\/\/www.henerrfm.com\/wp-content\/uploads\/2025\/11\/EPS-cp-300x136.jpg 300w, https:\/\/www.henerrfm.com\/wp-content\/uploads\/2025\/11\/EPS-cp-1024x463.jpg 1024w, https:\/\/www.henerrfm.com\/wp-content\/uploads\/2025\/11\/EPS-cp-768x347.jpg 768w, https:\/\/www.henerrfm.com\/wp-content\/uploads\/2025\/11\/EPS-cp-600x271.jpg 600w\" sizes=\"auto, (max-width: 1337px) 100vw, 1337px\" \/><\/p>\n<div style=\"all: initial !important;\"><\/div>\n<p>&nbsp;<\/p>\n<div style=\"all: initial !important;\"><\/div>\n<p>&nbsp;<\/p>","protected":false},"excerpt":{"rendered":"<p>&nbsp;<\/p>\n<div style=\"all: initial !important;\"><\/div>\n<div style=\"all: initial !important;\"><\/div>","protected":false},"featured_media":2646,"comment_status":"open","ping_status":"closed","template":"","meta":{"_gspb_post_css":""},"product_brand":[],"product_cat":[120,132],"product_tag":[],"class_list":{"0":"post-297","1":"product","2":"type-product","3":"status-publish","4":"has-post-thumbnail","6":"product_cat-roof-wall-panel-roll-forming-machine","7":"product_cat-sandwich-composite-panel-producing-line","9":"first","10":"instock","11":"shipping-taxable","12":"product-type-simple"},"_links":{"self":[{"href":"https:\/\/www.henerrfm.com\/pt\/wp-json\/wp\/v2\/product\/297","targetHints":{"allow":["GET"]}}],"collection":[{"href":"https:\/\/www.henerrfm.com\/pt\/wp-json\/wp\/v2\/product"}],"about":[{"href":"https:\/\/www.henerrfm.com\/pt\/wp-json\/wp\/v2\/types\/product"}],"replies":[{"embeddable":true,"href":"https:\/\/www.henerrfm.com\/pt\/wp-json\/wp\/v2\/comments?post=297"}],"wp:featuredmedia":[{"embeddable":true,"href":"https:\/\/www.henerrfm.com\/pt\/wp-json\/wp\/v2\/media\/2646"}],"wp:attachment":[{"href":"https:\/\/www.henerrfm.com\/pt\/wp-json\/wp\/v2\/media?parent=297"}],"wp:term":[{"taxonomy":"product_brand","embeddable":true,"href":"https:\/\/www.henerrfm.com\/pt\/wp-json\/wp\/v2\/product_brand?post=297"},{"taxonomy":"product_cat","embeddable":true,"href":"https:\/\/www.henerrfm.com\/pt\/wp-json\/wp\/v2\/product_cat?post=297"},{"taxonomy":"product_tag","embeddable":true,"href":"https:\/\/www.henerrfm.com\/pt\/wp-json\/wp\/v2\/product_tag?post=297"}],"curies":[{"name":"wp","href":"https:\/\/api.w.org\/{rel}","templated":true}]}}