{"id":2979,"date":"2025-11-24T06:55:50","date_gmt":"2025-11-24T06:55:50","guid":{"rendered":"https:\/\/henerrfm.com\/?post_type=product&#038;p=2979"},"modified":"2025-12-03T06:49:21","modified_gmt":"2025-12-03T06:49:21","slug":"c-purlin-roll-forming-machine","status":"publish","type":"product","link":"https:\/\/www.henerrfm.com\/pt\/product\/c-purlin-roll-forming-machine\/","title":{"rendered":"M\u00e1quina de perfilagem de ter\u00e7as C"},"content":{"rendered":"<h5>Vis\u00e3o geral do produto<\/h5>\n<p>A m\u00e1quina formadora de rolo C purlin \u00e9 um sistema de produ\u00e7\u00e3o altamente eficiente e projetado com precis\u00e3o, projetado para a fabrica\u00e7\u00e3o de a\u00e7o dur\u00e1vel em forma de C <a href=\"https:\/\/en.wikipedia.org\/wiki\/Purlin\" target=\"_blank\" rel=\"noopener\">purlins<\/a> usado em uma ampla gama de aplica\u00e7\u00f5es de estrutura estrutural Apresentando 15 esta\u00e7\u00f5es de forma\u00e7\u00e3o combinadas com uma transmiss\u00e3o acionada por corrente est\u00e1vel, a m\u00e1quina garante modelagem precisa do perfil, opera\u00e7\u00e3o suave e sa\u00edda de produ\u00e7\u00e3o consistentemente alta.<\/p>\n<p>Desenvolvido com tanto o desempenho quanto a conveni\u00eancia em mente, esta linha de forma\u00e7\u00e3o de rolo suporta processamento cont\u00ednuo com manuseio manual m\u00ednimo Sua interface operacional intuitiva e estrutura de f\u00e1cil manuten\u00e7\u00e3o ajudam a reduzir o tempo de inatividade e melhorar a efici\u00eancia geral do fluxo de trabalho Seja para edif\u00edcios industriais de a\u00e7o, estruturas de armaz\u00e9m ou estruturas de suporte de cobertura, a m\u00e1quina formadora de rolo C purlin oferece qualidade de perfil uniforme e confiabilidade duradoura para atender \u00e0s demandas de projetos de constru\u00e7\u00e3o modernos.<\/p>\n<h5>Desenhos de perfil do produto<\/h5>\n<p><img loading=\"lazy\" decoding=\"async\" class=\"alignnone wp-image-2985\" src=\"https:\/\/henerrfm.com\/wp-content\/uploads\/2025\/11\/C-purlin-roll-forming-machinepm-300x242.jpg\" alt=\"\" width=\"492\" height=\"397\" srcset=\"https:\/\/www.henerrfm.com\/wp-content\/uploads\/2025\/11\/C-purlin-roll-forming-machinepm-300x242.jpg 300w, https:\/\/www.henerrfm.com\/wp-content\/uploads\/2025\/11\/C-purlin-roll-forming-machinepm-768x620.jpg 768w, https:\/\/www.henerrfm.com\/wp-content\/uploads\/2025\/11\/C-purlin-roll-forming-machinepm-600x484.jpg 600w, https:\/\/www.henerrfm.com\/wp-content\/uploads\/2025\/11\/C-purlin-roll-forming-machinepm.jpg 809w\" sizes=\"auto, (max-width: 492px) 100vw, 492px\" \/><\/p>\n<h5>Par\u00e2metros t\u00e9cnicos<\/h5>\n<table>\n<tbody>\n<tr>\n<td>Espessura do material<\/td>\n<td>1-3,5mm<\/td>\n<\/tr>\n<tr>\n<td>Material do eixo<\/td>\n<td>45#siderurgia<\/td>\n<\/tr>\n<tr>\n<td>N\u00fameros de etapas de forma\u00e7\u00e3o<\/td>\n<td>12-16 esta\u00e7\u00f5es<\/td>\n<\/tr>\n<tr>\n<td>Transmiss\u00e3o<\/td>\n<td>Transmiss\u00e3o por corrente<\/td>\n<\/tr>\n<tr>\n<td>Quadro<\/td>\n<td>A\u00e7o 400 H<\/td>\n<\/tr>\n<tr>\n<td>Formando velocidade<\/td>\n<td>8-15m\/min<\/td>\n<\/tr>\n<tr>\n<td>Pot\u00eancia do motor principal<\/td>\n<td>11-15kw<\/td>\n<\/tr>\n<tr>\n<td>Tens\u00e3o<\/td>\n<td>380V50 HZ Trif\u00e1sico ou voc\u00ea precisa<\/td>\n<\/tr>\n<tr>\n<td>Corte<\/td>\n<td>Corte hidr\u00e1ulico<\/td>\n<\/tr>\n<tr>\n<td>Poder de corte<\/td>\n<td>5,5-7,5kw<\/td>\n<\/tr>\n<tr>\n<td>Material l\u00e2mina<\/td>\n<td>A\u00e7o Cr12 com tratamento temperado 60-62 \u00b0C<\/td>\n<\/tr>\n<\/tbody>\n<\/table>\n<h5>Fluxograma de Produ\u00e7\u00e3o<\/h5>\n<p><img loading=\"lazy\" decoding=\"async\" class=\"alignnone wp-image-2984\" src=\"https:\/\/henerrfm.com\/wp-content\/uploads\/2025\/11\/C-purlin-roll-forming-machinelc-300x62.jpg\" alt=\"\" width=\"1331\" height=\"275\" srcset=\"https:\/\/www.henerrfm.com\/wp-content\/uploads\/2025\/11\/C-purlin-roll-forming-machinelc-300x62.jpg 300w, https:\/\/www.henerrfm.com\/wp-content\/uploads\/2025\/11\/C-purlin-roll-forming-machinelc-1024x213.jpg 1024w, https:\/\/www.henerrfm.com\/wp-content\/uploads\/2025\/11\/C-purlin-roll-forming-machinelc-768x160.jpg 768w, https:\/\/www.henerrfm.com\/wp-content\/uploads\/2025\/11\/C-purlin-roll-forming-machinelc-600x125.jpg 600w\" sizes=\"auto, (max-width: 1331px) 100vw, 1331px\" \/><\/p>\n<h5>Exibi\u00e7\u00e3o de detalhes do produto<\/h5>\n<p><img loading=\"lazy\" decoding=\"async\" class=\"alignnone wp-image-2986\" src=\"https:\/\/henerrfm.com\/wp-content\/uploads\/2025\/11\/C-purlin-roll-forming-machinexj-300x67.jpg\" alt=\"\" width=\"1312\" height=\"293\" srcset=\"https:\/\/www.henerrfm.com\/wp-content\/uploads\/2025\/11\/C-purlin-roll-forming-machinexj-300x67.jpg 300w, https:\/\/www.henerrfm.com\/wp-content\/uploads\/2025\/11\/C-purlin-roll-forming-machinexj-1024x230.jpg 1024w, https:\/\/www.henerrfm.com\/wp-content\/uploads\/2025\/11\/C-purlin-roll-forming-machinexj-768x172.jpg 768w, https:\/\/www.henerrfm.com\/wp-content\/uploads\/2025\/11\/C-purlin-roll-forming-machinexj-600x135.jpg 600w, https:\/\/www.henerrfm.com\/wp-content\/uploads\/2025\/11\/C-purlin-roll-forming-machinexj.jpg 1350w\" sizes=\"auto, (max-width: 1312px) 100vw, 1312px\" \/><\/p>\n<h5>Aplicativo<\/h5>\n<p><img loading=\"lazy\" decoding=\"async\" class=\"alignnone wp-image-2987\" src=\"https:\/\/henerrfm.com\/wp-content\/uploads\/2025\/11\/C-purlin-roll-forming-machineyy-300x166.jpg\" alt=\"\" width=\"820\" height=\"454\" srcset=\"https:\/\/www.henerrfm.com\/wp-content\/uploads\/2025\/11\/C-purlin-roll-forming-machineyy-300x166.jpg 300w, https:\/\/www.henerrfm.com\/wp-content\/uploads\/2025\/11\/C-purlin-roll-forming-machineyy-1024x567.jpg 1024w, https:\/\/www.henerrfm.com\/wp-content\/uploads\/2025\/11\/C-purlin-roll-forming-machineyy-768x426.jpg 768w, https:\/\/www.henerrfm.com\/wp-content\/uploads\/2025\/11\/C-purlin-roll-forming-machineyy-600x332.jpg 600w, https:\/\/www.henerrfm.com\/wp-content\/uploads\/2025\/11\/C-purlin-roll-forming-machineyy.jpg 1350w\" sizes=\"auto, (max-width: 820px) 100vw, 820px\" \/><\/p>\n<h5>Produto final<\/h5>\n<p><img loading=\"lazy\" decoding=\"async\" class=\"alignnone wp-image-2983\" src=\"https:\/\/henerrfm.com\/wp-content\/uploads\/2025\/11\/C-purlin-roll-forming-machinecp-300x150.jpg\" alt=\"\" width=\"820\" height=\"410\" srcset=\"https:\/\/www.henerrfm.com\/wp-content\/uploads\/2025\/11\/C-purlin-roll-forming-machinecp-300x150.jpg 300w, https:\/\/www.henerrfm.com\/wp-content\/uploads\/2025\/11\/C-purlin-roll-forming-machinecp-768x383.jpg 768w, https:\/\/www.henerrfm.com\/wp-content\/uploads\/2025\/11\/C-purlin-roll-forming-machinecp-600x299.jpg 600w, https:\/\/www.henerrfm.com\/wp-content\/uploads\/2025\/11\/C-purlin-roll-forming-machinecp.jpg 1350w\" sizes=\"auto, (max-width: 820px) 100vw, 820px\" \/><\/p>","protected":false},"excerpt":{"rendered":"<p>Product Overview The C purlin roll forming machine is a highly efficient and precisely engineered production system designed for manufacturing durable C-shaped steel purlins used in a wide range of structural framing applications. Featuring 15 forming stations combined with a stable chain-driven transmission, the machine ensures accurate profile shaping, smooth operation, and consistently high production [&hellip;]<\/p>\n","protected":false},"featured_media":2980,"comment_status":"open","ping_status":"closed","template":"","meta":{"_gspb_post_css":""},"product_brand":[],"product_cat":[137,135],"product_tag":[],"class_list":{"0":"post-2979","1":"product","2":"type-product","3":"status-publish","4":"has-post-thumbnail","6":"product_cat-purlin-roll-forming-machine","7":"product_cat-steel-structure-light-gauge-frame-roll-forming-machine","9":"first","10":"instock","11":"shipping-taxable","12":"product-type-simple"},"_links":{"self":[{"href":"https:\/\/www.henerrfm.com\/pt\/wp-json\/wp\/v2\/product\/2979","targetHints":{"allow":["GET"]}}],"collection":[{"href":"https:\/\/www.henerrfm.com\/pt\/wp-json\/wp\/v2\/product"}],"about":[{"href":"https:\/\/www.henerrfm.com\/pt\/wp-json\/wp\/v2\/types\/product"}],"replies":[{"embeddable":true,"href":"https:\/\/www.henerrfm.com\/pt\/wp-json\/wp\/v2\/comments?post=2979"}],"wp:featuredmedia":[{"embeddable":true,"href":"https:\/\/www.henerrfm.com\/pt\/wp-json\/wp\/v2\/media\/2980"}],"wp:attachment":[{"href":"https:\/\/www.henerrfm.com\/pt\/wp-json\/wp\/v2\/media?parent=2979"}],"wp:term":[{"taxonomy":"product_brand","embeddable":true,"href":"https:\/\/www.henerrfm.com\/pt\/wp-json\/wp\/v2\/product_brand?post=2979"},{"taxonomy":"product_cat","embeddable":true,"href":"https:\/\/www.henerrfm.com\/pt\/wp-json\/wp\/v2\/product_cat?post=2979"},{"taxonomy":"product_tag","embeddable":true,"href":"https:\/\/www.henerrfm.com\/pt\/wp-json\/wp\/v2\/product_tag?post=2979"}],"curies":[{"name":"wp","href":"https:\/\/api.w.org\/{rel}","templated":true}]}}