{"id":2988,"date":"2025-11-24T07:02:52","date_gmt":"2025-11-24T07:02:52","guid":{"rendered":"https:\/\/henerrfm.com\/?post_type=product&#038;p=2988"},"modified":"2025-12-03T06:46:32","modified_gmt":"2025-12-03T06:46:32","slug":"sigma-purlin-roll-forming-machine","status":"publish","type":"product","link":"https:\/\/www.henerrfm.com\/pt\/product\/sigma-purlin-roll-forming-machine\/","title":{"rendered":"M\u00e1quina de perfilagem de ter\u00e7as Sigma"},"content":{"rendered":"<h5>Vis\u00e3o geral do produto<\/h5>\n<p>A m\u00e1quina formadora de rolos Sigma Purlin \u00e9 um sistema automatizado de alto desempenho projetado para produzir a\u00e7o em formato Sigma <a href=\"https:\/\/en.wikipedia.org\/wiki\/Purlin\" target=\"_blank\" rel=\"noopener\">purlins<\/a> com excelente precis\u00e3o e efici\u00eancia Constru\u00edda para flexibilidade, esta m\u00e1quina suporta a fabrica\u00e7\u00e3o cont\u00ednua de perfis estruturais amplamente utilizados como membros de suporte secund\u00e1rio em sistemas de cobertura e parede para edif\u00edcios de a\u00e7o modernos.<\/p>\n<p>Os perfis Sigma s\u00e3o formados a partir de a\u00e7o galvanizado a quente formado por rolo a frio (grau S450), garantindo um limite de escoamento m\u00ednimo de 450 N\/mm\u00b2 para rigidez superior e durabilidade a longo prazo A m\u00e1quina formadora de rolos Sigma Purlin integra puncionamento, conforma\u00e7\u00e3o e corte em uma linha de produ\u00e7\u00e3o simplificada, permitindo que os fabricantes obtenham resultados precisos e consistentes com interven\u00e7\u00e3o manual m\u00ednima.<\/p>\n<p>Com seu desempenho est\u00e1vel, capacidade multifuncional e qualidade de sa\u00edda confi\u00e1vel, esta m\u00e1quina \u00e9 uma solu\u00e7\u00e3o ideal para fabricantes que buscam expandir ou atualizar sua produ\u00e7\u00e3o estrutural de purlin, mantendo altos padr\u00f5es de resist\u00eancia e efici\u00eancia em projetos de constru\u00e7\u00e3o em a\u00e7o.<\/p>\n<h5>Desenhos de perfil do produto<\/h5>\n<p><img loading=\"lazy\" decoding=\"async\" class=\"alignnone wp-image-2994\" src=\"https:\/\/henerrfm.com\/wp-content\/uploads\/2025\/11\/Sigma-Purlin-Roll-Forming-Machinepm-300x116.jpg\" alt=\"\" width=\"1278\" height=\"494\" srcset=\"https:\/\/www.henerrfm.com\/wp-content\/uploads\/2025\/11\/Sigma-Purlin-Roll-Forming-Machinepm-300x116.jpg 300w, https:\/\/www.henerrfm.com\/wp-content\/uploads\/2025\/11\/Sigma-Purlin-Roll-Forming-Machinepm-1024x397.jpg 1024w, https:\/\/www.henerrfm.com\/wp-content\/uploads\/2025\/11\/Sigma-Purlin-Roll-Forming-Machinepm-768x298.jpg 768w, https:\/\/www.henerrfm.com\/wp-content\/uploads\/2025\/11\/Sigma-Purlin-Roll-Forming-Machinepm-600x233.jpg 600w\" sizes=\"auto, (max-width: 1278px) 100vw, 1278px\" \/><\/p>\n<h5>Par\u00e2metros t\u00e9cnicos<\/h5>\n<table>\n<tbody>\n<tr>\n<td>Di\u00e2metro dos eixos<\/td>\n<td>ISL90 mm s\u00f3lido<\/td>\n<\/tr>\n<tr>\n<td>Transmiss\u00e3o (1)<\/td>\n<td>Corrente de fileira dupla para suporte final do eixo de transmiss\u00e3o +<\/td>\n<\/tr>\n<tr>\n<td>Material dos eixos<\/td>\n<td>40 Cr, processamento CNC (HRC28-32), torneamento de acabamento e eletroplaca<\/td>\n<\/tr>\n<tr>\n<td>Formando velocidade<\/td>\n<td>M\u00e1x. 15m\/min<\/td>\n<\/tr>\n<tr>\n<td>Tens\u00e3o<\/td>\n<td>380V\/60HZ\/3P (conforme solicitado)<\/td>\n<\/tr>\n<tr>\n<td>Maneira da transmiss\u00e3o (2)<\/td>\n<td>Suporte final eixo + de correntes duplas<\/td>\n<\/tr>\n<\/tbody>\n<\/table>\n<h5>Fluxograma de Produ\u00e7\u00e3o<\/h5>\n<p><img loading=\"lazy\" decoding=\"async\" class=\"alignnone wp-image-2993\" src=\"https:\/\/henerrfm.com\/wp-content\/uploads\/2025\/11\/Sigma-Purlin-Roll-Forming-Machinelc-300x163.jpg\" alt=\"\" width=\"1274\" height=\"692\" srcset=\"https:\/\/www.henerrfm.com\/wp-content\/uploads\/2025\/11\/Sigma-Purlin-Roll-Forming-Machinelc-300x163.jpg 300w, https:\/\/www.henerrfm.com\/wp-content\/uploads\/2025\/11\/Sigma-Purlin-Roll-Forming-Machinelc-768x418.jpg 768w, https:\/\/www.henerrfm.com\/wp-content\/uploads\/2025\/11\/Sigma-Purlin-Roll-Forming-Machinelc-600x327.jpg 600w\" sizes=\"auto, (max-width: 1274px) 100vw, 1274px\" \/><\/p>\n<h5>Exibi\u00e7\u00e3o de detalhes do produto<\/h5>\n<p><img loading=\"lazy\" decoding=\"async\" class=\"alignnone wp-image-2995\" src=\"https:\/\/henerrfm.com\/wp-content\/uploads\/2025\/11\/Sigma-Purlin-Roll-Forming-Machinexj-300x100.jpg\" alt=\"\" width=\"1308\" height=\"436\" srcset=\"https:\/\/www.henerrfm.com\/wp-content\/uploads\/2025\/11\/Sigma-Purlin-Roll-Forming-Machinexj-300x100.jpg 300w, https:\/\/www.henerrfm.com\/wp-content\/uploads\/2025\/11\/Sigma-Purlin-Roll-Forming-Machinexj-1024x342.jpg 1024w, https:\/\/www.henerrfm.com\/wp-content\/uploads\/2025\/11\/Sigma-Purlin-Roll-Forming-Machinexj-768x257.jpg 768w, https:\/\/www.henerrfm.com\/wp-content\/uploads\/2025\/11\/Sigma-Purlin-Roll-Forming-Machinexj-600x200.jpg 600w, https:\/\/www.henerrfm.com\/wp-content\/uploads\/2025\/11\/Sigma-Purlin-Roll-Forming-Machinexj.jpg 1350w\" sizes=\"auto, (max-width: 1308px) 100vw, 1308px\" \/><img loading=\"lazy\" decoding=\"async\" class=\"alignnone wp-image-2996\" src=\"https:\/\/henerrfm.com\/wp-content\/uploads\/2025\/11\/Sigma-Purlin-Roll-Forming-Machinexj1-300x100.jpg\" alt=\"\" width=\"1308\" height=\"436\" srcset=\"https:\/\/www.henerrfm.com\/wp-content\/uploads\/2025\/11\/Sigma-Purlin-Roll-Forming-Machinexj1-300x100.jpg 300w, https:\/\/www.henerrfm.com\/wp-content\/uploads\/2025\/11\/Sigma-Purlin-Roll-Forming-Machinexj1-1024x342.jpg 1024w, https:\/\/www.henerrfm.com\/wp-content\/uploads\/2025\/11\/Sigma-Purlin-Roll-Forming-Machinexj1-768x257.jpg 768w, https:\/\/www.henerrfm.com\/wp-content\/uploads\/2025\/11\/Sigma-Purlin-Roll-Forming-Machinexj1-600x200.jpg 600w, https:\/\/www.henerrfm.com\/wp-content\/uploads\/2025\/11\/Sigma-Purlin-Roll-Forming-Machinexj1.jpg 1350w\" sizes=\"auto, (max-width: 1308px) 100vw, 1308px\" \/><img loading=\"lazy\" decoding=\"async\" class=\"alignnone wp-image-2997\" src=\"https:\/\/henerrfm.com\/wp-content\/uploads\/2025\/11\/Sigma-Purlin-Roll-Forming-Machinexj2-300x100.jpg\" alt=\"\" width=\"1305\" height=\"435\" srcset=\"https:\/\/www.henerrfm.com\/wp-content\/uploads\/2025\/11\/Sigma-Purlin-Roll-Forming-Machinexj2-300x100.jpg 300w, https:\/\/www.henerrfm.com\/wp-content\/uploads\/2025\/11\/Sigma-Purlin-Roll-Forming-Machinexj2-1024x342.jpg 1024w, https:\/\/www.henerrfm.com\/wp-content\/uploads\/2025\/11\/Sigma-Purlin-Roll-Forming-Machinexj2-768x257.jpg 768w, https:\/\/www.henerrfm.com\/wp-content\/uploads\/2025\/11\/Sigma-Purlin-Roll-Forming-Machinexj2-600x200.jpg 600w, https:\/\/www.henerrfm.com\/wp-content\/uploads\/2025\/11\/Sigma-Purlin-Roll-Forming-Machinexj2.jpg 1350w\" sizes=\"auto, (max-width: 1305px) 100vw, 1305px\" \/><\/p>\n<h5>Aplicativo<\/h5>\n<p><img loading=\"lazy\" decoding=\"async\" class=\"alignnone wp-image-2998\" src=\"https:\/\/henerrfm.com\/wp-content\/uploads\/2025\/11\/Sigma-Purlin-Roll-Forming-Machineyy-300x100.jpg\" alt=\"\" width=\"864\" height=\"288\" srcset=\"https:\/\/www.henerrfm.com\/wp-content\/uploads\/2025\/11\/Sigma-Purlin-Roll-Forming-Machineyy-300x100.jpg 300w, https:\/\/www.henerrfm.com\/wp-content\/uploads\/2025\/11\/Sigma-Purlin-Roll-Forming-Machineyy-1024x342.jpg 1024w, https:\/\/www.henerrfm.com\/wp-content\/uploads\/2025\/11\/Sigma-Purlin-Roll-Forming-Machineyy-768x257.jpg 768w, https:\/\/www.henerrfm.com\/wp-content\/uploads\/2025\/11\/Sigma-Purlin-Roll-Forming-Machineyy-600x200.jpg 600w, https:\/\/www.henerrfm.com\/wp-content\/uploads\/2025\/11\/Sigma-Purlin-Roll-Forming-Machineyy.jpg 1350w\" sizes=\"auto, (max-width: 864px) 100vw, 864px\" \/><\/p>\n<h5>Produto final<\/h5>\n<p><img loading=\"lazy\" decoding=\"async\" class=\"alignnone wp-image-2992\" src=\"https:\/\/henerrfm.com\/wp-content\/uploads\/2025\/11\/Sigma-Purlin-Roll-Forming-Machinecp-300x100.jpg\" alt=\"\" width=\"861\" height=\"287\" srcset=\"https:\/\/www.henerrfm.com\/wp-content\/uploads\/2025\/11\/Sigma-Purlin-Roll-Forming-Machinecp-300x100.jpg 300w, https:\/\/www.henerrfm.com\/wp-content\/uploads\/2025\/11\/Sigma-Purlin-Roll-Forming-Machinecp-1024x342.jpg 1024w, https:\/\/www.henerrfm.com\/wp-content\/uploads\/2025\/11\/Sigma-Purlin-Roll-Forming-Machinecp-768x257.jpg 768w, https:\/\/www.henerrfm.com\/wp-content\/uploads\/2025\/11\/Sigma-Purlin-Roll-Forming-Machinecp-600x200.jpg 600w, https:\/\/www.henerrfm.com\/wp-content\/uploads\/2025\/11\/Sigma-Purlin-Roll-Forming-Machinecp.jpg 1350w\" sizes=\"auto, (max-width: 861px) 100vw, 861px\" \/><\/p>","protected":false},"excerpt":{"rendered":"<p>Product Overview The Sigma Purlin Roll Forming Machine is a high-performance automated system designed for producing Sigma shaped steel purlins with excellent precision and efficiency. Built for flexibility, this machine supports continuous manufacturing of structural profiles widely used as secondary support members in roofing and wall systems for modern steel buildings. Sigma profiles are formed [&hellip;]<\/p>\n","protected":false},"featured_media":2989,"comment_status":"open","ping_status":"closed","template":"","meta":{"_gspb_post_css":""},"product_brand":[],"product_cat":[137,135],"product_tag":[],"class_list":{"0":"post-2988","1":"product","2":"type-product","3":"status-publish","4":"has-post-thumbnail","6":"product_cat-purlin-roll-forming-machine","7":"product_cat-steel-structure-light-gauge-frame-roll-forming-machine","9":"first","10":"instock","11":"shipping-taxable","12":"product-type-simple"},"_links":{"self":[{"href":"https:\/\/www.henerrfm.com\/pt\/wp-json\/wp\/v2\/product\/2988","targetHints":{"allow":["GET"]}}],"collection":[{"href":"https:\/\/www.henerrfm.com\/pt\/wp-json\/wp\/v2\/product"}],"about":[{"href":"https:\/\/www.henerrfm.com\/pt\/wp-json\/wp\/v2\/types\/product"}],"replies":[{"embeddable":true,"href":"https:\/\/www.henerrfm.com\/pt\/wp-json\/wp\/v2\/comments?post=2988"}],"wp:featuredmedia":[{"embeddable":true,"href":"https:\/\/www.henerrfm.com\/pt\/wp-json\/wp\/v2\/media\/2989"}],"wp:attachment":[{"href":"https:\/\/www.henerrfm.com\/pt\/wp-json\/wp\/v2\/media?parent=2988"}],"wp:term":[{"taxonomy":"product_brand","embeddable":true,"href":"https:\/\/www.henerrfm.com\/pt\/wp-json\/wp\/v2\/product_brand?post=2988"},{"taxonomy":"product_cat","embeddable":true,"href":"https:\/\/www.henerrfm.com\/pt\/wp-json\/wp\/v2\/product_cat?post=2988"},{"taxonomy":"product_tag","embeddable":true,"href":"https:\/\/www.henerrfm.com\/pt\/wp-json\/wp\/v2\/product_tag?post=2988"}],"curies":[{"name":"wp","href":"https:\/\/api.w.org\/{rel}","templated":true}]}}