{"id":2999,"date":"2025-11-24T07:07:20","date_gmt":"2025-11-24T07:07:20","guid":{"rendered":"https:\/\/henerrfm.com\/?post_type=product&#038;p=2999"},"modified":"2025-12-03T06:42:17","modified_gmt":"2025-12-03T06:42:17","slug":"hat-purlin-roll-forming-machine","status":"publish","type":"product","link":"https:\/\/www.henerrfm.com\/pt\/product\/hat-purlin-roll-forming-machine\/","title":{"rendered":"M\u00e1quina de perfilagem de perfis para chap\u00e9us"},"content":{"rendered":"<h5>Vis\u00e3o geral do produto<\/h5>\n<p>A m\u00e1quina formadora de rolo purlin de chap\u00e9u \u00e9 uma linha de produ\u00e7\u00e3o totalmente automatizada projetada para fabrica\u00e7\u00e3o em alta velocidade de formato preciso de chap\u00e9u <a href=\"https:\/\/en.wikipedia.org\/wiki\/Steel\" target=\"_blank\" rel=\"noopener\">a\u00e7o<\/a> purlins Estes perfis vers\u00e1teis s\u00e3o comumente usados em coberturas e estruturas de parede para carports, armaz\u00e9ns, sistemas de cercas, edif\u00edcios agr\u00edcolas e estruturas comerciais leves.<\/p>\n<p>Oferecendo um design leve combinado com forte capacidade de suporte de carga, as ter\u00e7as de chap\u00e9u e tophat fornecem uma alternativa econ\u00f4mica \u00e0s vigas de madeira tradicionais ou aos perfis padr\u00e3o de se\u00e7\u00e3o C. Projetado para v\u00e3os entre 3 e 7 metros, a m\u00e1quina formadora de rolo purlin de chap\u00e9u garante precis\u00e3o de modelagem consistente, opera\u00e7\u00e3o est\u00e1vel e desperd\u00edcio m\u00ednimo de material, tornando-se uma escolha confi\u00e1vel para projetos de constru\u00e7\u00e3o de a\u00e7o eficientes e confi\u00e1veis.<\/p>\n<h5>Desenhos de perfil do produto<\/h5>\n<p><img loading=\"lazy\" decoding=\"async\" class=\"alignnone wp-image-3006\" src=\"https:\/\/henerrfm.com\/wp-content\/uploads\/2025\/11\/Hat-Purlin-Roll-Forming-machinepm-270x300.jpg\" alt=\"\" width=\"671\" height=\"746\" srcset=\"https:\/\/www.henerrfm.com\/wp-content\/uploads\/2025\/11\/Hat-Purlin-Roll-Forming-machinepm-270x300.jpg 270w, https:\/\/www.henerrfm.com\/wp-content\/uploads\/2025\/11\/Hat-Purlin-Roll-Forming-machinepm-921x1024.jpg 921w, https:\/\/www.henerrfm.com\/wp-content\/uploads\/2025\/11\/Hat-Purlin-Roll-Forming-machinepm-768x854.jpg 768w, https:\/\/www.henerrfm.com\/wp-content\/uploads\/2025\/11\/Hat-Purlin-Roll-Forming-machinepm-600x667.jpg 600w, https:\/\/www.henerrfm.com\/wp-content\/uploads\/2025\/11\/Hat-Purlin-Roll-Forming-machinepm.jpg 1350w\" sizes=\"auto, (max-width: 671px) 100vw, 671px\" \/><\/p>\n<h5>Par\u00e2metros t\u00e9cnicos<\/h5>\n<table>\n<tbody>\n<tr>\n<td>Material Formado (For\u00e7a de escoamento do material)<\/td>\n<td>A\u00e7o padr\u00e3o G350 ou similar<\/td>\n<\/tr>\n<tr>\n<td>Material Formado (Tickness)<\/td>\n<td>0,8 a 2,0 mm (padr\u00e3o)<\/td>\n<\/tr>\n<tr>\n<td>Perfil de tamanho<\/td>\n<td>100-300 mm (pode ser ajustado automaticamente)<\/td>\n<\/tr>\n<tr>\n<td>Tamanhos de purlin de perfil<\/td>\n<td>Alterado por manual ou Automaticamente<\/td>\n<\/tr>\n<tr>\n<td>Tens\u00e3o<\/td>\n<td>380 V 50 Hz 3 Phase; Como sua exig\u00eancia<\/td>\n<\/tr>\n<tr>\n<td>Sistema de controle Caixa El\u00e9trica<\/td>\n<td>Personalizado (marca famosa)<\/td>\n<\/tr>\n<tr>\n<td>Sistema de controle (Linguagem)<\/td>\n<td>Ingl\u00eas (suporte a v\u00e1rios idiomas)<\/td>\n<\/tr>\n<tr>\n<td>Sistema de controle (control system) PLC<\/td>\n<td>Produ\u00e7\u00e3o autom\u00e1tica da m\u00e1quina inteira. pode definir o lote, comprimento, quantidade, etc. Entrada de desenho CAD<\/td>\n<\/tr>\n<tr>\n<td>Velocidade de forma\u00e7\u00e3o<\/td>\n<td>15-20 m\/min; A velocidade depende da forma da telha e da espessura do material.<\/td>\n<\/tr>\n<\/tbody>\n<\/table>\n<h5>Fluxograma de Produ\u00e7\u00e3o<\/h5>\n<p><img loading=\"lazy\" decoding=\"async\" class=\"alignnone wp-image-3005\" src=\"https:\/\/henerrfm.com\/wp-content\/uploads\/2025\/11\/Hat-Purlin-Roll-Forming-machinelc-300x62.jpg\" alt=\"\" width=\"1268\" height=\"262\" srcset=\"https:\/\/www.henerrfm.com\/wp-content\/uploads\/2025\/11\/Hat-Purlin-Roll-Forming-machinelc-300x62.jpg 300w, https:\/\/www.henerrfm.com\/wp-content\/uploads\/2025\/11\/Hat-Purlin-Roll-Forming-machinelc-1024x213.jpg 1024w, https:\/\/www.henerrfm.com\/wp-content\/uploads\/2025\/11\/Hat-Purlin-Roll-Forming-machinelc-768x160.jpg 768w, https:\/\/www.henerrfm.com\/wp-content\/uploads\/2025\/11\/Hat-Purlin-Roll-Forming-machinelc-600x125.jpg 600w\" sizes=\"auto, (max-width: 1268px) 100vw, 1268px\" \/><\/p>\n<h5>Exibi\u00e7\u00e3o de detalhes do produto<\/h5>\n<p><img loading=\"lazy\" decoding=\"async\" class=\"alignnone wp-image-3007\" src=\"https:\/\/henerrfm.com\/wp-content\/uploads\/2025\/11\/Hat-Purlin-Roll-Forming-machinexj-300x100.jpg\" alt=\"\" width=\"1203\" height=\"401\" srcset=\"https:\/\/www.henerrfm.com\/wp-content\/uploads\/2025\/11\/Hat-Purlin-Roll-Forming-machinexj-300x100.jpg 300w, https:\/\/www.henerrfm.com\/wp-content\/uploads\/2025\/11\/Hat-Purlin-Roll-Forming-machinexj-1024x342.jpg 1024w, https:\/\/www.henerrfm.com\/wp-content\/uploads\/2025\/11\/Hat-Purlin-Roll-Forming-machinexj-768x257.jpg 768w, https:\/\/www.henerrfm.com\/wp-content\/uploads\/2025\/11\/Hat-Purlin-Roll-Forming-machinexj-600x200.jpg 600w, https:\/\/www.henerrfm.com\/wp-content\/uploads\/2025\/11\/Hat-Purlin-Roll-Forming-machinexj.jpg 1350w\" sizes=\"auto, (max-width: 1203px) 100vw, 1203px\" \/><img loading=\"lazy\" decoding=\"async\" class=\"alignnone wp-image-3008\" src=\"https:\/\/henerrfm.com\/wp-content\/uploads\/2025\/11\/xj1-300x100.jpg\" alt=\"\" width=\"1197\" height=\"399\" srcset=\"https:\/\/www.henerrfm.com\/wp-content\/uploads\/2025\/11\/xj1-300x100.jpg 300w, https:\/\/www.henerrfm.com\/wp-content\/uploads\/2025\/11\/xj1-1024x342.jpg 1024w, https:\/\/www.henerrfm.com\/wp-content\/uploads\/2025\/11\/xj1-768x257.jpg 768w, https:\/\/www.henerrfm.com\/wp-content\/uploads\/2025\/11\/xj1-600x200.jpg 600w, https:\/\/www.henerrfm.com\/wp-content\/uploads\/2025\/11\/xj1.jpg 1350w\" sizes=\"auto, (max-width: 1197px) 100vw, 1197px\" \/><img loading=\"lazy\" decoding=\"async\" class=\"alignnone wp-image-3009\" src=\"https:\/\/henerrfm.com\/wp-content\/uploads\/2025\/11\/xj2-300x100.jpg\" alt=\"\" width=\"1200\" height=\"400\" srcset=\"https:\/\/www.henerrfm.com\/wp-content\/uploads\/2025\/11\/xj2-300x100.jpg 300w, https:\/\/www.henerrfm.com\/wp-content\/uploads\/2025\/11\/xj2-1024x342.jpg 1024w, https:\/\/www.henerrfm.com\/wp-content\/uploads\/2025\/11\/xj2-768x257.jpg 768w, https:\/\/www.henerrfm.com\/wp-content\/uploads\/2025\/11\/xj2-600x200.jpg 600w, https:\/\/www.henerrfm.com\/wp-content\/uploads\/2025\/11\/xj2.jpg 1350w\" sizes=\"auto, (max-width: 1200px) 100vw, 1200px\" \/><\/p>\n<h5>Produto final<\/h5>\n<p><img loading=\"lazy\" decoding=\"async\" class=\"alignnone wp-image-3004\" src=\"https:\/\/henerrfm.com\/wp-content\/uploads\/2025\/11\/Hat-Purlin-Roll-Forming-machinecp-300x200.jpg\" alt=\"\" width=\"780\" height=\"520\" srcset=\"https:\/\/www.henerrfm.com\/wp-content\/uploads\/2025\/11\/Hat-Purlin-Roll-Forming-machinecp-300x200.jpg 300w, https:\/\/www.henerrfm.com\/wp-content\/uploads\/2025\/11\/Hat-Purlin-Roll-Forming-machinecp-768x512.jpg 768w, https:\/\/www.henerrfm.com\/wp-content\/uploads\/2025\/11\/Hat-Purlin-Roll-Forming-machinecp-600x400.jpg 600w, https:\/\/www.henerrfm.com\/wp-content\/uploads\/2025\/11\/Hat-Purlin-Roll-Forming-machinecp.jpg 1000w\" sizes=\"auto, (max-width: 780px) 100vw, 780px\" \/><\/p>","protected":false},"excerpt":{"rendered":"<p>Product Overview The hat purlin roll forming machine is a fully automated production line designed for high-speed manufacturing of precise hat-shaped steel purlins. These versatile profiles are commonly used in roofing and wall framing for carports, warehouses, fencing systems, agricultural buildings, and light commercial structures. Offering a lightweight design combined with strong load-bearing capacity, hat [&hellip;]<\/p>\n","protected":false},"featured_media":3000,"comment_status":"open","ping_status":"closed","template":"","meta":{"_gspb_post_css":""},"product_brand":[],"product_cat":[137,135],"product_tag":[],"class_list":{"0":"post-2999","1":"product","2":"type-product","3":"status-publish","4":"has-post-thumbnail","6":"product_cat-purlin-roll-forming-machine","7":"product_cat-steel-structure-light-gauge-frame-roll-forming-machine","9":"first","10":"instock","11":"shipping-taxable","12":"product-type-simple"},"_links":{"self":[{"href":"https:\/\/www.henerrfm.com\/pt\/wp-json\/wp\/v2\/product\/2999","targetHints":{"allow":["GET"]}}],"collection":[{"href":"https:\/\/www.henerrfm.com\/pt\/wp-json\/wp\/v2\/product"}],"about":[{"href":"https:\/\/www.henerrfm.com\/pt\/wp-json\/wp\/v2\/types\/product"}],"replies":[{"embeddable":true,"href":"https:\/\/www.henerrfm.com\/pt\/wp-json\/wp\/v2\/comments?post=2999"}],"wp:featuredmedia":[{"embeddable":true,"href":"https:\/\/www.henerrfm.com\/pt\/wp-json\/wp\/v2\/media\/3000"}],"wp:attachment":[{"href":"https:\/\/www.henerrfm.com\/pt\/wp-json\/wp\/v2\/media?parent=2999"}],"wp:term":[{"taxonomy":"product_brand","embeddable":true,"href":"https:\/\/www.henerrfm.com\/pt\/wp-json\/wp\/v2\/product_brand?post=2999"},{"taxonomy":"product_cat","embeddable":true,"href":"https:\/\/www.henerrfm.com\/pt\/wp-json\/wp\/v2\/product_cat?post=2999"},{"taxonomy":"product_tag","embeddable":true,"href":"https:\/\/www.henerrfm.com\/pt\/wp-json\/wp\/v2\/product_tag?post=2999"}],"curies":[{"name":"wp","href":"https:\/\/api.w.org\/{rel}","templated":true}]}}