{"id":3010,"date":"2025-11-24T07:14:04","date_gmt":"2025-11-24T07:14:04","guid":{"rendered":"https:\/\/henerrfm.com\/?post_type=product&#038;p=3010"},"modified":"2025-12-03T06:36:43","modified_gmt":"2025-12-03T06:36:43","slug":"furring-channel-roll-forming-machine","status":"publish","type":"product","link":"https:\/\/www.henerrfm.com\/pt\/product\/furring-channel-roll-forming-machine\/","title":{"rendered":"M\u00e1quina de perfilagem de canaletas para revestimento"},"content":{"rendered":"<h5>Vis\u00e3o geral do produto<\/h5>\n<p>A m\u00e1quina formadora de rolos de canal com p\u00ealo de pinos \u00e9 um sistema de produ\u00e7\u00e3o projetado com precis\u00e3o para a fabrica\u00e7\u00e3o em forma de chap\u00e9u <a href=\"https:\/\/en.wikipedia.org\/wiki\/Galvanization\" target=\"_blank\" rel=\"noopener\">galvanizado<\/a> canais de a\u00e7o, um componente chave na moderna estrutura de parede e teto Esses canais resistentes \u00e0 corros\u00e3o fornecem suporte confi\u00e1vel para pain\u00e9is de gesso e s\u00e3o normalmente instalados perpendicularmente \u00e0s superf\u00edcies de alvenaria usando fixadores especializados, adequados para aplica\u00e7\u00f5es verticais e a\u00e9reas.<\/p>\n<p>Projetada para alta efici\u00eancia e produ\u00e7\u00e3o consistente, a m\u00e1quina de perfilagem de perfis para montantes e forros utiliza tecnologia avan\u00e7ada de perfilagem para produzir perfis uniformes e dur\u00e1veis em alta velocidade. Ideal para empreiteiros e fabricantes, esta m\u00e1quina aumenta a produtividade, mantendo a integridade estrutural e o desempenho a longo prazo de sistemas de paredes e tetos em projetos de constru\u00e7\u00e3o contempor\u00e2neos.<\/p>\n<h5>Desenhos de perfil do produto<\/h5>\n<p><img loading=\"lazy\" decoding=\"async\" class=\"alignnone wp-image-3020\" src=\"https:\/\/henerrfm.com\/wp-content\/uploads\/2025\/11\/Furring-Channel-Roll-Forming-Machine-pm-300x169.jpg\" alt=\"\" width=\"712\" height=\"401\" srcset=\"https:\/\/www.henerrfm.com\/wp-content\/uploads\/2025\/11\/Furring-Channel-Roll-Forming-Machine-pm-300x169.jpg 300w, https:\/\/www.henerrfm.com\/wp-content\/uploads\/2025\/11\/Furring-Channel-Roll-Forming-Machine-pm-1024x577.jpg 1024w, https:\/\/www.henerrfm.com\/wp-content\/uploads\/2025\/11\/Furring-Channel-Roll-Forming-Machine-pm-768x433.jpg 768w, https:\/\/www.henerrfm.com\/wp-content\/uploads\/2025\/11\/Furring-Channel-Roll-Forming-Machine-pm-600x338.jpg 600w, https:\/\/www.henerrfm.com\/wp-content\/uploads\/2025\/11\/Furring-Channel-Roll-Forming-Machine-pm.jpg 1350w\" sizes=\"auto, (max-width: 712px) 100vw, 712px\" \/><\/p>\n<h5>Par\u00e2metros t\u00e9cnicos<\/h5>\n<table>\n<thead>\n<tr>\n<th>Item<\/th>\n<th>Especifica\u00e7\u00e3o<\/th>\n<\/tr>\n<\/thead>\n<tbody>\n<tr>\n<td>Desbobinador<\/td>\n<td>Desbobinador manual<\/td>\n<\/tr>\n<tr>\n<td>Di\u00e2metro interno (DI)<\/td>\n<td>508\u2013610 mm<\/td>\n<\/tr>\n<tr>\n<td>Di\u00e2metro externo (DE)<\/td>\n<td>1000\u20131200 mm<\/td>\n<\/tr>\n<tr>\n<td>Capacidade do Desbobinador<\/td>\n<td>3 toneladas<\/td>\n<\/tr>\n<tr>\n<td>Di\u00e2metro do rolo<\/td>\n<td>70 mm<\/td>\n<\/tr>\n<tr>\n<td>Esta\u00e7\u00f5es de rolos de forma\u00e7\u00e3o<\/td>\n<td>14 esta\u00e7\u00f5es<\/td>\n<\/tr>\n<tr>\n<td>Material do rolo<\/td>\n<td>A\u00e7o 45# revestido com cromo duro<\/td>\n<\/tr>\n<tr>\n<td>Velocidade de forma\u00e7\u00e3o<\/td>\n<td>0\u201312 m\/min (excluindo perfura\u00e7\u00e3o ou corte)<\/td>\n<\/tr>\n<tr>\n<td>Suporte para estrutura de m\u00e1quina<\/td>\n<td>A\u00e7o estrutural soldado<\/td>\n<\/tr>\n<tr>\n<td>Espessura das placas de suporte<\/td>\n<td>18 mm<\/td>\n<\/tr>\n<tr>\n<td>Alimenta\u00e7\u00e3o principal<\/td>\n<td>5,5 kW<\/td>\n<\/tr>\n<tr>\n<td>Tipo de corte<\/td>\n<td>Parada hidr\u00e1ulica com corte<\/td>\n<\/tr>\n<tr>\n<td>Energia hidr\u00e1ulica<\/td>\n<td>3 kW<\/td>\n<\/tr>\n<tr>\n<td>Material da l\u00e2mina de corte<\/td>\n<td>A\u00e7o Cr12 com tratamento de t\u00eampera<\/td>\n<\/tr>\n<tr>\n<td>Sistema de controle<\/td>\n<td>PLC Panasonic japon\u00eas com inversor e encoder Omron<\/td>\n<\/tr>\n<tr>\n<td>Tens\u00e3o<\/td>\n<td>380 V, trif\u00e1sico, 50 Hz<\/td>\n<\/tr>\n<\/tbody>\n<\/table>\n<h5>Fluxograma de Produ\u00e7\u00e3o<\/h5>\n<h5><img loading=\"lazy\" decoding=\"async\" class=\"alignnone wp-image-3019\" src=\"https:\/\/henerrfm.com\/wp-content\/uploads\/2025\/11\/Furring-Channel-Roll-Forming-Machine-lc-300x85.jpg\" alt=\"\" width=\"1295\" height=\"367\" srcset=\"https:\/\/www.henerrfm.com\/wp-content\/uploads\/2025\/11\/Furring-Channel-Roll-Forming-Machine-lc-300x85.jpg 300w, https:\/\/www.henerrfm.com\/wp-content\/uploads\/2025\/11\/Furring-Channel-Roll-Forming-Machine-lc-1024x291.jpg 1024w, https:\/\/www.henerrfm.com\/wp-content\/uploads\/2025\/11\/Furring-Channel-Roll-Forming-Machine-lc-768x218.jpg 768w, https:\/\/www.henerrfm.com\/wp-content\/uploads\/2025\/11\/Furring-Channel-Roll-Forming-Machine-lc-600x170.jpg 600w, https:\/\/www.henerrfm.com\/wp-content\/uploads\/2025\/11\/Furring-Channel-Roll-Forming-Machine-lc.jpg 1350w\" sizes=\"auto, (max-width: 1295px) 100vw, 1295px\" \/>\u00a0Aplicativo<\/h5>\n<p><img loading=\"lazy\" decoding=\"async\" class=\"alignnone wp-image-3021\" src=\"https:\/\/henerrfm.com\/wp-content\/uploads\/2025\/11\/Furring-Channel-Roll-Forming-Machine-yy-300x116.jpg\" alt=\"\" width=\"1291\" height=\"499\" srcset=\"https:\/\/www.henerrfm.com\/wp-content\/uploads\/2025\/11\/Furring-Channel-Roll-Forming-Machine-yy-300x116.jpg 300w, https:\/\/www.henerrfm.com\/wp-content\/uploads\/2025\/11\/Furring-Channel-Roll-Forming-Machine-yy-1024x396.jpg 1024w, https:\/\/www.henerrfm.com\/wp-content\/uploads\/2025\/11\/Furring-Channel-Roll-Forming-Machine-yy-768x297.jpg 768w, https:\/\/www.henerrfm.com\/wp-content\/uploads\/2025\/11\/Furring-Channel-Roll-Forming-Machine-yy-600x232.jpg 600w, https:\/\/www.henerrfm.com\/wp-content\/uploads\/2025\/11\/Furring-Channel-Roll-Forming-Machine-yy.jpg 1350w\" sizes=\"auto, (max-width: 1291px) 100vw, 1291px\" \/><\/p>","protected":false},"excerpt":{"rendered":"<p>Product Overview The Stud Furring Channel Roll Forming Machine is a precision-engineered production system designed for manufacturing hat-shaped galvanized steel channels, a key component in modern wall and ceiling framing. These corrosion-resistant channels provide reliable support for gypsum panels and are typically installed perpendicular to masonry surfaces using specialized fasteners, suitable for both vertical and [&hellip;]<\/p>\n","protected":false},"featured_media":3017,"comment_status":"open","ping_status":"closed","template":"","meta":{"_gspb_post_css":""},"product_brand":[],"product_cat":[138,135],"product_tag":[],"class_list":{"0":"post-3010","1":"product","2":"type-product","3":"status-publish","4":"has-post-thumbnail","6":"product_cat-light-steel-keel-forming-machine","7":"product_cat-steel-structure-light-gauge-frame-roll-forming-machine","9":"first","10":"instock","11":"shipping-taxable","12":"product-type-simple"},"_links":{"self":[{"href":"https:\/\/www.henerrfm.com\/pt\/wp-json\/wp\/v2\/product\/3010","targetHints":{"allow":["GET"]}}],"collection":[{"href":"https:\/\/www.henerrfm.com\/pt\/wp-json\/wp\/v2\/product"}],"about":[{"href":"https:\/\/www.henerrfm.com\/pt\/wp-json\/wp\/v2\/types\/product"}],"replies":[{"embeddable":true,"href":"https:\/\/www.henerrfm.com\/pt\/wp-json\/wp\/v2\/comments?post=3010"}],"wp:featuredmedia":[{"embeddable":true,"href":"https:\/\/www.henerrfm.com\/pt\/wp-json\/wp\/v2\/media\/3017"}],"wp:attachment":[{"href":"https:\/\/www.henerrfm.com\/pt\/wp-json\/wp\/v2\/media?parent=3010"}],"wp:term":[{"taxonomy":"product_brand","embeddable":true,"href":"https:\/\/www.henerrfm.com\/pt\/wp-json\/wp\/v2\/product_brand?post=3010"},{"taxonomy":"product_cat","embeddable":true,"href":"https:\/\/www.henerrfm.com\/pt\/wp-json\/wp\/v2\/product_cat?post=3010"},{"taxonomy":"product_tag","embeddable":true,"href":"https:\/\/www.henerrfm.com\/pt\/wp-json\/wp\/v2\/product_tag?post=3010"}],"curies":[{"name":"wp","href":"https:\/\/api.w.org\/{rel}","templated":true}]}}