{"id":302,"date":"2025-11-03T00:35:16","date_gmt":"2025-11-03T00:35:16","guid":{"rendered":"https:\/\/henerrfm.com\/?post_type=product&#038;p=302"},"modified":"2025-12-04T08:25:51","modified_gmt":"2025-12-04T08:25:51","slug":"metal-wall-cladding-sheet-panel-making-machine","status":"publish","type":"product","link":"https:\/\/www.henerrfm.com\/pt\/product\/metal-wall-cladding-sheet-panel-making-machine\/","title":{"rendered":"M\u00e1quina para fabrica\u00e7\u00e3o de pain\u00e9is de revestimento de parede met\u00e1licos"},"content":{"rendered":"<h5>Vis\u00e3o geral do produto<\/h5>\n<p>O <a href=\"https:\/\/www.henerrfm.com\/pt\/produto\/metal-wall-cladding-sheet-panel-making-machine\/\">M\u00e1quina para fabrica\u00e7\u00e3o de pain\u00e9is de revestimento de parede met\u00e1licos<\/a> \u00e9 um sistema industrial de alto desempenho projetado para produzir pain\u00e9is de revestimento de parede premium de alum\u00ednio ou a\u00e7o Capaz de fabricar pain\u00e9is de at\u00e9 4 p\u00e9s (1,2 m) de largura, esta M\u00e1quina de Fabrica\u00e7\u00e3o de Painel de Folha de Revestimento de Parede de Metal \u00e9 adequada para uma ampla gama de aplica\u00e7\u00f5es, incluindo fachadas externas e instala\u00e7\u00f5es de paredes internas.<\/p>\n<p>Projetado para precis\u00e3o e efici\u00eancia, a m\u00e1quina de fazer pain\u00e9is de chapas de revestimento de parede de metal garante qualidade consistente do painel, acabamentos suaves e alta produ\u00e7\u00e3o. Sua constru\u00e7\u00e3o robusta e tecnologia de conforma\u00e7\u00e3o avan\u00e7ada o tornam ideal para os fabricantes que buscam <a href=\"https:\/\/en.wikipedia.org\/wiki\/Durability\" target=\"_blank\" rel=\"noopener\">dur\u00e1vel<\/a>, Solu\u00e7\u00f5es de revestimento de parede met\u00e1lica atraentes e econ\u00f4micas.<\/p>\n<h5>Desenhos de perfil do produto<\/h5>\n<h5><img loading=\"lazy\" decoding=\"async\" class=\"alignnone wp-image-2641\" src=\"https:\/\/henerrfm.com\/wp-content\/uploads\/2025\/11\/Metal-Wall-Cladding-Sheet-Panel-Making-Machinepm-300x105.jpg\" alt=\"\" width=\"1329\" height=\"465\" srcset=\"https:\/\/www.henerrfm.com\/wp-content\/uploads\/2025\/11\/Metal-Wall-Cladding-Sheet-Panel-Making-Machinepm-300x105.jpg 300w, https:\/\/www.henerrfm.com\/wp-content\/uploads\/2025\/11\/Metal-Wall-Cladding-Sheet-Panel-Making-Machinepm-768x270.jpg 768w, https:\/\/www.henerrfm.com\/wp-content\/uploads\/2025\/11\/Metal-Wall-Cladding-Sheet-Panel-Making-Machinepm-600x211.jpg 600w\" sizes=\"auto, (max-width: 1329px) 100vw, 1329px\" \/><\/h5>\n<h5>Par\u00e2metros t\u00e9cnicos<\/h5>\n<table>\n<thead>\n<tr>\n<th><span style=\"font-weight: 400;\">Item<\/span><\/th>\n<th><span style=\"font-weight: 400;\">Detalhes da especifica\u00e7\u00e3o<\/span><\/th>\n<\/tr>\n<\/thead>\n<tbody>\n<tr>\n<td>Material Moldado<\/td>\n<td>PPGI, PPGL; Espessura do material: 0,3-0,6 mm<\/td>\n<\/tr>\n<tr>\n<td>Desbobinador<\/td>\n<td>Decoiler hidr\u00e1ulico (opcional); Decoiler manual (livre)<\/td>\n<\/tr>\n<tr>\n<td>Esta\u00e7\u00e3o principal do rolo do corpo<\/td>\n<td>18 linhas (personaliz\u00e1vel conforme a exig\u00eancia)<\/td>\n<\/tr>\n<tr>\n<td>Corpo principal Di\u00e2metro Shaft<\/td>\n<td>eixo s\u00f3lido de 80 mm<\/td>\n<\/tr>\n<tr>\n<td>Material do corpo principal<\/td>\n<td>A\u00e7o Forjado de Alto Grau 451TP10 T, superf\u00edcie dura cromada (Espessura Cromada: 0,05 mm)<\/td>\n<\/tr>\n<tr>\n<td>Corpo principal Quadro do corpo da m\u00e1quina<\/td>\n<td>Estrutura de Viga de 350 mm H, com Placa de Suporte M\u00e9dio de A\u00e7o Soldado de 18 mm<\/td>\n<\/tr>\n<tr>\n<td>Corpo principal (principal) Drive<\/td>\n<td>Transmiss\u00e3o de engrenagem e corrente dupla<\/td>\n<\/tr>\n<\/tbody>\n<\/table>\n<h5 style=\"text-align: left;\">V\u00eddeo do produto<\/h5>\n<p><iframe loading=\"lazy\" title=\"M\u00e1quina para fabrica\u00e7\u00e3o de pain\u00e9is de revestimento de parede met\u00e1licos\" width=\"1350\" height=\"759\" src=\"https:\/\/www.youtube.com\/embed\/AQRu9H8xQbA?feature=oembed\" frameborder=\"0\" allow=\"accelerometer; autoplay; clipboard-write; encrypted-media; gyroscope; picture-in-picture; web-share\" referrerpolicy=\"strict-origin-when-cross-origin\" allowfullscreen><\/iframe><\/p>\n<h5>Exibi\u00e7\u00e3o de detalhes do produto<\/h5>\n<p><img loading=\"lazy\" decoding=\"async\" class=\"alignnone wp-image-2642\" src=\"https:\/\/henerrfm.com\/wp-content\/uploads\/2025\/11\/Metal-Wall-Cladding-Sheet-Panel-Making-Machinexj-300x105.jpg\" alt=\"\" width=\"1329\" height=\"465\" srcset=\"https:\/\/www.henerrfm.com\/wp-content\/uploads\/2025\/11\/Metal-Wall-Cladding-Sheet-Panel-Making-Machinexj-300x105.jpg 300w, https:\/\/www.henerrfm.com\/wp-content\/uploads\/2025\/11\/Metal-Wall-Cladding-Sheet-Panel-Making-Machinexj-768x270.jpg 768w, https:\/\/www.henerrfm.com\/wp-content\/uploads\/2025\/11\/Metal-Wall-Cladding-Sheet-Panel-Making-Machinexj-600x211.jpg 600w\" sizes=\"auto, (max-width: 1329px) 100vw, 1329px\" \/><\/p>\n<h5>Aplicativo<\/h5>\n<p><img loading=\"lazy\" decoding=\"async\" class=\"alignnone wp-image-2643\" src=\"https:\/\/henerrfm.com\/wp-content\/uploads\/2025\/11\/Metal-Wall-Cladding-Sheet-Panel-Making-Machineyy-300x105.jpg\" alt=\"\" width=\"1346\" height=\"471\" srcset=\"https:\/\/www.henerrfm.com\/wp-content\/uploads\/2025\/11\/Metal-Wall-Cladding-Sheet-Panel-Making-Machineyy-300x105.jpg 300w, https:\/\/www.henerrfm.com\/wp-content\/uploads\/2025\/11\/Metal-Wall-Cladding-Sheet-Panel-Making-Machineyy-768x270.jpg 768w, https:\/\/www.henerrfm.com\/wp-content\/uploads\/2025\/11\/Metal-Wall-Cladding-Sheet-Panel-Making-Machineyy-600x211.jpg 600w\" sizes=\"auto, (max-width: 1346px) 100vw, 1346px\" \/><\/p>\n<h5>Produto final<\/h5>\n<p><img loading=\"lazy\" decoding=\"async\" class=\"alignnone wp-image-2655\" src=\"https:\/\/henerrfm.com\/wp-content\/uploads\/2025\/11\/Metal-Wall-Cladding-Sheet-Panel-Making-Machincp-1-300x105.jpg\" alt=\"\" width=\"1340\" height=\"469\" srcset=\"https:\/\/www.henerrfm.com\/wp-content\/uploads\/2025\/11\/Metal-Wall-Cladding-Sheet-Panel-Making-Machincp-1-300x105.jpg 300w, https:\/\/www.henerrfm.com\/wp-content\/uploads\/2025\/11\/Metal-Wall-Cladding-Sheet-Panel-Making-Machincp-1-768x270.jpg 768w, https:\/\/www.henerrfm.com\/wp-content\/uploads\/2025\/11\/Metal-Wall-Cladding-Sheet-Panel-Making-Machincp-1-600x211.jpg 600w, https:\/\/www.henerrfm.com\/wp-content\/uploads\/2025\/11\/Metal-Wall-Cladding-Sheet-Panel-Making-Machincp-1.jpg 1350w\" sizes=\"auto, (max-width: 1340px) 100vw, 1340px\" \/><\/p>\n<div style=\"all: initial !important;\"><\/div>\n<div style=\"all: initial !important;\"><\/div>","protected":false},"excerpt":{"rendered":"<p>&nbsp;<\/p>\n<div style=\"all: initial !important;\"><\/div>\n<div style=\"all: initial !important;\"><\/div>","protected":false},"featured_media":303,"comment_status":"open","ping_status":"closed","template":"","meta":{"_gspb_post_css":""},"product_brand":[],"product_cat":[120,133],"product_tag":[],"class_list":{"0":"post-302","1":"product","2":"type-product","3":"status-publish","4":"has-post-thumbnail","6":"product_cat-roof-wall-panel-roll-forming-machine","7":"product_cat-wall-cladding-panel-roll-forming-machine","9":"first","10":"instock","11":"shipping-taxable","12":"product-type-simple"},"_links":{"self":[{"href":"https:\/\/www.henerrfm.com\/pt\/wp-json\/wp\/v2\/product\/302","targetHints":{"allow":["GET"]}}],"collection":[{"href":"https:\/\/www.henerrfm.com\/pt\/wp-json\/wp\/v2\/product"}],"about":[{"href":"https:\/\/www.henerrfm.com\/pt\/wp-json\/wp\/v2\/types\/product"}],"replies":[{"embeddable":true,"href":"https:\/\/www.henerrfm.com\/pt\/wp-json\/wp\/v2\/comments?post=302"}],"wp:featuredmedia":[{"embeddable":true,"href":"https:\/\/www.henerrfm.com\/pt\/wp-json\/wp\/v2\/media\/303"}],"wp:attachment":[{"href":"https:\/\/www.henerrfm.com\/pt\/wp-json\/wp\/v2\/media?parent=302"}],"wp:term":[{"taxonomy":"product_brand","embeddable":true,"href":"https:\/\/www.henerrfm.com\/pt\/wp-json\/wp\/v2\/product_brand?post=302"},{"taxonomy":"product_cat","embeddable":true,"href":"https:\/\/www.henerrfm.com\/pt\/wp-json\/wp\/v2\/product_cat?post=302"},{"taxonomy":"product_tag","embeddable":true,"href":"https:\/\/www.henerrfm.com\/pt\/wp-json\/wp\/v2\/product_tag?post=302"}],"curies":[{"name":"wp","href":"https:\/\/api.w.org\/{rel}","templated":true}]}}