{"id":3022,"date":"2025-11-24T07:16:40","date_gmt":"2025-11-24T07:16:40","guid":{"rendered":"https:\/\/henerrfm.com\/?post_type=product&#038;p=3022"},"modified":"2025-12-03T06:31:56","modified_gmt":"2025-12-03T06:31:56","slug":"steel-wall-angle-roll-forming-machine","status":"publish","type":"product","link":"https:\/\/www.henerrfm.com\/pt\/product\/steel-wall-angle-roll-forming-machine\/","title":{"rendered":"M\u00e1quina de perfilagem de cantoneiras de a\u00e7o para paredes"},"content":{"rendered":"<h5>Vis\u00e3o geral do produto<\/h5>\n<p>A M\u00e1quina Formadora de Rolos de \u00c2ngulo de Parede de A\u00e7o \u00e9 um sistema de produ\u00e7\u00e3o de alta efici\u00eancia projetado para criar uma variedade de <a href=\"https:\/\/en.wikipedia.org\/wiki\/Steel\" target=\"_blank\" rel=\"noopener\">a\u00e7o<\/a> canais comumente usados em estruturas de parede e teto, bem como constru\u00e7\u00e3o de interiores Ele transforma bobinas de folha em perfis precisos em forma de L, em forma de U e em forma de chap\u00e9u atrav\u00e9s de uma sequ\u00eancia totalmente automatizada de opera\u00e7\u00f5es de forma\u00e7\u00e3o, corte e estampagem.<\/p>\n<p>Esta m\u00e1quina agiliza todo o processo de produ\u00e7\u00e3o, oferecendo qualidade consistente, alta produ\u00e7\u00e3o e requisitos de m\u00e3o-de-obra reduzidos Simplesmente alterando os moldes do cortador, a M\u00e1quina Formadora de Rolos de \u00c2ngulo de Parede de A\u00e7o pode produzir v\u00e1rios perfis de canal com uma \u00fanica configura\u00e7\u00e3o, oferecendo flexibilidade excepcional para diversos projetos de enquadramento.<\/p>\n<p>Como um fabricante chin\u00eas confi\u00e1vel de m\u00e1quinas formadoras de rolos, a HENER fornece equipamentos dur\u00e1veis e confi\u00e1veis que permitem que empreiteiros e fabricantes obtenham produ\u00e7\u00e3o eficiente, modelagem precisa de perfis e desempenho estrutural superior para aplica\u00e7\u00f5es de constru\u00e7\u00e3o modernas.<\/p>\n<h5>Desenhos de perfil do produto<\/h5>\n<p><img loading=\"lazy\" decoding=\"async\" class=\"alignnone wp-image-3029\" src=\"https:\/\/henerrfm.com\/wp-content\/uploads\/2025\/11\/Steel-Wall-Angle-Roll-Forming-Machinepm-300x236.jpg\" alt=\"\" width=\"586\" height=\"461\" srcset=\"https:\/\/www.henerrfm.com\/wp-content\/uploads\/2025\/11\/Steel-Wall-Angle-Roll-Forming-Machinepm-300x236.jpg 300w, https:\/\/www.henerrfm.com\/wp-content\/uploads\/2025\/11\/Steel-Wall-Angle-Roll-Forming-Machinepm-1024x806.jpg 1024w, https:\/\/www.henerrfm.com\/wp-content\/uploads\/2025\/11\/Steel-Wall-Angle-Roll-Forming-Machinepm-768x605.jpg 768w, https:\/\/www.henerrfm.com\/wp-content\/uploads\/2025\/11\/Steel-Wall-Angle-Roll-Forming-Machinepm-600x472.jpg 600w, https:\/\/www.henerrfm.com\/wp-content\/uploads\/2025\/11\/Steel-Wall-Angle-Roll-Forming-Machinepm.jpg 1350w\" sizes=\"auto, (max-width: 586px) 100vw, 586px\" \/><\/p>\n<h5>Par\u00e2metros t\u00e9cnicos<\/h5>\n<table>\n<tbody>\n<tr>\n<td>Material Moldado<\/td>\n<td>GI<\/p>\n<div class=\"container-Uxvbjy md-box-line-break wrapper-GYqxgQ undefined\"><\/div>\n<p>Espessura: 0,2-0,4 mm (personalizado)<\/td>\n<\/tr>\n<tr>\n<td>Desbobinador<\/td>\n<td>Desbobinador autom\u00e1tico hidr\u00e1ulico<\/p>\n<div class=\"container-Uxvbjy md-box-line-break wrapper-GYqxgQ undefined\"><\/div>\n<p>Desbobinador manual (ser\u00e1 fornecido gratuitamente)<\/td>\n<\/tr>\n<tr>\n<td>Corpo principal \u2013 Esta\u00e7\u00e3o de rolos<\/td>\n<td>12 linhas (como sua exig\u00eancia)<\/td>\n<\/tr>\n<tr>\n<td>Corpo principal \u2013 Di\u00e2metro do eixo<\/td>\n<td>eixo s\u00f3lido de 50 mm<\/td>\n<\/tr>\n<tr>\n<td>Corpo principal \u2013 Material dos rolos<\/td>\n<td>A\u00e7o 45#, cromado duro na superf\u00edcie.<\/td>\n<\/tr>\n<tr>\n<td>Corpo principal \u2013 Estrutura do corpo da m\u00e1quina<\/td>\n<td>A\u00e7o metal soldado<\/td>\n<\/tr>\n<tr>\n<td>Corpo principal \u2013 Motor<\/td>\n<td>Transmiss\u00e3o de caixa de velocidades<\/td>\n<\/tr>\n<\/tbody>\n<\/table>\n<h5>Fluxograma de Produ\u00e7\u00e3o<\/h5>\n<p><img loading=\"lazy\" decoding=\"async\" class=\"alignnone wp-image-3028\" src=\"https:\/\/henerrfm.com\/wp-content\/uploads\/2025\/11\/Steel-Wall-Angle-Roll-Forming-Machinelc-300x96.jpg\" alt=\"\" width=\"1316\" height=\"421\" srcset=\"https:\/\/www.henerrfm.com\/wp-content\/uploads\/2025\/11\/Steel-Wall-Angle-Roll-Forming-Machinelc-300x96.jpg 300w, https:\/\/www.henerrfm.com\/wp-content\/uploads\/2025\/11\/Steel-Wall-Angle-Roll-Forming-Machinelc-1024x327.jpg 1024w, https:\/\/www.henerrfm.com\/wp-content\/uploads\/2025\/11\/Steel-Wall-Angle-Roll-Forming-Machinelc-768x245.jpg 768w, https:\/\/www.henerrfm.com\/wp-content\/uploads\/2025\/11\/Steel-Wall-Angle-Roll-Forming-Machinelc-600x192.jpg 600w, https:\/\/www.henerrfm.com\/wp-content\/uploads\/2025\/11\/Steel-Wall-Angle-Roll-Forming-Machinelc.jpg 1350w\" sizes=\"auto, (max-width: 1316px) 100vw, 1316px\" \/><\/p>\n<h5>Produto final<\/h5>\n<p><img loading=\"lazy\" decoding=\"async\" class=\"alignnone wp-image-3027\" src=\"https:\/\/henerrfm.com\/wp-content\/uploads\/2025\/11\/Steel-Wall-Angle-Roll-Forming-Machinecp-300x263.jpg\" alt=\"\" width=\"649\" height=\"569\" srcset=\"https:\/\/www.henerrfm.com\/wp-content\/uploads\/2025\/11\/Steel-Wall-Angle-Roll-Forming-Machinecp-300x263.jpg 300w, https:\/\/www.henerrfm.com\/wp-content\/uploads\/2025\/11\/Steel-Wall-Angle-Roll-Forming-Machinecp-768x673.jpg 768w, https:\/\/www.henerrfm.com\/wp-content\/uploads\/2025\/11\/Steel-Wall-Angle-Roll-Forming-Machinecp-600x526.jpg 600w, https:\/\/www.henerrfm.com\/wp-content\/uploads\/2025\/11\/Steel-Wall-Angle-Roll-Forming-Machinecp.jpg 800w\" sizes=\"auto, (max-width: 649px) 100vw, 649px\" \/><\/p>","protected":false},"excerpt":{"rendered":"<p>Product Overview The Steel Wall Angle Roll Forming Machine is a high-efficiency production system designed for creating a variety of steel channels commonly used in wall and ceiling framing, as well as interior construction. It transforms sheet coils into precise L-shaped, U-shaped, and hat-shaped profiles through a fully automated sequence of forming, cutting, and stamping [&hellip;]<\/p>\n","protected":false},"featured_media":3024,"comment_status":"open","ping_status":"closed","template":"","meta":{"_gspb_post_css":""},"product_brand":[],"product_cat":[138,135],"product_tag":[],"class_list":{"0":"post-3022","1":"product","2":"type-product","3":"status-publish","4":"has-post-thumbnail","6":"product_cat-light-steel-keel-forming-machine","7":"product_cat-steel-structure-light-gauge-frame-roll-forming-machine","9":"first","10":"instock","11":"shipping-taxable","12":"product-type-simple"},"_links":{"self":[{"href":"https:\/\/www.henerrfm.com\/pt\/wp-json\/wp\/v2\/product\/3022","targetHints":{"allow":["GET"]}}],"collection":[{"href":"https:\/\/www.henerrfm.com\/pt\/wp-json\/wp\/v2\/product"}],"about":[{"href":"https:\/\/www.henerrfm.com\/pt\/wp-json\/wp\/v2\/types\/product"}],"replies":[{"embeddable":true,"href":"https:\/\/www.henerrfm.com\/pt\/wp-json\/wp\/v2\/comments?post=3022"}],"wp:featuredmedia":[{"embeddable":true,"href":"https:\/\/www.henerrfm.com\/pt\/wp-json\/wp\/v2\/media\/3024"}],"wp:attachment":[{"href":"https:\/\/www.henerrfm.com\/pt\/wp-json\/wp\/v2\/media?parent=3022"}],"wp:term":[{"taxonomy":"product_brand","embeddable":true,"href":"https:\/\/www.henerrfm.com\/pt\/wp-json\/wp\/v2\/product_brand?post=3022"},{"taxonomy":"product_cat","embeddable":true,"href":"https:\/\/www.henerrfm.com\/pt\/wp-json\/wp\/v2\/product_cat?post=3022"},{"taxonomy":"product_tag","embeddable":true,"href":"https:\/\/www.henerrfm.com\/pt\/wp-json\/wp\/v2\/product_tag?post=3022"}],"curies":[{"name":"wp","href":"https:\/\/api.w.org\/{rel}","templated":true}]}}