{"id":3030,"date":"2025-11-24T07:20:29","date_gmt":"2025-11-24T07:20:29","guid":{"rendered":"https:\/\/henerrfm.com\/?post_type=product&#038;p=3030"},"modified":"2025-12-03T06:27:14","modified_gmt":"2025-12-03T06:27:14","slug":"tee-bar-ceiling-grid-roll-forming-machine","status":"publish","type":"product","link":"https:\/\/www.henerrfm.com\/pt\/product\/tee-bar-ceiling-grid-roll-forming-machine\/","title":{"rendered":"M\u00e1quina de perfilagem de perfis para forro de teto com barras em T"},"content":{"rendered":"<h5>Vis\u00e3o geral do produto<\/h5>\n<p>A m\u00e1quina de perfilagem de perfis T para forros suspensos \u00e9 um sistema de produ\u00e7\u00e3o totalmente automatizado, projetado para fabricar perfis T padr\u00e3o de 24 mm para estruturas de forros suspensos. Especialmente popular na regi\u00e3o de Cangzhou, esta m\u00e1quina converte com efici\u00eancia... <a href=\"https:\/\/en.wikipedia.org\/wiki\/Steel\" target=\"_blank\" rel=\"noopener\">a\u00e7o<\/a> Chapas com espessuras variando de 0,3 mm a 1,2 mm, transformadas em barras em T com comprimentos entre 3000 mm e 6000 mm.<\/p>\n<p>Cada perfil em T apresenta uma se\u00e7\u00e3o transversal precisa em forma de &quot;T&quot;, com uma aba superior de aproximadamente 24 mm e uma aba inferior de cerca de 38 mm. Amplamente utilizada em sistemas de forro arquitet\u00f4nicos modernos, a m\u00e1quina de perfilagem de perfis em T para forro garante dimens\u00f5es uniformes, desempenho estrutural est\u00e1vel e suporte confi\u00e1vel para uma instala\u00e7\u00e3o f\u00e1cil e segura. Sua avan\u00e7ada tecnologia de perfilagem a frio permite produ\u00e7\u00e3o em alta velocidade, mantendo excelente qualidade, tornando-a uma solu\u00e7\u00e3o ideal para fabricantes que buscam efici\u00eancia e durabilidade a longo prazo na fabrica\u00e7\u00e3o de perfis em T.<\/p>\n<h5>Desenhos de perfil do produto<\/h5>\n<h5><img loading=\"lazy\" decoding=\"async\" class=\"alignnone wp-image-3031\" src=\"https:\/\/henerrfm.com\/wp-content\/uploads\/2025\/11\/pm-300x152.jpg\" alt=\"\" width=\"724\" height=\"367\" srcset=\"https:\/\/www.henerrfm.com\/wp-content\/uploads\/2025\/11\/pm-300x152.jpg 300w, https:\/\/www.henerrfm.com\/wp-content\/uploads\/2025\/11\/pm-1024x517.jpg 1024w, https:\/\/www.henerrfm.com\/wp-content\/uploads\/2025\/11\/pm-768x388.jpg 768w, https:\/\/www.henerrfm.com\/wp-content\/uploads\/2025\/11\/pm-600x303.jpg 600w, https:\/\/www.henerrfm.com\/wp-content\/uploads\/2025\/11\/pm.jpg 1350w\" sizes=\"auto, (max-width: 724px) 100vw, 724px\" \/><\/h5>\n<h5>Par\u00e2metros t\u00e9cnicos<\/h5>\n<table>\n<tbody>\n<tr>\n<td>Material \u2013 Mat\u00e9ria-prima<\/td>\n<td>PPGI e GI<\/td>\n<\/tr>\n<tr>\n<td>Material \u2013 Espessura do material (PPGI para material superior da barra em T)<\/td>\n<td>0,12-0,3 mm<\/td>\n<\/tr>\n<tr>\n<td>Material \u2013 Espessura do material (GI para material da base da barra T)<\/td>\n<td>0,2-0,4 mm<\/td>\n<\/tr>\n<tr>\n<td>Estrutura do Desbobinador \u2013 Capacidade de Carga<\/td>\n<td>1,5 toneladas<\/td>\n<\/tr>\n<tr>\n<td>Estrutura do Desbobinador \u2013 Di\u00e2metro interno da bobina<\/td>\n<td>450-550 mm<\/td>\n<\/tr>\n<tr>\n<td>Material do eixo de lamina\u00e7\u00e3o<\/td>\n<td>A\u00c7O 45#<\/td>\n<\/tr>\n<tr>\n<td>Di\u00e2metro do eixo<\/td>\n<td>50 mm<\/td>\n<\/tr>\n<tr>\n<td>Material do rolo<\/td>\n<td>GB-Cr12<\/td>\n<\/tr>\n<tr>\n<td>Esta\u00e7\u00e3o rolante \u2013 Tee principal<\/td>\n<td>18 esta\u00e7\u00f5es<\/td>\n<\/tr>\n<tr>\n<td>Esta\u00e7\u00e3o rolante \u2013 Cruz tee<\/td>\n<td>16 esta\u00e7\u00f5es<\/td>\n<\/tr>\n<tr>\n<td>Velocidade de trabalho<\/td>\n<td>0-20 m\/min (com perfura\u00e7\u00e3o e corte)<\/td>\n<\/tr>\n<\/tbody>\n<\/table>\n<h5>Fluxograma de Produ\u00e7\u00e3o<\/h5>\n<p><img loading=\"lazy\" decoding=\"async\" class=\"alignnone wp-image-3037\" src=\"https:\/\/henerrfm.com\/wp-content\/uploads\/2025\/11\/Tee-bar-Ceiling-Grid-Roll-Forming-Machinelc-300x65.jpg\" alt=\"\" width=\"1320\" height=\"286\" srcset=\"https:\/\/www.henerrfm.com\/wp-content\/uploads\/2025\/11\/Tee-bar-Ceiling-Grid-Roll-Forming-Machinelc-300x65.jpg 300w, https:\/\/www.henerrfm.com\/wp-content\/uploads\/2025\/11\/Tee-bar-Ceiling-Grid-Roll-Forming-Machinelc-1024x221.jpg 1024w, https:\/\/www.henerrfm.com\/wp-content\/uploads\/2025\/11\/Tee-bar-Ceiling-Grid-Roll-Forming-Machinelc-768x166.jpg 768w, https:\/\/www.henerrfm.com\/wp-content\/uploads\/2025\/11\/Tee-bar-Ceiling-Grid-Roll-Forming-Machinelc-600x129.jpg 600w, https:\/\/www.henerrfm.com\/wp-content\/uploads\/2025\/11\/Tee-bar-Ceiling-Grid-Roll-Forming-Machinelc.jpg 1350w\" sizes=\"auto, (max-width: 1320px) 100vw, 1320px\" \/><\/p>\n<h5>Exibi\u00e7\u00e3o de detalhes do produto<\/h5>\n<p><img loading=\"lazy\" decoding=\"async\" class=\"alignnone wp-image-3038\" src=\"https:\/\/henerrfm.com\/wp-content\/uploads\/2025\/11\/Tee-bar-Ceiling-Grid-Roll-Forming-Machinexj-300x100.jpg\" alt=\"\" width=\"1299\" height=\"433\" srcset=\"https:\/\/www.henerrfm.com\/wp-content\/uploads\/2025\/11\/Tee-bar-Ceiling-Grid-Roll-Forming-Machinexj-300x100.jpg 300w, https:\/\/www.henerrfm.com\/wp-content\/uploads\/2025\/11\/Tee-bar-Ceiling-Grid-Roll-Forming-Machinexj-1024x342.jpg 1024w, https:\/\/www.henerrfm.com\/wp-content\/uploads\/2025\/11\/Tee-bar-Ceiling-Grid-Roll-Forming-Machinexj-768x257.jpg 768w, https:\/\/www.henerrfm.com\/wp-content\/uploads\/2025\/11\/Tee-bar-Ceiling-Grid-Roll-Forming-Machinexj-600x200.jpg 600w, https:\/\/www.henerrfm.com\/wp-content\/uploads\/2025\/11\/Tee-bar-Ceiling-Grid-Roll-Forming-Machinexj.jpg 1350w\" sizes=\"auto, (max-width: 1299px) 100vw, 1299px\" \/><img loading=\"lazy\" decoding=\"async\" class=\"alignnone wp-image-3039\" src=\"https:\/\/henerrfm.com\/wp-content\/uploads\/2025\/11\/Tee-bar-Ceiling-Grid-Roll-Forming-Machinexj1-300x100.jpg\" alt=\"\" width=\"1299\" height=\"433\" srcset=\"https:\/\/www.henerrfm.com\/wp-content\/uploads\/2025\/11\/Tee-bar-Ceiling-Grid-Roll-Forming-Machinexj1-300x100.jpg 300w, https:\/\/www.henerrfm.com\/wp-content\/uploads\/2025\/11\/Tee-bar-Ceiling-Grid-Roll-Forming-Machinexj1-1024x342.jpg 1024w, https:\/\/www.henerrfm.com\/wp-content\/uploads\/2025\/11\/Tee-bar-Ceiling-Grid-Roll-Forming-Machinexj1-768x257.jpg 768w, https:\/\/www.henerrfm.com\/wp-content\/uploads\/2025\/11\/Tee-bar-Ceiling-Grid-Roll-Forming-Machinexj1-600x200.jpg 600w, https:\/\/www.henerrfm.com\/wp-content\/uploads\/2025\/11\/Tee-bar-Ceiling-Grid-Roll-Forming-Machinexj1.jpg 1350w\" sizes=\"auto, (max-width: 1299px) 100vw, 1299px\" \/><img loading=\"lazy\" decoding=\"async\" class=\"alignnone wp-image-3040\" src=\"https:\/\/henerrfm.com\/wp-content\/uploads\/2025\/11\/Tee-bar-Ceiling-Grid-Roll-Forming-Machinexj2-300x100.jpg\" alt=\"\" width=\"1299\" height=\"433\" srcset=\"https:\/\/www.henerrfm.com\/wp-content\/uploads\/2025\/11\/Tee-bar-Ceiling-Grid-Roll-Forming-Machinexj2-300x100.jpg 300w, https:\/\/www.henerrfm.com\/wp-content\/uploads\/2025\/11\/Tee-bar-Ceiling-Grid-Roll-Forming-Machinexj2-1024x342.jpg 1024w, https:\/\/www.henerrfm.com\/wp-content\/uploads\/2025\/11\/Tee-bar-Ceiling-Grid-Roll-Forming-Machinexj2-768x257.jpg 768w, https:\/\/www.henerrfm.com\/wp-content\/uploads\/2025\/11\/Tee-bar-Ceiling-Grid-Roll-Forming-Machinexj2-600x200.jpg 600w, https:\/\/www.henerrfm.com\/wp-content\/uploads\/2025\/11\/Tee-bar-Ceiling-Grid-Roll-Forming-Machinexj2.jpg 1350w\" sizes=\"auto, (max-width: 1299px) 100vw, 1299px\" \/><\/p>\n<h5>Produto final<\/h5>\n<p><img loading=\"lazy\" decoding=\"async\" class=\"alignnone wp-image-3041\" src=\"https:\/\/henerrfm.com\/wp-content\/uploads\/2025\/11\/Tee-bar-Ceiling-Grid-Roll-Forming-Machineyy-300x200.jpg\" alt=\"\" width=\"704\" height=\"469\" srcset=\"https:\/\/www.henerrfm.com\/wp-content\/uploads\/2025\/11\/Tee-bar-Ceiling-Grid-Roll-Forming-Machineyy-300x200.jpg 300w, https:\/\/www.henerrfm.com\/wp-content\/uploads\/2025\/11\/Tee-bar-Ceiling-Grid-Roll-Forming-Machineyy-768x512.jpg 768w, https:\/\/www.henerrfm.com\/wp-content\/uploads\/2025\/11\/Tee-bar-Ceiling-Grid-Roll-Forming-Machineyy-600x400.jpg 600w, https:\/\/www.henerrfm.com\/wp-content\/uploads\/2025\/11\/Tee-bar-Ceiling-Grid-Roll-Forming-Machineyy.jpg 800w\" sizes=\"auto, (max-width: 704px) 100vw, 704px\" \/><\/p>","protected":false},"excerpt":{"rendered":"<p>A M\u00e1quina Formadora de Rolos de Grade de Tee bar \u00e9 um sistema de produ\u00e7\u00e3o totalmente automatizado projetado para fabricar barras T principais padr\u00e3o de 24 mm para estruturas de teto suspenso Especialmente popular na regi\u00e3o de Cangzhou, esta m\u00e1quina converte eficientemente chapas de a\u00e7o que variam de 0,3 mm a 1,2 mm de espessura em barras T com comprimentos entre 3000 mm e 6000 mm.<\/p>","protected":false},"featured_media":3032,"comment_status":"open","ping_status":"closed","template":"","meta":{"_gspb_post_css":""},"product_brand":[],"product_cat":[138,135],"product_tag":[],"class_list":{"0":"post-3030","1":"product","2":"type-product","3":"status-publish","4":"has-post-thumbnail","6":"product_cat-light-steel-keel-forming-machine","7":"product_cat-steel-structure-light-gauge-frame-roll-forming-machine","9":"first","10":"instock","11":"shipping-taxable","12":"product-type-simple"},"_links":{"self":[{"href":"https:\/\/www.henerrfm.com\/pt\/wp-json\/wp\/v2\/product\/3030","targetHints":{"allow":["GET"]}}],"collection":[{"href":"https:\/\/www.henerrfm.com\/pt\/wp-json\/wp\/v2\/product"}],"about":[{"href":"https:\/\/www.henerrfm.com\/pt\/wp-json\/wp\/v2\/types\/product"}],"replies":[{"embeddable":true,"href":"https:\/\/www.henerrfm.com\/pt\/wp-json\/wp\/v2\/comments?post=3030"}],"wp:featuredmedia":[{"embeddable":true,"href":"https:\/\/www.henerrfm.com\/pt\/wp-json\/wp\/v2\/media\/3032"}],"wp:attachment":[{"href":"https:\/\/www.henerrfm.com\/pt\/wp-json\/wp\/v2\/media?parent=3030"}],"wp:term":[{"taxonomy":"product_brand","embeddable":true,"href":"https:\/\/www.henerrfm.com\/pt\/wp-json\/wp\/v2\/product_brand?post=3030"},{"taxonomy":"product_cat","embeddable":true,"href":"https:\/\/www.henerrfm.com\/pt\/wp-json\/wp\/v2\/product_cat?post=3030"},{"taxonomy":"product_tag","embeddable":true,"href":"https:\/\/www.henerrfm.com\/pt\/wp-json\/wp\/v2\/product_tag?post=3030"}],"curies":[{"name":"wp","href":"https:\/\/api.w.org\/{rel}","templated":true}]}}