{"id":3042,"date":"2025-11-24T07:23:17","date_gmt":"2025-11-24T07:23:17","guid":{"rendered":"https:\/\/henerrfm.com\/?post_type=product&#038;p=3042"},"modified":"2025-12-03T06:21:57","modified_gmt":"2025-12-03T06:21:57","slug":"1-5%e2%80%b3-b-wide-rib-roof-deck-machine","status":"publish","type":"product","link":"https:\/\/www.henerrfm.com\/pt\/product\/1-5%e2%80%b3-b-wide-rib-roof-deck-machine\/","title":{"rendered":"M\u00e1quina para cobertura de telhado com nervuras largas de 1,5&quot; B"},"content":{"rendered":"<h5>Vis\u00e3o geral do produto<\/h5>\n<p>A m\u00e1quina de deck de telhado com nervuras largas B de 1,5\u2033 \u00e9 um sistema de produ\u00e7\u00e3o especializado projetado para a fabrica\u00e7\u00e3o de deck B estrutural <a href=\"https:\/\/en.wikipedia.org\/wiki\/Panel\" target=\"_blank\" rel=\"noopener\">pain\u00e9is<\/a> usados em projetos de coberturas comerciais e industriais Apresentando uma altura de nervura de 1,5 polegadas, esses pain\u00e9is oferecem excelente desempenho de resist\u00eancia ao peso e fornecem suporte confi\u00e1vel para uma variedade de conjuntos de cobertura.<\/p>\n<p>Projetada para opera\u00e7\u00e3o cont\u00ednua e de alta precis\u00e3o, a m\u00e1quina converte bobinas de a\u00e7o em folhas de deck uniformes de perfil B com linhas limpas e profundidade de nervura consistente Seu avan\u00e7ado sistema de forma\u00e7\u00e3o garante desempenho est\u00e1vel, geometria precisa da nervura e integridade do painel a longo prazo em corridas de produ\u00e7\u00e3o estendidas.<\/p>\n<p>Com constru\u00e7\u00e3o robusta e um processo de conforma\u00e7\u00e3o eficiente, a m\u00e1quina de deck de telhado com nervuras largas B de 1,5\u2033 permite que os fabricantes produzam pain\u00e9is de deck de metal de alta qualidade para telhados, pisos e aplica\u00e7\u00f5es estruturais, combinando confiabilidade, precis\u00e3o e produtividade em uma solu\u00e7\u00e3o automatizada.<\/p>\n<h5>Desenhos de perfil do produto<\/h5>\n<p><img loading=\"lazy\" decoding=\"async\" class=\"alignnone wp-image-3118\" src=\"https:\/\/henerrfm.com\/wp-content\/uploads\/2025\/11\/1.5\u2018-B-roof-deck-roll-forming-machinepm-300x91.jpg\" alt=\"\" width=\"1338\" height=\"406\" srcset=\"https:\/\/www.henerrfm.com\/wp-content\/uploads\/2025\/11\/1.5\u2018-B-roof-deck-roll-forming-machinepm-300x91.jpg 300w, https:\/\/www.henerrfm.com\/wp-content\/uploads\/2025\/11\/1.5\u2018-B-roof-deck-roll-forming-machinepm-768x232.jpg 768w, https:\/\/www.henerrfm.com\/wp-content\/uploads\/2025\/11\/1.5\u2018-B-roof-deck-roll-forming-machinepm-600x181.jpg 600w\" sizes=\"auto, (max-width: 1338px) 100vw, 1338px\" \/><\/p>\n<h5>Par\u00e2metros t\u00e9cnicos<\/h5>\n<table>\n<tbody>\n<tr>\n<td>Perfil<\/td>\n<td>1 1\/2\u2033 Conv\u00e9s B<\/td>\n<\/tr>\n<tr>\n<td>Largura da bobina<\/td>\n<td>48\u2033<\/td>\n<\/tr>\n<tr>\n<td>Velocidade de forma\u00e7\u00e3o<\/td>\n<td>60 p\u00e9s mais<\/td>\n<\/tr>\n<tr>\n<td>Espessura do material<\/td>\n<td>18g 24g<\/td>\n<\/tr>\n<tr>\n<td>Peso da m\u00e1quina<\/td>\n<td>20 toneladas<\/td>\n<\/tr>\n<tr>\n<td>Pegada M\u00e1quina<\/td>\n<td>85 p\u00e9s<\/td>\n<\/tr>\n<tr>\n<td>Poder principal<\/td>\n<td>480 ist 3ph (480 Hz) 60 Hz<\/td>\n<\/tr>\n<tr>\n<td>Motor<\/td>\n<td>32 cv<\/td>\n<\/tr>\n<tr>\n<td>Caixa engrenagens<\/td>\n<td>Transmiss\u00e3o por corrente<\/td>\n<\/tr>\n<tr>\n<td>Esta\u00e7\u00f5es<\/td>\n<td>28<\/td>\n<\/tr>\n<tr>\n<td>Tipo corte<\/td>\n<td>Cisalhamento Hidr\u00e1ulico<\/td>\n<\/tr>\n<\/tbody>\n<\/table>\n<h5>Fluxograma de Produ\u00e7\u00e3o<\/h5>\n<p><img loading=\"lazy\" decoding=\"async\" class=\"alignnone wp-image-3117\" src=\"https:\/\/henerrfm.com\/wp-content\/uploads\/2025\/11\/1.5\u2018-B-roof-deck-roll-forming-machinelc-300x60.jpg\" alt=\"\" width=\"1290\" height=\"258\" srcset=\"https:\/\/www.henerrfm.com\/wp-content\/uploads\/2025\/11\/1.5\u2018-B-roof-deck-roll-forming-machinelc-300x60.jpg 300w, https:\/\/www.henerrfm.com\/wp-content\/uploads\/2025\/11\/1.5\u2018-B-roof-deck-roll-forming-machinelc-600x119.jpg 600w\" sizes=\"auto, (max-width: 1290px) 100vw, 1290px\" \/><\/p>\n<h5>Aplicativo<\/h5>\n<p><img loading=\"lazy\" decoding=\"async\" class=\"alignnone wp-image-3119\" src=\"https:\/\/henerrfm.com\/wp-content\/uploads\/2025\/11\/1.5\u2018-B-roof-deck-roll-forming-machineyy-300x117.jpg\" alt=\"\" width=\"749\" height=\"292\" srcset=\"https:\/\/www.henerrfm.com\/wp-content\/uploads\/2025\/11\/1.5\u2018-B-roof-deck-roll-forming-machineyy-300x117.jpg 300w, https:\/\/www.henerrfm.com\/wp-content\/uploads\/2025\/11\/1.5\u2018-B-roof-deck-roll-forming-machineyy-1024x400.jpg 1024w, https:\/\/www.henerrfm.com\/wp-content\/uploads\/2025\/11\/1.5\u2018-B-roof-deck-roll-forming-machineyy-768x300.jpg 768w, https:\/\/www.henerrfm.com\/wp-content\/uploads\/2025\/11\/1.5\u2018-B-roof-deck-roll-forming-machineyy-600x234.jpg 600w, https:\/\/www.henerrfm.com\/wp-content\/uploads\/2025\/11\/1.5\u2018-B-roof-deck-roll-forming-machineyy.jpg 1350w\" sizes=\"auto, (max-width: 749px) 100vw, 749px\" \/><\/p>\n<h5>Produto final<\/h5>\n<p><img loading=\"lazy\" decoding=\"async\" class=\"alignnone wp-image-3115\" src=\"https:\/\/henerrfm.com\/wp-content\/uploads\/2025\/11\/1.5\u2018-B-roof-deck-roll-forming-machinecp-300x132.jpg\" alt=\"\" width=\"552\" height=\"243\" srcset=\"https:\/\/www.henerrfm.com\/wp-content\/uploads\/2025\/11\/1.5\u2018-B-roof-deck-roll-forming-machinecp-300x132.jpg 300w, https:\/\/www.henerrfm.com\/wp-content\/uploads\/2025\/11\/1.5\u2018-B-roof-deck-roll-forming-machinecp-1024x451.jpg 1024w, https:\/\/www.henerrfm.com\/wp-content\/uploads\/2025\/11\/1.5\u2018-B-roof-deck-roll-forming-machinecp-768x338.jpg 768w, https:\/\/www.henerrfm.com\/wp-content\/uploads\/2025\/11\/1.5\u2018-B-roof-deck-roll-forming-machinecp-600x264.jpg 600w, https:\/\/www.henerrfm.com\/wp-content\/uploads\/2025\/11\/1.5\u2018-B-roof-deck-roll-forming-machinecp.jpg 1350w\" sizes=\"auto, (max-width: 552px) 100vw, 552px\" \/><img loading=\"lazy\" decoding=\"async\" class=\"alignnone wp-image-3116\" src=\"https:\/\/henerrfm.com\/wp-content\/uploads\/2025\/11\/1.5\u2018-B-roof-deck-roll-forming-machinecp1-300x100.jpg\" alt=\"\" width=\"720\" height=\"240\" srcset=\"https:\/\/www.henerrfm.com\/wp-content\/uploads\/2025\/11\/1.5\u2018-B-roof-deck-roll-forming-machinecp1-300x100.jpg 300w, https:\/\/www.henerrfm.com\/wp-content\/uploads\/2025\/11\/1.5\u2018-B-roof-deck-roll-forming-machinecp1-1024x342.jpg 1024w, https:\/\/www.henerrfm.com\/wp-content\/uploads\/2025\/11\/1.5\u2018-B-roof-deck-roll-forming-machinecp1-768x257.jpg 768w, https:\/\/www.henerrfm.com\/wp-content\/uploads\/2025\/11\/1.5\u2018-B-roof-deck-roll-forming-machinecp1-600x200.jpg 600w, https:\/\/www.henerrfm.com\/wp-content\/uploads\/2025\/11\/1.5\u2018-B-roof-deck-roll-forming-machinecp1.jpg 1350w\" sizes=\"auto, (max-width: 720px) 100vw, 720px\" \/><\/p>","protected":false},"excerpt":{"rendered":"<p>A m\u00e1quina para telhas com nervuras largas de 1,5 polegadas (38 mm) \u00e9 um sistema de produ\u00e7\u00e3o especializado, projetado para a fabrica\u00e7\u00e3o de pain\u00e9is estruturais tipo B utilizados em projetos de coberturas comerciais e industriais. Com nervuras de 1,5 polegadas (38 mm) de altura, esses pain\u00e9is oferecem excelente rela\u00e7\u00e3o resist\u00eancia\/peso e proporcionam suporte confi\u00e1vel para uma variedade de sistemas de cobertura.<\/p>","protected":false},"featured_media":3139,"comment_status":"open","ping_status":"closed","template":"","meta":{"_gspb_post_css":""},"product_brand":[],"product_cat":[139,140],"product_tag":[],"class_list":{"0":"post-3042","1":"product","2":"type-product","3":"status-publish","4":"has-post-thumbnail","6":"product_cat-metal-deck-roll-forming-machine","7":"product_cat-roof-deck-machine","9":"first","10":"instock","11":"shipping-taxable","12":"product-type-simple"},"_links":{"self":[{"href":"https:\/\/www.henerrfm.com\/pt\/wp-json\/wp\/v2\/product\/3042","targetHints":{"allow":["GET"]}}],"collection":[{"href":"https:\/\/www.henerrfm.com\/pt\/wp-json\/wp\/v2\/product"}],"about":[{"href":"https:\/\/www.henerrfm.com\/pt\/wp-json\/wp\/v2\/types\/product"}],"replies":[{"embeddable":true,"href":"https:\/\/www.henerrfm.com\/pt\/wp-json\/wp\/v2\/comments?post=3042"}],"wp:featuredmedia":[{"embeddable":true,"href":"https:\/\/www.henerrfm.com\/pt\/wp-json\/wp\/v2\/media\/3139"}],"wp:attachment":[{"href":"https:\/\/www.henerrfm.com\/pt\/wp-json\/wp\/v2\/media?parent=3042"}],"wp:term":[{"taxonomy":"product_brand","embeddable":true,"href":"https:\/\/www.henerrfm.com\/pt\/wp-json\/wp\/v2\/product_brand?post=3042"},{"taxonomy":"product_cat","embeddable":true,"href":"https:\/\/www.henerrfm.com\/pt\/wp-json\/wp\/v2\/product_cat?post=3042"},{"taxonomy":"product_tag","embeddable":true,"href":"https:\/\/www.henerrfm.com\/pt\/wp-json\/wp\/v2\/product_tag?post=3042"}],"curies":[{"name":"wp","href":"https:\/\/api.w.org\/{rel}","templated":true}]}}