{"id":3043,"date":"2025-11-24T07:26:07","date_gmt":"2025-11-24T07:26:07","guid":{"rendered":"https:\/\/henerrfm.com\/?post_type=product&#038;p=3043"},"modified":"2025-12-03T06:18:31","modified_gmt":"2025-12-03T06:18:31","slug":"1-5%e2%80%b3-metal-form-deck-roll-forming-machine","status":"publish","type":"product","link":"https:\/\/www.henerrfm.com\/pt\/product\/1-5%e2%80%b3-metal-form-deck-roll-forming-machine\/","title":{"rendered":"M\u00e1quina de perfilagem de perfis met\u00e1licos de 1,5\u2033"},"content":{"rendered":"<h5>Vis\u00e3o geral do produto<\/h5>\n<p>A m\u00e1quina formadora de rolos de deck de metal de 1,5\u2033 \u00e9 um equipamento de engenharia de precis\u00e3o projetado para produ\u00e7\u00e3o <a href=\"https:\/\/en.wikipedia.org\/wiki\/High-strength_low-alloy_steel\" target=\"_blank\" rel=\"noopener\">a\u00e7o de alta resist\u00eancia<\/a> forme decks com uma altura de nervura de 1,5 polegadas, um componente cr\u00edtico na constru\u00e7\u00e3o de edif\u00edcios modernos Esses decks servem tanto como base para lajes de concreto quanto como sistema de refor\u00e7o permanente, proporcionando excelente desempenho estrutural e maior capacidade de suporte de carga.<\/p>\n<p>Os decks produzidos por esta m\u00e1quina atuam como uma plataforma de trabalho tempor\u00e1ria durante o vazamento de concreto e oferecem rigidez a longo prazo, uma vez que a laje cura Com rolos de forma\u00e7\u00e3o avan\u00e7ados e controle de alimenta\u00e7\u00e3o preciso, a M\u00e1quina Formadora de Rolos de Deck de Forma de Metal de 1,5\u2033 garante altura consistente das nervuras, alinhamento suave do painel e forte intertravamento entre a\u00e7o e concreto.<\/p>\n<p>Ideal para edif\u00edcios de v\u00e1rios andares, estruturas comerciais e projetos de pisos de pontes, esta m\u00e1quina permite que empreiteiros e fabricantes obtenham produ\u00e7\u00e3o eficiente, resultados de alta qualidade e desempenho estrutural dur\u00e1vel em todos os projetos.<\/p>\n<h5>Desenhos de perfil do produto<\/h5>\n<p><img loading=\"lazy\" decoding=\"async\" class=\"alignnone wp-image-3049\" src=\"https:\/\/henerrfm.com\/wp-content\/uploads\/2025\/11\/1.5\u2033-Metal-Form-Deck-Roll-Forming-Machinepm-300x108.jpg\" alt=\"\" width=\"1233\" height=\"444\" srcset=\"https:\/\/www.henerrfm.com\/wp-content\/uploads\/2025\/11\/1.5\u2033-Metal-Form-Deck-Roll-Forming-Machinepm-300x108.jpg 300w, https:\/\/www.henerrfm.com\/wp-content\/uploads\/2025\/11\/1.5\u2033-Metal-Form-Deck-Roll-Forming-Machinepm-1024x370.jpg 1024w, https:\/\/www.henerrfm.com\/wp-content\/uploads\/2025\/11\/1.5\u2033-Metal-Form-Deck-Roll-Forming-Machinepm-768x278.jpg 768w, https:\/\/www.henerrfm.com\/wp-content\/uploads\/2025\/11\/1.5\u2033-Metal-Form-Deck-Roll-Forming-Machinepm-600x217.jpg 600w\" sizes=\"auto, (max-width: 1233px) 100vw, 1233px\" \/><\/p>\n<h5>Par\u00e2metros t\u00e9cnicos<\/h5>\n<table>\n<tbody>\n<tr>\n<td>Material do eixo de rolamento Shaft<\/td>\n<td>A\u00c7O 45#<\/td>\n<\/tr>\n<tr>\n<td>Eixo de rolamento tipo Shaft<\/td>\n<td>Eixo s\u00f3lido<\/td>\n<\/tr>\n<tr>\n<td>Di\u00e2metro do eixo de rolamento Shaft<\/td>\n<td>100mm<\/td>\n<\/tr>\n<tr>\n<td>Eixo de rolamento Tratamento<\/td>\n<td>Tratamento de t\u00eampera (para prevenir deformados e melhorar a dureza)<\/td>\n<\/tr>\n<tr>\n<td>Rolo (Rolo)<\/td>\n<td>A\u00e7o 45#<\/td>\n<\/tr>\n<tr>\n<td>Tratamento de rolo<\/td>\n<td>0.05 mm Tratamento cromado (fa\u00e7a os rolos mais suavemente, melhore a dureza e evite abras\u00e3o, anti corros\u00e3o, aumente a vida \u00fatil)<\/td>\n<\/tr>\n<tr>\n<td>Esta\u00e7\u00e3o m\u00f3vel<\/td>\n<td>31 esta\u00e7\u00f5es rolantes<\/td>\n<\/tr>\n<tr>\n<td>Espessura da placa da parede m\u00e9dia<\/td>\n<td>20mm<\/td>\n<\/tr>\n<tr>\n<td>Velocidade de trabalho<\/td>\n<td>0-25m\/min<\/td>\n<\/tr>\n<tr>\n<td>Estrutura da m\u00e1quina<\/td>\n<td>Estrutura soldada a\u00e7o carbono<\/td>\n<\/tr>\n<tr>\n<td>estrutura b\u00e1sica da m\u00e1quina<\/td>\n<td>4001TP10 T H a\u00e7o soldado (tratamento anti enferrujado ap\u00f3s a soldagem)<\/td>\n<\/tr>\n<tr>\n<td>Espa\u00e7ador rolamento<\/td>\n<td>Tratamento anti enferrujado<\/td>\n<\/tr>\n<tr>\n<td>Barra a\u00e7o<\/td>\n<td>Tratamento anti enferrujado<\/td>\n<\/tr>\n<tr>\n<td>Transmiss\u00e3o<\/td>\n<td>Por Correntes com cobertura<\/td>\n<\/tr>\n<\/tbody>\n<\/table>\n<h5>Fluxograma de Produ\u00e7\u00e3o<\/h5>\n<p><img loading=\"lazy\" decoding=\"async\" class=\"alignnone wp-image-3048\" src=\"https:\/\/henerrfm.com\/wp-content\/uploads\/2025\/11\/1.5\u2033-Metal-Form-Deck-Roll-Forming-Machinelc-300x60.jpg\" alt=\"\" width=\"1235\" height=\"247\" srcset=\"https:\/\/www.henerrfm.com\/wp-content\/uploads\/2025\/11\/1.5\u2033-Metal-Form-Deck-Roll-Forming-Machinelc-300x60.jpg 300w, https:\/\/www.henerrfm.com\/wp-content\/uploads\/2025\/11\/1.5\u2033-Metal-Form-Deck-Roll-Forming-Machinelc-600x119.jpg 600w\" sizes=\"auto, (max-width: 1235px) 100vw, 1235px\" \/><\/p>\n<h5>Exibi\u00e7\u00e3o de detalhes do produto<\/h5>\n<p><img loading=\"lazy\" decoding=\"async\" class=\"alignnone wp-image-3050\" src=\"https:\/\/henerrfm.com\/wp-content\/uploads\/2025\/11\/1.5\u2033-Metal-Form-Deck-Roll-Forming-Machinexj-300x141.jpg\" alt=\"\" width=\"785\" height=\"369\" srcset=\"https:\/\/www.henerrfm.com\/wp-content\/uploads\/2025\/11\/1.5\u2033-Metal-Form-Deck-Roll-Forming-Machinexj-300x141.jpg 300w, https:\/\/www.henerrfm.com\/wp-content\/uploads\/2025\/11\/1.5\u2033-Metal-Form-Deck-Roll-Forming-Machinexj-1024x482.jpg 1024w, https:\/\/www.henerrfm.com\/wp-content\/uploads\/2025\/11\/1.5\u2033-Metal-Form-Deck-Roll-Forming-Machinexj-768x362.jpg 768w, https:\/\/www.henerrfm.com\/wp-content\/uploads\/2025\/11\/1.5\u2033-Metal-Form-Deck-Roll-Forming-Machinexj-600x283.jpg 600w, https:\/\/www.henerrfm.com\/wp-content\/uploads\/2025\/11\/1.5\u2033-Metal-Form-Deck-Roll-Forming-Machinexj.jpg 1350w\" sizes=\"auto, (max-width: 785px) 100vw, 785px\" \/><\/p>\n<h5>Aplicativo<\/h5>\n<p><img loading=\"lazy\" decoding=\"async\" class=\"alignnone wp-image-3051\" src=\"https:\/\/henerrfm.com\/wp-content\/uploads\/2025\/11\/1.5\u2033-Metal-Form-Deck-Roll-Forming-Machineyy-300x300.jpg\" alt=\"\" width=\"788\" height=\"788\" srcset=\"https:\/\/www.henerrfm.com\/wp-content\/uploads\/2025\/11\/1.5\u2033-Metal-Form-Deck-Roll-Forming-Machineyy-300x300.jpg 300w, https:\/\/www.henerrfm.com\/wp-content\/uploads\/2025\/11\/1.5\u2033-Metal-Form-Deck-Roll-Forming-Machineyy-150x150.jpg 150w, https:\/\/www.henerrfm.com\/wp-content\/uploads\/2025\/11\/1.5\u2033-Metal-Form-Deck-Roll-Forming-Machineyy-100x100.jpg 100w, https:\/\/www.henerrfm.com\/wp-content\/uploads\/2025\/11\/1.5\u2033-Metal-Form-Deck-Roll-Forming-Machineyy.jpg 500w\" sizes=\"auto, (max-width: 788px) 100vw, 788px\" \/><\/p>","protected":false},"excerpt":{"rendered":"<p>A m\u00e1quina de perfilagem de lajes met\u00e1licas de 1,5 polegadas \u00e9 um equipamento de engenharia de precis\u00e3o projetado para produzir lajes de a\u00e7o de alta resist\u00eancia com nervuras de 1,5 polegadas, um componente cr\u00edtico na constru\u00e7\u00e3o civil moderna. Essas lajes servem tanto como base para lajes de concreto quanto como sistema de refor\u00e7o permanente, proporcionando excelente desempenho estrutural e maior capacidade de carga.<\/p>","protected":false},"featured_media":3319,"comment_status":"open","ping_status":"closed","template":"","meta":{"_gspb_post_css":""},"product_brand":[],"product_cat":[142,139],"product_tag":[],"class_list":{"0":"post-3043","1":"product","2":"type-product","3":"status-publish","4":"has-post-thumbnail","6":"product_cat-form-deck-machine","7":"product_cat-metal-deck-roll-forming-machine","9":"first","10":"instock","11":"shipping-taxable","12":"product-type-simple"},"_links":{"self":[{"href":"https:\/\/www.henerrfm.com\/pt\/wp-json\/wp\/v2\/product\/3043","targetHints":{"allow":["GET"]}}],"collection":[{"href":"https:\/\/www.henerrfm.com\/pt\/wp-json\/wp\/v2\/product"}],"about":[{"href":"https:\/\/www.henerrfm.com\/pt\/wp-json\/wp\/v2\/types\/product"}],"replies":[{"embeddable":true,"href":"https:\/\/www.henerrfm.com\/pt\/wp-json\/wp\/v2\/comments?post=3043"}],"wp:featuredmedia":[{"embeddable":true,"href":"https:\/\/www.henerrfm.com\/pt\/wp-json\/wp\/v2\/media\/3319"}],"wp:attachment":[{"href":"https:\/\/www.henerrfm.com\/pt\/wp-json\/wp\/v2\/media?parent=3043"}],"wp:term":[{"taxonomy":"product_brand","embeddable":true,"href":"https:\/\/www.henerrfm.com\/pt\/wp-json\/wp\/v2\/product_brand?post=3043"},{"taxonomy":"product_cat","embeddable":true,"href":"https:\/\/www.henerrfm.com\/pt\/wp-json\/wp\/v2\/product_cat?post=3043"},{"taxonomy":"product_tag","embeddable":true,"href":"https:\/\/www.henerrfm.com\/pt\/wp-json\/wp\/v2\/product_tag?post=3043"}],"curies":[{"name":"wp","href":"https:\/\/api.w.org\/{rel}","templated":true}]}}