{"id":3052,"date":"2025-11-24T07:29:15","date_gmt":"2025-11-24T07:29:15","guid":{"rendered":"https:\/\/henerrfm.com\/?post_type=product&#038;p=3052"},"modified":"2025-12-03T06:14:17","modified_gmt":"2025-12-03T06:14:17","slug":"rolling-shutter-slat-roll-forming-machine","status":"publish","type":"product","link":"https:\/\/www.henerrfm.com\/pt\/product\/rolling-shutter-slat-roll-forming-machine\/","title":{"rendered":"M\u00e1quina de perfilagem de l\u00e2minas para portas de enrolar"},"content":{"rendered":"<h5>Vis\u00e3o geral do produto<\/h5>\n<p>A m\u00e1quina de perfilagem de l\u00e2minas para persianas de enrolar \u00e9 um sistema de engenharia de precis\u00e3o projetado para fabricar... <a href=\"https:\/\/en.wikipedia.org\/wiki\/Interlocking\" target=\"_blank\" rel=\"noopener\">intertravado<\/a> L\u00e2minas para portas de enrolar. Essas l\u00e2minas deslizam suavemente sobre trilhos fixos, criando barreiras horizontais retr\u00e1teis que proporcionam seguran\u00e7a e separa\u00e7\u00e3o flex\u00edvel onde paredes permanentes s\u00e3o impratic\u00e1veis.<\/p>\n<p>Esta m\u00e1quina produz l\u00e2minas de alta precis\u00e3o que se integram perfeitamente em conjuntos completos de persianas de enrolar, incluindo placas de base, trilhos-guia, eixos, suportes, carca\u00e7as e mecanismos de controle. A tecnologia de conforma\u00e7\u00e3o avan\u00e7ada garante dimens\u00f5es uniformes, qualidade de superf\u00edcie consistente e desempenho confi\u00e1vel em longos per\u00edodos de produ\u00e7\u00e3o.<\/p>\n<p>Projetada para efici\u00eancia e durabilidade, a m\u00e1quina de perfilagem de l\u00e2minas para persianas permite que os fabricantes produzam componentes de alta qualidade para persianas em aplica\u00e7\u00f5es comerciais, industriais e residenciais, oferecendo f\u00e1cil instala\u00e7\u00e3o, integridade estrutural de longa dura\u00e7\u00e3o e desempenho consistente em todos os projetos.<\/p>\n<h5>Par\u00e2metros t\u00e9cnicos<\/h5>\n<table>\n<thead>\n<tr>\n<th>Especifica\u00e7\u00e3o<\/th>\n<th>Detalhe<\/th>\n<\/tr>\n<\/thead>\n<tbody>\n<tr>\n<td>Material<\/td>\n<td>A\u00e7o galvanizado (espessura de 0,6 a 1,2 mm)<\/td>\n<\/tr>\n<tr>\n<td>Desbobinador<\/td>\n<td>Hidr\u00e1ulico autom\u00e1tico \/ Manual (gratuito)<\/td>\n<\/tr>\n<tr>\n<td>Esta\u00e7\u00f5es de Forma\u00e7\u00e3o<\/td>\n<td>Suporte para 12 pessoas (personaliz\u00e1vel)<\/td>\n<\/tr>\n<tr>\n<td>Eixo do rolo<\/td>\n<td>A\u00e7o maci\u00e7o de 50 mm<\/td>\n<\/tr>\n<tr>\n<td>Composi\u00e7\u00e3o do rolo<\/td>\n<td>A\u00e7o cromado 45#<\/td>\n<\/tr>\n<tr>\n<td>Sistema de acionamento<\/td>\n<td>Transmiss\u00e3o por engrenagem\/corrente ou caixa de c\u00e2mbio<\/td>\n<\/tr>\n<tr>\n<td>Dimens\u00f5es<\/td>\n<td>5500\u00d7800\u00d71200mm (personaliz\u00e1vel)<\/td>\n<\/tr>\n<tr>\n<td>Mecanismo de corte<\/td>\n<td>L\u00e2minas de a\u00e7o CR12MOV (resistentes a riscos)<\/td>\n<\/tr>\n<tr>\n<td>Requisitos de energia<\/td>\n<td>Motor principal de 7,5 kW +, sistema hidr\u00e1ulico de 5,5 kW<\/td>\n<\/tr>\n<tr>\n<td>Tens\u00e3o<\/td>\n<td>380V\/50Hz\/Trif\u00e1sico (configur\u00e1vel)<\/td>\n<\/tr>\n<tr>\n<td>Velocidade de produ\u00e7\u00e3o<\/td>\n<td>15-45 m\/min (ajust\u00e1vel)<\/td>\n<\/tr>\n<\/tbody>\n<\/table>\n<p>&nbsp;<\/p>\n<h5>Exibi\u00e7\u00e3o de detalhes do produto<\/h5>\n<p><img loading=\"lazy\" decoding=\"async\" class=\"alignnone wp-image-3059\" src=\"https:\/\/henerrfm.com\/wp-content\/uploads\/2025\/11\/Rolling-Shutter-Slat-Roll-Forming-Machinexj-300x100.jpg\" alt=\"\" width=\"1335\" height=\"445\" srcset=\"https:\/\/www.henerrfm.com\/wp-content\/uploads\/2025\/11\/Rolling-Shutter-Slat-Roll-Forming-Machinexj-300x100.jpg 300w, https:\/\/www.henerrfm.com\/wp-content\/uploads\/2025\/11\/Rolling-Shutter-Slat-Roll-Forming-Machinexj-1024x342.jpg 1024w, https:\/\/www.henerrfm.com\/wp-content\/uploads\/2025\/11\/Rolling-Shutter-Slat-Roll-Forming-Machinexj-768x257.jpg 768w, https:\/\/www.henerrfm.com\/wp-content\/uploads\/2025\/11\/Rolling-Shutter-Slat-Roll-Forming-Machinexj-600x200.jpg 600w, https:\/\/www.henerrfm.com\/wp-content\/uploads\/2025\/11\/Rolling-Shutter-Slat-Roll-Forming-Machinexj.jpg 1350w\" sizes=\"auto, (max-width: 1335px) 100vw, 1335px\" \/><\/p>\n<h5>Aplicativo<\/h5>\n<p><img loading=\"lazy\" decoding=\"async\" class=\"alignnone wp-image-3060\" src=\"https:\/\/henerrfm.com\/wp-content\/uploads\/2025\/11\/Rolling-Shutter-Slat-Roll-Forming-Machineyy-300x100.jpg\" alt=\"\" width=\"768\" height=\"256\" srcset=\"https:\/\/www.henerrfm.com\/wp-content\/uploads\/2025\/11\/Rolling-Shutter-Slat-Roll-Forming-Machineyy-300x100.jpg 300w, https:\/\/www.henerrfm.com\/wp-content\/uploads\/2025\/11\/Rolling-Shutter-Slat-Roll-Forming-Machineyy-1024x342.jpg 1024w, https:\/\/www.henerrfm.com\/wp-content\/uploads\/2025\/11\/Rolling-Shutter-Slat-Roll-Forming-Machineyy-768x257.jpg 768w, https:\/\/www.henerrfm.com\/wp-content\/uploads\/2025\/11\/Rolling-Shutter-Slat-Roll-Forming-Machineyy-600x200.jpg 600w, https:\/\/www.henerrfm.com\/wp-content\/uploads\/2025\/11\/Rolling-Shutter-Slat-Roll-Forming-Machineyy.jpg 1350w\" sizes=\"auto, (max-width: 768px) 100vw, 768px\" \/><\/p>\n<h5>Produto final<\/h5>\n<p><img loading=\"lazy\" decoding=\"async\" class=\"alignnone wp-image-3058\" src=\"https:\/\/henerrfm.com\/wp-content\/uploads\/2025\/11\/Rolling-Shutter-Slat-Roll-Forming-Machinecp-300x100.jpg\" alt=\"\" width=\"768\" height=\"256\" srcset=\"https:\/\/www.henerrfm.com\/wp-content\/uploads\/2025\/11\/Rolling-Shutter-Slat-Roll-Forming-Machinecp-300x100.jpg 300w, https:\/\/www.henerrfm.com\/wp-content\/uploads\/2025\/11\/Rolling-Shutter-Slat-Roll-Forming-Machinecp-1024x342.jpg 1024w, https:\/\/www.henerrfm.com\/wp-content\/uploads\/2025\/11\/Rolling-Shutter-Slat-Roll-Forming-Machinecp-768x257.jpg 768w, https:\/\/www.henerrfm.com\/wp-content\/uploads\/2025\/11\/Rolling-Shutter-Slat-Roll-Forming-Machinecp-600x200.jpg 600w, https:\/\/www.henerrfm.com\/wp-content\/uploads\/2025\/11\/Rolling-Shutter-Slat-Roll-Forming-Machinecp.jpg 1350w\" sizes=\"auto, (max-width: 768px) 100vw, 768px\" \/><\/p>","protected":false},"excerpt":{"rendered":"<p>Product Overview The Rolling Shutter Slat Roll Forming Machine is a precision-engineered system designed to manufacture interlocking slats for roller shutter doors. These slats glide smoothly along fixed tracks, creating retractable horizontal barriers that provide security and flexible separation where permanent walls are impractical. This machine produces high-accuracy slats that integrate seamlessly into complete roller [&hellip;]<\/p>\n","protected":false},"featured_media":3054,"comment_status":"open","ping_status":"closed","template":"","meta":{"_gspb_post_css":""},"product_brand":[],"product_cat":[143,145],"product_tag":[],"class_list":{"0":"post-3052","1":"product","2":"type-product","3":"status-publish","4":"has-post-thumbnail","6":"product_cat-door-shutter-roll-forming-machine","7":"product_cat-rolling-shutter-slat-roll-forming-machine","9":"first","10":"instock","11":"shipping-taxable","12":"product-type-simple"},"_links":{"self":[{"href":"https:\/\/www.henerrfm.com\/pt\/wp-json\/wp\/v2\/product\/3052","targetHints":{"allow":["GET"]}}],"collection":[{"href":"https:\/\/www.henerrfm.com\/pt\/wp-json\/wp\/v2\/product"}],"about":[{"href":"https:\/\/www.henerrfm.com\/pt\/wp-json\/wp\/v2\/types\/product"}],"replies":[{"embeddable":true,"href":"https:\/\/www.henerrfm.com\/pt\/wp-json\/wp\/v2\/comments?post=3052"}],"wp:featuredmedia":[{"embeddable":true,"href":"https:\/\/www.henerrfm.com\/pt\/wp-json\/wp\/v2\/media\/3054"}],"wp:attachment":[{"href":"https:\/\/www.henerrfm.com\/pt\/wp-json\/wp\/v2\/media?parent=3052"}],"wp:term":[{"taxonomy":"product_brand","embeddable":true,"href":"https:\/\/www.henerrfm.com\/pt\/wp-json\/wp\/v2\/product_brand?post=3052"},{"taxonomy":"product_cat","embeddable":true,"href":"https:\/\/www.henerrfm.com\/pt\/wp-json\/wp\/v2\/product_cat?post=3052"},{"taxonomy":"product_tag","embeddable":true,"href":"https:\/\/www.henerrfm.com\/pt\/wp-json\/wp\/v2\/product_tag?post=3052"}],"curies":[{"name":"wp","href":"https:\/\/api.w.org\/{rel}","templated":true}]}}