{"id":306,"date":"2025-11-03T00:37:16","date_gmt":"2025-11-03T00:37:16","guid":{"rendered":"https:\/\/henerrfm.com\/?post_type=product&#038;p=306"},"modified":"2025-12-03T06:34:35","modified_gmt":"2025-12-03T06:34:35","slug":"metal-embossing-machine","status":"publish","type":"product","link":"https:\/\/www.henerrfm.com\/pt\/product\/metal-embossing-machine\/","title":{"rendered":"M\u00e1quina de estampagem em metal"},"content":{"rendered":"<h5><strong>Vis\u00e3o geral do produto<\/strong><\/h5>\n<p>O <a href=\"https:\/\/www.henerrfm.com\/pt\/produto\/metal-embossing-machine\/\">m\u00e1quina de estampagem em metal<\/a> \u00c9 um sistema especializado projetado para produzir chapas de alum\u00ednio, a\u00e7o inoxid\u00e1vel e metais decorativos com relevos e padr\u00f5es tridimensionais n\u00edtidos. Ideal para uma ampla gama de materiais \u2014 incluindo pain\u00e9is met\u00e1licos, placas de madeira e superf\u00edcies decorativas \u2014 este equipamento proporciona profundidade de textura consistente e precis\u00e3o visual.<\/p>\n<p>Projetada para integra\u00e7\u00e3o perfeita em linhas de produ\u00e7\u00e3o automatizadas de estampagem, a m\u00e1quina de estampagem em metal garante um processamento de superf\u00edcie eficiente e de alta qualidade para aplica\u00e7\u00f5es industriais, arquitet\u00f4nicas e decorativas. Sua tecnologia de conforma\u00e7\u00e3o avan\u00e7ada aprimora tanto a est\u00e9tica quanto a durabilidade do produto, tornando-a a escolha ideal para ambientes de fabrica\u00e7\u00e3o modernos.<\/p>\n<h5><strong>Desenhos de perfil do produto<\/strong><\/h5>\n<p><img loading=\"lazy\" decoding=\"async\" class=\"alignnone wp-image-2632\" src=\"https:\/\/henerrfm.com\/wp-content\/uploads\/2025\/11\/Metal-Embossing-Machinepm-300x153.jpg\" alt=\"\" width=\"1335\" height=\"681\" srcset=\"https:\/\/www.henerrfm.com\/wp-content\/uploads\/2025\/11\/Metal-Embossing-Machinepm-300x153.jpg 300w, https:\/\/www.henerrfm.com\/wp-content\/uploads\/2025\/11\/Metal-Embossing-Machinepm-1024x521.jpg 1024w, https:\/\/www.henerrfm.com\/wp-content\/uploads\/2025\/11\/Metal-Embossing-Machinepm-768x391.jpg 768w, https:\/\/www.henerrfm.com\/wp-content\/uploads\/2025\/11\/Metal-Embossing-Machinepm-600x305.jpg 600w\" sizes=\"auto, (max-width: 1335px) 100vw, 1335px\" \/><\/p>\n<h5><strong>Par\u00e2metros t\u00e9cnicos<\/strong><\/h5>\n<table>\n<thead>\n<tr>\n<th><span style=\"font-weight: 400;\">Item<\/span><\/th>\n<th><span style=\"font-weight: 400;\">Detalhes da especifica\u00e7\u00e3o<\/span><\/th>\n<\/tr>\n<\/thead>\n<tbody>\n<tr>\n<td>Gama de materiais<\/td>\n<td>Alum\u00ednio, a\u00e7o pr\u00e9-pintado, a\u00e7o inoxid\u00e1vel, cobre, a\u00e7o galvanizado<\/td>\n<\/tr>\n<tr>\n<td>Capacidade de espessura<\/td>\n<td>Padr\u00e3o: 0,2-3,0 mm; Personalizado: at\u00e9 5,0 mm<\/td>\n<\/tr>\n<tr>\n<td>Tipos de padr\u00f5es<\/td>\n<td>Antiderrapante, Arquitet\u00f4nico, Marca, Refor\u00e7o estrutural<\/td>\n<\/tr>\n<tr>\n<td>Velocidade de produ\u00e7\u00e3o<\/td>\n<td>M\u00e9todo de lamina\u00e7\u00e3o: 20-45 m\/min; M\u00e9todo de estampagem: 8-12 m\/min<\/td>\n<\/tr>\n<\/tbody>\n<\/table>\n<h5 style=\"text-align: left;\">V\u00eddeo do produto<\/h5>\n<p><iframe loading=\"lazy\" title=\"M\u00e1quina de estampagem em metal\" width=\"1350\" height=\"759\" src=\"https:\/\/www.youtube.com\/embed\/aKfBCsUGdiU?feature=oembed\" frameborder=\"0\" allow=\"accelerometer; autoplay; clipboard-write; encrypted-media; gyroscope; picture-in-picture; web-share\" referrerpolicy=\"strict-origin-when-cross-origin\" allowfullscreen><\/iframe><\/p>\n<h5><strong>Exibi\u00e7\u00e3o de detalhes do produto<\/strong><\/h5>\n<p><img loading=\"lazy\" decoding=\"async\" class=\"alignnone wp-image-2633\" src=\"https:\/\/henerrfm.com\/wp-content\/uploads\/2025\/11\/Metal-Embossing-Machinexj-300x105.jpg\" alt=\"\" width=\"1311\" height=\"459\" srcset=\"https:\/\/www.henerrfm.com\/wp-content\/uploads\/2025\/11\/Metal-Embossing-Machinexj-300x105.jpg 300w, https:\/\/www.henerrfm.com\/wp-content\/uploads\/2025\/11\/Metal-Embossing-Machinexj-1024x360.jpg 1024w, https:\/\/www.henerrfm.com\/wp-content\/uploads\/2025\/11\/Metal-Embossing-Machinexj-768x270.jpg 768w, https:\/\/www.henerrfm.com\/wp-content\/uploads\/2025\/11\/Metal-Embossing-Machinexj-600x211.jpg 600w, https:\/\/www.henerrfm.com\/wp-content\/uploads\/2025\/11\/Metal-Embossing-Machinexj.jpg 1350w\" sizes=\"auto, (max-width: 1311px) 100vw, 1311px\" \/> <img loading=\"lazy\" decoding=\"async\" class=\"alignnone wp-image-2634\" src=\"https:\/\/henerrfm.com\/wp-content\/uploads\/2025\/11\/Metal-Embossing-Machinexj1-300x105.jpg\" alt=\"\" width=\"1311\" height=\"459\" srcset=\"https:\/\/www.henerrfm.com\/wp-content\/uploads\/2025\/11\/Metal-Embossing-Machinexj1-300x105.jpg 300w, https:\/\/www.henerrfm.com\/wp-content\/uploads\/2025\/11\/Metal-Embossing-Machinexj1-1024x360.jpg 1024w, https:\/\/www.henerrfm.com\/wp-content\/uploads\/2025\/11\/Metal-Embossing-Machinexj1-768x270.jpg 768w, https:\/\/www.henerrfm.com\/wp-content\/uploads\/2025\/11\/Metal-Embossing-Machinexj1-600x211.jpg 600w, https:\/\/www.henerrfm.com\/wp-content\/uploads\/2025\/11\/Metal-Embossing-Machinexj1.jpg 1350w\" sizes=\"auto, (max-width: 1311px) 100vw, 1311px\" \/><\/p>\n<h5>Fluxograma<\/h5>\n<p><img loading=\"lazy\" decoding=\"async\" class=\"alignnone wp-image-2635\" src=\"https:\/\/henerrfm.com\/wp-content\/uploads\/2025\/11\/Metal-Embossing-Machinelc-300x137.jpg\" alt=\"\" width=\"1323\" height=\"604\" srcset=\"https:\/\/www.henerrfm.com\/wp-content\/uploads\/2025\/11\/Metal-Embossing-Machinelc-300x137.jpg 300w, https:\/\/www.henerrfm.com\/wp-content\/uploads\/2025\/11\/Metal-Embossing-Machinelc-1024x468.jpg 1024w, https:\/\/www.henerrfm.com\/wp-content\/uploads\/2025\/11\/Metal-Embossing-Machinelc-768x351.jpg 768w, https:\/\/www.henerrfm.com\/wp-content\/uploads\/2025\/11\/Metal-Embossing-Machinelc-600x274.jpg 600w, https:\/\/www.henerrfm.com\/wp-content\/uploads\/2025\/11\/Metal-Embossing-Machinelc.jpg 1350w\" sizes=\"auto, (max-width: 1323px) 100vw, 1323px\" \/><\/p>\n<h5><strong>Aplicativo<\/strong><\/h5>\n<h5><img loading=\"lazy\" decoding=\"async\" class=\"alignnone wp-image-2636\" src=\"https:\/\/henerrfm.com\/wp-content\/uploads\/2025\/11\/Metal-Embossing-Machineyy-300x115.jpg\" alt=\"\" width=\"1239\" height=\"475\" srcset=\"https:\/\/www.henerrfm.com\/wp-content\/uploads\/2025\/11\/Metal-Embossing-Machineyy-300x115.jpg 300w, https:\/\/www.henerrfm.com\/wp-content\/uploads\/2025\/11\/Metal-Embossing-Machineyy-1024x393.jpg 1024w, https:\/\/www.henerrfm.com\/wp-content\/uploads\/2025\/11\/Metal-Embossing-Machineyy-768x295.jpg 768w, https:\/\/www.henerrfm.com\/wp-content\/uploads\/2025\/11\/Metal-Embossing-Machineyy-600x230.jpg 600w, https:\/\/www.henerrfm.com\/wp-content\/uploads\/2025\/11\/Metal-Embossing-Machineyy.jpg 1350w\" sizes=\"auto, (max-width: 1239px) 100vw, 1239px\" \/><\/h5>\n<div style=\"all: initial !important;\"><\/div>","protected":false},"excerpt":{"rendered":"<p>&nbsp;<\/p>\n<div style=\"all: initial !important;\"><\/div>","protected":false},"featured_media":2629,"comment_status":"open","ping_status":"closed","template":"","meta":{"_gspb_post_css":""},"product_brand":[],"product_cat":[134,120],"product_tag":[],"class_list":{"0":"post-306","1":"product","2":"type-product","3":"status-publish","4":"has-post-thumbnail","6":"product_cat-metal-embossing-machine","7":"product_cat-roof-wall-panel-roll-forming-machine","9":"first","10":"instock","11":"shipping-taxable","12":"product-type-simple"},"_links":{"self":[{"href":"https:\/\/www.henerrfm.com\/pt\/wp-json\/wp\/v2\/product\/306","targetHints":{"allow":["GET"]}}],"collection":[{"href":"https:\/\/www.henerrfm.com\/pt\/wp-json\/wp\/v2\/product"}],"about":[{"href":"https:\/\/www.henerrfm.com\/pt\/wp-json\/wp\/v2\/types\/product"}],"replies":[{"embeddable":true,"href":"https:\/\/www.henerrfm.com\/pt\/wp-json\/wp\/v2\/comments?post=306"}],"wp:featuredmedia":[{"embeddable":true,"href":"https:\/\/www.henerrfm.com\/pt\/wp-json\/wp\/v2\/media\/2629"}],"wp:attachment":[{"href":"https:\/\/www.henerrfm.com\/pt\/wp-json\/wp\/v2\/media?parent=306"}],"wp:term":[{"taxonomy":"product_brand","embeddable":true,"href":"https:\/\/www.henerrfm.com\/pt\/wp-json\/wp\/v2\/product_brand?post=306"},{"taxonomy":"product_cat","embeddable":true,"href":"https:\/\/www.henerrfm.com\/pt\/wp-json\/wp\/v2\/product_cat?post=306"},{"taxonomy":"product_tag","embeddable":true,"href":"https:\/\/www.henerrfm.com\/pt\/wp-json\/wp\/v2\/product_tag?post=306"}],"curies":[{"name":"wp","href":"https:\/\/api.w.org\/{rel}","templated":true}]}}