{"id":3061,"date":"2025-11-24T07:32:17","date_gmt":"2025-11-24T07:32:17","guid":{"rendered":"https:\/\/henerrfm.com\/?post_type=product&#038;p=3061"},"modified":"2025-12-03T06:10:40","modified_gmt":"2025-12-03T06:10:40","slug":"shutter-bottom-panel-roll-forming-machine","status":"publish","type":"product","link":"https:\/\/www.henerrfm.com\/pt\/product\/shutter-bottom-panel-roll-forming-machine\/","title":{"rendered":"M\u00e1quina de perfilagem de pain\u00e9is inferiores de persianas"},"content":{"rendered":"<h5>Vis\u00e3o geral do produto<\/h5>\n<p>A m\u00e1quina de perfilagem de pain\u00e9is inferiores de persianas \u00e9 um sistema de produ\u00e7\u00e3o de engenharia de precis\u00e3o projetado para fabricar os pain\u00e9is de veda\u00e7\u00e3o inferiores de <a href=\"https:\/\/en.wikipedia.org\/wiki\/Rolling_shutter\" target=\"_blank\" rel=\"noopener\">persiana de enrolar<\/a> portas. Processa tiras de a\u00e7o galvanizado ou inoxid\u00e1vel atrav\u00e9s de etapas cont\u00ednuas de conforma\u00e7\u00e3o, corte e modelagem para produzir pain\u00e9is com dimens\u00f5es precisas e exatid\u00e3o funcional.<\/p>\n<p>Amplamente utilizada na ind\u00fastria de portas de enrolar, esta m\u00e1quina aumenta a durabilidade e o desempenho de veda\u00e7\u00e3o das portas. Ao produzir formatos uniformes e bordas lisas, a m\u00e1quina de perfilagem de pain\u00e9is inferiores para portas de enrolar melhora a qualidade geral do produto, prolonga a vida \u00fatil e reduz as necessidades de manuten\u00e7\u00e3o.<\/p>\n<p>Equipada com um sistema de controle totalmente automatizado, a m\u00e1quina garante opera\u00e7\u00e3o est\u00e1vel, alta produtividade e ajustes f\u00e1ceis. \u00c9 uma solu\u00e7\u00e3o ideal para fabricantes de portas de enrolar em larga escala que buscam uma produ\u00e7\u00e3o eficiente, confi\u00e1vel e precisa de pain\u00e9is inferiores.<\/p>\n<h5>Desenhos de perfil do produto<\/h5>\n<p><img loading=\"lazy\" decoding=\"async\" class=\"alignnone wp-image-3069\" src=\"https:\/\/henerrfm.com\/wp-content\/uploads\/2025\/11\/Shutter-Bottom-Panel-Roll-Forming-Machinepm-300x167.jpg\" alt=\"\" width=\"623\" height=\"347\" srcset=\"https:\/\/www.henerrfm.com\/wp-content\/uploads\/2025\/11\/Shutter-Bottom-Panel-Roll-Forming-Machinepm-300x167.jpg 300w, https:\/\/www.henerrfm.com\/wp-content\/uploads\/2025\/11\/Shutter-Bottom-Panel-Roll-Forming-Machinepm-1024x570.jpg 1024w, https:\/\/www.henerrfm.com\/wp-content\/uploads\/2025\/11\/Shutter-Bottom-Panel-Roll-Forming-Machinepm-768x428.jpg 768w, https:\/\/www.henerrfm.com\/wp-content\/uploads\/2025\/11\/Shutter-Bottom-Panel-Roll-Forming-Machinepm-600x334.jpg 600w, https:\/\/www.henerrfm.com\/wp-content\/uploads\/2025\/11\/Shutter-Bottom-Panel-Roll-Forming-Machinepm.jpg 1350w\" sizes=\"auto, (max-width: 623px) 100vw, 623px\" \/><\/p>\n<h5>Par\u00e2metros t\u00e9cnicos<\/h5>\n<table>\n<tbody>\n<tr>\n<td>Material adequado<\/td>\n<td>Chapa de a\u00e7o colorida, placa galvanizada, chapa de alum\u00ednio<\/td>\n<\/tr>\n<tr>\n<td>Grossura<\/td>\n<td>0,3-0,8 mm<\/td>\n<\/tr>\n<tr>\n<td>Cor<\/td>\n<td>Como voc\u00ea quiser<\/td>\n<\/tr>\n<tr>\n<td>Tamanho aparente<\/td>\n<td>Aproximadamente 5,0<em>0.8<\/em>1,3 m<\/td>\n<\/tr>\n<tr>\n<td>Fileiras de rolos<\/td>\n<td>12 linhas<\/td>\n<\/tr>\n<tr>\n<td>Material de enrolamento<\/td>\n<td>A\u00e7o 45#, polimento das superf\u00edcies dos rolos, revestimento duro<\/td>\n<\/tr>\n<tr>\n<td>Di\u00e2metro do eixo<\/td>\n<td>38 mm<\/td>\n<\/tr>\n<tr>\n<td>Pot\u00eancia total<\/td>\n<td>4 KW<\/td>\n<\/tr>\n<tr>\n<td>Produtividade<\/td>\n<td>15-20 m\/min<\/td>\n<\/tr>\n<tr>\n<td>Material de corte<\/td>\n<td>Tratamento t\u00e9rmico Cr12<\/td>\n<\/tr>\n<tr>\n<td>Sistema de controle eletr\u00f4nico<\/td>\n<td>PLC, tela sens\u00edvel ao toque, contador de codifica\u00e7\u00e3o<\/td>\n<\/tr>\n<\/tbody>\n<\/table>\n<h5>Fluxograma de Produ\u00e7\u00e3o<\/h5>\n<p><img loading=\"lazy\" decoding=\"async\" class=\"alignnone wp-image-3068\" src=\"https:\/\/henerrfm.com\/wp-content\/uploads\/2025\/11\/Shutter-Bottom-Panel-Roll-Forming-Machinelc-300x60.jpg\" alt=\"\" width=\"1320\" height=\"264\" srcset=\"https:\/\/www.henerrfm.com\/wp-content\/uploads\/2025\/11\/Shutter-Bottom-Panel-Roll-Forming-Machinelc-300x60.jpg 300w, https:\/\/www.henerrfm.com\/wp-content\/uploads\/2025\/11\/Shutter-Bottom-Panel-Roll-Forming-Machinelc-600x119.jpg 600w\" sizes=\"auto, (max-width: 1320px) 100vw, 1320px\" \/><\/p>\n<h5>Exibi\u00e7\u00e3o de detalhes do produto<\/h5>\n<p><img loading=\"lazy\" decoding=\"async\" class=\"alignnone wp-image-3070\" src=\"https:\/\/henerrfm.com\/wp-content\/uploads\/2025\/11\/Shutter-Bottom-Panel-Roll-Forming-Machinexj-300x100.jpg\" alt=\"\" width=\"1275\" height=\"425\" srcset=\"https:\/\/www.henerrfm.com\/wp-content\/uploads\/2025\/11\/Shutter-Bottom-Panel-Roll-Forming-Machinexj-300x100.jpg 300w, https:\/\/www.henerrfm.com\/wp-content\/uploads\/2025\/11\/Shutter-Bottom-Panel-Roll-Forming-Machinexj-1024x342.jpg 1024w, https:\/\/www.henerrfm.com\/wp-content\/uploads\/2025\/11\/Shutter-Bottom-Panel-Roll-Forming-Machinexj-768x257.jpg 768w, https:\/\/www.henerrfm.com\/wp-content\/uploads\/2025\/11\/Shutter-Bottom-Panel-Roll-Forming-Machinexj-600x200.jpg 600w, https:\/\/www.henerrfm.com\/wp-content\/uploads\/2025\/11\/Shutter-Bottom-Panel-Roll-Forming-Machinexj.jpg 1350w\" sizes=\"auto, (max-width: 1275px) 100vw, 1275px\" \/><img loading=\"lazy\" decoding=\"async\" class=\"alignnone wp-image-3071\" src=\"https:\/\/henerrfm.com\/wp-content\/uploads\/2025\/11\/Shutter-Bottom-Panel-Roll-Forming-Machinexj2-300x100.jpg\" alt=\"\" width=\"1275\" height=\"425\" srcset=\"https:\/\/www.henerrfm.com\/wp-content\/uploads\/2025\/11\/Shutter-Bottom-Panel-Roll-Forming-Machinexj2-300x100.jpg 300w, https:\/\/www.henerrfm.com\/wp-content\/uploads\/2025\/11\/Shutter-Bottom-Panel-Roll-Forming-Machinexj2-1024x342.jpg 1024w, https:\/\/www.henerrfm.com\/wp-content\/uploads\/2025\/11\/Shutter-Bottom-Panel-Roll-Forming-Machinexj2-768x257.jpg 768w, https:\/\/www.henerrfm.com\/wp-content\/uploads\/2025\/11\/Shutter-Bottom-Panel-Roll-Forming-Machinexj2-600x200.jpg 600w, https:\/\/www.henerrfm.com\/wp-content\/uploads\/2025\/11\/Shutter-Bottom-Panel-Roll-Forming-Machinexj2.jpg 1350w\" sizes=\"auto, (max-width: 1275px) 100vw, 1275px\" \/><\/p>\n<h5>Aplicativo<\/h5>\n<p><img loading=\"lazy\" decoding=\"async\" class=\"alignnone wp-image-3072\" src=\"https:\/\/henerrfm.com\/wp-content\/uploads\/2025\/11\/Shutter-Bottom-Panel-Roll-Forming-Machineyy-300x197.jpg\" alt=\"\" width=\"745\" height=\"489\" srcset=\"https:\/\/www.henerrfm.com\/wp-content\/uploads\/2025\/11\/Shutter-Bottom-Panel-Roll-Forming-Machineyy-300x197.jpg 300w, https:\/\/www.henerrfm.com\/wp-content\/uploads\/2025\/11\/Shutter-Bottom-Panel-Roll-Forming-Machineyy-768x504.jpg 768w, https:\/\/www.henerrfm.com\/wp-content\/uploads\/2025\/11\/Shutter-Bottom-Panel-Roll-Forming-Machineyy-600x394.jpg 600w, https:\/\/www.henerrfm.com\/wp-content\/uploads\/2025\/11\/Shutter-Bottom-Panel-Roll-Forming-Machineyy.jpg 800w\" sizes=\"auto, (max-width: 745px) 100vw, 745px\" \/><\/p>\n<h5>Produto final<\/h5>\n<p><img loading=\"lazy\" decoding=\"async\" class=\"alignnone wp-image-3067\" src=\"https:\/\/henerrfm.com\/wp-content\/uploads\/2025\/11\/Shutter-Bottom-Panel-Roll-Forming-Machinecp-300x200.jpg\" alt=\"\" width=\"744\" height=\"496\" srcset=\"https:\/\/www.henerrfm.com\/wp-content\/uploads\/2025\/11\/Shutter-Bottom-Panel-Roll-Forming-Machinecp-300x200.jpg 300w, https:\/\/www.henerrfm.com\/wp-content\/uploads\/2025\/11\/Shutter-Bottom-Panel-Roll-Forming-Machinecp-768x512.jpg 768w, https:\/\/www.henerrfm.com\/wp-content\/uploads\/2025\/11\/Shutter-Bottom-Panel-Roll-Forming-Machinecp-600x400.jpg 600w, https:\/\/www.henerrfm.com\/wp-content\/uploads\/2025\/11\/Shutter-Bottom-Panel-Roll-Forming-Machinecp.jpg 800w\" sizes=\"auto, (max-width: 744px) 100vw, 744px\" \/><\/p>","protected":false},"excerpt":{"rendered":"<p>A m\u00e1quina de perfilagem de pain\u00e9is inferiores para portas de enrolar \u00e9 um sistema de produ\u00e7\u00e3o de engenharia de precis\u00e3o projetado para fabricar os pain\u00e9is de veda\u00e7\u00e3o inferiores de portas de enrolar. Ela processa tiras de a\u00e7o galvanizado ou inoxid\u00e1vel por meio de etapas cont\u00ednuas de conforma\u00e7\u00e3o, corte e modelagem para produzir pain\u00e9is com dimens\u00f5es precisas e exatid\u00e3o funcional.<\/p>","protected":false},"featured_media":3062,"comment_status":"open","ping_status":"closed","template":"","meta":{"_gspb_post_css":""},"product_brand":[],"product_cat":[147,143],"product_tag":[],"class_list":{"0":"post-3061","1":"product","2":"type-product","3":"status-publish","4":"has-post-thumbnail","6":"product_cat-bottom-shutter-slat-roll-forming-machine","7":"product_cat-door-shutter-roll-forming-machine","9":"first","10":"instock","11":"shipping-taxable","12":"product-type-simple"},"_links":{"self":[{"href":"https:\/\/www.henerrfm.com\/pt\/wp-json\/wp\/v2\/product\/3061","targetHints":{"allow":["GET"]}}],"collection":[{"href":"https:\/\/www.henerrfm.com\/pt\/wp-json\/wp\/v2\/product"}],"about":[{"href":"https:\/\/www.henerrfm.com\/pt\/wp-json\/wp\/v2\/types\/product"}],"replies":[{"embeddable":true,"href":"https:\/\/www.henerrfm.com\/pt\/wp-json\/wp\/v2\/comments?post=3061"}],"wp:featuredmedia":[{"embeddable":true,"href":"https:\/\/www.henerrfm.com\/pt\/wp-json\/wp\/v2\/media\/3062"}],"wp:attachment":[{"href":"https:\/\/www.henerrfm.com\/pt\/wp-json\/wp\/v2\/media?parent=3061"}],"wp:term":[{"taxonomy":"product_brand","embeddable":true,"href":"https:\/\/www.henerrfm.com\/pt\/wp-json\/wp\/v2\/product_brand?post=3061"},{"taxonomy":"product_cat","embeddable":true,"href":"https:\/\/www.henerrfm.com\/pt\/wp-json\/wp\/v2\/product_cat?post=3061"},{"taxonomy":"product_tag","embeddable":true,"href":"https:\/\/www.henerrfm.com\/pt\/wp-json\/wp\/v2\/product_tag?post=3061"}],"curies":[{"name":"wp","href":"https:\/\/api.w.org\/{rel}","templated":true}]}}