{"id":3073,"date":"2025-11-24T07:34:57","date_gmt":"2025-11-24T07:34:57","guid":{"rendered":"https:\/\/henerrfm.com\/?post_type=product&#038;p=3073"},"modified":"2025-12-17T05:50:00","modified_gmt":"2025-12-17T05:50:00","slug":"rack-p-beam-roll-forming-machine","status":"publish","type":"product","link":"https:\/\/www.henerrfm.com\/pt\/product\/rack-p-beam-roll-forming-machine\/","title":{"rendered":"M\u00e1quina de perfilagem de vigas P para estantes de armaz\u00e9m de alta resist\u00eancia"},"content":{"rendered":"<h5>Vis\u00e3o geral do produto<\/h5>\n<p>A M\u00e1quina Formadora de Rolos P-Beam de Cremalheira de Armaz\u00e9m para Servi\u00e7os Pesados \u00e9 uma linha de produ\u00e7\u00e3o inovadora projetada para a cria\u00e7\u00e3o de vigas P de alta resist\u00eancia usadas em solu\u00e7\u00f5es de estantes e armazenamento de armaz\u00e9ns Projetadas para precis\u00e3o e efici\u00eancia, este sistema forma <a href=\"https:\/\/en.wikipedia.org\/wiki\/Galvanization\" target=\"_blank\" rel=\"noopener\">galvanizado<\/a> chapas de a\u00e7o que variam de 0,6 mm a 1,2 mm de espessura, alcan\u00e7ando velocidades de produ\u00e7\u00e3o est\u00e1veis de 10,5 metros por minuto.<\/p>\n<p>Ideal para <a href=\"https:\/\/www.henerrfm.com\/pt\/produto\/shutter-bottom-panel-roll-forming-machine\/\">estantes industriais<\/a>, centros de log\u00edstica e estruturas de exibi\u00e7\u00e3o de varejo, a M\u00e1quina Formadora de Rolos de Feixe P Rack garante consist\u00eancia superior do feixe, excelente capacidade de suporte de carga e durabilidade a longo prazo Com automa\u00e7\u00e3o avan\u00e7ada e constru\u00e7\u00e3o robusta, fornece aos fabricantes desempenho confi\u00e1vel e custos de produ\u00e7\u00e3o reduzidos em projetos de armazenamento em larga escala.<\/p>\n<p>Para o projeto do feixe de P ou do feixe de passo, n\u00f3s podemos fazer de acordo com suas exig\u00eancias como a adi\u00e7\u00e3o de costelas, soldadura do ponto ou soldadura da linha inteira da costura Voc\u00ea pode escolher a soldadura de TIG ou a soldadura do laser ou a soldadura de alta frequ\u00eancia A ferramenta de soldadura efetuar\u00e1 o efeito e a velocidade da soldadura do feixe de passo.<\/p>\n<h5>Desenhos de perfil do produto<\/h5>\n<p><img loading=\"lazy\" decoding=\"async\" class=\"alignnone wp-image-3147\" src=\"https:\/\/henerrfm.com\/wp-content\/uploads\/2025\/11\/heavy-duty-warehouse-rack-P-beam-roll-forming-machinpm-211x300.jpg\" alt=\"\" width=\"698\" height=\"992\" srcset=\"https:\/\/www.henerrfm.com\/wp-content\/uploads\/2025\/11\/heavy-duty-warehouse-rack-P-beam-roll-forming-machinpm-211x300.jpg 211w, https:\/\/www.henerrfm.com\/wp-content\/uploads\/2025\/11\/heavy-duty-warehouse-rack-P-beam-roll-forming-machinpm-768x1093.jpg 768w, https:\/\/www.henerrfm.com\/wp-content\/uploads\/2025\/11\/heavy-duty-warehouse-rack-P-beam-roll-forming-machinpm-600x854.jpg 600w\" sizes=\"auto, (max-width: 698px) 100vw, 698px\" \/><\/p>\n<h5>Par\u00e2metros t\u00e9cnicos<\/h5>\n<table>\n<tbody>\n<tr>\n<td>Material Base Metal<\/td>\n<td>A\u00e7o Galvanizado (Cliente Aprovado)<\/td>\n<\/tr>\n<tr>\n<td>Faixa de espessura<\/td>\n<td>0,6-1,2mm<\/td>\n<\/tr>\n<tr>\n<td>Configura\u00e7\u00e3o do rolo Uncoiler<\/td>\n<td>Sistema de 7 rolos (3 Top + 4 Bottom) (achatamento padr\u00e3o de material)<\/td>\n<\/tr>\n<tr>\n<td>Capacidade M\u00e1xima<\/td>\n<td>3 toneladas<\/td>\n<\/tr>\n<tr>\n<td>Di\u00e2metro do N\u00facleo da Bobina<\/td>\n<td>450-550 mm<\/td>\n<\/tr>\n<tr>\n<td>Formando Sistema Guia Unidade<\/td>\n<td>Projeto Integrado (Fornecedor Instalado)<\/td>\n<\/tr>\n<tr>\n<td>Material do eixo<\/td>\n<td>A\u00e7o temperado 45#<\/td>\n<\/tr>\n<tr>\n<td>Di\u00e2metro do eixo<\/td>\n<td>\u00d860mm<\/td>\n<\/tr>\n<tr>\n<td>Dureza Rolo<\/td>\n<td>Liga Cr12 (HRC 56-58)<\/td>\n<\/tr>\n<tr>\n<td>Esta\u00e7\u00f5es de Forma\u00e7\u00e3o<\/td>\n<td>18 etapas<\/td>\n<\/tr>\n<tr>\n<td>Velocidade Operacional<\/td>\n<td>10-15 m\/min (Ajust\u00e1vel)<\/td>\n<\/tr>\n<tr>\n<td>Estrutura da m\u00e1quina<\/td>\n<td>Estrutura de Arco Vertical (Constru\u00e7\u00e3o em A\u00e7o Soldado)<\/td>\n<\/tr>\n<tr>\n<td>Mecanismo de acionamento<\/td>\n<td>Motores duplos de 7,5 kW (dirigidos por corrente)<\/td>\n<\/tr>\n<tr>\n<td>Recursos de seguran\u00e7a<\/td>\n<td>Capas de prote\u00e7\u00e3o completas<\/td>\n<\/tr>\n<\/tbody>\n<\/table>\n<h5>Fluxograma de Produ\u00e7\u00e3o<\/h5>\n<p><img loading=\"lazy\" decoding=\"async\" class=\"alignnone wp-image-3143\" src=\"https:\/\/henerrfm.com\/wp-content\/uploads\/2025\/11\/heavy-duty-warehouse-rack-P-beam-roll-forming-machinelc-1-300x104.jpg\" alt=\"\" width=\"1318\" height=\"457\" srcset=\"https:\/\/www.henerrfm.com\/wp-content\/uploads\/2025\/11\/heavy-duty-warehouse-rack-P-beam-roll-forming-machinelc-1-300x104.jpg 300w, https:\/\/www.henerrfm.com\/wp-content\/uploads\/2025\/11\/heavy-duty-warehouse-rack-P-beam-roll-forming-machinelc-1-768x265.jpg 768w, https:\/\/www.henerrfm.com\/wp-content\/uploads\/2025\/11\/heavy-duty-warehouse-rack-P-beam-roll-forming-machinelc-1-600x207.jpg 600w\" sizes=\"auto, (max-width: 1318px) 100vw, 1318px\" \/><\/p>\n<h5>Exibi\u00e7\u00e3o de detalhes do produto<\/h5>\n<h5><img loading=\"lazy\" decoding=\"async\" class=\"alignnone wp-image-3144\" src=\"https:\/\/henerrfm.com\/wp-content\/uploads\/2025\/11\/heavy-duty-warehouse-rack-P-beam-roll-forming-machinexj-1-300x94.jpg\" alt=\"\" width=\"1347\" height=\"422\" srcset=\"https:\/\/www.henerrfm.com\/wp-content\/uploads\/2025\/11\/heavy-duty-warehouse-rack-P-beam-roll-forming-machinexj-1-300x94.jpg 300w, https:\/\/www.henerrfm.com\/wp-content\/uploads\/2025\/11\/heavy-duty-warehouse-rack-P-beam-roll-forming-machinexj-1-1024x321.jpg 1024w, https:\/\/www.henerrfm.com\/wp-content\/uploads\/2025\/11\/heavy-duty-warehouse-rack-P-beam-roll-forming-machinexj-1-768x241.jpg 768w, https:\/\/www.henerrfm.com\/wp-content\/uploads\/2025\/11\/heavy-duty-warehouse-rack-P-beam-roll-forming-machinexj-1-600x188.jpg 600w, https:\/\/www.henerrfm.com\/wp-content\/uploads\/2025\/11\/heavy-duty-warehouse-rack-P-beam-roll-forming-machinexj-1.jpg 1350w\" sizes=\"auto, (max-width: 1347px) 100vw, 1347px\" \/> <img loading=\"lazy\" decoding=\"async\" class=\"alignnone wp-image-3145\" src=\"https:\/\/henerrfm.com\/wp-content\/uploads\/2025\/11\/heavy-duty-warehouse-rack-P-beam-roll-forming-machinexj1-300x82.jpg\" alt=\"\" width=\"1346\" height=\"368\" srcset=\"https:\/\/www.henerrfm.com\/wp-content\/uploads\/2025\/11\/heavy-duty-warehouse-rack-P-beam-roll-forming-machinexj1-300x82.jpg 300w, https:\/\/www.henerrfm.com\/wp-content\/uploads\/2025\/11\/heavy-duty-warehouse-rack-P-beam-roll-forming-machinexj1-1024x281.jpg 1024w, https:\/\/www.henerrfm.com\/wp-content\/uploads\/2025\/11\/heavy-duty-warehouse-rack-P-beam-roll-forming-machinexj1-768x211.jpg 768w, https:\/\/www.henerrfm.com\/wp-content\/uploads\/2025\/11\/heavy-duty-warehouse-rack-P-beam-roll-forming-machinexj1-600x165.jpg 600w\" sizes=\"auto, (max-width: 1346px) 100vw, 1346px\" \/> <img loading=\"lazy\" decoding=\"async\" class=\"alignnone wp-image-3146\" src=\"https:\/\/henerrfm.com\/wp-content\/uploads\/2025\/11\/heavy-duty-warehouse-rack-P-beam-roll-forming-machinexj3-300x82.jpg\" alt=\"\" width=\"1343\" height=\"367\" srcset=\"https:\/\/www.henerrfm.com\/wp-content\/uploads\/2025\/11\/heavy-duty-warehouse-rack-P-beam-roll-forming-machinexj3-300x82.jpg 300w, https:\/\/www.henerrfm.com\/wp-content\/uploads\/2025\/11\/heavy-duty-warehouse-rack-P-beam-roll-forming-machinexj3-1024x281.jpg 1024w, https:\/\/www.henerrfm.com\/wp-content\/uploads\/2025\/11\/heavy-duty-warehouse-rack-P-beam-roll-forming-machinexj3-768x211.jpg 768w, https:\/\/www.henerrfm.com\/wp-content\/uploads\/2025\/11\/heavy-duty-warehouse-rack-P-beam-roll-forming-machinexj3-600x165.jpg 600w\" sizes=\"auto, (max-width: 1343px) 100vw, 1343px\" \/><\/h5>\n<p>&nbsp;<\/p>\n<h5>Produto final<\/h5>\n<p><img loading=\"lazy\" decoding=\"async\" class=\"alignnone wp-image-3075\" src=\"https:\/\/henerrfm.com\/wp-content\/uploads\/2025\/11\/Heavy-Duty-Warehouse-Rack-P-Beam-Roll-Forming-Machinecp-300x219.jpg\" alt=\"\" width=\"774\" height=\"565\" srcset=\"https:\/\/www.henerrfm.com\/wp-content\/uploads\/2025\/11\/Heavy-Duty-Warehouse-Rack-P-Beam-Roll-Forming-Machinecp-300x219.jpg 300w, https:\/\/www.henerrfm.com\/wp-content\/uploads\/2025\/11\/Heavy-Duty-Warehouse-Rack-P-Beam-Roll-Forming-Machinecp-1024x747.jpg 1024w, https:\/\/www.henerrfm.com\/wp-content\/uploads\/2025\/11\/Heavy-Duty-Warehouse-Rack-P-Beam-Roll-Forming-Machinecp-768x560.jpg 768w, https:\/\/www.henerrfm.com\/wp-content\/uploads\/2025\/11\/Heavy-Duty-Warehouse-Rack-P-Beam-Roll-Forming-Machinecp-600x438.jpg 600w, https:\/\/www.henerrfm.com\/wp-content\/uploads\/2025\/11\/Heavy-Duty-Warehouse-Rack-P-Beam-Roll-Forming-Machinecp.jpg 1350w\" sizes=\"auto, (max-width: 774px) 100vw, 774px\" \/><\/p>","protected":false},"excerpt":{"rendered":"<p>A M\u00e1quina Formadora de Rolos de Viga P de Rack de Armaz\u00e9m Pesado \u00e9 uma linha de produ\u00e7\u00e3o inovadora projetada para criar vigas P de alta resist\u00eancia usadas em solu\u00e7\u00f5es de estantes e armazenamento de armaz\u00e9ns Projetado para precis\u00e3o e efici\u00eancia, este sistema forma chapas de a\u00e7o galvanizado que variam de 0,6 mm a 1,2 mm de espessura, alcan\u00e7ando velocidades de produ\u00e7\u00e3o est\u00e1veis de 1010 metros 5 por minuto.<\/p>","protected":false},"featured_media":3140,"comment_status":"open","ping_status":"closed","template":"","meta":{"_gspb_post_css":""},"product_brand":[],"product_cat":[156,154],"product_tag":[],"class_list":{"0":"post-3073","1":"product","2":"type-product","3":"status-publish","4":"has-post-thumbnail","6":"product_cat-shelf-beam-roll-forming-machine","7":"product_cat-storage-rack-roll-forming-machine","9":"first","10":"instock","11":"shipping-taxable","12":"product-type-simple"},"_links":{"self":[{"href":"https:\/\/www.henerrfm.com\/pt\/wp-json\/wp\/v2\/product\/3073","targetHints":{"allow":["GET"]}}],"collection":[{"href":"https:\/\/www.henerrfm.com\/pt\/wp-json\/wp\/v2\/product"}],"about":[{"href":"https:\/\/www.henerrfm.com\/pt\/wp-json\/wp\/v2\/types\/product"}],"replies":[{"embeddable":true,"href":"https:\/\/www.henerrfm.com\/pt\/wp-json\/wp\/v2\/comments?post=3073"}],"wp:featuredmedia":[{"embeddable":true,"href":"https:\/\/www.henerrfm.com\/pt\/wp-json\/wp\/v2\/media\/3140"}],"wp:attachment":[{"href":"https:\/\/www.henerrfm.com\/pt\/wp-json\/wp\/v2\/media?parent=3073"}],"wp:term":[{"taxonomy":"product_brand","embeddable":true,"href":"https:\/\/www.henerrfm.com\/pt\/wp-json\/wp\/v2\/product_brand?post=3073"},{"taxonomy":"product_cat","embeddable":true,"href":"https:\/\/www.henerrfm.com\/pt\/wp-json\/wp\/v2\/product_cat?post=3073"},{"taxonomy":"product_tag","embeddable":true,"href":"https:\/\/www.henerrfm.com\/pt\/wp-json\/wp\/v2\/product_tag?post=3073"}],"curies":[{"name":"wp","href":"https:\/\/api.w.org\/{rel}","templated":true}]}}