{"id":3079,"date":"2025-11-24T07:37:56","date_gmt":"2025-11-24T07:37:56","guid":{"rendered":"https:\/\/henerrfm.com\/?post_type=product&#038;p=3079"},"modified":"2025-12-03T05:58:21","modified_gmt":"2025-12-03T05:58:21","slug":"shelf-panel-roll-forming-machine","status":"publish","type":"product","link":"https:\/\/www.henerrfm.com\/pt\/product\/shelf-panel-roll-forming-machine\/","title":{"rendered":"M\u00e1quina de perfilagem de pain\u00e9is de prateleiras de supermercado"},"content":{"rendered":"<h5>Vis\u00e3o geral do produto<\/h5>\n<p>The Supermarket Shelf Panel Roll Forming Machine from HENER is a fully automated production line engineered for mass manufacturing of supermarket shelf back <a href=\"https:\/\/en.wikipedia.org\/wiki\/Panel\" target=\"_blank\" rel=\"noopener\">pain\u00e9is<\/a>. This advanced system seamlessly combines leveling, punching, forming, and cutting processes, delivering exceptional precision, high-speed output, and stable performance.<\/p>\n<p>Ideal for large-scale retail shelving and display rack production, the Supermarket Shelf Panel Roll Forming Machine offers flexible configuration options, reduced labor costs, and consistent product quality \u2014 making it a perfect solution for modern shelf system manufacturers seeking efficiency and reliability.<\/p>\n<h5>Desenhos de perfil do produto<\/h5>\n<p><img loading=\"lazy\" decoding=\"async\" class=\"alignnone wp-image-3086\" src=\"https:\/\/henerrfm.com\/wp-content\/uploads\/2025\/11\/Supermarket-Shelf-Panel-Roll-Forming-Machinepm-300x131.jpg\" alt=\"\" width=\"1301\" height=\"568\" srcset=\"https:\/\/www.henerrfm.com\/wp-content\/uploads\/2025\/11\/Supermarket-Shelf-Panel-Roll-Forming-Machinepm-300x131.jpg 300w, https:\/\/www.henerrfm.com\/wp-content\/uploads\/2025\/11\/Supermarket-Shelf-Panel-Roll-Forming-Machinepm-1024x446.jpg 1024w, https:\/\/www.henerrfm.com\/wp-content\/uploads\/2025\/11\/Supermarket-Shelf-Panel-Roll-Forming-Machinepm-768x335.jpg 768w, https:\/\/www.henerrfm.com\/wp-content\/uploads\/2025\/11\/Supermarket-Shelf-Panel-Roll-Forming-Machinepm-600x261.jpg 600w, https:\/\/www.henerrfm.com\/wp-content\/uploads\/2025\/11\/Supermarket-Shelf-Panel-Roll-Forming-Machinepm.jpg 1350w\" sizes=\"auto, (max-width: 1301px) 100vw, 1301px\" \/><\/p>\n<h5>Par\u00e2metros t\u00e9cnicos<\/h5>\n<table>\n<thead>\n<tr>\n<th>Item<\/th>\n<th>Especifica\u00e7\u00e3o<\/th>\n<\/tr>\n<\/thead>\n<tbody>\n<tr>\n<td>Material<\/td>\n<td>Cold rolled coil (0.4\u20130.7mm)<\/td>\n<\/tr>\n<tr>\n<td>Panel Widths<\/td>\n<td>410 \/ 510 \/ 610 \/ 710 mm<\/td>\n<\/tr>\n<tr>\n<td>Desbobinador<\/td>\n<td>5T capacity, ID \u03c6450\u2013550mm, OD \u03c61300mm<\/td>\n<\/tr>\n<tr>\n<td>Esta\u00e7\u00f5es de rolos<\/td>\n<td>20 rows (customizable)<\/td>\n<\/tr>\n<tr>\n<td>Material do rolo<\/td>\n<td>Cr12MoV, heat treated, HRC55\u201358<\/td>\n<\/tr>\n<tr>\n<td>Di\u00e2metro do eixo<\/td>\n<td>\u03c650mm solid shaft<\/td>\n<\/tr>\n<tr>\n<td>Cutter<\/td>\n<td>Cr12MoV, automatic, no deformation<\/td>\n<\/tr>\n<tr>\n<td>Alimenta\u00e7\u00e3o principal<\/td>\n<td>\u2264 30 KW<\/td>\n<\/tr>\n<tr>\n<td>Tens\u00e3o<\/td>\n<td>380V, 50Hz, 3Phase (customizable)<\/td>\n<\/tr>\n<tr>\n<td>Sistema de controle<\/td>\n<td>PLC automation, gear transmission<\/td>\n<\/tr>\n<tr>\n<td>Velocidade de forma\u00e7\u00e3o<\/td>\n<td>10m\/min (customizable)<\/td>\n<\/tr>\n<\/tbody>\n<\/table>\n<h5>Exibi\u00e7\u00e3o de detalhes do produto<\/h5>\n<p><img loading=\"lazy\" decoding=\"async\" class=\"alignnone wp-image-3087\" src=\"https:\/\/henerrfm.com\/wp-content\/uploads\/2025\/11\/Supermarket-Shelf-Panel-Roll-Forming-Machinexj-300x100.jpg\" alt=\"\" width=\"1326\" height=\"442\" srcset=\"https:\/\/www.henerrfm.com\/wp-content\/uploads\/2025\/11\/Supermarket-Shelf-Panel-Roll-Forming-Machinexj-300x100.jpg 300w, https:\/\/www.henerrfm.com\/wp-content\/uploads\/2025\/11\/Supermarket-Shelf-Panel-Roll-Forming-Machinexj-1024x342.jpg 1024w, https:\/\/www.henerrfm.com\/wp-content\/uploads\/2025\/11\/Supermarket-Shelf-Panel-Roll-Forming-Machinexj-768x257.jpg 768w, https:\/\/www.henerrfm.com\/wp-content\/uploads\/2025\/11\/Supermarket-Shelf-Panel-Roll-Forming-Machinexj-600x200.jpg 600w, https:\/\/www.henerrfm.com\/wp-content\/uploads\/2025\/11\/Supermarket-Shelf-Panel-Roll-Forming-Machinexj.jpg 1350w\" sizes=\"auto, (max-width: 1326px) 100vw, 1326px\" \/><\/p>\n<h5>Aplicativo<\/h5>\n<p><img loading=\"lazy\" decoding=\"async\" class=\"alignnone wp-image-3088\" src=\"https:\/\/henerrfm.com\/wp-content\/uploads\/2025\/11\/Supermarket-Shelf-Panel-Roll-Forming-Machineyy-217x300.jpg\" alt=\"\" width=\"637\" height=\"881\" srcset=\"https:\/\/www.henerrfm.com\/wp-content\/uploads\/2025\/11\/Supermarket-Shelf-Panel-Roll-Forming-Machineyy-217x300.jpg 217w, https:\/\/www.henerrfm.com\/wp-content\/uploads\/2025\/11\/Supermarket-Shelf-Panel-Roll-Forming-Machineyy-741x1024.jpg 741w, https:\/\/www.henerrfm.com\/wp-content\/uploads\/2025\/11\/Supermarket-Shelf-Panel-Roll-Forming-Machineyy-768x1061.jpg 768w, https:\/\/www.henerrfm.com\/wp-content\/uploads\/2025\/11\/Supermarket-Shelf-Panel-Roll-Forming-Machineyy-600x829.jpg 600w, https:\/\/www.henerrfm.com\/wp-content\/uploads\/2025\/11\/Supermarket-Shelf-Panel-Roll-Forming-Machineyy.jpg 800w\" sizes=\"auto, (max-width: 637px) 100vw, 637px\" \/><\/p>\n<h5><\/h5>","protected":false},"excerpt":{"rendered":"<p>A m\u00e1quina de perfilagem de pain\u00e9is para prateleiras de supermercado da HENER \u00e9 uma linha de produ\u00e7\u00e3o totalmente automatizada, projetada para a fabrica\u00e7\u00e3o em massa de pain\u00e9is traseiros para prateleiras de supermercado. Este sistema avan\u00e7ado combina perfeitamente os processos de nivelamento, perfura\u00e7\u00e3o, conforma\u00e7\u00e3o e corte, proporcionando precis\u00e3o excepcional, alta velocidade de produ\u00e7\u00e3o e desempenho est\u00e1vel.<\/p>","protected":false},"featured_media":3080,"comment_status":"open","ping_status":"closed","template":"","meta":{"_gspb_post_css":""},"product_brand":[],"product_cat":[157,154],"product_tag":[],"class_list":{"0":"post-3079","1":"product","2":"type-product","3":"status-publish","4":"has-post-thumbnail","6":"product_cat-metal-shelf-panel-roll-forming-machine","7":"product_cat-storage-rack-roll-forming-machine","9":"first","10":"instock","11":"shipping-taxable","12":"product-type-simple"},"_links":{"self":[{"href":"https:\/\/www.henerrfm.com\/pt\/wp-json\/wp\/v2\/product\/3079","targetHints":{"allow":["GET"]}}],"collection":[{"href":"https:\/\/www.henerrfm.com\/pt\/wp-json\/wp\/v2\/product"}],"about":[{"href":"https:\/\/www.henerrfm.com\/pt\/wp-json\/wp\/v2\/types\/product"}],"replies":[{"embeddable":true,"href":"https:\/\/www.henerrfm.com\/pt\/wp-json\/wp\/v2\/comments?post=3079"}],"wp:featuredmedia":[{"embeddable":true,"href":"https:\/\/www.henerrfm.com\/pt\/wp-json\/wp\/v2\/media\/3080"}],"wp:attachment":[{"href":"https:\/\/www.henerrfm.com\/pt\/wp-json\/wp\/v2\/media?parent=3079"}],"wp:term":[{"taxonomy":"product_brand","embeddable":true,"href":"https:\/\/www.henerrfm.com\/pt\/wp-json\/wp\/v2\/product_brand?post=3079"},{"taxonomy":"product_cat","embeddable":true,"href":"https:\/\/www.henerrfm.com\/pt\/wp-json\/wp\/v2\/product_cat?post=3079"},{"taxonomy":"product_tag","embeddable":true,"href":"https:\/\/www.henerrfm.com\/pt\/wp-json\/wp\/v2\/product_tag?post=3079"}],"curies":[{"name":"wp","href":"https:\/\/api.w.org\/{rel}","templated":true}]}}