{"id":3089,"date":"2025-11-24T07:40:32","date_gmt":"2025-11-24T07:40:32","guid":{"rendered":"https:\/\/henerrfm.com\/?post_type=product&#038;p=3089"},"modified":"2025-12-04T05:50:38","modified_gmt":"2025-12-04T05:50:38","slug":"automatic-metal-coil-slitting-line","status":"publish","type":"product","link":"https:\/\/www.henerrfm.com\/pt\/product\/automatic-metal-coil-slitting-line\/","title":{"rendered":"Linha autom\u00e1tica de corte longitudinal de bobinas de metal"},"content":{"rendered":"<h5>Vis\u00e3o geral do produto<\/h5>\n<p>O <a href=\"https:\/\/www.henerrfm.com\/pt\/produto\/tr4-roof-sheet-making-machine\/\">autom\u00e1tico<\/a> a linha de corte de bobina de metal \u00e9 uma solu\u00e7\u00e3o totalmente automatizada e de alta precis\u00e3o projetada para corte longitudinal de metal<a href=\"https:\/\/en.wikipedia.org\/wiki\/Coil\" target=\"_blank\" rel=\"noopener\"> bobinas<\/a>, incluindo a\u00e7o laminado a quente, a\u00e7o galvanizado e materiais similares Equipado com um sistema de controle inteligente de PLC, integra cisalhamento hidr\u00e1ulico, regula\u00e7\u00e3o de tens\u00e3o e recuo autom\u00e1tico para garantir um desempenho consistente e preciso durante toda a produ\u00e7\u00e3o.<\/p>\n<p>Capaz de processar bobinas de at\u00e9 1600 mm de largura e 0,4 a 4,0 mm de espessura, esta linha proporciona cortes suaves e sem rebarbas, com m\u00ednimo desperd\u00edcio de material. Seu tamanho compacto (aproximadamente 30 x 12 m) e pot\u00eancia instalada total de 300 kW a tornam uma op\u00e7\u00e3o potente e, ao mesmo tempo, eficiente em termos de espa\u00e7o para aplica\u00e7\u00f5es industriais.<\/p>\n<p>Amplamente utilizada em instala\u00e7\u00f5es de fabrica\u00e7\u00e3o de metal e na produ\u00e7\u00e3o de tubos soldados, a linha de corte longitudinal de bobinas de metal oferece opera\u00e7\u00e3o est\u00e1vel, alta produtividade e excelente rela\u00e7\u00e3o custo-benef\u00edcio, tornando-se uma solu\u00e7\u00e3o ideal para o processamento de bobinas em larga escala e opera\u00e7\u00f5es de corte de precis\u00e3o.<\/p>\n<h5>Par\u00e2metros t\u00e9cnicos<\/h5>\n<table>\n<thead>\n<tr>\n<th>Par\u00e2metro t\u00e9cnico<\/th>\n<th>Valor<\/th>\n<th>Observa\u00e7\u00f5es<\/th>\n<\/tr>\n<\/thead>\n<tbody>\n<tr>\n<td>Velocidade de corte<\/td>\n<td>0\u201360 m\/min<\/td>\n<td>A velocidade m\u00e1xima n\u00e3o se aplica \u00e0 espessura m\u00e1xima.<\/td>\n<\/tr>\n<tr>\n<td>N\u00famero de tiras<\/td>\n<td>4\u201315 tiras<\/td>\n<td>\u2013<\/td>\n<\/tr>\n<tr>\n<td>Di\u00e2metro interno da bobina acabada<\/td>\n<td>\u03a6610 mm<\/td>\n<td>\u2013<\/td>\n<\/tr>\n<tr>\n<td>Largura da borda de descarte<\/td>\n<td>10\u201320 mm<\/td>\n<td>\u2013<\/td>\n<\/tr>\n<tr>\n<td>Altura de eleva\u00e7\u00e3o da linha<\/td>\n<td>+900 mm<\/td>\n<td>\u2013<\/td>\n<\/tr>\n<tr>\n<td>Instru\u00e7\u00f5es de alimenta\u00e7\u00e3o<\/td>\n<td>Esquerda ou direita (personaliz\u00e1vel)<\/td>\n<td>\u2013<\/td>\n<\/tr>\n<tr>\n<td>Toler\u00e2ncia de largura<\/td>\n<td>0\u20130,3 mm<\/td>\n<td>\u2013<\/td>\n<\/tr>\n<tr>\n<td>Cambagem (m\u00e1xima)<\/td>\n<td>\u226415 mm \/ 5 m<\/td>\n<td>\u2013<\/td>\n<\/tr>\n<tr>\n<td>Formato de Torre em Bobina<\/td>\n<td>\u226410 mm<\/td>\n<td>\u2013<\/td>\n<\/tr>\n<tr>\n<td>Rebarbas nas bordas da tira<\/td>\n<td>\u22642,5% de espessura, \u22640,3 mm<\/td>\n<td>\u2013<\/td>\n<\/tr>\n<tr>\n<td>Qualidade da superf\u00edcie da tira<\/td>\n<td>Sem riscos<\/td>\n<td>\u2013<\/td>\n<\/tr>\n<tr>\n<td>Pot\u00eancia Total Instalada<\/td>\n<td>300 KW<\/td>\n<td>\u2013<\/td>\n<\/tr>\n<tr>\n<td>Comprimento total da linha<\/td>\n<td>26 m<\/td>\n<td>\u2013<\/td>\n<\/tr>\n<tr>\n<td>\u00c1rea necess\u00e1ria no piso<\/td>\n<td>~30 m \u00d7 12 m<\/td>\n<td>\u2013<\/td>\n<\/tr>\n<\/tbody>\n<\/table>\n<h5>Fluxograma de Produ\u00e7\u00e3o<\/h5>\n<p><img loading=\"lazy\" decoding=\"async\" class=\"alignnone wp-image-3126\" src=\"https:\/\/henerrfm.com\/wp-content\/uploads\/2025\/11\/slitting-machinelc-300x180.jpg\" alt=\"\" width=\"1265\" height=\"759\" srcset=\"https:\/\/www.henerrfm.com\/wp-content\/uploads\/2025\/11\/slitting-machinelc-300x180.jpg 300w, https:\/\/www.henerrfm.com\/wp-content\/uploads\/2025\/11\/slitting-machinelc-1024x613.jpg 1024w, https:\/\/www.henerrfm.com\/wp-content\/uploads\/2025\/11\/slitting-machinelc-768x460.jpg 768w, https:\/\/www.henerrfm.com\/wp-content\/uploads\/2025\/11\/slitting-machinelc-600x359.jpg 600w\" sizes=\"auto, (max-width: 1265px) 100vw, 1265px\" \/><\/p>\n<h5 style=\"text-align: left;\">V\u00eddeo do produto<\/h5>\n<p><iframe loading=\"lazy\" title=\"Linha de corte longitudinal de bobinas de metal\" width=\"1350\" height=\"759\" src=\"https:\/\/www.youtube.com\/embed\/yfWUZfrSvsA?feature=oembed\" frameborder=\"0\" allow=\"accelerometer; autoplay; clipboard-write; encrypted-media; gyroscope; picture-in-picture; web-share\" referrerpolicy=\"strict-origin-when-cross-origin\" allowfullscreen><\/iframe><\/p>\n<h5>Exibi\u00e7\u00e3o de detalhes do produto<\/h5>\n<p><img loading=\"lazy\" decoding=\"async\" class=\"alignnone wp-image-3127\" src=\"https:\/\/henerrfm.com\/wp-content\/uploads\/2025\/11\/slitting-machinexj-300x100.jpg\" alt=\"\" width=\"1236\" height=\"412\" srcset=\"https:\/\/www.henerrfm.com\/wp-content\/uploads\/2025\/11\/slitting-machinexj-300x100.jpg 300w, https:\/\/www.henerrfm.com\/wp-content\/uploads\/2025\/11\/slitting-machinexj-1024x342.jpg 1024w, https:\/\/www.henerrfm.com\/wp-content\/uploads\/2025\/11\/slitting-machinexj-768x257.jpg 768w, https:\/\/www.henerrfm.com\/wp-content\/uploads\/2025\/11\/slitting-machinexj-600x200.jpg 600w, https:\/\/www.henerrfm.com\/wp-content\/uploads\/2025\/11\/slitting-machinexj.jpg 1350w\" sizes=\"auto, (max-width: 1236px) 100vw, 1236px\" \/><img loading=\"lazy\" decoding=\"async\" class=\"alignnone wp-image-3128\" src=\"https:\/\/henerrfm.com\/wp-content\/uploads\/2025\/11\/slitting-machinexj1-300x100.jpg\" alt=\"\" width=\"1233\" height=\"411\" srcset=\"https:\/\/www.henerrfm.com\/wp-content\/uploads\/2025\/11\/slitting-machinexj1-300x100.jpg 300w, https:\/\/www.henerrfm.com\/wp-content\/uploads\/2025\/11\/slitting-machinexj1-1024x342.jpg 1024w, https:\/\/www.henerrfm.com\/wp-content\/uploads\/2025\/11\/slitting-machinexj1-768x257.jpg 768w, https:\/\/www.henerrfm.com\/wp-content\/uploads\/2025\/11\/slitting-machinexj1-600x200.jpg 600w, https:\/\/www.henerrfm.com\/wp-content\/uploads\/2025\/11\/slitting-machinexj1.jpg 1350w\" sizes=\"auto, (max-width: 1233px) 100vw, 1233px\" \/><\/p>","protected":false},"excerpt":{"rendered":"<p>A linha autom\u00e1tica de corte longitudinal de bobinas met\u00e1licas \u00e9 uma solu\u00e7\u00e3o totalmente automatizada e de alta precis\u00e3o, projetada para o corte longitudinal de bobinas de metal, incluindo a\u00e7o laminado a quente, a\u00e7o galvanizado e materiais similares. Equipada com um sistema de controle PLC inteligente, integra cisalhamento hidr\u00e1ulico, regula\u00e7\u00e3o de tens\u00e3o e rebobinamento autom\u00e1tico para garantir um desempenho consistente e preciso em toda a produ\u00e7\u00e3o.<\/p>","protected":false},"featured_media":3122,"comment_status":"open","ping_status":"closed","template":"","meta":{"_gspb_post_css":""},"product_brand":[],"product_cat":[159,158],"product_tag":[],"class_list":{"0":"post-3089","1":"product","2":"type-product","3":"status-publish","4":"has-post-thumbnail","6":"product_cat-metal-coil-slitting-line","7":"product_cat-slitting-line-cut-to-length-line","9":"first","10":"instock","11":"shipping-taxable","12":"product-type-simple"},"_links":{"self":[{"href":"https:\/\/www.henerrfm.com\/pt\/wp-json\/wp\/v2\/product\/3089","targetHints":{"allow":["GET"]}}],"collection":[{"href":"https:\/\/www.henerrfm.com\/pt\/wp-json\/wp\/v2\/product"}],"about":[{"href":"https:\/\/www.henerrfm.com\/pt\/wp-json\/wp\/v2\/types\/product"}],"replies":[{"embeddable":true,"href":"https:\/\/www.henerrfm.com\/pt\/wp-json\/wp\/v2\/comments?post=3089"}],"wp:featuredmedia":[{"embeddable":true,"href":"https:\/\/www.henerrfm.com\/pt\/wp-json\/wp\/v2\/media\/3122"}],"wp:attachment":[{"href":"https:\/\/www.henerrfm.com\/pt\/wp-json\/wp\/v2\/media?parent=3089"}],"wp:term":[{"taxonomy":"product_brand","embeddable":true,"href":"https:\/\/www.henerrfm.com\/pt\/wp-json\/wp\/v2\/product_brand?post=3089"},{"taxonomy":"product_cat","embeddable":true,"href":"https:\/\/www.henerrfm.com\/pt\/wp-json\/wp\/v2\/product_cat?post=3089"},{"taxonomy":"product_tag","embeddable":true,"href":"https:\/\/www.henerrfm.com\/pt\/wp-json\/wp\/v2\/product_tag?post=3089"}],"curies":[{"name":"wp","href":"https:\/\/api.w.org\/{rel}","templated":true}]}}