{"id":3090,"date":"2025-11-24T07:42:07","date_gmt":"2025-11-24T07:42:07","guid":{"rendered":"https:\/\/henerrfm.com\/?post_type=product&#038;p=3090"},"modified":"2025-12-04T05:44:44","modified_gmt":"2025-12-04T05:44:44","slug":"hydraulic-cnc-bending-machine","status":"publish","type":"product","link":"https:\/\/www.henerrfm.com\/pt\/product\/hydraulic-cnc-bending-machine\/","title":{"rendered":"M\u00e1quina de dobra CNC hidr\u00e1ulica"},"content":{"rendered":"<h5>Vis\u00e3o geral do produto<\/h5>\n<p>O <a href=\"https:\/\/www.henerrfm.com\/pt\/produto\/hydraulic-shearing-machine\/\">Hidr\u00e1ulico<\/a> CNC Bending Machine \u00e9 uma ferramenta de precis\u00e3o projetada para dobrar, formar e moldar <a href=\"https:\/\/en.wikipedia.org\/wiki\/Sheet_metal\" target=\"_blank\" rel=\"noopener\">chapa met\u00e1lica<\/a> em uma ampla variedade de perfis e dimens\u00f5es. Essencial para as ind\u00fastrias de fabrica\u00e7\u00e3o de metal, proporciona opera\u00e7\u00f5es de dobra precisas, robustas e eficientes.<\/p>\n<p>Embora a tecnologia de dobra tenha avan\u00e7ado de sistemas el\u00e9tricos e h\u00edbridos manuais para sistemas h\u00edbridos totalmente automatizados, a M\u00e1quina de Dobrar CNC Hidr\u00e1ulica continua altamente popular devido ao seu desempenho est\u00e1vel, poderosa press\u00e3o hidr\u00e1ulica e versatilidade em diferentes materiais e espessuras.<\/p>\n<p>Constru\u00edda para durabilidade e precis\u00e3o, esta m\u00e1quina \u00e9 ideal para aplica\u00e7\u00f5es em constru\u00e7\u00e3o, automotiva e fabrica\u00e7\u00e3o industrial. Ela garante alta produtividade, qualidade de flex\u00e3o consistente e desempenho confi\u00e1vel em uma ampla gama de projetos de fabrica\u00e7\u00e3o de metal.<\/p>\n<h5>Par\u00e2metros t\u00e9cnicos<\/h5>\n<table>\n<thead>\n<tr>\n<th>Item<\/th>\n<th>Especifica\u00e7\u00e3o<\/th>\n<\/tr>\n<\/thead>\n<tbody>\n<tr>\n<td>Press\u00e3o Nominal<\/td>\n<td>2.000 KN (200 toneladas)<\/td>\n<\/tr>\n<tr>\n<td>Comprimento da mesa de trabalho<\/td>\n<td>7.000 mm<\/td>\n<\/tr>\n<tr>\n<td>Dist\u00e2ncia Entre Colunas<\/td>\n<td>4800mm<\/td>\n<\/tr>\n<tr>\n<td>Profundidade da Garganta<\/td>\n<td>400mm<\/td>\n<\/tr>\n<tr>\n<td>Curso Slide<\/td>\n<td>250mm<\/td>\n<\/tr>\n<tr>\n<td>Altura m\u00e1xima de abertura<\/td>\n<td>570mm<\/td>\n<\/tr>\n<tr>\n<td>Press\u00e3o m\u00e1xima de trabalho<\/td>\n<td>26 MPa<\/td>\n<\/tr>\n<tr>\n<td>Faixa Backgauge<\/td>\n<td>500mm<\/td>\n<\/tr>\n<tr>\n<td>Velocidade do controle deslizante (para baixo\/trabalho\/para cima)<\/td>\n<td>120\/8\/110 mm\/s<\/td>\n<\/tr>\n<tr>\n<td>Pot\u00eancia do Motor Principal<\/td>\n<td>22kW<\/td>\n<\/tr>\n<tr>\n<td>Servo Motor de curso<\/td>\n<td>0,85 kW, S\u00e9rie EMG<\/td>\n<\/tr>\n<tr>\n<td>Servo Motor de calibre traseiro<\/td>\n<td>0,85 kW, S\u00e9rie EMG<\/td>\n<\/tr>\n<tr>\n<td>Bomba \u00d3leo<\/td>\n<td>CPO-50-P-10R, 50 ml\/r, 35 MPa<\/td>\n<\/tr>\n<tr>\n<td>Dimens\u00f5es (L\u00d7W\u00d7H)<\/td>\n<td>4500\u00d71900\u00d72850 mm<\/td>\n<\/tr>\n<tr>\n<td>Peso<\/td>\n<td>17.500kg<\/td>\n<\/tr>\n<tr>\n<td>Capacidade do tanque de \u00f3leo<\/td>\n<td>560 kg (\u00f3leo antidesgaste 46#)<\/td>\n<\/tr>\n<\/tbody>\n<\/table>\n<h5><\/h5>","protected":false},"excerpt":{"rendered":"<p>A dobradeira CNC hidr\u00e1ulica \u00e9 uma ferramenta de precis\u00e3o projetada para dobrar, conformar e moldar. <a href=\"https:\/\/en.wikipedia.org\/wiki\/Sheet_metal\">chapa met\u00e1lica<\/a> em uma ampla variedade de perfis e dimens\u00f5es. Essencial para as ind\u00fastrias de fabrica\u00e7\u00e3o de metal, proporciona opera\u00e7\u00f5es de dobra precisas, robustas e eficientes.<\/p>","protected":false},"featured_media":3091,"comment_status":"open","ping_status":"closed","template":"","meta":{"_gspb_post_css":""},"product_brand":[],"product_cat":[163,161],"product_tag":[],"class_list":{"0":"post-3090","1":"product","2":"type-product","3":"status-publish","4":"has-post-thumbnail","6":"product_cat-bending-machine","7":"product_cat-equipment-accessories","9":"first","10":"instock","11":"shipping-taxable","12":"product-type-simple"},"_links":{"self":[{"href":"https:\/\/www.henerrfm.com\/pt\/wp-json\/wp\/v2\/product\/3090","targetHints":{"allow":["GET"]}}],"collection":[{"href":"https:\/\/www.henerrfm.com\/pt\/wp-json\/wp\/v2\/product"}],"about":[{"href":"https:\/\/www.henerrfm.com\/pt\/wp-json\/wp\/v2\/types\/product"}],"replies":[{"embeddable":true,"href":"https:\/\/www.henerrfm.com\/pt\/wp-json\/wp\/v2\/comments?post=3090"}],"wp:featuredmedia":[{"embeddable":true,"href":"https:\/\/www.henerrfm.com\/pt\/wp-json\/wp\/v2\/media\/3091"}],"wp:attachment":[{"href":"https:\/\/www.henerrfm.com\/pt\/wp-json\/wp\/v2\/media?parent=3090"}],"wp:term":[{"taxonomy":"product_brand","embeddable":true,"href":"https:\/\/www.henerrfm.com\/pt\/wp-json\/wp\/v2\/product_brand?post=3090"},{"taxonomy":"product_cat","embeddable":true,"href":"https:\/\/www.henerrfm.com\/pt\/wp-json\/wp\/v2\/product_cat?post=3090"},{"taxonomy":"product_tag","embeddable":true,"href":"https:\/\/www.henerrfm.com\/pt\/wp-json\/wp\/v2\/product_tag?post=3090"}],"curies":[{"name":"wp","href":"https:\/\/api.w.org\/{rel}","templated":true}]}}