{"id":3095,"date":"2025-11-24T07:44:49","date_gmt":"2025-11-24T07:44:49","guid":{"rendered":"https:\/\/henerrfm.com\/?post_type=product&#038;p=3095"},"modified":"2025-12-03T05:37:22","modified_gmt":"2025-12-03T05:37:22","slug":"hydraulic-shearing-machine","status":"publish","type":"product","link":"https:\/\/www.henerrfm.com\/pt\/product\/hydraulic-shearing-machine\/","title":{"rendered":"M\u00e1quina de corte hidr\u00e1ulica"},"content":{"rendered":"<h5>Vis\u00e3o geral do produto<\/h5>\n<p>A M\u00e1quina de Cisalhamento Hidr\u00e1ulica \u00e9 uma ferramenta de precis\u00e3o projetada para fazer cortes retos <a href=\"https:\/\/en.wikipedia.org\/wiki\/Sheet_metal\" target=\"_blank\" rel=\"noopener\">chapa met\u00e1lica<\/a> com alta precis\u00e3o As tesouras de feixe oscilante operam movendo a l\u00e2mina superior ao longo de um arco circular, enquanto as tesouras de guilhotina conseguem o corte movendo o eixo superior verticalmente para baixo.<\/p>\n<p>Projetada para estabilidade e desempenho consistente, a M\u00e1quina de Cisalhamento Hidr\u00e1ulica garante cortes limpos e precisos em v\u00e1rias espessuras de metal \u00c9 amplamente utilizada em ind\u00fastrias de fabrica\u00e7\u00e3o, constru\u00e7\u00e3o e fabrica\u00e7\u00e3o de metais, onde efici\u00eancia, precis\u00e3o e durabilidade s\u00e3o essenciais para a produ\u00e7\u00e3o de componentes de chapa met\u00e1lica de alta qualidade.<\/p>\n<p>&nbsp;<\/p>\n<h5>Par\u00e2metros t\u00e9cnicos<\/h5>\n<table>\n<tbody>\n<tr>\n<td>Dimens\u00f5es da \u00e1rea de trabalho Comprimento da mesa<\/td>\n<td>Geralmente corresponde ao comprimento m\u00e1ximo de corte<\/td>\n<\/tr>\n<tr>\n<td>Dimens\u00f5es da \u00e1rea de trabalho em profundidade de garganta<\/td>\n<td>Varia de 750 mm a 1500 mm (afetando a largura m\u00e1xima da folha que pode ser processada)<\/td>\n<\/tr>\n<tr>\n<td>Considera\u00e7\u00f5es de peso Peso l\u00edquido<\/td>\n<td>Pode variar de 10.000 kg para m\u00e1quinas menores a mais de 50.000 kg para modelos grandes e pesados<\/td>\n<\/tr>\n<tr>\n<td>Considera\u00e7\u00f5es de peso Peso bruto<\/td>\n<td>Inclui componentes e embalagens adicionais, normalmente 10-151TP8 T superior ao peso l\u00edquido<\/td>\n<\/tr>\n<\/tbody>\n<\/table>\n<h5>Exibi\u00e7\u00e3o de detalhes do produto<\/h5>\n<p><img loading=\"lazy\" decoding=\"async\" class=\"alignnone wp-image-3100\" src=\"https:\/\/henerrfm.com\/wp-content\/uploads\/2025\/11\/hydraulic-shearing-machinexj-300x100.jpg\" alt=\"\" width=\"1281\" height=\"427\" srcset=\"https:\/\/www.henerrfm.com\/wp-content\/uploads\/2025\/11\/hydraulic-shearing-machinexj-300x100.jpg 300w, https:\/\/www.henerrfm.com\/wp-content\/uploads\/2025\/11\/hydraulic-shearing-machinexj-1024x342.jpg 1024w, https:\/\/www.henerrfm.com\/wp-content\/uploads\/2025\/11\/hydraulic-shearing-machinexj-768x257.jpg 768w, https:\/\/www.henerrfm.com\/wp-content\/uploads\/2025\/11\/hydraulic-shearing-machinexj-600x200.jpg 600w, https:\/\/www.henerrfm.com\/wp-content\/uploads\/2025\/11\/hydraulic-shearing-machinexj.jpg 1350w\" sizes=\"auto, (max-width: 1281px) 100vw, 1281px\" \/><img loading=\"lazy\" decoding=\"async\" class=\"alignnone wp-image-3101\" src=\"https:\/\/henerrfm.com\/wp-content\/uploads\/2025\/11\/hydraulic-shearing-machinexj1-300x100.jpg\" alt=\"\" width=\"1281\" height=\"427\" srcset=\"https:\/\/www.henerrfm.com\/wp-content\/uploads\/2025\/11\/hydraulic-shearing-machinexj1-300x100.jpg 300w, https:\/\/www.henerrfm.com\/wp-content\/uploads\/2025\/11\/hydraulic-shearing-machinexj1-1024x342.jpg 1024w, https:\/\/www.henerrfm.com\/wp-content\/uploads\/2025\/11\/hydraulic-shearing-machinexj1-768x257.jpg 768w, https:\/\/www.henerrfm.com\/wp-content\/uploads\/2025\/11\/hydraulic-shearing-machinexj1-600x200.jpg 600w, https:\/\/www.henerrfm.com\/wp-content\/uploads\/2025\/11\/hydraulic-shearing-machinexj1.jpg 1350w\" sizes=\"auto, (max-width: 1281px) 100vw, 1281px\" \/><\/p>\n<h5><\/h5>","protected":false},"excerpt":{"rendered":"<p>Product Overview The Hydraulic Shearing Machine is a precision tool designed for making straight cuts on sheet metal with high accuracy. Swing beam shears operate by moving the upper blade along a circular arc, while guillotine shears achieve cutting by moving the upper shaft vertically downward. Engineered for stability and consistent performance, the Hydraulic Shearing [&hellip;]<\/p>\n","protected":false},"featured_media":3096,"comment_status":"open","ping_status":"closed","template":"","meta":{"_gspb_post_css":""},"product_brand":[],"product_cat":[161,164],"product_tag":[],"class_list":{"0":"post-3095","1":"product","2":"type-product","3":"status-publish","4":"has-post-thumbnail","6":"product_cat-equipment-accessories","7":"product_cat-shearing-machine","9":"first","10":"instock","11":"shipping-taxable","12":"product-type-simple"},"_links":{"self":[{"href":"https:\/\/www.henerrfm.com\/pt\/wp-json\/wp\/v2\/product\/3095","targetHints":{"allow":["GET"]}}],"collection":[{"href":"https:\/\/www.henerrfm.com\/pt\/wp-json\/wp\/v2\/product"}],"about":[{"href":"https:\/\/www.henerrfm.com\/pt\/wp-json\/wp\/v2\/types\/product"}],"replies":[{"embeddable":true,"href":"https:\/\/www.henerrfm.com\/pt\/wp-json\/wp\/v2\/comments?post=3095"}],"wp:featuredmedia":[{"embeddable":true,"href":"https:\/\/www.henerrfm.com\/pt\/wp-json\/wp\/v2\/media\/3096"}],"wp:attachment":[{"href":"https:\/\/www.henerrfm.com\/pt\/wp-json\/wp\/v2\/media?parent=3095"}],"wp:term":[{"taxonomy":"product_brand","embeddable":true,"href":"https:\/\/www.henerrfm.com\/pt\/wp-json\/wp\/v2\/product_brand?post=3095"},{"taxonomy":"product_cat","embeddable":true,"href":"https:\/\/www.henerrfm.com\/pt\/wp-json\/wp\/v2\/product_cat?post=3095"},{"taxonomy":"product_tag","embeddable":true,"href":"https:\/\/www.henerrfm.com\/pt\/wp-json\/wp\/v2\/product_tag?post=3095"}],"curies":[{"name":"wp","href":"https:\/\/api.w.org\/{rel}","templated":true}]}}